{"id":6990,"date":"2025-05-19T15:29:15","date_gmt":"2025-05-19T13:29:15","guid":{"rendered":"https:\/\/special-olympics.be\/?page_id=6990"},"modified":"2025-05-19T16:26:48","modified_gmt":"2025-05-19T14:26:48","slug":"lions","status":"publish","type":"page","link":"https:\/\/special-olympics.be\/nl\/partners\/lions\/","title":{"rendered":"Lions"},"content":{"rendered":"\n<link rel=\"stylesheet\" href=\"https:\/\/cdnjs.cloudflare.com\/ajax\/libs\/font-awesome\/6.0.0\/css\/all.min.css\" xintegrity=\"sha512-9usAa10IRO0HhonpyAIVpjrylPvoDwiPUiKdWk5t3PyolY1cOd4DSE0Ga+ri4AuTroPR5aQvXU9xC6qOPnzFeg==\" crossorigin=\"anonymous\" referrerpolicy=\"no-referrer\" \/>\n\n<style>\n    \/* --- Basic Reset & Wrapper --- *\/\n    .sob-specific-partner-wrapper * {\n        box-sizing: border-box;\n    }\n    .sob-specific-partner-wrapper {\n        font-family: 'ff-good-web-pro', Arial, sans-serif;\n        font-size: 18px;\n        line-height: 1.6;\n        padding: 2rem 1.5rem; \/* Padding boven\/onder en zijkanten *\/\n        max-width: 1000px;\n        margin-left: auto;\n        margin-right: auto;\n        color: #374151; \/* Default text color *\/\n        background-color: #ffffff; \/* Witte achtergrond voor de sectie *\/\n        border-radius: 8px; \/* Afgeronde hoeken *\/\n        margin-top: 2rem; \/* Ruimte boven het blok *\/\n        margin-bottom: 2rem; \/* Ruimte onder het blok *\/\n    }\n    @media (min-width: 768px) {\n        .sob-specific-partner-wrapper {\n            padding: 3rem 2.5rem;\n        }\n    }\n\n    \/* --- Logo Header --- *\/\n    .sob-specific-partner-logo-header {\n        display: flex;\n        flex-direction: column; \/* Stack logos on small screens *\/\n        align-items: center;\n        justify-content: center;\n        gap: 1rem;\n        padding-bottom: 2rem;\n        margin-bottom: 2rem;\n        border-bottom: 1px solid #e5e7eb;\n    }\n    .sob-specific-partner-logo-header .logo-container {\n        display: flex;\n        align-items: center;\n        justify-content: center; \/* Center logos *\/\n        gap: 1.5rem; \/* Space between logos and separator *\/\n        flex-wrap: wrap; \/* Allow wrapping if needed *\/\n    }\n     .sob-specific-partner-logo-header img { \/* Standaard voor SOB logo *\/\n        max-height: 85px;\n        width: auto;\n        max-width: 220px;\n        display: block;\n    }\n    .sob-specific-partner-logo-header img.sob-partner-logo { \/* Specifiek voor partner logo (Lions) *\/\n        max-height: 110px; \/* Partner logo groter gemaakt *\/\n        max-width: 280px; \/* Partner logo groter gemaakt *\/\n    }\n    .sob-specific-partner-logo-separator {\n        display: none; \/* Hide separator on small screens *\/\n        width: 1px;\n        height: 50px;\n        background-color: #d1d5db; \/* gray-300 *\/\n    }\n    @media (min-width: 640px) { \/* Show separator and logos side-by-side on larger screens *\/\n         .sob-specific-partner-logo-header {\n            flex-direction: row;\n         }\n        .sob-specific-partner-logo-separator {\n            display: block;\n        }\n         .sob-specific-partner-logo-header img { \/* Standaard voor SOB logo op grotere schermen *\/\n             max-height: 85px;\n         }\n         .sob-specific-partner-logo-header img.sob-partner-logo { \/* Specifiek voor partner logo op grotere schermen *\/\n            max-height: 110px; \/* Partner logo groter gemaakt *\/\n        }\n    }\n\n    \/* --- Description, SOHAP, Quote --- *\/\n    .sob-specific-partner-section {\n        margin-bottom: 2rem;\n        color: #4b5563; \/* gray-600 *\/\n    }\n    .sob-specific-partner-section h3 {\n        font-size: 1.5rem;\n        font-weight: 600;\n        color: #1f2937;\n        margin-bottom: 1rem;\n        padding-bottom: 0.5rem;\n        border-bottom: 2px solid #E40046; \/* SO Red accent *\/\n        display: inline-block; \/* Zodat border enkel onder tekst is *\/\n    }\n     .sob-specific-partner-section p {\n        margin-bottom: 1rem;\n     }\n    .sob-specific-partner-section ul {\n        list-style: disc;\n        padding-left: 1.5rem;\n        margin-bottom: 1rem;\n    }\n    .sob-specific-partner-section li {\n        margin-bottom: 0.5rem;\n    }\n    .sob-specific-partner-description a,\n    .sob-specific-partner-section a { \/* Stijl voor links in de beschrijving *\/\n        color: #E40046; \/* SO Rood *\/\n        text-decoration: none;\n    }\n    .sob-specific-partner-description a:hover,\n    .sob-specific-partner-section a:hover {\n        text-decoration: underline;\n    }\n\n    .sob-specific-partner-image-gallery {\n        display: flex;\n        flex-wrap: wrap;\n        gap: 1rem;\n        justify-content: center; \/* Center images if they don't fill the row *\/\n        margin-top: 1.5rem;\n        margin-bottom: 1.5rem;\n    }\n    .sob-specific-partner-image-gallery img {\n        max-width: 100%;\n        height: auto;\n        max-height: 300px; \/* Max height for gallery images *\/\n        border-radius: 8px;\n        box-shadow: 0 2px 4px rgba(0,0,0,0.1);\n    }\n     @media (min-width: 640px) {\n        .sob-specific-partner-image-gallery img {\n            max-width: calc(50% - 0.5rem); \/* Two images per row with gap *\/\n        }\n    }\n\n\n    .sob-specific-partner-quote {\n        font-size: 1.25rem;\n        font-style: italic;\n        color: #1f2937;\n        padding: 1.5rem;\n        margin: 2rem 0;\n        border-left: 5px solid #E40046;\n        background-color: #f9fafb;\n        border-radius: 4px;\n    }\n     .sob-specific-partner-quote p {\n         margin-bottom: 0;\n         font-size: inherit;\n         line-height: 1.5;\n     }\n\n    \/* --- Video Embed --- *\/\n    .sob-specific-partner-video-container {\n        position: relative;\n        padding-bottom: 56.25%; \/* 16:9 aspect ratio *\/\n        height: 0;\n        overflow: hidden;\n        max-width: 100%;\n        background: #000;\n        margin: 2rem 0;\n        border-radius: 8px;\n    }\n    .sob-specific-partner-video-container iframe {\n        position: absolute;\n        top: 0;\n        left: 0;\n        width: 100%;\n        height: 100%;\n        border: 0;\n    }\n\n\n    \/* --- Social Media --- *\/\n    .sob-specific-partner-socials {\n        margin-top: 2rem;\n        padding-top: 1.5rem;\n        border-top: 1px solid #e5e7eb;\n    }\n    .sob-specific-partner-socials h3 { \/* Aangepast van h4 naar h3 *\/\n        font-size: 1.5rem;\n        font-weight: 600;\n        margin-bottom: 1.25rem;\n        color: #1f2937;\n        border-bottom: none; \/* Geen border voor deze H3 *\/\n        padding-left: 0; \/* Reset padding-left *\/\n        border-left: none; \/* Reset border-left *\/\n        display: block; \/* Zorg dat het de volledige breedte inneemt *\/\n    }\n    .sob-specific-partner-social-links {\n        display: flex;\n        flex-wrap: wrap;\n        gap: 1.5rem;\n    }\n    .sob-specific-partner-social-link {\n        display: flex;\n        align-items: center;\n        gap: 0.5rem;\n        text-decoration: none !important;\n        color: #3b82f6;\n    }\n    .sob-specific-partner-social-link:hover {\n        color: #1d4ed8;\n        text-decoration: none;\n    }\n    .sob-specific-partner-social-link i {\n        font-size: 1.5rem;\n    }\n    .sob-specific-partner-social-link .fab.fa-facebook-square { color: #1877F2; }\n    .sob-specific-partner-social-link .fab.fa-instagram { color: #E4405F; }\n    .sob-specific-partner-social-link .fab.fa-linkedin { color: #0A66C2; }\n    .sob-specific-partner-social-link .fab.fa-youtube { color: #FF0000; }\n    .sob-specific-partner-social-link .fas.fa-globe { color: #4b5563; }\n\n<\/style>\n\n<div class=\"sob-specific-partner-wrapper\">\n\n    <div class=\"sob-specific-partner-logo-header\">\n        <div class=\"logo-container\">\n            <img decoding=\"async\" src=\"https:\/\/special-olympics.be\/wp-content\/uploads\/2022\/06\/Lions.jpg\" alt=\"[Logo van Lions Clubs Belgi\u00eb]\" class=\"sob-partner-logo\">\n            <div class=\"sob-specific-partner-logo-separator\"><\/div>\n            <img decoding=\"async\" src=\"https:\/\/special-olympics.be\/wp-content\/uploads\/2025\/05\/SOB-logo-Black-Red.png\" alt=\"[Logo van Special Olympics Belgium]\">\n        <\/div>\n    <\/div>\n\n    <section class=\"sob-specific-partner-section sob-specific-partner-description\">\n        <h3>Over Lions Clubs Belgi\u00eb<\/h3>\n        <p>Lions Clubs Belgi\u00eb maakt deel uit van Lions Clubs International, de grootste serviceorganisatie ter wereld. Met meer dan 250 lokale clubs en 7000 ge\u00ebngageerde leden in Vlaanderen, Walloni\u00eb en Brussel, zetten wij ons dagelijks in om mensen in nood te helpen en onze gemeenschap te versterken.<\/p>\n        <p>Al sinds de jaren 50 zijn wij actief in Belgi\u00eb met \u00e9\u00e9n duidelijke missie: onbaatzuchtige dienstverlening. Lions zijn mannen en vrouwen van diverse achtergronden die hun tijd, talent en middelen inzetten om een verschil te maken, lokaal \u00e9n wereldwijd.<\/p>\n        <h4>Waar we voor staan:<\/h4>\n        <ul>\n            <li><strong>Gezondheidszorg:<\/strong> Steun aan blinden en slechtzienden, inzameling van brillen, en projecten rond diabetespreventie.<\/li>\n            <li><strong>Jeugd en Onderwijs:<\/strong> Leiderschapsprogramma&#8217;s, jeugduitwisselingen en ondersteuning van kansarme kinderen.<\/li>\n            <li><strong>Hulp aan mensen in nood:<\/strong> Voedselbedeling, steun aan voedselbanken en hulp aan gezinnen in moeilijke situaties.<\/li>\n            <li><strong>Milieu en duurzaamheid:<\/strong> Acties voor een schonere en duurzamere leefomgeving.<\/li>\n        <\/ul>\n        <h4>Onze Werking:<\/h4>\n        <p>Lions Clubs Belgi\u00eb is volledig vrijwillig, apolitiek en niet-religieus. Iedereen met een hart voor dienstbaarheid en een wil om bij te dragen aan de gemeenschap is welkom. Samen bouwen we aan projecten die een blijvend verschil maken. Onder ons is vriendschap een zeer geprezen doel.<\/p>\n    <\/section>\n\n    <section class=\"sob-specific-partner-section\">\n        <h3>SOHAP &#8211; Special Olympics Healthy Athletes Program<\/h3>\n        <p>Het Special Olympics Healthy Athletes-programma, of kortweg SOHAP, is een uniek gezondheidsprogramma dat specifiek gericht is op het ondersteunen van atleten met een verstandelijke beperking. Dit programma is ontwikkeld door Special Olympics Belgium in samenwerking met Lions Belgi\u00eb en wordt gratis aangeboden aan de atleten tijdens de jaarlijkse Nationale Spelen. Het doel is om de inclusie van de 165.000 mensen met een verstandelijke beperking in Belgi\u00eb te bevorderen.<\/p>\n        <p><strong>Gezondheidszorg op maat voor mensen met een verstandelijke beperking, mede mogelijk gemaakt dankzij de steun van Lionsclubs.<\/strong><\/p>\n        <p>Mensen met een verstandelijke beperking verdienen dezelfde kansen op een gezond en gelukkig leven als iedereen. Helaas sluit de reguliere gezondheidszorg niet altijd aan op hun specifieke noden. Er is een groot tekort aan toegankelijke medische screening en aangepaste zorg. D\u00e1\u00e1r maken wij het verschil.<\/p>\n        <div class=\"sob-specific-partner-image-gallery\">\n            <img decoding=\"async\" src=\"https:\/\/special-olympics.be\/wp-content\/uploads\/2025\/05\/Oogonderzoek.jpg\" alt=\"[Afbeelding van oogonderzoek bij SOHAP]\">\n            <img decoding=\"async\" src=\"https:\/\/special-olympics.be\/wp-content\/uploads\/2025\/05\/Ooronderzoek.jpg\" alt=\"[Afbeelding van ooronderzoek bij SOHAP]\">\n        <\/div>\n        <p>Met de inzet van 350 enthousiaste Lions vrijwilligers, de steun van de Lionsclubs en een team van medische specialisten uit 9 disciplines, werken wij elke dag aan betere zorg en een hogere levenskwaliteit. Door medische screening op maat aan te bieden, verbeteren we niet alleen de gezondheid, maar ook het zelfvertrouwen en het welzijn van deze mensen.<\/p>\n    <\/section>\n\n    <section class=\"sob-specific-partner-quote\">\n        <p>\u201cWe Serve\u201d is ons motto.<\/p>\n    <\/section>\n\n    <section class=\"sob-specific-partner-section\">\n        <h3>Bekijk onze impact<\/h3>\n        <div class=\"sob-specific-partner-video-container\">\n            <iframe loading=\"lazy\" width=\"560\" height=\"315\" src=\"https:\/\/www.youtube.com\/embed\/y5b7LiYR1Ns?si=xlOKrjox2A6cbaQ3\" title=\"YouTube video player\" frameborder=\"0\" allow=\"accelerometer; autoplay; clipboard-write; encrypted-media; gyroscope; picture-in-picture; web-share\" referrerpolicy=\"strict-origin-when-cross-origin\" allowfullscreen><\/iframe>\n        <\/div>\n    <\/section>\n\n    <section class=\"sob-specific-partner-socials\">\n        <h3>Volg Lions Clubs Belgi\u00eb<\/h3>\n        <div class=\"sob-specific-partner-social-links\">\n            <a href=\"https:\/\/www.lions.be\" target=\"_blank\" rel=\"noopener noreferrer\" class=\"sob-specific-partner-social-link\">\n                <i class=\"fas fa-globe\"><\/i> <span>Website Lions Belgi\u00eb<\/span>\n            <\/a>\n            <a href=\"https:\/\/www.sohap.be\" target=\"_blank\" rel=\"noopener noreferrer\" class=\"sob-specific-partner-social-link\">\n                <i class=\"fas fa-globe\"><\/i> <span>Website SOHAP<\/span>\n            <\/a>\n            <\/div>\n    <\/section>\n\n<\/div>\n","protected":false},"excerpt":{"rendered":"<p>Over Lions Clubs Belgi\u00eb Lions Clubs Belgi\u00eb maakt deel uit van Lions Clubs International, de grootste&#8230; <span class=\"moreLink\"><a href=\"https:\/\/special-olympics.be\/nl\/partners\/lions\/\">+<\/a><\/span><\/p>\n","protected":false},"author":8,"featured_media":0,"parent":6712,"menu_order":0,"comment_status":"closed","ping_status":"closed","template":"","meta":{"_acf_changed":false,"footnotes":""},"categories":[],"class_list":["post-6990","page","type-page","status-publish","hentry"],"acf":[],"yoast_head":"<!-- This site is optimized with the Yoast SEO plugin v27.4 - https:\/\/yoast.com\/product\/yoast-seo-wordpress\/ -->\n<title>Lions - Special Olympics<\/title>\n<meta name=\"robots\" content=\"index, follow, max-snippet:-1, max-image-preview:large, max-video-preview:-1\" \/>\n<link rel=\"canonical\" href=\"https:\/\/special-olympics.be\/nl\/partners\/lions\/\" \/>\n<meta property=\"og:locale\" content=\"nl_NL\" \/>\n<meta property=\"og:type\" content=\"article\" \/>\n<meta property=\"og:title\" content=\"Lions - Special Olympics\" \/>\n<meta property=\"og:description\" content=\"Over Lions Clubs Belgi\u00eb Lions Clubs Belgi\u00eb maakt deel uit van Lions Clubs International, de grootste... +\" \/>\n<meta property=\"og:url\" content=\"https:\/\/special-olympics.be\/nl\/partners\/lions\/\" \/>\n<meta property=\"og:site_name\" content=\"Special Olympics\" \/>\n<meta property=\"article:modified_time\" content=\"2025-05-19T14:26:48+00:00\" \/>\n<meta property=\"og:image\" content=\"https:\/\/special-olympics.be\/wp-content\/uploads\/2022\/06\/Lions.jpg\" \/>\n<meta name=\"twitter:card\" content=\"summary_large_image\" \/>\n<meta name=\"twitter:label1\" content=\"Geschatte leestijd\" \/>\n\t<meta name=\"twitter:data1\" content=\"3 minuten\" \/>\n<script type=\"application\/ld+json\" class=\"yoast-schema-graph\">{\"@context\":\"https:\\\/\\\/schema.org\",\"@graph\":[{\"@type\":\"WebPage\",\"@id\":\"https:\\\/\\\/special-olympics.be\\\/nl\\\/partners\\\/lions\\\/\",\"url\":\"https:\\\/\\\/special-olympics.be\\\/nl\\\/partners\\\/lions\\\/\",\"name\":\"Lions - Special Olympics\",\"isPartOf\":{\"@id\":\"https:\\\/\\\/special-olympics.be\\\/nl\\\/#website\"},\"primaryImageOfPage\":{\"@id\":\"https:\\\/\\\/special-olympics.be\\\/nl\\\/partners\\\/lions\\\/#primaryimage\"},\"image\":{\"@id\":\"https:\\\/\\\/special-olympics.be\\\/nl\\\/partners\\\/lions\\\/#primaryimage\"},\"thumbnailUrl\":\"https:\\\/\\\/special-olympics.be\\\/wp-content\\\/uploads\\\/2022\\\/06\\\/Lions.jpg\",\"datePublished\":\"2025-05-19T13:29:15+00:00\",\"dateModified\":\"2025-05-19T14:26:48+00:00\",\"breadcrumb\":{\"@id\":\"https:\\\/\\\/special-olympics.be\\\/nl\\\/partners\\\/lions\\\/#breadcrumb\"},\"inLanguage\":\"nl-NL\",\"potentialAction\":[{\"@type\":\"ReadAction\",\"target\":[\"https:\\\/\\\/special-olympics.be\\\/nl\\\/partners\\\/lions\\\/\"]}]},{\"@type\":\"ImageObject\",\"inLanguage\":\"nl-NL\",\"@id\":\"https:\\\/\\\/special-olympics.be\\\/nl\\\/partners\\\/lions\\\/#primaryimage\",\"url\":\"https:\\\/\\\/special-olympics.be\\\/wp-content\\\/uploads\\\/2022\\\/06\\\/Lions.jpg\",\"contentUrl\":\"https:\\\/\\\/special-olympics.be\\\/wp-content\\\/uploads\\\/2022\\\/06\\\/Lions.jpg\"},{\"@type\":\"BreadcrumbList\",\"@id\":\"https:\\\/\\\/special-olympics.be\\\/nl\\\/partners\\\/lions\\\/#breadcrumb\",\"itemListElement\":[{\"@type\":\"ListItem\",\"position\":1,\"name\":\"Home\",\"item\":\"https:\\\/\\\/special-olympics.be\\\/nl\\\/\"},{\"@type\":\"ListItem\",\"position\":2,\"name\":\"Partners\",\"item\":\"https:\\\/\\\/special-olympics.be\\\/nl\\\/partners\\\/\"},{\"@type\":\"ListItem\",\"position\":3,\"name\":\"Lions\"}]},{\"@type\":\"WebSite\",\"@id\":\"https:\\\/\\\/special-olympics.be\\\/nl\\\/#website\",\"url\":\"https:\\\/\\\/special-olympics.be\\\/nl\\\/\",\"name\":\"Special Olympics\",\"description\":\"Special Olympics Belgium\",\"potentialAction\":[{\"@type\":\"SearchAction\",\"target\":{\"@type\":\"EntryPoint\",\"urlTemplate\":\"https:\\\/\\\/special-olympics.be\\\/nl\\\/?s={search_term_string}\"},\"query-input\":{\"@type\":\"PropertyValueSpecification\",\"valueRequired\":true,\"valueName\":\"search_term_string\"}}],\"inLanguage\":\"nl-NL\"}]}<\/script>\n<!-- \/ Yoast SEO plugin. -->","yoast_head_json":{"title":"Lions - Special Olympics","robots":{"index":"index","follow":"follow","max-snippet":"max-snippet:-1","max-image-preview":"max-image-preview:large","max-video-preview":"max-video-preview:-1"},"canonical":"https:\/\/special-olympics.be\/nl\/partners\/lions\/","og_locale":"nl_NL","og_type":"article","og_title":"Lions - Special Olympics","og_description":"Over Lions Clubs Belgi\u00eb Lions Clubs Belgi\u00eb maakt deel uit van Lions Clubs International, de grootste... +","og_url":"https:\/\/special-olympics.be\/nl\/partners\/lions\/","og_site_name":"Special Olympics","article_modified_time":"2025-05-19T14:26:48+00:00","og_image":[{"url":"https:\/\/special-olympics.be\/wp-content\/uploads\/2022\/06\/Lions.jpg","type":"","width":"","height":""}],"twitter_card":"summary_large_image","twitter_misc":{"Geschatte leestijd":"3 minuten"},"schema":{"@context":"https:\/\/schema.org","@graph":[{"@type":"WebPage","@id":"https:\/\/special-olympics.be\/nl\/partners\/lions\/","url":"https:\/\/special-olympics.be\/nl\/partners\/lions\/","name":"Lions - Special Olympics","isPartOf":{"@id":"https:\/\/special-olympics.be\/nl\/#website"},"primaryImageOfPage":{"@id":"https:\/\/special-olympics.be\/nl\/partners\/lions\/#primaryimage"},"image":{"@id":"https:\/\/special-olympics.be\/nl\/partners\/lions\/#primaryimage"},"thumbnailUrl":"https:\/\/special-olympics.be\/wp-content\/uploads\/2022\/06\/Lions.jpg","datePublished":"2025-05-19T13:29:15+00:00","dateModified":"2025-05-19T14:26:48+00:00","breadcrumb":{"@id":"https:\/\/special-olympics.be\/nl\/partners\/lions\/#breadcrumb"},"inLanguage":"nl-NL","potentialAction":[{"@type":"ReadAction","target":["https:\/\/special-olympics.be\/nl\/partners\/lions\/"]}]},{"@type":"ImageObject","inLanguage":"nl-NL","@id":"https:\/\/special-olympics.be\/nl\/partners\/lions\/#primaryimage","url":"https:\/\/special-olympics.be\/wp-content\/uploads\/2022\/06\/Lions.jpg","contentUrl":"https:\/\/special-olympics.be\/wp-content\/uploads\/2022\/06\/Lions.jpg"},{"@type":"BreadcrumbList","@id":"https:\/\/special-olympics.be\/nl\/partners\/lions\/#breadcrumb","itemListElement":[{"@type":"ListItem","position":1,"name":"Home","item":"https:\/\/special-olympics.be\/nl\/"},{"@type":"ListItem","position":2,"name":"Partners","item":"https:\/\/special-olympics.be\/nl\/partners\/"},{"@type":"ListItem","position":3,"name":"Lions"}]},{"@type":"WebSite","@id":"https:\/\/special-olympics.be\/nl\/#website","url":"https:\/\/special-olympics.be\/nl\/","name":"Special Olympics","description":"Special Olympics Belgium","potentialAction":[{"@type":"SearchAction","target":{"@type":"EntryPoint","urlTemplate":"https:\/\/special-olympics.be\/nl\/?s={search_term_string}"},"query-input":{"@type":"PropertyValueSpecification","valueRequired":true,"valueName":"search_term_string"}}],"inLanguage":"nl-NL"}]}},"_links":{"self":[{"href":"https:\/\/special-olympics.be\/nl\/wp-json\/wp\/v2\/pages\/6990","targetHints":{"allow":["GET"]}}],"collection":[{"href":"https:\/\/special-olympics.be\/nl\/wp-json\/wp\/v2\/pages"}],"about":[{"href":"https:\/\/special-olympics.be\/nl\/wp-json\/wp\/v2\/types\/page"}],"author":[{"embeddable":true,"href":"https:\/\/special-olympics.be\/nl\/wp-json\/wp\/v2\/users\/8"}],"replies":[{"embeddable":true,"href":"https:\/\/special-olympics.be\/nl\/wp-json\/wp\/v2\/comments?post=6990"}],"version-history":[{"count":7,"href":"https:\/\/special-olympics.be\/nl\/wp-json\/wp\/v2\/pages\/6990\/revisions"}],"predecessor-version":[{"id":7002,"href":"https:\/\/special-olympics.be\/nl\/wp-json\/wp\/v2\/pages\/6990\/revisions\/7002"}],"up":[{"embeddable":true,"href":"https:\/\/special-olympics.be\/nl\/wp-json\/wp\/v2\/pages\/6712"}],"wp:attachment":[{"href":"https:\/\/special-olympics.be\/nl\/wp-json\/wp\/v2\/media?parent=6990"}],"wp:term":[{"taxonomy":"category","embeddable":true,"href":"https:\/\/special-olympics.be\/nl\/wp-json\/wp\/v2\/categories?post=6990"}],"curies":[{"name":"wp","href":"https:\/\/api.w.org\/{rel}","templated":true}]}}