{"id":6431,"date":"2025-03-01T10:35:29","date_gmt":"2025-03-01T09:35:29","guid":{"rendered":"https:\/\/special-olympics.be\/?page_id=6431"},"modified":"2025-03-01T13:24:42","modified_gmt":"2025-03-01T12:24:42","slug":"danilith-nokere-koerse-en-baloise-ladies-tour-vervoegen-de-nieuwsblad-cycling-series","status":"publish","type":"page","link":"https:\/\/special-olympics.be\/nl\/danilith-nokere-koerse-en-baloise-ladies-tour-vervoegen-de-nieuwsblad-cycling-series\/","title":{"rendered":"Danilith Nokere Koerse en Baloise Ladies Tour vervoegen de Nieuwsblad Cycling Series"},"content":{"rendered":"\n<figure class=\"wp-block-image size-full\"><img loading=\"lazy\" decoding=\"async\" width=\"1024\" height=\"350\" src=\"https:\/\/special-olympics.be\/wp-content\/uploads\/2025\/03\/Cover-NieuwsbladCyclingSeries2025.jpg\" alt=\"\" class=\"wp-image-6437\" srcset=\"https:\/\/special-olympics.be\/wp-content\/uploads\/2025\/03\/Cover-NieuwsbladCyclingSeries2025.jpg 1024w, https:\/\/special-olympics.be\/wp-content\/uploads\/2025\/03\/Cover-NieuwsbladCyclingSeries2025-300x103.jpg 300w, https:\/\/special-olympics.be\/wp-content\/uploads\/2025\/03\/Cover-NieuwsbladCyclingSeries2025-768x263.jpg 768w\" sizes=\"auto, (max-width: 1024px) 100vw, 1024px\" \/><\/figure>\n\n\n\n<p><strong>Negen koersen in derde seizoen voor renners van Special Olympics Belgium, kalender officieel voorgesteld in het iconische Kuipke.<\/strong><\/p>\n\n\n\n<p><strong>De Nieuwsblad Cycling Series begroeten dit jaar Danilith Nokere Koerse en de Baloise Ladies Tour als nieuwe wedstrijden. Daardoor zullen in 2025 atleten van Special Olympics Belgium kunnen deelnemen aan negen wedstrijden voor atleten met een verstandelijke beperking.<\/strong><\/p>\n\n\n\n<p>De Nieuwsblad Cycling Series werden in 2023 voor het eerst georganiseerd. Met de wedstrijden willen Special Olympics Belgium, de mediagroep rond Nieuwsblad en de organisatoren Flanders Classics en Golazo atleten met een verstandelijke beperking zoveel mogelijk kansen bieden om met mekaar te wedijveren in het kader van koersen in het internationale en nationale circuit voor profrenners. Het hele opzet kadert in een streven naar meer inclusie in de wielersport.<\/p>\n\n\n\n<p>In 2024 werden de Nieuwsblad Cycling Series verder uitgerold, met als hoogtepunt wedstrijden in het kader van het Europees Kampioenschap in Hasselt en een regelmatigheidscompetitie, bekroond met een trofee van beeldhouwer Fernand Vanderplancke.<\/p>\n\n\n\n<p>In 2025 gaan de Nieuwsblad Cycling Series verder op hun elan. Twee nieuwe wedstrijden komen aan boord. Danilith Nokere Koerse doet dat op 15 maart, waardoor de Nieuwsblad Cycling Series vroeger in het wielerseizoen starten. Nieuwkomer is ook de Baloise Ladies Tour, Vlaanderens grootste rittenkoers voor dames. Op de slotdag zullen ook de Special Olympics-renners een wedstrijd rijden.<\/p>\n\n\n\n<p>De reeks van de Nieuwsblad Cycling Series wordt opnieuw afgesloten met een wedstrijd in de Gentse Lotto Zesdaagse, waar de eindwinnaar zal worden bekroond. In 2024 werd de trofee binnengehaald door Jimmy Van Craeynest.<\/p>\n\n\n\n<p>Voorafgaand aan de offici\u00eble ploegenvoorstelling van de Omloop het Nieuwsblad in het iconische Kuipke in Gent kon Special Olympics Belgium een bijzonder moment delen met het wielerpubliek. Tijdens deze sfeervolle ochtend werd de kalender van de Nieuwsblad Cycling Series 2025 officieel voorgesteld:<\/p>\n\n\n\n<ul class=\"wp-block-list\">\n<li>Danilith Nokere Koerse, 15 maart<\/li>\n\n\n\n<li>Ronde van Limburg, 16 april<\/li>\n\n\n\n<li>Special Olympics Belgium Nationale Spelen Kortrijk, 28-31 mei<\/li>\n\n\n\n<li>Baloise Belgium Tour, 20 juni<\/li>\n\n\n\n<li>Baloise Ladies Tour, 20 juli<\/li>\n\n\n\n<li>Renewi Tour, 24 augustus<\/li>\n\n\n\n<li>Belcanto Classic, 25 augustus<\/li>\n\n\n\n<li>Druivencross Overijse, datum nog te bevestigen<\/li>\n\n\n\n<li>Lotto Zesdaagse Vlaanderen-Gent, 21 november<\/li>\n<\/ul>\n\n\n\n<p>De inclusieve sportboodschap kreeg zo extra aandacht en gaf Special Olympics Belgium de kans om haar missie en evenementen in de schijnwerpers te zetten. De Nieuwsblad Cycling Series wordt gesponsord door Lotto, met Nieuwsblad en Mediahuis als mediasponsor.<\/p>\n\n\n\n<div class=\"wp-block-columns is-layout-flex wp-container-core-columns-is-layout-9d6595d7 wp-block-columns-is-layout-flex\">\n<div class=\"wp-block-column is-layout-flow wp-block-column-is-layout-flow\">\n<figure class=\"wp-block-image size-full\"><img loading=\"lazy\" decoding=\"async\" width=\"600\" height=\"300\" src=\"https:\/\/special-olympics.be\/wp-content\/uploads\/2025\/03\/NieuwsbladCyclingSeries2025-2.jpg\" alt=\"\" class=\"wp-image-6441\" srcset=\"https:\/\/special-olympics.be\/wp-content\/uploads\/2025\/03\/NieuwsbladCyclingSeries2025-2.jpg 600w, https:\/\/special-olympics.be\/wp-content\/uploads\/2025\/03\/NieuwsbladCyclingSeries2025-2-300x150.jpg 300w\" sizes=\"auto, (max-width: 600px) 100vw, 600px\" \/><\/figure>\n<\/div>\n\n\n\n<div class=\"wp-block-column is-layout-flow wp-block-column-is-layout-flow\">\n<figure class=\"wp-block-image size-full\"><img loading=\"lazy\" decoding=\"async\" width=\"600\" height=\"300\" src=\"https:\/\/special-olympics.be\/wp-content\/uploads\/2025\/03\/NieuwsbladCyclingSeries2025-1.jpg\" alt=\"\" class=\"wp-image-6443\" srcset=\"https:\/\/special-olympics.be\/wp-content\/uploads\/2025\/03\/NieuwsbladCyclingSeries2025-1.jpg 600w, https:\/\/special-olympics.be\/wp-content\/uploads\/2025\/03\/NieuwsbladCyclingSeries2025-1-300x150.jpg 300w\" sizes=\"auto, (max-width: 600px) 100vw, 600px\" \/><\/figure>\n<\/div>\n<\/div>\n\n\n\n<p><strong>Dominique Dehaene<\/strong>, Nationaal Directeur Special Olympics Belgium: \u2018\u2019Voor Special Olympics Belgium blijft de integratie van sport voor atleten met een verstandelijke beperking in het reguliere circuit een sterk voorbeeld van inclusie. Onze atleten krijgen niet alleen een groter podium, maar stralen ook zelfvertrouwen en kracht uit. We zijn blij dat er opnieuw nieuwe wedstrijden werden toegevoegd, waardoor onze atleten nu het hele jaar door verspreid op de kalender in actie komen. We blijven in gesprek met sportfederaties om deze positieve evolutie verder te zetten.\u2019\u2019<\/p>\n\n\n\n<p><strong>Tomas Van Den Spiegel<\/strong>, CEO Flanders Classics: \u2018\u2019Tijdens het afgelopen EK wielrennen was de wedstrijd voor Special Olympics atleten \u00e9\u00e9n van d\u00e9 hoogtepunten. Het was de absolute bevestiging dat inclusiviteit werkt en dat dat de weg is waarop we verder moeten bouwen. Wij zijn als bedrijf enerzijds en daarnaast ook ikzelf als ambassadeur van Special Olympics enorm blij al voor het derde jaar op rij deel te zijn van de Nieuwsblad Cycling Series.\u2019\u2019<\/p>\n\n\n\n<p><strong>Christophe Impens<\/strong>, Director Cycling Golazo: \u2018\u2019Sport is meer dan competitie; het is een bron van energie, verbinding en inclusie. Bij Golazo zetten we ons in om zoveel mogelijk mensen in beweging te krijgen, ongeacht niveau of achtergrond. De impact van initiatieven zoals in het wielrennen reikt verder dan de wedstrijddag zelf \u2013 het cre\u00ebert blijvende betrokkenheid en een gemeenschap die samen sport beleeft. Dat enthousiasme willen we verder uitdragen, ook in andere sporttakken.\u2019\u2019<\/p>\n\n\n\n<p><strong>Dries Vereecke<\/strong>, Marketing Director Mediahuis: \u2018\u2019De Nieuwsblad Cycling Series brengt twee kernwaarden samen. Enerzijds onze trots op de Vlaamse wielercultuur \u2013 De Koers is van Ons. We koesteren onze kampioenen, onze rijke wielergeschiedenis en de sterke organisaties zoals Flanders Classics en Golazo die deze traditie levend houden. Anderzijds zet Mediahuis zich in voor een inclusieve en duurzame samenleving. We ondersteunen initiatieven zoals Special Olympics, die bijdragen aan gelijke kansen voor iedereen, en engageren ons voor organisaties die een positieve impact hebben op mens en milieu.\u2019\u2019<\/p>\n\n\n\n<p><strong><em>Meer informatie<\/em><\/strong><\/p>\n\n\n\n<ul class=\"wp-block-list\">\n<li>Dominique Dehaene, National Director Special Olympics Belgium, +32 495244364<\/li>\n\n\n\n<li>Jonas Bogaert, Head of Fundraising and Stakeholders Relationships, +32 473356501<\/li>\n<\/ul>\n\n\n\n<div style=\"height:35px\" aria-hidden=\"true\" class=\"wp-block-spacer\"><\/div>\n\n\n<div class=\"wp-block-image\">\n<figure class=\"aligncenter size-full is-resized\"><img loading=\"lazy\" decoding=\"async\" width=\"690\" height=\"87\" src=\"https:\/\/special-olympics.be\/wp-content\/uploads\/2025\/02\/NieuwsbladCyclingSeries-banner.jpg\" alt=\"\" class=\"wp-image-6433\" style=\"width:430px;height:auto\" srcset=\"https:\/\/special-olympics.be\/wp-content\/uploads\/2025\/02\/NieuwsbladCyclingSeries-banner.jpg 690w, https:\/\/special-olympics.be\/wp-content\/uploads\/2025\/02\/NieuwsbladCyclingSeries-banner-300x38.jpg 300w\" sizes=\"auto, (max-width: 690px) 100vw, 690px\" \/><\/figure>\n<\/div>","protected":false},"excerpt":{"rendered":"<p>Negen koersen in derde seizoen voor renners van Special Olympics Belgium, kalender officieel voorgesteld in het&#8230; <span class=\"moreLink\"><a href=\"https:\/\/special-olympics.be\/nl\/danilith-nokere-koerse-en-baloise-ladies-tour-vervoegen-de-nieuwsblad-cycling-series\/\">+<\/a><\/span><\/p>\n","protected":false},"author":8,"featured_media":0,"parent":0,"menu_order":0,"comment_status":"closed","ping_status":"closed","template":"","meta":{"_acf_changed":false,"footnotes":""},"categories":[],"class_list":["post-6431","page","type-page","status-publish","hentry"],"acf":[],"yoast_head":"<!-- This site is optimized with the Yoast SEO plugin v27.3 - https:\/\/yoast.com\/product\/yoast-seo-wordpress\/ -->\n<title>Danilith Nokere Koerse en Baloise Ladies Tour vervoegen de Nieuwsblad Cycling Series - Special Olympics<\/title>\n<meta name=\"robots\" content=\"index, follow, max-snippet:-1, max-image-preview:large, max-video-preview:-1\" \/>\n<link rel=\"canonical\" href=\"https:\/\/special-olympics.be\/nl\/danilith-nokere-koerse-en-baloise-ladies-tour-vervoegen-de-nieuwsblad-cycling-series\/\" \/>\n<meta property=\"og:locale\" content=\"nl_NL\" \/>\n<meta property=\"og:type\" content=\"article\" \/>\n<meta property=\"og:title\" content=\"Danilith Nokere Koerse en Baloise Ladies Tour vervoegen de Nieuwsblad Cycling Series - Special Olympics\" \/>\n<meta property=\"og:description\" content=\"Negen koersen in derde seizoen voor renners van Special Olympics Belgium, kalender officieel voorgesteld in het... +\" \/>\n<meta property=\"og:url\" content=\"https:\/\/special-olympics.be\/nl\/danilith-nokere-koerse-en-baloise-ladies-tour-vervoegen-de-nieuwsblad-cycling-series\/\" \/>\n<meta property=\"og:site_name\" content=\"Special Olympics\" \/>\n<meta property=\"article:modified_time\" content=\"2025-03-01T12:24:42+00:00\" \/>\n<meta property=\"og:image\" content=\"https:\/\/special-olympics.be\/wp-content\/uploads\/2025\/03\/Cover-NieuwsbladCyclingSeries2025.jpg\" \/>\n\t<meta property=\"og:image:width\" content=\"1024\" \/>\n\t<meta property=\"og:image:height\" content=\"350\" \/>\n\t<meta property=\"og:image:type\" content=\"image\/jpeg\" \/>\n<meta name=\"twitter:card\" content=\"summary_large_image\" \/>\n<meta name=\"twitter:label1\" content=\"Geschatte leestijd\" \/>\n\t<meta name=\"twitter:data1\" content=\"5 minuten\" \/>\n<script type=\"application\/ld+json\" class=\"yoast-schema-graph\">{\"@context\":\"https:\\\/\\\/schema.org\",\"@graph\":[{\"@type\":\"WebPage\",\"@id\":\"https:\\\/\\\/special-olympics.be\\\/nl\\\/danilith-nokere-koerse-en-baloise-ladies-tour-vervoegen-de-nieuwsblad-cycling-series\\\/\",\"url\":\"https:\\\/\\\/special-olympics.be\\\/nl\\\/danilith-nokere-koerse-en-baloise-ladies-tour-vervoegen-de-nieuwsblad-cycling-series\\\/\",\"name\":\"Danilith Nokere Koerse en Baloise Ladies Tour vervoegen de Nieuwsblad Cycling Series - Special Olympics\",\"isPartOf\":{\"@id\":\"https:\\\/\\\/special-olympics.be\\\/nl\\\/#website\"},\"primaryImageOfPage\":{\"@id\":\"https:\\\/\\\/special-olympics.be\\\/nl\\\/danilith-nokere-koerse-en-baloise-ladies-tour-vervoegen-de-nieuwsblad-cycling-series\\\/#primaryimage\"},\"image\":{\"@id\":\"https:\\\/\\\/special-olympics.be\\\/nl\\\/danilith-nokere-koerse-en-baloise-ladies-tour-vervoegen-de-nieuwsblad-cycling-series\\\/#primaryimage\"},\"thumbnailUrl\":\"https:\\\/\\\/special-olympics.be\\\/wp-content\\\/uploads\\\/2025\\\/03\\\/Cover-NieuwsbladCyclingSeries2025.jpg\",\"datePublished\":\"2025-03-01T09:35:29+00:00\",\"dateModified\":\"2025-03-01T12:24:42+00:00\",\"breadcrumb\":{\"@id\":\"https:\\\/\\\/special-olympics.be\\\/nl\\\/danilith-nokere-koerse-en-baloise-ladies-tour-vervoegen-de-nieuwsblad-cycling-series\\\/#breadcrumb\"},\"inLanguage\":\"nl-NL\",\"potentialAction\":[{\"@type\":\"ReadAction\",\"target\":[\"https:\\\/\\\/special-olympics.be\\\/nl\\\/danilith-nokere-koerse-en-baloise-ladies-tour-vervoegen-de-nieuwsblad-cycling-series\\\/\"]}]},{\"@type\":\"ImageObject\",\"inLanguage\":\"nl-NL\",\"@id\":\"https:\\\/\\\/special-olympics.be\\\/nl\\\/danilith-nokere-koerse-en-baloise-ladies-tour-vervoegen-de-nieuwsblad-cycling-series\\\/#primaryimage\",\"url\":\"https:\\\/\\\/special-olympics.be\\\/wp-content\\\/uploads\\\/2025\\\/03\\\/Cover-NieuwsbladCyclingSeries2025.jpg\",\"contentUrl\":\"https:\\\/\\\/special-olympics.be\\\/wp-content\\\/uploads\\\/2025\\\/03\\\/Cover-NieuwsbladCyclingSeries2025.jpg\"},{\"@type\":\"BreadcrumbList\",\"@id\":\"https:\\\/\\\/special-olympics.be\\\/nl\\\/danilith-nokere-koerse-en-baloise-ladies-tour-vervoegen-de-nieuwsblad-cycling-series\\\/#breadcrumb\",\"itemListElement\":[{\"@type\":\"ListItem\",\"position\":1,\"name\":\"Home\",\"item\":\"https:\\\/\\\/special-olympics.be\\\/nl\\\/\"},{\"@type\":\"ListItem\",\"position\":2,\"name\":\"Danilith Nokere Koerse en Baloise Ladies Tour vervoegen de Nieuwsblad Cycling Series\"}]},{\"@type\":\"WebSite\",\"@id\":\"https:\\\/\\\/special-olympics.be\\\/nl\\\/#website\",\"url\":\"https:\\\/\\\/special-olympics.be\\\/nl\\\/\",\"name\":\"Special Olympics\",\"description\":\"Special Olympics Belgium\",\"potentialAction\":[{\"@type\":\"SearchAction\",\"target\":{\"@type\":\"EntryPoint\",\"urlTemplate\":\"https:\\\/\\\/special-olympics.be\\\/nl\\\/?s={search_term_string}\"},\"query-input\":{\"@type\":\"PropertyValueSpecification\",\"valueRequired\":true,\"valueName\":\"search_term_string\"}}],\"inLanguage\":\"nl-NL\"}]}<\/script>\n<!-- \/ Yoast SEO plugin. -->","yoast_head_json":{"title":"Danilith Nokere Koerse en Baloise Ladies Tour vervoegen de Nieuwsblad Cycling Series - Special Olympics","robots":{"index":"index","follow":"follow","max-snippet":"max-snippet:-1","max-image-preview":"max-image-preview:large","max-video-preview":"max-video-preview:-1"},"canonical":"https:\/\/special-olympics.be\/nl\/danilith-nokere-koerse-en-baloise-ladies-tour-vervoegen-de-nieuwsblad-cycling-series\/","og_locale":"nl_NL","og_type":"article","og_title":"Danilith Nokere Koerse en Baloise Ladies Tour vervoegen de Nieuwsblad Cycling Series - Special Olympics","og_description":"Negen koersen in derde seizoen voor renners van Special Olympics Belgium, kalender officieel voorgesteld in het... +","og_url":"https:\/\/special-olympics.be\/nl\/danilith-nokere-koerse-en-baloise-ladies-tour-vervoegen-de-nieuwsblad-cycling-series\/","og_site_name":"Special Olympics","article_modified_time":"2025-03-01T12:24:42+00:00","og_image":[{"width":1024,"height":350,"url":"https:\/\/special-olympics.be\/wp-content\/uploads\/2025\/03\/Cover-NieuwsbladCyclingSeries2025.jpg","type":"image\/jpeg"}],"twitter_card":"summary_large_image","twitter_misc":{"Geschatte leestijd":"5 minuten"},"schema":{"@context":"https:\/\/schema.org","@graph":[{"@type":"WebPage","@id":"https:\/\/special-olympics.be\/nl\/danilith-nokere-koerse-en-baloise-ladies-tour-vervoegen-de-nieuwsblad-cycling-series\/","url":"https:\/\/special-olympics.be\/nl\/danilith-nokere-koerse-en-baloise-ladies-tour-vervoegen-de-nieuwsblad-cycling-series\/","name":"Danilith Nokere Koerse en Baloise Ladies Tour vervoegen de Nieuwsblad Cycling Series - Special Olympics","isPartOf":{"@id":"https:\/\/special-olympics.be\/nl\/#website"},"primaryImageOfPage":{"@id":"https:\/\/special-olympics.be\/nl\/danilith-nokere-koerse-en-baloise-ladies-tour-vervoegen-de-nieuwsblad-cycling-series\/#primaryimage"},"image":{"@id":"https:\/\/special-olympics.be\/nl\/danilith-nokere-koerse-en-baloise-ladies-tour-vervoegen-de-nieuwsblad-cycling-series\/#primaryimage"},"thumbnailUrl":"https:\/\/special-olympics.be\/wp-content\/uploads\/2025\/03\/Cover-NieuwsbladCyclingSeries2025.jpg","datePublished":"2025-03-01T09:35:29+00:00","dateModified":"2025-03-01T12:24:42+00:00","breadcrumb":{"@id":"https:\/\/special-olympics.be\/nl\/danilith-nokere-koerse-en-baloise-ladies-tour-vervoegen-de-nieuwsblad-cycling-series\/#breadcrumb"},"inLanguage":"nl-NL","potentialAction":[{"@type":"ReadAction","target":["https:\/\/special-olympics.be\/nl\/danilith-nokere-koerse-en-baloise-ladies-tour-vervoegen-de-nieuwsblad-cycling-series\/"]}]},{"@type":"ImageObject","inLanguage":"nl-NL","@id":"https:\/\/special-olympics.be\/nl\/danilith-nokere-koerse-en-baloise-ladies-tour-vervoegen-de-nieuwsblad-cycling-series\/#primaryimage","url":"https:\/\/special-olympics.be\/wp-content\/uploads\/2025\/03\/Cover-NieuwsbladCyclingSeries2025.jpg","contentUrl":"https:\/\/special-olympics.be\/wp-content\/uploads\/2025\/03\/Cover-NieuwsbladCyclingSeries2025.jpg"},{"@type":"BreadcrumbList","@id":"https:\/\/special-olympics.be\/nl\/danilith-nokere-koerse-en-baloise-ladies-tour-vervoegen-de-nieuwsblad-cycling-series\/#breadcrumb","itemListElement":[{"@type":"ListItem","position":1,"name":"Home","item":"https:\/\/special-olympics.be\/nl\/"},{"@type":"ListItem","position":2,"name":"Danilith Nokere Koerse en Baloise Ladies Tour vervoegen de Nieuwsblad Cycling Series"}]},{"@type":"WebSite","@id":"https:\/\/special-olympics.be\/nl\/#website","url":"https:\/\/special-olympics.be\/nl\/","name":"Special Olympics","description":"Special Olympics Belgium","potentialAction":[{"@type":"SearchAction","target":{"@type":"EntryPoint","urlTemplate":"https:\/\/special-olympics.be\/nl\/?s={search_term_string}"},"query-input":{"@type":"PropertyValueSpecification","valueRequired":true,"valueName":"search_term_string"}}],"inLanguage":"nl-NL"}]}},"_links":{"self":[{"href":"https:\/\/special-olympics.be\/nl\/wp-json\/wp\/v2\/pages\/6431","targetHints":{"allow":["GET"]}}],"collection":[{"href":"https:\/\/special-olympics.be\/nl\/wp-json\/wp\/v2\/pages"}],"about":[{"href":"https:\/\/special-olympics.be\/nl\/wp-json\/wp\/v2\/types\/page"}],"author":[{"embeddable":true,"href":"https:\/\/special-olympics.be\/nl\/wp-json\/wp\/v2\/users\/8"}],"replies":[{"embeddable":true,"href":"https:\/\/special-olympics.be\/nl\/wp-json\/wp\/v2\/comments?post=6431"}],"version-history":[{"count":5,"href":"https:\/\/special-olympics.be\/nl\/wp-json\/wp\/v2\/pages\/6431\/revisions"}],"predecessor-version":[{"id":6445,"href":"https:\/\/special-olympics.be\/nl\/wp-json\/wp\/v2\/pages\/6431\/revisions\/6445"}],"wp:attachment":[{"href":"https:\/\/special-olympics.be\/nl\/wp-json\/wp\/v2\/media?parent=6431"}],"wp:term":[{"taxonomy":"category","embeddable":true,"href":"https:\/\/special-olympics.be\/nl\/wp-json\/wp\/v2\/categories?post=6431"}],"curies":[{"name":"wp","href":"https:\/\/api.w.org\/{rel}","templated":true}]}}