{"id":8439,"date":"2026-05-04T01:03:47","date_gmt":"2026-05-03T23:03:47","guid":{"rendered":"https:\/\/special-olympics.be\/?page_id=8439"},"modified":"2026-05-04T01:05:31","modified_gmt":"2026-05-03T23:05:31","slug":"beaulieu","status":"publish","type":"page","link":"https:\/\/special-olympics.be\/fr\/partenaires\/beaulieu\/","title":{"rendered":"Beaulieu"},"content":{"rendered":"\n<!-- Font Awesome CDN (Chargement dans ce bloc) -->\n<link rel=\"stylesheet\" href=\"https:\/\/cdnjs.cloudflare.com\/ajax\/libs\/font-awesome\/6.0.0\/css\/all.min.css\" xintegrity=\"sha512-9usAa10IRO0HhonpyAIVpjrylPvoDwiPUiKdWk5t3PyolY1cOd4DSE0Ga+ri4AuTroPR5aQvXU9xC6qOPnzFeg==\" crossorigin=\"anonymous\" referrerpolicy=\"no-referrer\" \/>\n\n<!-- Custom Styles -->\n<style>\n    \/* --- Basic Reset & Wrapper --- *\/\n    .sob-specific-partner-wrapper * {\n        box-sizing: border-box;\n    }\n    .sob-specific-partner-wrapper {\n        font-family: 'ff-good-web-pro', Arial, sans-serif;\n        font-size: 18px;\n        line-height: 1.6;\n        padding: 2rem 1.5rem;\n        max-width: 1000px;\n        margin-left: auto;\n        margin-right: auto;\n        color: #374151;\n        background-color: #ffffff;\n        border-radius: 8px;\n        margin-top: 2rem;\n        margin-bottom: 2rem;\n    }\n    @media (min-width: 768px) {\n        .sob-specific-partner-wrapper {\n            padding: 3rem 2.5rem;\n        }\n    }\n\n    \/* --- Logo Header --- *\/\n    .sob-specific-partner-logo-header {\n        display: flex;\n        flex-direction: column;\n        align-items: center;\n        justify-content: center;\n        gap: 1rem;\n        padding-bottom: 2rem;\n        margin-bottom: 2rem;\n        border-bottom: 1px solid #e5e7eb;\n    }\n    .sob-specific-partner-logo-header .logo-container {\n        display: flex;\n        align-items: center;\n        justify-content: center;\n        gap: 1.5rem;\n        flex-wrap: wrap;\n    }\n     .sob-specific-partner-logo-header img {\n        max-height: 85px;\n        width: auto;\n        max-width: 220px;\n        display: block;\n    }\n    .sob-specific-partner-logo-separator {\n        display: none;\n        width: 1px;\n        height: 50px;\n        background-color: #d1d5db;\n    }\n    @media (min-width: 640px) {\n         .sob-specific-partner-logo-header {\n            flex-direction: row;\n         }\n        .sob-specific-partner-logo-separator {\n            display: block;\n        }\n         .sob-specific-partner-logo-header img {\n             max-height: 85px;\n         }\n    }\n\n    \/* --- Description Content --- *\/\n    .sob-specific-partner-description {\n        margin-bottom: 2rem;\n        color: #4b5563;\n    }\n    .sob-specific-partner-description h3 {\n        font-size: 1.5rem;\n        font-weight: 600;\n        margin: 2rem 0 1rem 0;\n        color: #1f2937;\n        padding-left: 0.75rem;\n        border-left: 4px solid #E40046; \/* SO Red accent *\/\n    }\n    .sob-specific-partner-description p {\n        margin-bottom: 1.25rem;\n    }\n    .sob-specific-partner-description ul {\n        margin-bottom: 1.5rem;\n        list-style: none;\n        padding-left: 0;\n    }\n    .sob-specific-partner-description li {\n        margin-bottom: 0.75rem;\n        padding-left: 1.5rem;\n        position: relative;\n    }\n    .sob-specific-partner-description li::before {\n        content: '\u2022';\n        color: #E40046;\n        font-weight: bold;\n        position: absolute;\n        left: 0;\n    }\n\n    \/* --- Social Media --- *\/\n    .sob-specific-partner-socials {\n        margin-top: 2rem;\n        padding-top: 1.5rem;\n        border-top: 1px solid #e5e7eb;\n    }\n    .sob-specific-partner-socials h3 {\n        font-size: 1.5rem;\n        font-weight: 600;\n        margin-bottom: 1.25rem;\n        color: #1f2937;\n    }\n    .sob-specific-partner-social-links {\n        display: flex;\n        flex-wrap: wrap;\n        gap: 1.5rem;\n    }\n    .sob-specific-partner-social-link {\n        display: flex;\n        align-items: center;\n        gap: 0.5rem;\n        text-decoration: none !important;\n        color: #3b82f6;\n    }\n    .sob-specific-partner-social-link i {\n        font-size: 1.5rem;\n    }\n    \/* Icon Colors *\/\n    .sob-specific-partner-social-link .fab.fa-facebook-square { color: #1877F2; }\n    .sob-specific-partner-social-link .fab.fa-instagram { color: #E4405F; }\n    .sob-specific-partner-social-link .fab.fa-linkedin { color: #0A66C2; }\n    .sob-specific-partner-social-link .fab.fa-youtube { color: #FF0000; }\n    .sob-specific-partner-social-link .fas.fa-globe { color: #4b5563; }\n\n<\/style>\n\n<div class=\"sob-specific-partner-wrapper\">\n\n    <div class=\"sob-specific-partner-logo-header\">\n        <div class=\"logo-container\">\n            <img decoding=\"async\" src=\"https:\/\/special-olympics.be\/wp-content\/uploads\/2025\/05\/BIG_logo_2024_RGB.jpg\" alt=\"[Logo de Beaulieu]\">\n            <div class=\"sob-specific-partner-logo-separator\"><\/div>\n            <img decoding=\"async\" src=\"https:\/\/special-olympics.be\/wp-content\/uploads\/2025\/05\/SOB-logo-Black-Red.png\" alt=\"[Logo de Special Olympics Belgium]\">\n        <\/div>\n    <\/div>\n\n    <section class=\"sob-specific-partner-description\">\n        <h3>\u00c0 propos de Beaulieu<\/h3>\n        <p>Beaulieu est une holding industrielle diversifi\u00e9e, solidement ancr\u00e9e dans une histoire familiale. Nous conjuguons un fort esprit entrepreneurial avec une responsabilit\u00e9 clairement assum\u00e9e de cr\u00e9er une valeur durable \u00e0 long terme.<\/p>\n        <p>Notre groupe r\u00e9unit un large portefeuille d\u2019activit\u00e9s, allant de la chimie et des applications industrielles aux solutions de rev\u00eatement de sol, en passant par la distribution et l\u2019immobilier. Dans tout ce que nous entreprenons, l\u2019innovation guid\u00e9e par le march\u00e9, l\u2019excellence op\u00e9rationnelle et une croissance responsable occupent une place centrale. Nous proposons ainsi des solutions et des services qui apportent une valeur durable \u00e0 nos clients, \u00e0 nos secteurs d\u2019activit\u00e9 et aux environnements dans lesquels nous op\u00e9rons.<\/p>\n        \n        <h3>beau lieu together<\/h3>\n        <p>Sous l\u2019intitul\u00e9 \u00ab beau lieu together \u00bb, nous donnons une forme concr\u00e8te \u00e0 notre engagement soci\u00e9tal. \u00c0 travers cette initiative, nous soutenons des projets soigneusement s\u00e9lectionn\u00e9s, avec un accent clair sur l\u2019\u00e9ducation, l\u2019environnement et les communaut\u00e9s locales. Nous allons au-del\u00e0 du soutien financier : nous partageons \u00e9galement notre expertise et offrons un accompagnement op\u00e9rationnel, dans une optique d\u2019impact durable.<\/p>\n        \n        <ul>\n            <li><strong>\u00c9ducation :<\/strong> promouvoir l\u2019entrepreneuriat durable par le biais de coaching, de bootcamps et du suivi d\u2019entreprises poursuivant des objectifs sociaux ou environnementaux.<\/li>\n            <li><strong>Environnement :<\/strong> mobiliser notre expertise, notamment en mati\u00e8re de recyclage des plastiques, afin de contribuer \u00e0 la lutte contre la pollution de l\u2019eau.<\/li>\n            <li><strong>Communaut\u00e9s locales :<\/strong> soutien financier \u00e0 des organisations caritatives ancr\u00e9es dans les r\u00e9gions o\u00f9 Beaulieu est actif.<\/li>\n        <\/ul>\n\n        <p>L\u2019approche de beau lieu together s\u2019inscrit pleinement dans notre conviction selon laquelle la v\u00e9ritable valeur na\u00eet lorsque les partenaires se renforcent de mani\u00e8re durable. Par le partage de connaissances, l\u2019accompagnement et la collaboration, nous aidons les organisations \u00e0 atteindre une croissance durable et une autonomie financi\u00e8re.<\/p>\n\n        <h3>Beaulieu &#038; Special Olympics Belgium : un partenariat \u00e0 impact<\/h3>\n        <p>L\u2019esprit d\u2019entreprise et le sens des responsabilit\u00e9s sont au c\u0153ur de Beaulieu. Mobiliser les personnes et cr\u00e9er des opportunit\u00e9s font partie de notre quotidien au sein de l\u2019entreprise, mais nous souhaitons \u00e9galement encourager cet engagement au-del\u00e0 de nos murs. Special Olympics Belgium offre aux athl\u00e8tes ayant une d\u00e9ficience intellectuelle l\u2019opportunit\u00e9 de montrer leurs talents et de repousser leurs limites. Cet engagement correspond parfaitement aux valeurs que nous d\u00e9fendons chez Beaulieu, raison pour laquelle nous soutenons cette initiative avec une conviction totale.<\/p>\n    <\/section>\n\n    <section class=\"sob-specific-partner-socials\">\n        <h3>Suivez Beaulieu<\/h3>\n        <div class=\"sob-specific-partner-social-links\">\n            <a href=\"https:\/\/www.beaulieu.com\/\" target=\"_blank\" rel=\"noopener noreferrer\" class=\"sob-specific-partner-social-link\">\n                <i class=\"fas fa-globe\"><\/i> <span>Site web<\/span>\n            <\/a>\n            <a href=\"https:\/\/www.linkedin.com\/company\/beaulieu-international-group\/\" target=\"_blank\" rel=\"noopener noreferrer\" class=\"sob-specific-partner-social-link\">\n                <i class=\"fab fa-linkedin\"><\/i> <span>LinkedIn<\/span>\n            <\/a>\n            <a href=\"https:\/\/www.facebook.com\/beaulieuinternationalgroup\" target=\"_blank\" rel=\"noopener noreferrer\" class=\"sob-specific-partner-social-link\">\n                <i class=\"fab fa-facebook-square\"><\/i> <span>Facebook<\/span>\n            <\/a>\n            <a href=\"https:\/\/www.instagram.com\/beaulieugroup\/\" target=\"_blank\" rel=\"noopener noreferrer\" class=\"sob-specific-partner-social-link\">\n                <i class=\"fab fa-instagram\"><\/i> <span>Instagram<\/span>\n            <\/a>\n            <a href=\"https:\/\/www.youtube.com\/c\/BeaulieuInternationalGroup\" target=\"_blank\" rel=\"noopener noreferrer\" class=\"sob-specific-partner-social-link\">\n                <i class=\"fab fa-youtube\"><\/i> <span>YouTube<\/span>\n            <\/a>\n        <\/div>\n    <\/section>\n\n<\/div>\n","protected":false},"excerpt":{"rendered":"<p>\u00c0 propos de Beaulieu Beaulieu est une holding industrielle diversifi\u00e9e, solidement ancr\u00e9e dans une histoire familiale&#8230;. <span class=\"moreLink\"><a href=\"https:\/\/special-olympics.be\/fr\/partenaires\/beaulieu\/\">+<\/a><\/span><\/p>\n","protected":false},"author":8,"featured_media":0,"parent":6710,"menu_order":0,"comment_status":"closed","ping_status":"closed","template":"","meta":{"_acf_changed":false,"footnotes":""},"categories":[],"class_list":["post-8439","page","type-page","status-publish","hentry"],"acf":[],"yoast_head":"<!-- This site is optimized with the Yoast SEO plugin v27.5 - https:\/\/yoast.com\/product\/yoast-seo-wordpress\/ -->\n<title>Beaulieu - Special Olympics<\/title>\n<meta name=\"robots\" content=\"index, follow, max-snippet:-1, max-image-preview:large, max-video-preview:-1\" \/>\n<link rel=\"canonical\" href=\"https:\/\/special-olympics.be\/fr\/partenaires\/beaulieu\/\" \/>\n<meta property=\"og:locale\" content=\"fr_FR\" \/>\n<meta property=\"og:type\" content=\"article\" \/>\n<meta property=\"og:title\" content=\"Beaulieu - Special Olympics\" \/>\n<meta property=\"og:description\" content=\"\u00c0 propos de Beaulieu Beaulieu est une holding industrielle diversifi\u00e9e, solidement ancr\u00e9e dans une histoire familiale.... +\" \/>\n<meta property=\"og:url\" content=\"https:\/\/special-olympics.be\/fr\/partenaires\/beaulieu\/\" \/>\n<meta property=\"og:site_name\" content=\"Special Olympics\" \/>\n<meta property=\"article:modified_time\" content=\"2026-05-03T23:05:31+00:00\" \/>\n<meta property=\"og:image\" content=\"https:\/\/special-olympics.be\/wp-content\/uploads\/2025\/05\/BIG_logo_2024_RGB.jpg\" \/>\n<meta name=\"twitter:card\" content=\"summary_large_image\" \/>\n<meta name=\"twitter:label1\" content=\"Dur\u00e9e de lecture estim\u00e9e\" \/>\n\t<meta name=\"twitter:data1\" content=\"3 minutes\" \/>\n<script type=\"application\/ld+json\" class=\"yoast-schema-graph\">{\"@context\":\"https:\\\/\\\/schema.org\",\"@graph\":[{\"@type\":\"WebPage\",\"@id\":\"https:\\\/\\\/special-olympics.be\\\/fr\\\/partenaires\\\/beaulieu\\\/\",\"url\":\"https:\\\/\\\/special-olympics.be\\\/fr\\\/partenaires\\\/beaulieu\\\/\",\"name\":\"Beaulieu - Special Olympics\",\"isPartOf\":{\"@id\":\"https:\\\/\\\/special-olympics.be\\\/fr\\\/#website\"},\"primaryImageOfPage\":{\"@id\":\"https:\\\/\\\/special-olympics.be\\\/fr\\\/partenaires\\\/beaulieu\\\/#primaryimage\"},\"image\":{\"@id\":\"https:\\\/\\\/special-olympics.be\\\/fr\\\/partenaires\\\/beaulieu\\\/#primaryimage\"},\"thumbnailUrl\":\"https:\\\/\\\/special-olympics.be\\\/wp-content\\\/uploads\\\/2025\\\/05\\\/BIG_logo_2024_RGB.jpg\",\"datePublished\":\"2026-05-03T23:03:47+00:00\",\"dateModified\":\"2026-05-03T23:05:31+00:00\",\"breadcrumb\":{\"@id\":\"https:\\\/\\\/special-olympics.be\\\/fr\\\/partenaires\\\/beaulieu\\\/#breadcrumb\"},\"inLanguage\":\"fr-FR\",\"potentialAction\":[{\"@type\":\"ReadAction\",\"target\":[\"https:\\\/\\\/special-olympics.be\\\/fr\\\/partenaires\\\/beaulieu\\\/\"]}]},{\"@type\":\"ImageObject\",\"inLanguage\":\"fr-FR\",\"@id\":\"https:\\\/\\\/special-olympics.be\\\/fr\\\/partenaires\\\/beaulieu\\\/#primaryimage\",\"url\":\"https:\\\/\\\/special-olympics.be\\\/wp-content\\\/uploads\\\/2025\\\/05\\\/BIG_logo_2024_RGB.jpg\",\"contentUrl\":\"https:\\\/\\\/special-olympics.be\\\/wp-content\\\/uploads\\\/2025\\\/05\\\/BIG_logo_2024_RGB.jpg\"},{\"@type\":\"BreadcrumbList\",\"@id\":\"https:\\\/\\\/special-olympics.be\\\/fr\\\/partenaires\\\/beaulieu\\\/#breadcrumb\",\"itemListElement\":[{\"@type\":\"ListItem\",\"position\":1,\"name\":\"Accueil\",\"item\":\"https:\\\/\\\/special-olympics.be\\\/fr\\\/\"},{\"@type\":\"ListItem\",\"position\":2,\"name\":\"Partenaires\",\"item\":\"https:\\\/\\\/special-olympics.be\\\/fr\\\/partenaires\\\/\"},{\"@type\":\"ListItem\",\"position\":3,\"name\":\"Beaulieu\"}]},{\"@type\":\"WebSite\",\"@id\":\"https:\\\/\\\/special-olympics.be\\\/fr\\\/#website\",\"url\":\"https:\\\/\\\/special-olympics.be\\\/fr\\\/\",\"name\":\"Special Olympics\",\"description\":\"Special Olympics Belgium\",\"potentialAction\":[{\"@type\":\"SearchAction\",\"target\":{\"@type\":\"EntryPoint\",\"urlTemplate\":\"https:\\\/\\\/special-olympics.be\\\/fr\\\/?s={search_term_string}\"},\"query-input\":{\"@type\":\"PropertyValueSpecification\",\"valueRequired\":true,\"valueName\":\"search_term_string\"}}],\"inLanguage\":\"fr-FR\"}]}<\/script>\n<!-- \/ Yoast SEO plugin. -->","yoast_head_json":{"title":"Beaulieu - Special Olympics","robots":{"index":"index","follow":"follow","max-snippet":"max-snippet:-1","max-image-preview":"max-image-preview:large","max-video-preview":"max-video-preview:-1"},"canonical":"https:\/\/special-olympics.be\/fr\/partenaires\/beaulieu\/","og_locale":"fr_FR","og_type":"article","og_title":"Beaulieu - Special Olympics","og_description":"\u00c0 propos de Beaulieu Beaulieu est une holding industrielle diversifi\u00e9e, solidement ancr\u00e9e dans une histoire familiale.... +","og_url":"https:\/\/special-olympics.be\/fr\/partenaires\/beaulieu\/","og_site_name":"Special Olympics","article_modified_time":"2026-05-03T23:05:31+00:00","og_image":[{"url":"https:\/\/special-olympics.be\/wp-content\/uploads\/2025\/05\/BIG_logo_2024_RGB.jpg","type":"","width":"","height":""}],"twitter_card":"summary_large_image","twitter_misc":{"Dur\u00e9e de lecture estim\u00e9e":"3 minutes"},"schema":{"@context":"https:\/\/schema.org","@graph":[{"@type":"WebPage","@id":"https:\/\/special-olympics.be\/fr\/partenaires\/beaulieu\/","url":"https:\/\/special-olympics.be\/fr\/partenaires\/beaulieu\/","name":"Beaulieu - Special Olympics","isPartOf":{"@id":"https:\/\/special-olympics.be\/fr\/#website"},"primaryImageOfPage":{"@id":"https:\/\/special-olympics.be\/fr\/partenaires\/beaulieu\/#primaryimage"},"image":{"@id":"https:\/\/special-olympics.be\/fr\/partenaires\/beaulieu\/#primaryimage"},"thumbnailUrl":"https:\/\/special-olympics.be\/wp-content\/uploads\/2025\/05\/BIG_logo_2024_RGB.jpg","datePublished":"2026-05-03T23:03:47+00:00","dateModified":"2026-05-03T23:05:31+00:00","breadcrumb":{"@id":"https:\/\/special-olympics.be\/fr\/partenaires\/beaulieu\/#breadcrumb"},"inLanguage":"fr-FR","potentialAction":[{"@type":"ReadAction","target":["https:\/\/special-olympics.be\/fr\/partenaires\/beaulieu\/"]}]},{"@type":"ImageObject","inLanguage":"fr-FR","@id":"https:\/\/special-olympics.be\/fr\/partenaires\/beaulieu\/#primaryimage","url":"https:\/\/special-olympics.be\/wp-content\/uploads\/2025\/05\/BIG_logo_2024_RGB.jpg","contentUrl":"https:\/\/special-olympics.be\/wp-content\/uploads\/2025\/05\/BIG_logo_2024_RGB.jpg"},{"@type":"BreadcrumbList","@id":"https:\/\/special-olympics.be\/fr\/partenaires\/beaulieu\/#breadcrumb","itemListElement":[{"@type":"ListItem","position":1,"name":"Accueil","item":"https:\/\/special-olympics.be\/fr\/"},{"@type":"ListItem","position":2,"name":"Partenaires","item":"https:\/\/special-olympics.be\/fr\/partenaires\/"},{"@type":"ListItem","position":3,"name":"Beaulieu"}]},{"@type":"WebSite","@id":"https:\/\/special-olympics.be\/fr\/#website","url":"https:\/\/special-olympics.be\/fr\/","name":"Special Olympics","description":"Special Olympics Belgium","potentialAction":[{"@type":"SearchAction","target":{"@type":"EntryPoint","urlTemplate":"https:\/\/special-olympics.be\/fr\/?s={search_term_string}"},"query-input":{"@type":"PropertyValueSpecification","valueRequired":true,"valueName":"search_term_string"}}],"inLanguage":"fr-FR"}]}},"_links":{"self":[{"href":"https:\/\/special-olympics.be\/fr\/wp-json\/wp\/v2\/pages\/8439","targetHints":{"allow":["GET"]}}],"collection":[{"href":"https:\/\/special-olympics.be\/fr\/wp-json\/wp\/v2\/pages"}],"about":[{"href":"https:\/\/special-olympics.be\/fr\/wp-json\/wp\/v2\/types\/page"}],"author":[{"embeddable":true,"href":"https:\/\/special-olympics.be\/fr\/wp-json\/wp\/v2\/users\/8"}],"replies":[{"embeddable":true,"href":"https:\/\/special-olympics.be\/fr\/wp-json\/wp\/v2\/comments?post=8439"}],"version-history":[{"count":2,"href":"https:\/\/special-olympics.be\/fr\/wp-json\/wp\/v2\/pages\/8439\/revisions"}],"predecessor-version":[{"id":8441,"href":"https:\/\/special-olympics.be\/fr\/wp-json\/wp\/v2\/pages\/8439\/revisions\/8441"}],"up":[{"embeddable":true,"href":"https:\/\/special-olympics.be\/fr\/wp-json\/wp\/v2\/pages\/6710"}],"wp:attachment":[{"href":"https:\/\/special-olympics.be\/fr\/wp-json\/wp\/v2\/media?parent=8439"}],"wp:term":[{"taxonomy":"category","embeddable":true,"href":"https:\/\/special-olympics.be\/fr\/wp-json\/wp\/v2\/categories?post=8439"}],"curies":[{"name":"wp","href":"https:\/\/api.w.org\/{rel}","templated":true}]}}