{"id":8315,"date":"2026-04-20T22:56:16","date_gmt":"2026-04-20T20:56:16","guid":{"rendered":"https:\/\/special-olympics.be\/?page_id=8315"},"modified":"2026-04-20T23:04:05","modified_gmt":"2026-04-20T21:04:05","slug":"healthy-athletes-responsible","status":"publish","type":"page","link":"https:\/\/special-olympics.be\/fr\/faites-partie-de-special-olympics\/jobs\/healthy-athletes-responsible\/","title":{"rendered":"Healthy Athletes Responsible"},"content":{"rendered":"\n<h2 class=\"wp-block-heading\">Special Olympics<\/h2>\n\n\n\n<p>Special Olympics est un mouvement international actif dans de tr\u00e8s nombreux pays, visant \u00e0 changer la vie des personnes ayant un handicap mental gr\u00e2ce au sport et \u00e0 favoriser leur inclusion sociale.<\/p>\n\n\n\n<p>Special Olympics Belgium compte aujourd\u2019hui plus de 20.000 athl\u00e8tes qui peuvent r\u00e9aliser leurs r\u00eaves olympiques gr\u00e2ce au soutien de nos nombreux partenaires, sponsors, m\u00e9c\u00e8nes, donateurs et volontaires.<\/p>\n\n\n\n<p>Special Olympics Belgium a pour ambition de devenir acteur de changement pour une soci\u00e9t\u00e9 plus inclusive dans laquelle les personnes ayant un handicap mental jouent un r\u00f4le actif. Le programme Healthy Athletes a pour objectif d\u2019am\u00e9liorer l\u2019acc\u00e8s aux soins de sant\u00e9 pour les personnes ayant un handicap mental, et ce par des actions directement destin\u00e9es \u00e0 nos athl\u00e8tes et d\u2019autres beaucoup plus larges (formations des futurs professionnels de la sant\u00e9, plaidoyer,\u2026).<\/p>\n\n\n\n<h3 class=\"wp-block-heading\">Healthy Athletes Responsible (\u00e0 temps partiel)<\/h3>\n\n\n\n<p>Vous \u00eates une personne proactive, passionn\u00e9e par les \u00e9v\u00e9nements sportifs et la sant\u00e9 inclusive et qui a le c\u0153ur \u00e0 la bonne place ? Vous souhaitez travailler au sein d&rsquo;une organisation dynamique et inspirante Vous avez de l&rsquo;exp\u00e9rience dans le domaine de la gestion des projets ? Alors nous recherchons quelqu&rsquo;un comme vous !<\/p>\n\n\n\n<h3 class=\"wp-block-heading\"><strong>T\u00e2ches<\/strong><\/h3>\n\n\n\n<p>En tant que Healthy Athletes Responsible (HAP), vous :<\/p>\n\n\n\n<ul class=\"wp-block-list\">\n<li>Coordonnez les projets li\u00e9s \u00e0 la sant\u00e9 (l\u2019organisation du programme HAP dans le cadre des Jeux Nationaux mais \u00e9galement des autres projets vari\u00e9s dans le courant de l\u2019ann\u00e9e) que ce soit d\u2019un point de vue organisationnel, logistique, budg\u00e9taire, gestion de main d\u2019\u0153uvre, etc<\/li>\n\n\n\n<li>Coordonnez les volontaires li\u00e9s aux \u00e9v\u00e8nements organis\u00e9s dans le cadre du programme HAP<\/li>\n\n\n\n<li>Suivez le budget n\u00e9cessaire pour les activit\u00e9s de ce programme<\/li>\n\n\n\n<li>Entretenez, cr\u00e9ez et faites \u00e9voluer les relations avec les partenaires du programme de sant\u00e9<\/li>\n\n\n\n<li>Suivez les demandes, le suivi et les rapports dans le cas de demande de subsides<\/li>\n\n\n\n<li>Collaborez avec les diff\u00e9rents d\u00e9partements de l\u2019organisation dans le cadre des projets<\/li>\n\n\n\n<li>Pr\u00e9sentez le programme HAP de mani\u00e8re claire et persuasive pour des publics vari\u00e9s (\u00e9tudiants, organisations publiques\/priv\u00e9es, professionnels de la sant\u00e9)<\/li>\n\n\n\n<li>Pr\u00e9parez, coordonnez et rapportez des r\u00e9unions de tailles vari\u00e9es<\/li>\n<\/ul>\n\n\n\n<h3 class=\"wp-block-heading\"><strong>Exigences li\u00e9es \u00e0 la fonction<\/strong><\/h3>\n\n\n\n<ul class=\"wp-block-list\">\n<li>Dipl\u00f4me d&rsquo;enseignement sup\u00e9rieur de type long ou type court<\/li>\n\n\n\n<li>Bilingue fran\u00e7ais-n\u00e9erlandais<\/li>\n\n\n\n<li>Ma\u00eetrise des programmes de base de Microsoft Windows Office<\/li>\n\n\n\n<li>Connaissance des programmes de gestion de bases de donn\u00e9es et de cr\u00e9ation de plans<\/li>\n\n\n\n<li>Permis de conduire B indispensable<\/li>\n\n\n\n<li>Talent organisationnel et qualit\u00e9s de leadership<\/li>\n\n\n\n<li>Diplomatie, cr\u00e9ativit\u00e9, communication et \u00e9coute active<\/li>\n\n\n\n<li>Attitude positive et orientation vers les solutions, esprit d&rsquo;initiative et autonomie<\/li>\n\n\n\n<li>R\u00e9sistance au stress et orientation vers les r\u00e9sultats et la qualit\u00e9<\/li>\n\n\n\n<li>Intelligence technique et \u00e9motionnelle<\/li>\n\n\n\n<li>Flexibilit\u00e9 pour travailler lors d&rsquo;\u00e9v\u00e9nements ou de p\u00e9riodes charg\u00e9es, au bureau et sur site<\/li>\n\n\n\n<li>Une premi\u00e8re exp\u00e9rience est un atout et une affinit\u00e9 avec le monde du sport est un atout, mais n&rsquo;est pas une exigence<\/li>\n\n\n\n<li>Exprimer ses messages, tant \u00e0 l\u2019oral qu\u2019\u00e0 l\u2019\u00e9crit, d\u2019une mani\u00e8re efficace, organis\u00e9e, logique et adapt\u00e9e au public auquel on s\u2019adresse<\/li>\n\n\n\n<li>\u00catre dans les conditions ACS (<a href=\"http:\/\/www.actiris.brussels\/fr\/citoyens\/contrat-pour-agents-contractuels-subventionnes\/\" target=\"_blank\" rel=\"noreferrer noopener\">http:\/\/www.actiris.brussels\/fr\/citoyens\/contrat-pour-agents-contractuels-subventionnes<\/a>)<\/li>\n<\/ul>\n\n\n\n<h3 class=\"wp-block-heading\"><strong>Ce que nous offrons<\/strong><\/h3>\n\n\n\n<ul class=\"wp-block-list\">\n<li>Un contrat \u00e0 temps partiel \u00e0 dur\u00e9e ind\u00e9termin\u00e9e<\/li>\n\n\n\n<li>Un environnement de travail dynamique et inspirant<\/li>\n\n\n\n<li>Des opportunit\u00e9s de croissance personnelle et professionnelle<\/li>\n\n\n\n<li>Une chance de travailler dans une \u00e9quipe de professionnels passionn\u00e9s<\/li>\n\n\n\n<li>Un salaire conforme au march\u00e9 et des avantages extral\u00e9gaux<\/li>\n\n\n\n<li>Des ch\u00e8ques repas d\u2019une valeur de 8 euros par jour<\/li>\n\n\n\n<li>Bon \u00e9quilibre entre vie professionnelle et vie priv\u00e9e, gr\u00e2ce \u00e0 la possibilit\u00e9 de t\u00e9l\u00e9travail, \u00e0 des horaires flexibles et des jours de vacances<\/li>\n\n\n\n<li>Une assurance hospitalisation<\/li>\n<\/ul>\n\n\n\n<h3 class=\"wp-block-heading\"><strong>Int\u00e9ress\u00e9(e) ?<\/strong><\/h3>\n\n\n\n<p>Envoyez votre curriculum vitae et votre lettre de motivation \u00e0 :<br>Special Olympics Belgium<br>\u00c0 l&rsquo;attention de Alphonsine KABEDI NTUMBA<br>Van der Meerschenlaan 166 b 1150 Bruxelles ou par e-mail : <a href=\"mailto:HR@specialolympics.be\">HR@specialolympics.be<\/a><br>Et qui sait, peut-\u00eatre serez-vous notre nouveau Responsable de Programme Healthy Athletes !<\/p>\n\n\n\n<div style=\"height:25px\" aria-hidden=\"true\" class=\"wp-block-spacer\"><\/div>\n\n\n\n<a class=\"contentCTA\" href=\"https:\/\/special-olympics.be\/wp-content\/uploads\/2026\/04\/HAP-poste-vacant-FR.pdf\"><i style=\"display:none;\"><\/i> T\u00e9l\u00e9charger le PDF<\/a>\n\n\n\n\n<p><\/p>\n","protected":false},"excerpt":{"rendered":"<p>Special Olympics Special Olympics est un mouvement international actif dans de tr\u00e8s nombreux pays, visant \u00e0&#8230; <span class=\"moreLink\"><a href=\"https:\/\/special-olympics.be\/fr\/faites-partie-de-special-olympics\/jobs\/healthy-athletes-responsible\/\">+<\/a><\/span><\/p>\n","protected":false},"author":8,"featured_media":8324,"parent":179,"menu_order":0,"comment_status":"closed","ping_status":"closed","template":"","meta":{"_acf_changed":false,"footnotes":""},"categories":[30],"class_list":["post-8315","page","type-page","status-publish","has-post-thumbnail","hentry","category-jobs-3"],"acf":[],"yoast_head":"<!-- This site is optimized with the Yoast SEO plugin v27.5 - https:\/\/yoast.com\/product\/yoast-seo-wordpress\/ -->\n<title>Healthy Athletes Responsible - Special Olympics<\/title>\n<meta name=\"description\" content=\"Jobs - Healthy Athletes Responsible - Responsable RH avec une exp\u00e9rience d\u00e9montr\u00e9e et une bonne connaissance du n\u00e9erlandais et du fran\u00e7ais\" \/>\n<meta name=\"robots\" content=\"index, follow, max-snippet:-1, max-image-preview:large, max-video-preview:-1\" \/>\n<link rel=\"canonical\" href=\"https:\/\/special-olympics.be\/fr\/faites-partie-de-special-olympics\/jobs\/healthy-athletes-responsible\/\" \/>\n<meta property=\"og:locale\" content=\"fr_FR\" \/>\n<meta property=\"og:type\" content=\"article\" \/>\n<meta property=\"og:title\" content=\"Healthy Athletes Responsible\" \/>\n<meta property=\"og:description\" content=\"Responsable RH avec une exp\u00e9rience d\u00e9montr\u00e9e et une bonne connaissance du n\u00e9erlandais et du fran\u00e7ais\" \/>\n<meta property=\"og:url\" content=\"https:\/\/special-olympics.be\/fr\/faites-partie-de-special-olympics\/jobs\/healthy-athletes-responsible\/\" \/>\n<meta property=\"og:site_name\" content=\"Special Olympics\" \/>\n<meta property=\"article:modified_time\" content=\"2026-04-20T21:04:05+00:00\" \/>\n<meta property=\"og:image\" content=\"https:\/\/special-olympics.be\/wp-content\/uploads\/2023\/10\/Header.jpg\" \/>\n\t<meta property=\"og:image:width\" content=\"1366\" \/>\n\t<meta property=\"og:image:height\" content=\"574\" \/>\n\t<meta property=\"og:image:type\" content=\"image\/jpeg\" \/>\n<meta name=\"twitter:card\" content=\"summary_large_image\" \/>\n<meta name=\"twitter:title\" content=\"Healthy Athletes Responsible\" \/>\n<meta name=\"twitter:description\" content=\"Responsable RH avec une exp\u00e9rience d\u00e9montr\u00e9e et une bonne connaissance du n\u00e9erlandais et du fran\u00e7ais\" \/>\n<meta name=\"twitter:image\" content=\"https:\/\/special-olympics.be\/wp-content\/uploads\/2023\/10\/Header.jpg\" \/>\n<meta name=\"twitter:label1\" content=\"Dur\u00e9e de lecture estim\u00e9e\" \/>\n\t<meta name=\"twitter:data1\" content=\"4 minutes\" \/>\n<script type=\"application\/ld+json\" class=\"yoast-schema-graph\">{\"@context\":\"https:\\\/\\\/schema.org\",\"@graph\":[{\"@type\":\"Article\",\"@id\":\"https:\\\/\\\/special-olympics.be\\\/fr\\\/faites-partie-de-special-olympics\\\/jobs\\\/healthy-athletes-responsible\\\/#article\",\"isPartOf\":{\"@id\":\"https:\\\/\\\/special-olympics.be\\\/fr\\\/faites-partie-de-special-olympics\\\/jobs\\\/healthy-athletes-responsible\\\/\"},\"author\":{\"name\":\"Jonas Bogaert\",\"@id\":\"https:\\\/\\\/special-olympics.be\\\/fr\\\/#\\\/schema\\\/person\\\/18be6b6547a438e58188b0a3a1fb32ed\"},\"headline\":\"Healthy Athletes Responsible\",\"datePublished\":\"2026-04-20T20:56:16+00:00\",\"dateModified\":\"2026-04-20T21:04:05+00:00\",\"mainEntityOfPage\":{\"@id\":\"https:\\\/\\\/special-olympics.be\\\/fr\\\/faites-partie-de-special-olympics\\\/jobs\\\/healthy-athletes-responsible\\\/\"},\"wordCount\":682,\"image\":{\"@id\":\"https:\\\/\\\/special-olympics.be\\\/fr\\\/faites-partie-de-special-olympics\\\/jobs\\\/healthy-athletes-responsible\\\/#primaryimage\"},\"thumbnailUrl\":\"https:\\\/\\\/special-olympics.be\\\/wp-content\\\/uploads\\\/2026\\\/04\\\/HAP-vacature.jpg\",\"articleSection\":[\"Jobs\"],\"inLanguage\":\"fr-FR\"},{\"@type\":\"WebPage\",\"@id\":\"https:\\\/\\\/special-olympics.be\\\/fr\\\/faites-partie-de-special-olympics\\\/jobs\\\/healthy-athletes-responsible\\\/\",\"url\":\"https:\\\/\\\/special-olympics.be\\\/fr\\\/faites-partie-de-special-olympics\\\/jobs\\\/healthy-athletes-responsible\\\/\",\"name\":\"Healthy Athletes Responsible - Special Olympics\",\"isPartOf\":{\"@id\":\"https:\\\/\\\/special-olympics.be\\\/fr\\\/#website\"},\"primaryImageOfPage\":{\"@id\":\"https:\\\/\\\/special-olympics.be\\\/fr\\\/faites-partie-de-special-olympics\\\/jobs\\\/healthy-athletes-responsible\\\/#primaryimage\"},\"image\":{\"@id\":\"https:\\\/\\\/special-olympics.be\\\/fr\\\/faites-partie-de-special-olympics\\\/jobs\\\/healthy-athletes-responsible\\\/#primaryimage\"},\"thumbnailUrl\":\"https:\\\/\\\/special-olympics.be\\\/wp-content\\\/uploads\\\/2026\\\/04\\\/HAP-vacature.jpg\",\"datePublished\":\"2026-04-20T20:56:16+00:00\",\"dateModified\":\"2026-04-20T21:04:05+00:00\",\"description\":\"Jobs - Healthy Athletes Responsible - Responsable RH avec une exp\u00e9rience d\u00e9montr\u00e9e et une bonne connaissance du n\u00e9erlandais et du fran\u00e7ais\",\"breadcrumb\":{\"@id\":\"https:\\\/\\\/special-olympics.be\\\/fr\\\/faites-partie-de-special-olympics\\\/jobs\\\/healthy-athletes-responsible\\\/#breadcrumb\"},\"inLanguage\":\"fr-FR\",\"potentialAction\":[{\"@type\":\"ReadAction\",\"target\":[\"https:\\\/\\\/special-olympics.be\\\/fr\\\/faites-partie-de-special-olympics\\\/jobs\\\/healthy-athletes-responsible\\\/\"]}]},{\"@type\":\"ImageObject\",\"inLanguage\":\"fr-FR\",\"@id\":\"https:\\\/\\\/special-olympics.be\\\/fr\\\/faites-partie-de-special-olympics\\\/jobs\\\/healthy-athletes-responsible\\\/#primaryimage\",\"url\":\"https:\\\/\\\/special-olympics.be\\\/wp-content\\\/uploads\\\/2026\\\/04\\\/HAP-vacature.jpg\",\"contentUrl\":\"https:\\\/\\\/special-olympics.be\\\/wp-content\\\/uploads\\\/2026\\\/04\\\/HAP-vacature.jpg\",\"width\":1600,\"height\":1200},{\"@type\":\"BreadcrumbList\",\"@id\":\"https:\\\/\\\/special-olympics.be\\\/fr\\\/faites-partie-de-special-olympics\\\/jobs\\\/healthy-athletes-responsible\\\/#breadcrumb\",\"itemListElement\":[{\"@type\":\"ListItem\",\"position\":1,\"name\":\"Accueil\",\"item\":\"https:\\\/\\\/special-olympics.be\\\/fr\\\/\"},{\"@type\":\"ListItem\",\"position\":2,\"name\":\"Faites partie de Special Olympics\",\"item\":\"https:\\\/\\\/special-olympics.be\\\/fr\\\/faites-partie-de-special-olympics\\\/\"},{\"@type\":\"ListItem\",\"position\":3,\"name\":\"Jobs\",\"item\":\"https:\\\/\\\/special-olympics.be\\\/fr\\\/faites-partie-de-special-olympics\\\/jobs\\\/\"},{\"@type\":\"ListItem\",\"position\":4,\"name\":\"Healthy Athletes Responsible\"}]},{\"@type\":\"WebSite\",\"@id\":\"https:\\\/\\\/special-olympics.be\\\/fr\\\/#website\",\"url\":\"https:\\\/\\\/special-olympics.be\\\/fr\\\/\",\"name\":\"Special Olympics\",\"description\":\"Special Olympics Belgium\",\"potentialAction\":[{\"@type\":\"SearchAction\",\"target\":{\"@type\":\"EntryPoint\",\"urlTemplate\":\"https:\\\/\\\/special-olympics.be\\\/fr\\\/?s={search_term_string}\"},\"query-input\":{\"@type\":\"PropertyValueSpecification\",\"valueRequired\":true,\"valueName\":\"search_term_string\"}}],\"inLanguage\":\"fr-FR\"},{\"@type\":\"Person\",\"@id\":\"https:\\\/\\\/special-olympics.be\\\/fr\\\/#\\\/schema\\\/person\\\/18be6b6547a438e58188b0a3a1fb32ed\",\"name\":\"Jonas Bogaert\",\"url\":\"https:\\\/\\\/special-olympics.be\\\/fr\\\/author\\\/jonas\\\/\"}]}<\/script>\n<!-- \/ Yoast SEO plugin. -->","yoast_head_json":{"title":"Healthy Athletes Responsible - Special Olympics","description":"Jobs - Healthy Athletes Responsible - Responsable RH avec une exp\u00e9rience d\u00e9montr\u00e9e et une bonne connaissance du n\u00e9erlandais et du fran\u00e7ais","robots":{"index":"index","follow":"follow","max-snippet":"max-snippet:-1","max-image-preview":"max-image-preview:large","max-video-preview":"max-video-preview:-1"},"canonical":"https:\/\/special-olympics.be\/fr\/faites-partie-de-special-olympics\/jobs\/healthy-athletes-responsible\/","og_locale":"fr_FR","og_type":"article","og_title":"Healthy Athletes Responsible","og_description":"Responsable RH avec une exp\u00e9rience d\u00e9montr\u00e9e et une bonne connaissance du n\u00e9erlandais et du fran\u00e7ais","og_url":"https:\/\/special-olympics.be\/fr\/faites-partie-de-special-olympics\/jobs\/healthy-athletes-responsible\/","og_site_name":"Special Olympics","article_modified_time":"2026-04-20T21:04:05+00:00","og_image":[{"width":1366,"height":574,"url":"https:\/\/special-olympics.be\/wp-content\/uploads\/2023\/10\/Header.jpg","type":"image\/jpeg"}],"twitter_card":"summary_large_image","twitter_title":"Healthy Athletes Responsible","twitter_description":"Responsable RH avec une exp\u00e9rience d\u00e9montr\u00e9e et une bonne connaissance du n\u00e9erlandais et du fran\u00e7ais","twitter_image":"https:\/\/special-olympics.be\/wp-content\/uploads\/2023\/10\/Header.jpg","twitter_misc":{"Dur\u00e9e de lecture estim\u00e9e":"4 minutes"},"schema":{"@context":"https:\/\/schema.org","@graph":[{"@type":"Article","@id":"https:\/\/special-olympics.be\/fr\/faites-partie-de-special-olympics\/jobs\/healthy-athletes-responsible\/#article","isPartOf":{"@id":"https:\/\/special-olympics.be\/fr\/faites-partie-de-special-olympics\/jobs\/healthy-athletes-responsible\/"},"author":{"name":"Jonas Bogaert","@id":"https:\/\/special-olympics.be\/fr\/#\/schema\/person\/18be6b6547a438e58188b0a3a1fb32ed"},"headline":"Healthy Athletes Responsible","datePublished":"2026-04-20T20:56:16+00:00","dateModified":"2026-04-20T21:04:05+00:00","mainEntityOfPage":{"@id":"https:\/\/special-olympics.be\/fr\/faites-partie-de-special-olympics\/jobs\/healthy-athletes-responsible\/"},"wordCount":682,"image":{"@id":"https:\/\/special-olympics.be\/fr\/faites-partie-de-special-olympics\/jobs\/healthy-athletes-responsible\/#primaryimage"},"thumbnailUrl":"https:\/\/special-olympics.be\/wp-content\/uploads\/2026\/04\/HAP-vacature.jpg","articleSection":["Jobs"],"inLanguage":"fr-FR"},{"@type":"WebPage","@id":"https:\/\/special-olympics.be\/fr\/faites-partie-de-special-olympics\/jobs\/healthy-athletes-responsible\/","url":"https:\/\/special-olympics.be\/fr\/faites-partie-de-special-olympics\/jobs\/healthy-athletes-responsible\/","name":"Healthy Athletes Responsible - Special Olympics","isPartOf":{"@id":"https:\/\/special-olympics.be\/fr\/#website"},"primaryImageOfPage":{"@id":"https:\/\/special-olympics.be\/fr\/faites-partie-de-special-olympics\/jobs\/healthy-athletes-responsible\/#primaryimage"},"image":{"@id":"https:\/\/special-olympics.be\/fr\/faites-partie-de-special-olympics\/jobs\/healthy-athletes-responsible\/#primaryimage"},"thumbnailUrl":"https:\/\/special-olympics.be\/wp-content\/uploads\/2026\/04\/HAP-vacature.jpg","datePublished":"2026-04-20T20:56:16+00:00","dateModified":"2026-04-20T21:04:05+00:00","description":"Jobs - Healthy Athletes Responsible - Responsable RH avec une exp\u00e9rience d\u00e9montr\u00e9e et une bonne connaissance du n\u00e9erlandais et du fran\u00e7ais","breadcrumb":{"@id":"https:\/\/special-olympics.be\/fr\/faites-partie-de-special-olympics\/jobs\/healthy-athletes-responsible\/#breadcrumb"},"inLanguage":"fr-FR","potentialAction":[{"@type":"ReadAction","target":["https:\/\/special-olympics.be\/fr\/faites-partie-de-special-olympics\/jobs\/healthy-athletes-responsible\/"]}]},{"@type":"ImageObject","inLanguage":"fr-FR","@id":"https:\/\/special-olympics.be\/fr\/faites-partie-de-special-olympics\/jobs\/healthy-athletes-responsible\/#primaryimage","url":"https:\/\/special-olympics.be\/wp-content\/uploads\/2026\/04\/HAP-vacature.jpg","contentUrl":"https:\/\/special-olympics.be\/wp-content\/uploads\/2026\/04\/HAP-vacature.jpg","width":1600,"height":1200},{"@type":"BreadcrumbList","@id":"https:\/\/special-olympics.be\/fr\/faites-partie-de-special-olympics\/jobs\/healthy-athletes-responsible\/#breadcrumb","itemListElement":[{"@type":"ListItem","position":1,"name":"Accueil","item":"https:\/\/special-olympics.be\/fr\/"},{"@type":"ListItem","position":2,"name":"Faites partie de Special Olympics","item":"https:\/\/special-olympics.be\/fr\/faites-partie-de-special-olympics\/"},{"@type":"ListItem","position":3,"name":"Jobs","item":"https:\/\/special-olympics.be\/fr\/faites-partie-de-special-olympics\/jobs\/"},{"@type":"ListItem","position":4,"name":"Healthy Athletes Responsible"}]},{"@type":"WebSite","@id":"https:\/\/special-olympics.be\/fr\/#website","url":"https:\/\/special-olympics.be\/fr\/","name":"Special Olympics","description":"Special Olympics Belgium","potentialAction":[{"@type":"SearchAction","target":{"@type":"EntryPoint","urlTemplate":"https:\/\/special-olympics.be\/fr\/?s={search_term_string}"},"query-input":{"@type":"PropertyValueSpecification","valueRequired":true,"valueName":"search_term_string"}}],"inLanguage":"fr-FR"},{"@type":"Person","@id":"https:\/\/special-olympics.be\/fr\/#\/schema\/person\/18be6b6547a438e58188b0a3a1fb32ed","name":"Jonas Bogaert","url":"https:\/\/special-olympics.be\/fr\/author\/jonas\/"}]}},"_links":{"self":[{"href":"https:\/\/special-olympics.be\/fr\/wp-json\/wp\/v2\/pages\/8315","targetHints":{"allow":["GET"]}}],"collection":[{"href":"https:\/\/special-olympics.be\/fr\/wp-json\/wp\/v2\/pages"}],"about":[{"href":"https:\/\/special-olympics.be\/fr\/wp-json\/wp\/v2\/types\/page"}],"author":[{"embeddable":true,"href":"https:\/\/special-olympics.be\/fr\/wp-json\/wp\/v2\/users\/8"}],"replies":[{"embeddable":true,"href":"https:\/\/special-olympics.be\/fr\/wp-json\/wp\/v2\/comments?post=8315"}],"version-history":[{"count":3,"href":"https:\/\/special-olympics.be\/fr\/wp-json\/wp\/v2\/pages\/8315\/revisions"}],"predecessor-version":[{"id":8339,"href":"https:\/\/special-olympics.be\/fr\/wp-json\/wp\/v2\/pages\/8315\/revisions\/8339"}],"up":[{"embeddable":true,"href":"https:\/\/special-olympics.be\/fr\/wp-json\/wp\/v2\/pages\/179"}],"wp:featuredmedia":[{"embeddable":true,"href":"https:\/\/special-olympics.be\/fr\/wp-json\/wp\/v2\/media\/8324"}],"wp:attachment":[{"href":"https:\/\/special-olympics.be\/fr\/wp-json\/wp\/v2\/media?parent=8315"}],"wp:term":[{"taxonomy":"category","embeddable":true,"href":"https:\/\/special-olympics.be\/fr\/wp-json\/wp\/v2\/categories?post=8315"}],"curies":[{"name":"wp","href":"https:\/\/api.w.org\/{rel}","templated":true}]}}