{"id":7874,"date":"2025-07-16T14:50:13","date_gmt":"2025-07-16T12:50:13","guid":{"rendered":"https:\/\/special-olympics.be\/?page_id=7874"},"modified":"2025-07-16T15:47:07","modified_gmt":"2025-07-16T13:47:07","slug":"commission-technique","status":"publish","type":"page","link":"https:\/\/special-olympics.be\/fr\/faites-partie-de-special-olympics\/commission-technique\/","title":{"rendered":"Devenez membre de notre Commission Technique !"},"content":{"rendered":"\n<p>Chez Special Olympics Belgium, la qualit\u00e9 et l&rsquo;\u00e9quit\u00e9 de nos \u00e9v\u00e9nements sportifs sont primordiales. Notre&nbsp;<strong>Commission Technique (CT)<\/strong>&nbsp;y joue un r\u00f4le cl\u00e9. Cette commission est responsable :<\/p>\n\n\n\n<ul class=\"wp-block-list\">\n<li>De la r\u00e9solution des litiges sportifs,<\/li>\n\n\n\n<li>De l&rsquo;optimisation des r\u00e8glements sportifs,<\/li>\n\n\n\n<li>Du contr\u00f4le du respect des r\u00e8gles durant les Jeux,<\/li>\n\n\n\n<li>Et de l&rsquo;appui technique lors des Jeux Nationaux.<\/li>\n<\/ul>\n\n\n\n<p>Vous poss\u00e9dez une expertise dans une ou plusieurs disciplines sportives ? Vous souhaitez contribuer \u00e0 un environnement sportif inclusif pour les athl\u00e8tes en situation de handicap intellectuel ? Nous vous cherchons !<\/p>\n\n\n\n<h3 class=\"wp-block-heading\">Comment postuler ?<\/h3>\n\n\n\n<ol start=\"1\" class=\"wp-block-list\">\n<li>T\u00e9l\u00e9chargez le <a href=\"https:\/\/special-olympics.be\/wp-content\/uploads\/2025\/07\/FORMULAIRE-DINSCRIPTION-COMMISSION-TECHNIQUE-FR.docx\">formulaire d&rsquo;inscription pour la Commission Technique<\/a><\/li>\n\n\n\n<li>Remplissez le formulaire&nbsp;<strong>compl\u00e8tement et avec pr\u00e9cision<\/strong><\/li>\n\n\n\n<li>Envoyez le formulaire rempli \u00e0 :<strong><a href=\"mailto:cas.morissens@specialolympics.be\"> cas.morissens@specialolympics.be<\/a><\/strong>\u00a0ou\u00a0<strong><a href=\"mailto:jean-louis.motte@specialolympics.be\">jean-louis.motte@specialolympics.be<\/a><\/strong><\/li>\n<\/ol>\n","protected":false},"excerpt":{"rendered":"<p>Chez Special Olympics Belgium, la qualit\u00e9 et l&rsquo;\u00e9quit\u00e9 de nos \u00e9v\u00e9nements sportifs sont primordiales. Notre&nbsp;Commission Technique&#8230; <span class=\"moreLink\"><a href=\"https:\/\/special-olympics.be\/fr\/faites-partie-de-special-olympics\/commission-technique\/\">+<\/a><\/span><\/p>\n","protected":false},"author":8,"featured_media":0,"parent":158,"menu_order":0,"comment_status":"closed","ping_status":"closed","template":"","meta":{"_acf_changed":false,"footnotes":""},"categories":[],"class_list":["post-7874","page","type-page","status-publish","hentry"],"acf":[],"yoast_head":"<!-- This site is optimized with the Yoast SEO plugin v27.4 - https:\/\/yoast.com\/product\/yoast-seo-wordpress\/ -->\n<title>Devenez membre de notre Commission Technique ! - Special Olympics<\/title>\n<meta name=\"robots\" content=\"index, follow, max-snippet:-1, max-image-preview:large, max-video-preview:-1\" \/>\n<link rel=\"canonical\" href=\"https:\/\/special-olympics.be\/fr\/faites-partie-de-special-olympics\/commission-technique\/\" \/>\n<meta property=\"og:locale\" content=\"fr_FR\" \/>\n<meta property=\"og:type\" content=\"article\" \/>\n<meta property=\"og:title\" content=\"Devenez membre de notre Commission Technique ! - Special Olympics\" \/>\n<meta property=\"og:description\" content=\"Chez Special Olympics Belgium, la qualit\u00e9 et l&rsquo;\u00e9quit\u00e9 de nos \u00e9v\u00e9nements sportifs sont primordiales. Notre&nbsp;Commission Technique... +\" \/>\n<meta property=\"og:url\" content=\"https:\/\/special-olympics.be\/fr\/faites-partie-de-special-olympics\/commission-technique\/\" \/>\n<meta property=\"og:site_name\" content=\"Special Olympics\" \/>\n<meta property=\"article:modified_time\" content=\"2025-07-16T13:47:07+00:00\" \/>\n<meta property=\"og:image\" content=\"https:\/\/special-olympics.be\/wp-content\/uploads\/2022\/06\/SOB_fb-image.jpg\" \/>\n\t<meta property=\"og:image:width\" content=\"1200\" \/>\n\t<meta property=\"og:image:height\" content=\"630\" \/>\n\t<meta property=\"og:image:type\" content=\"image\/jpeg\" \/>\n<meta name=\"twitter:card\" content=\"summary_large_image\" \/>\n<meta name=\"twitter:label1\" content=\"Dur\u00e9e de lecture estim\u00e9e\" \/>\n\t<meta name=\"twitter:data1\" content=\"1 minute\" \/>\n<script type=\"application\/ld+json\" class=\"yoast-schema-graph\">{\"@context\":\"https:\\\/\\\/schema.org\",\"@graph\":[{\"@type\":\"WebPage\",\"@id\":\"https:\\\/\\\/special-olympics.be\\\/fr\\\/faites-partie-de-special-olympics\\\/commission-technique\\\/\",\"url\":\"https:\\\/\\\/special-olympics.be\\\/fr\\\/faites-partie-de-special-olympics\\\/commission-technique\\\/\",\"name\":\"Devenez membre de notre Commission Technique ! - Special Olympics\",\"isPartOf\":{\"@id\":\"https:\\\/\\\/special-olympics.be\\\/fr\\\/#website\"},\"datePublished\":\"2025-07-16T12:50:13+00:00\",\"dateModified\":\"2025-07-16T13:47:07+00:00\",\"breadcrumb\":{\"@id\":\"https:\\\/\\\/special-olympics.be\\\/fr\\\/faites-partie-de-special-olympics\\\/commission-technique\\\/#breadcrumb\"},\"inLanguage\":\"fr-FR\",\"potentialAction\":[{\"@type\":\"ReadAction\",\"target\":[\"https:\\\/\\\/special-olympics.be\\\/fr\\\/faites-partie-de-special-olympics\\\/commission-technique\\\/\"]}]},{\"@type\":\"BreadcrumbList\",\"@id\":\"https:\\\/\\\/special-olympics.be\\\/fr\\\/faites-partie-de-special-olympics\\\/commission-technique\\\/#breadcrumb\",\"itemListElement\":[{\"@type\":\"ListItem\",\"position\":1,\"name\":\"Accueil\",\"item\":\"https:\\\/\\\/special-olympics.be\\\/fr\\\/\"},{\"@type\":\"ListItem\",\"position\":2,\"name\":\"Faites partie de Special Olympics\",\"item\":\"https:\\\/\\\/special-olympics.be\\\/fr\\\/faites-partie-de-special-olympics\\\/\"},{\"@type\":\"ListItem\",\"position\":3,\"name\":\"Devenez membre de notre Commission Technique !\"}]},{\"@type\":\"WebSite\",\"@id\":\"https:\\\/\\\/special-olympics.be\\\/fr\\\/#website\",\"url\":\"https:\\\/\\\/special-olympics.be\\\/fr\\\/\",\"name\":\"Special Olympics\",\"description\":\"Special Olympics Belgium\",\"potentialAction\":[{\"@type\":\"SearchAction\",\"target\":{\"@type\":\"EntryPoint\",\"urlTemplate\":\"https:\\\/\\\/special-olympics.be\\\/fr\\\/?s={search_term_string}\"},\"query-input\":{\"@type\":\"PropertyValueSpecification\",\"valueRequired\":true,\"valueName\":\"search_term_string\"}}],\"inLanguage\":\"fr-FR\"}]}<\/script>\n<!-- \/ Yoast SEO plugin. -->","yoast_head_json":{"title":"Devenez membre de notre Commission Technique ! - Special Olympics","robots":{"index":"index","follow":"follow","max-snippet":"max-snippet:-1","max-image-preview":"max-image-preview:large","max-video-preview":"max-video-preview:-1"},"canonical":"https:\/\/special-olympics.be\/fr\/faites-partie-de-special-olympics\/commission-technique\/","og_locale":"fr_FR","og_type":"article","og_title":"Devenez membre de notre Commission Technique ! - Special Olympics","og_description":"Chez Special Olympics Belgium, la qualit\u00e9 et l&rsquo;\u00e9quit\u00e9 de nos \u00e9v\u00e9nements sportifs sont primordiales. Notre&nbsp;Commission Technique... +","og_url":"https:\/\/special-olympics.be\/fr\/faites-partie-de-special-olympics\/commission-technique\/","og_site_name":"Special Olympics","article_modified_time":"2025-07-16T13:47:07+00:00","og_image":[{"width":1200,"height":630,"url":"https:\/\/special-olympics.be\/wp-content\/uploads\/2022\/06\/SOB_fb-image.jpg","type":"image\/jpeg"}],"twitter_card":"summary_large_image","twitter_misc":{"Dur\u00e9e de lecture estim\u00e9e":"1 minute"},"schema":{"@context":"https:\/\/schema.org","@graph":[{"@type":"WebPage","@id":"https:\/\/special-olympics.be\/fr\/faites-partie-de-special-olympics\/commission-technique\/","url":"https:\/\/special-olympics.be\/fr\/faites-partie-de-special-olympics\/commission-technique\/","name":"Devenez membre de notre Commission Technique ! - Special Olympics","isPartOf":{"@id":"https:\/\/special-olympics.be\/fr\/#website"},"datePublished":"2025-07-16T12:50:13+00:00","dateModified":"2025-07-16T13:47:07+00:00","breadcrumb":{"@id":"https:\/\/special-olympics.be\/fr\/faites-partie-de-special-olympics\/commission-technique\/#breadcrumb"},"inLanguage":"fr-FR","potentialAction":[{"@type":"ReadAction","target":["https:\/\/special-olympics.be\/fr\/faites-partie-de-special-olympics\/commission-technique\/"]}]},{"@type":"BreadcrumbList","@id":"https:\/\/special-olympics.be\/fr\/faites-partie-de-special-olympics\/commission-technique\/#breadcrumb","itemListElement":[{"@type":"ListItem","position":1,"name":"Accueil","item":"https:\/\/special-olympics.be\/fr\/"},{"@type":"ListItem","position":2,"name":"Faites partie de Special Olympics","item":"https:\/\/special-olympics.be\/fr\/faites-partie-de-special-olympics\/"},{"@type":"ListItem","position":3,"name":"Devenez membre de notre Commission Technique !"}]},{"@type":"WebSite","@id":"https:\/\/special-olympics.be\/fr\/#website","url":"https:\/\/special-olympics.be\/fr\/","name":"Special Olympics","description":"Special Olympics Belgium","potentialAction":[{"@type":"SearchAction","target":{"@type":"EntryPoint","urlTemplate":"https:\/\/special-olympics.be\/fr\/?s={search_term_string}"},"query-input":{"@type":"PropertyValueSpecification","valueRequired":true,"valueName":"search_term_string"}}],"inLanguage":"fr-FR"}]}},"_links":{"self":[{"href":"https:\/\/special-olympics.be\/fr\/wp-json\/wp\/v2\/pages\/7874","targetHints":{"allow":["GET"]}}],"collection":[{"href":"https:\/\/special-olympics.be\/fr\/wp-json\/wp\/v2\/pages"}],"about":[{"href":"https:\/\/special-olympics.be\/fr\/wp-json\/wp\/v2\/types\/page"}],"author":[{"embeddable":true,"href":"https:\/\/special-olympics.be\/fr\/wp-json\/wp\/v2\/users\/8"}],"replies":[{"embeddable":true,"href":"https:\/\/special-olympics.be\/fr\/wp-json\/wp\/v2\/comments?post=7874"}],"version-history":[{"count":2,"href":"https:\/\/special-olympics.be\/fr\/wp-json\/wp\/v2\/pages\/7874\/revisions"}],"predecessor-version":[{"id":7915,"href":"https:\/\/special-olympics.be\/fr\/wp-json\/wp\/v2\/pages\/7874\/revisions\/7915"}],"up":[{"embeddable":true,"href":"https:\/\/special-olympics.be\/fr\/wp-json\/wp\/v2\/pages\/158"}],"wp:attachment":[{"href":"https:\/\/special-olympics.be\/fr\/wp-json\/wp\/v2\/media?parent=7874"}],"wp:term":[{"taxonomy":"category","embeddable":true,"href":"https:\/\/special-olympics.be\/fr\/wp-json\/wp\/v2\/categories?post=7874"}],"curies":[{"name":"wp","href":"https:\/\/api.w.org\/{rel}","templated":true}]}}