{"id":7082,"date":"2025-05-20T17:50:49","date_gmt":"2025-05-20T15:50:49","guid":{"rendered":"https:\/\/special-olympics.be\/?page_id=7082"},"modified":"2026-04-07T01:22:14","modified_gmt":"2026-04-06T23:22:14","slug":"boplan","status":"publish","type":"page","link":"https:\/\/special-olympics.be\/fr\/partenaires\/boplan\/","title":{"rendered":"Boplan"},"content":{"rendered":"\n<link rel=\"stylesheet\" href=\"https:\/\/cdnjs.cloudflare.com\/ajax\/libs\/font-awesome\/6.0.0\/css\/all.min.css\" xintegrity=\"sha512-9usAa10IRO0HhonpyAIVpjrylPvoDwiPUiKdWk5t3PyolY1cOd4DSE0Ga+ri4AuTroPR5aQvXU9xC6qOPnzFeg==\" crossorigin=\"anonymous\" referrerpolicy=\"no-referrer\" \/>\n\n<style>\n    \/* --- Basic Reset & Wrapper --- *\/\n    .sob-specific-partner-wrapper * {\n        box-sizing: border-box;\n    }\n    .sob-specific-partner-wrapper {\n        font-family: 'ff-good-web-pro', Arial, sans-serif;\n        font-size: 18px;\n        line-height: 1.6;\n        padding: 2rem 1.5rem;\n        max-width: 1000px;\n        margin-left: auto;\n        margin-right: auto;\n        color: #374151;\n        background-color: #ffffff;\n        border-radius: 8px;\n        margin-top: 2rem;\n        margin-bottom: 2rem;\n    }\n    @media (min-width: 768px) {\n        .sob-specific-partner-wrapper {\n            padding: 3rem 2.5rem;\n        }\n    }\n\n    \/* --- Logo Header --- *\/\n    .sob-specific-partner-logo-header {\n        display: flex;\n        flex-direction: column;\n        align-items: center;\n        justify-content: center;\n        gap: 1rem;\n        padding-bottom: 1rem;\n        margin-bottom: 0.5rem;\n        border-bottom: 1px solid #e5e7eb;\n    }\n    .sob-specific-partner-logo-header .logo-container {\n        display: flex;\n        align-items: center;\n        justify-content: center;\n        gap: 1.5rem;\n        flex-wrap: wrap;\n    }\n     .sob-specific-partner-logo-header img {\n        max-height: 85px;\n        width: auto;\n        max-width: 220px;\n        display: block;\n    }\n    .sob-specific-partner-logo-separator {\n        display: none;\n        width: 1px;\n        height: 50px;\n        background-color: #d1d5db;\n    }\n    @media (min-width: 640px) {\n         .sob-specific-partner-logo-header {\n            flex-direction: row;\n         }\n        .sob-specific-partner-logo-separator {\n            display: block;\n        }\n         .sob-specific-partner-logo-header img {\n             max-height: 85px;\n         }\n    }\n    .sob-specific-partner-subtitle {\n        font-size: 1.1rem;\n        font-weight: 600;\n        color: #E40046;\n        text-align: center;\n        margin-top: 0.5rem;\n        margin-bottom: 2rem;\n    }\n\n    \/* --- Description --- *\/\n    .sob-specific-partner-description {\n        margin-bottom: 2rem;\n        color: #4b5563;\n    }\n     .sob-specific-partner-description p {\n         margin-bottom: 1rem;\n     }\n    .sob-specific-partner-description a {\n        color: #E40046;\n        text-decoration: none;\n    }\n    .sob-specific-partner-description a:hover {\n        text-decoration: underline;\n    }\n\n    \/* --- Social Media --- *\/\n    .sob-specific-partner-socials {\n        margin-top: 2.5rem;\n        padding-top: 1.5rem;\n        border-top: 1px solid #e5e7eb;\n    }\n    .sob-specific-partner-socials h3 {\n        font-size: 1.5rem;\n        font-weight: 600;\n        margin-bottom: 1.25rem;\n        color: #1f2937;\n    }\n    .sob-specific-partner-social-links {\n        display: flex;\n        flex-wrap: wrap;\n        gap: 1.5rem;\n    }\n    .sob-specific-partner-social-link {\n        display: flex;\n        align-items: center;\n        gap: 0.5rem;\n        text-decoration: none !important;\n        color: #3b82f6;\n    }\n    .sob-specific-partner-social-link:hover {\n        color: #1d4ed8;\n        text-decoration: none;\n    }\n    .sob-specific-partner-social-link i {\n        font-size: 1.5rem;\n    }\n    .sob-specific-partner-social-link .fab.fa-facebook-square { color: #1877F2; }\n    .sob-specific-partner-social-link .fab.fa-instagram { color: #E4405F; }\n    .sob-specific-partner-social-link .fab.fa-linkedin { color: #0A66C2; }\n    .sob-specific-partner-social-link .fas.fa-globe { color: #4b5563; }\n\n<\/style>\n\n<div class=\"sob-specific-partner-wrapper\">\n\n    <div class=\"sob-specific-partner-logo-header\">\n        <div class=\"logo-container\">\n            <img decoding=\"async\" src=\"https:\/\/special-olympics.be\/wp-content\/uploads\/2025\/05\/Logo-Boplan.png\" alt=\"Logo de Boplan\">\n            <div class=\"sob-specific-partner-logo-separator\"><\/div>\n            <img decoding=\"async\" src=\"https:\/\/special-olympics.be\/wp-content\/uploads\/2025\/05\/SOB-logo-Black-Red.png\" alt=\"Logo de Special Olympics Belgium\">\n        <\/div>\n    <\/div>\n    <p class=\"sob-specific-partner-subtitle\">Partenaire officiel de s\u00e9curit\u00e9<\/p>\n\n    <section class=\"sob-specific-partner-description\">\n        <p>Boplan, fond\u00e9e en 1999 \u00e0 Wevelgem (Belgique), d\u00e9veloppe et produit des solutions de s\u00e9curit\u00e9 en plastique de haute qualit\u00e9 pour les environnements industriels et les \u00e9v\u00e9nements sportifs. L\u2019entreprise est active dans plus de 80 pays et est connue pour ses solutions innovantes et durables de protection contre les chutes et les chocs.<\/p>\n        <p>Boplan prot\u00e8ge dans le monde entier des personnes, des v\u00e9hicules, des b\u00e2timents et des infrastructures dans les entrep\u00f4ts, sur les sites de production, dans les centres logistiques, dans les espaces de stockage frigorifique, sur les sites (p\u00e9tro-)chimiques, sur les parkings et dans les a\u00e9roports.<\/p>\n        <p>Avec 280 collaborateurs, 10 bureaux de vente en Europe, en Am\u00e9rique du Nord et au Japon, ainsi qu\u2019un r\u00e9seau de 50 distributeurs dans le monde, Boplan se distingue par l\u2019innovation, le design et la durabilit\u00e9 de ses syst\u00e8mes de s\u00e9curit\u00e9.<\/p>\n        <p>Pour plus d\u2019informations sur BOPLAN\u00ae, vous pouvez consulter <a href=\"https:\/\/www.boplan.com\/fr-be\" target=\"_blank\" rel=\"noopener noreferrer\">https:\/\/www.boplan.com\/fr-be<\/a>.<\/p>\n    <\/section>\n\n    <section class=\"sob-specific-partner-socials\">\n        <h3>Suivez Boplan<\/h3>\n        <div class=\"sob-specific-partner-social-links\">\n            <a href=\"https:\/\/www.boplan.com\/fr-be\" target=\"_blank\" rel=\"noopener noreferrer\" class=\"sob-specific-partner-social-link\">\n                <i class=\"fas fa-globe\"><\/i> <span>Site web<\/span>\n            <\/a>\n            <a href=\"https:\/\/www.facebook.com\/BoplanGroup\" target=\"_blank\" rel=\"noopener noreferrer\" class=\"sob-specific-partner-social-link\">\n                <i class=\"fab fa-facebook-square\"><\/i>\n                <span>Facebook<\/span>\n            <\/a>\n            <a href=\"https:\/\/www.instagram.com\/boplangroup\/\" target=\"_blank\" rel=\"noopener noreferrer\" class=\"sob-specific-partner-social-link\">\n                <i class=\"fab fa-instagram\"><\/i>\n                <span>Instagram<\/span>\n            <\/a>\n            <a href=\"https:\/\/www.linkedin.com\/company\/boplangroep\/\" target=\"_blank\" rel=\"noopener noreferrer\" class=\"sob-specific-partner-social-link\">\n                <i class=\"fab fa-linkedin\"><\/i>\n                <span>LinkedIn<\/span>\n            <\/a>\n        <\/div>\n    <\/section>\n\n<\/div>\n","protected":false},"excerpt":{"rendered":"<p>Partenaire officiel de s\u00e9curit\u00e9 Boplan, fond\u00e9e en 1999 \u00e0 Wevelgem (Belgique), d\u00e9veloppe et produit des solutions&#8230; <span class=\"moreLink\"><a href=\"https:\/\/special-olympics.be\/fr\/partenaires\/boplan\/\">+<\/a><\/span><\/p>\n","protected":false},"author":8,"featured_media":0,"parent":6710,"menu_order":0,"comment_status":"closed","ping_status":"closed","template":"","meta":{"_acf_changed":false,"footnotes":""},"categories":[],"class_list":["post-7082","page","type-page","status-publish","hentry"],"acf":[],"yoast_head":"<!-- This site is optimized with the Yoast SEO plugin v27.5 - https:\/\/yoast.com\/product\/yoast-seo-wordpress\/ -->\n<title>Boplan - Special Olympics<\/title>\n<meta name=\"robots\" content=\"index, follow, max-snippet:-1, max-image-preview:large, max-video-preview:-1\" \/>\n<link rel=\"canonical\" href=\"https:\/\/special-olympics.be\/fr\/partenaires\/boplan\/\" \/>\n<meta property=\"og:locale\" content=\"fr_FR\" \/>\n<meta property=\"og:type\" content=\"article\" \/>\n<meta property=\"og:title\" content=\"Boplan - Special Olympics\" \/>\n<meta property=\"og:description\" content=\"Partenaire officiel de s\u00e9curit\u00e9 Boplan, fond\u00e9e en 1999 \u00e0 Wevelgem (Belgique), d\u00e9veloppe et produit des solutions... +\" \/>\n<meta property=\"og:url\" content=\"https:\/\/special-olympics.be\/fr\/partenaires\/boplan\/\" \/>\n<meta property=\"og:site_name\" content=\"Special Olympics\" \/>\n<meta property=\"article:modified_time\" content=\"2026-04-06T23:22:14+00:00\" \/>\n<meta property=\"og:image\" content=\"https:\/\/special-olympics.be\/wp-content\/uploads\/2025\/05\/Logo-Boplan.png\" \/>\n<meta name=\"twitter:card\" content=\"summary_large_image\" \/>\n<meta name=\"twitter:label1\" content=\"Dur\u00e9e de lecture estim\u00e9e\" \/>\n\t<meta name=\"twitter:data1\" content=\"2 minutes\" \/>\n<script type=\"application\/ld+json\" class=\"yoast-schema-graph\">{\"@context\":\"https:\\\/\\\/schema.org\",\"@graph\":[{\"@type\":\"WebPage\",\"@id\":\"https:\\\/\\\/special-olympics.be\\\/fr\\\/partenaires\\\/boplan\\\/\",\"url\":\"https:\\\/\\\/special-olympics.be\\\/fr\\\/partenaires\\\/boplan\\\/\",\"name\":\"Boplan - Special Olympics\",\"isPartOf\":{\"@id\":\"https:\\\/\\\/special-olympics.be\\\/fr\\\/#website\"},\"primaryImageOfPage\":{\"@id\":\"https:\\\/\\\/special-olympics.be\\\/fr\\\/partenaires\\\/boplan\\\/#primaryimage\"},\"image\":{\"@id\":\"https:\\\/\\\/special-olympics.be\\\/fr\\\/partenaires\\\/boplan\\\/#primaryimage\"},\"thumbnailUrl\":\"https:\\\/\\\/special-olympics.be\\\/wp-content\\\/uploads\\\/2025\\\/05\\\/Logo-Boplan.png\",\"datePublished\":\"2025-05-20T15:50:49+00:00\",\"dateModified\":\"2026-04-06T23:22:14+00:00\",\"breadcrumb\":{\"@id\":\"https:\\\/\\\/special-olympics.be\\\/fr\\\/partenaires\\\/boplan\\\/#breadcrumb\"},\"inLanguage\":\"fr-FR\",\"potentialAction\":[{\"@type\":\"ReadAction\",\"target\":[\"https:\\\/\\\/special-olympics.be\\\/fr\\\/partenaires\\\/boplan\\\/\"]}]},{\"@type\":\"ImageObject\",\"inLanguage\":\"fr-FR\",\"@id\":\"https:\\\/\\\/special-olympics.be\\\/fr\\\/partenaires\\\/boplan\\\/#primaryimage\",\"url\":\"https:\\\/\\\/special-olympics.be\\\/wp-content\\\/uploads\\\/2025\\\/05\\\/Logo-Boplan.png\",\"contentUrl\":\"https:\\\/\\\/special-olympics.be\\\/wp-content\\\/uploads\\\/2025\\\/05\\\/Logo-Boplan.png\"},{\"@type\":\"BreadcrumbList\",\"@id\":\"https:\\\/\\\/special-olympics.be\\\/fr\\\/partenaires\\\/boplan\\\/#breadcrumb\",\"itemListElement\":[{\"@type\":\"ListItem\",\"position\":1,\"name\":\"Accueil\",\"item\":\"https:\\\/\\\/special-olympics.be\\\/fr\\\/\"},{\"@type\":\"ListItem\",\"position\":2,\"name\":\"Partenaires\",\"item\":\"https:\\\/\\\/special-olympics.be\\\/fr\\\/partenaires\\\/\"},{\"@type\":\"ListItem\",\"position\":3,\"name\":\"Boplan\"}]},{\"@type\":\"WebSite\",\"@id\":\"https:\\\/\\\/special-olympics.be\\\/fr\\\/#website\",\"url\":\"https:\\\/\\\/special-olympics.be\\\/fr\\\/\",\"name\":\"Special Olympics\",\"description\":\"Special Olympics Belgium\",\"potentialAction\":[{\"@type\":\"SearchAction\",\"target\":{\"@type\":\"EntryPoint\",\"urlTemplate\":\"https:\\\/\\\/special-olympics.be\\\/fr\\\/?s={search_term_string}\"},\"query-input\":{\"@type\":\"PropertyValueSpecification\",\"valueRequired\":true,\"valueName\":\"search_term_string\"}}],\"inLanguage\":\"fr-FR\"}]}<\/script>\n<!-- \/ Yoast SEO plugin. -->","yoast_head_json":{"title":"Boplan - Special Olympics","robots":{"index":"index","follow":"follow","max-snippet":"max-snippet:-1","max-image-preview":"max-image-preview:large","max-video-preview":"max-video-preview:-1"},"canonical":"https:\/\/special-olympics.be\/fr\/partenaires\/boplan\/","og_locale":"fr_FR","og_type":"article","og_title":"Boplan - Special Olympics","og_description":"Partenaire officiel de s\u00e9curit\u00e9 Boplan, fond\u00e9e en 1999 \u00e0 Wevelgem (Belgique), d\u00e9veloppe et produit des solutions... +","og_url":"https:\/\/special-olympics.be\/fr\/partenaires\/boplan\/","og_site_name":"Special Olympics","article_modified_time":"2026-04-06T23:22:14+00:00","og_image":[{"url":"https:\/\/special-olympics.be\/wp-content\/uploads\/2025\/05\/Logo-Boplan.png","type":"","width":"","height":""}],"twitter_card":"summary_large_image","twitter_misc":{"Dur\u00e9e de lecture estim\u00e9e":"2 minutes"},"schema":{"@context":"https:\/\/schema.org","@graph":[{"@type":"WebPage","@id":"https:\/\/special-olympics.be\/fr\/partenaires\/boplan\/","url":"https:\/\/special-olympics.be\/fr\/partenaires\/boplan\/","name":"Boplan - Special Olympics","isPartOf":{"@id":"https:\/\/special-olympics.be\/fr\/#website"},"primaryImageOfPage":{"@id":"https:\/\/special-olympics.be\/fr\/partenaires\/boplan\/#primaryimage"},"image":{"@id":"https:\/\/special-olympics.be\/fr\/partenaires\/boplan\/#primaryimage"},"thumbnailUrl":"https:\/\/special-olympics.be\/wp-content\/uploads\/2025\/05\/Logo-Boplan.png","datePublished":"2025-05-20T15:50:49+00:00","dateModified":"2026-04-06T23:22:14+00:00","breadcrumb":{"@id":"https:\/\/special-olympics.be\/fr\/partenaires\/boplan\/#breadcrumb"},"inLanguage":"fr-FR","potentialAction":[{"@type":"ReadAction","target":["https:\/\/special-olympics.be\/fr\/partenaires\/boplan\/"]}]},{"@type":"ImageObject","inLanguage":"fr-FR","@id":"https:\/\/special-olympics.be\/fr\/partenaires\/boplan\/#primaryimage","url":"https:\/\/special-olympics.be\/wp-content\/uploads\/2025\/05\/Logo-Boplan.png","contentUrl":"https:\/\/special-olympics.be\/wp-content\/uploads\/2025\/05\/Logo-Boplan.png"},{"@type":"BreadcrumbList","@id":"https:\/\/special-olympics.be\/fr\/partenaires\/boplan\/#breadcrumb","itemListElement":[{"@type":"ListItem","position":1,"name":"Accueil","item":"https:\/\/special-olympics.be\/fr\/"},{"@type":"ListItem","position":2,"name":"Partenaires","item":"https:\/\/special-olympics.be\/fr\/partenaires\/"},{"@type":"ListItem","position":3,"name":"Boplan"}]},{"@type":"WebSite","@id":"https:\/\/special-olympics.be\/fr\/#website","url":"https:\/\/special-olympics.be\/fr\/","name":"Special Olympics","description":"Special Olympics Belgium","potentialAction":[{"@type":"SearchAction","target":{"@type":"EntryPoint","urlTemplate":"https:\/\/special-olympics.be\/fr\/?s={search_term_string}"},"query-input":{"@type":"PropertyValueSpecification","valueRequired":true,"valueName":"search_term_string"}}],"inLanguage":"fr-FR"}]}},"_links":{"self":[{"href":"https:\/\/special-olympics.be\/fr\/wp-json\/wp\/v2\/pages\/7082","targetHints":{"allow":["GET"]}}],"collection":[{"href":"https:\/\/special-olympics.be\/fr\/wp-json\/wp\/v2\/pages"}],"about":[{"href":"https:\/\/special-olympics.be\/fr\/wp-json\/wp\/v2\/types\/page"}],"author":[{"embeddable":true,"href":"https:\/\/special-olympics.be\/fr\/wp-json\/wp\/v2\/users\/8"}],"replies":[{"embeddable":true,"href":"https:\/\/special-olympics.be\/fr\/wp-json\/wp\/v2\/comments?post=7082"}],"version-history":[{"count":2,"href":"https:\/\/special-olympics.be\/fr\/wp-json\/wp\/v2\/pages\/7082\/revisions"}],"predecessor-version":[{"id":8298,"href":"https:\/\/special-olympics.be\/fr\/wp-json\/wp\/v2\/pages\/7082\/revisions\/8298"}],"up":[{"embeddable":true,"href":"https:\/\/special-olympics.be\/fr\/wp-json\/wp\/v2\/pages\/6710"}],"wp:attachment":[{"href":"https:\/\/special-olympics.be\/fr\/wp-json\/wp\/v2\/media?parent=7082"}],"wp:term":[{"taxonomy":"category","embeddable":true,"href":"https:\/\/special-olympics.be\/fr\/wp-json\/wp\/v2\/categories?post=7082"}],"curies":[{"name":"wp","href":"https:\/\/api.w.org\/{rel}","templated":true}]}}