{"id":6447,"date":"2025-03-10T13:49:04","date_gmt":"2025-03-10T12:49:04","guid":{"rendered":"https:\/\/special-olympics.be\/?page_id=6447"},"modified":"2025-03-10T16:19:24","modified_gmt":"2025-03-10T15:19:24","slug":"i-am-special","status":"publish","type":"page","link":"https:\/\/special-olympics.be\/fr\/i-am-special\/","title":{"rendered":"I am Special"},"content":{"rendered":"\n<figure class=\"wp-block-image size-large\"><img loading=\"lazy\" decoding=\"async\" width=\"1024\" height=\"350\" src=\"https:\/\/special-olympics.be\/wp-content\/uploads\/2025\/03\/I-am-special-cover-1024x350.jpg\" alt=\"\" class=\"wp-image-6457\" srcset=\"https:\/\/special-olympics.be\/wp-content\/uploads\/2025\/03\/I-am-special-cover-1024x350.jpg 1024w, https:\/\/special-olympics.be\/wp-content\/uploads\/2025\/03\/I-am-special-cover-300x103.jpg 300w, https:\/\/special-olympics.be\/wp-content\/uploads\/2025\/03\/I-am-special-cover-768x263.jpg 768w, https:\/\/special-olympics.be\/wp-content\/uploads\/2025\/03\/I-am-special-cover.jpg 1536w\" sizes=\"auto, (max-width: 1024px) 100vw, 1024px\" \/><\/figure>\n\n\n\n<h3 class=\"wp-block-heading\"><strong>Rejoignez la communaut\u00e9 \u00ab\u00a0I am Special\u00a0\u00bb !<\/strong><\/h3>\n\n\n\n<p>Chez <strong>Special Olympics Belgium<\/strong>, tout tourne autour de la solidarit\u00e9, du sport et de l\u2019inclusion. Avec <strong>\u00ab\u00a0I am Special\u00a0\u00bb<\/strong>, vous pouvez montrer votre engagement et contribuer \u00e0 une communaut\u00e9 encore plus forte.<\/p>\n\n\n\n<p><strong>Qu&rsquo;est-ce que \u00ab\u00a0I am Special\u00a0\u00bb ?<\/strong><\/p>\n\n\n\n<p><em>\u00ab\u00a0I am Special\u00a0\u00bb<\/em> est une communaut\u00e9 d&rsquo;athl\u00e8tes, de supporters et de sympathisants qui soutiennent <strong>Special Olympics Belgium<\/strong>. En devenant membre, vous montrez que vous partagez notre mission et que vous contribuez \u00e0 un monde du sport plus inclusif.<\/p>\n\n\n\n<p><strong>Comment devenir membre ?<\/strong><\/p>\n\n\n\n<p>L\u2019adh\u00e9sion est simple : avec une contribution de <strong>15 \u20ac par an<\/strong>, vous recevez :<br><br>\u2705 Une <strong>\u00e9pingle exclusive \u00ab\u00a0I am Special\u00a0\u00bb<\/strong> en signe d\u2019appartenance<br>\u2705 <strong>10 % de r\u00e9duction<\/strong> sur certains articles de la boutique Special Olympics Belgium<br>\u2705 L&rsquo;opportunit\u00e9 de renforcer encore davantage Special Olympics Belgium avec d&rsquo;autres membres<\/p>\n\n\n\n<p><strong>Participez et faites la diff\u00e9rence !<\/strong><\/p>\n\n\n\n<p>Tout le monde peut devenir membre : athl\u00e8tes, familles, amis, entra\u00eeneurs et supporters. Plus la communaut\u00e9 grandit, plus l\u2019impact est fort !<\/p>\n\n\n\n<p>\ud83d\udc49 <strong>Rejoignez-nous d\u00e8s aujourd\u2019hui !<\/strong><\/p>\n\n\n\n<p>Remplissez vos informations et effectuez un virement de <strong>15 \u20ac<\/strong> sur le compte <strong>BE44 0012 7232 4445<\/strong> avec la mention <em>\u00ab\u00a0Adh\u00e9sion I am Special 2025 + nom(s)\u00a0\u00bb<\/em>. D\u00e8s r\u00e9ception du paiement, vous serez officiellement membre pour un an.<\/p>\n\n\n\n<!DOCTYPE html>\n<html lang=\"fr\">\n<head>\n    <meta charset=\"UTF-8\">\n    <meta name=\"viewport\" content=\"width=device-width, initial-scale=1.0\">\n    <title>I am Special &#8211; Formulaire d&rsquo;inscription<\/title>\n    <style>\n        .custom-form-container {\n            font-family: Arial, sans-serif;\n            max-width: 600px;\n            margin: 0 auto;\n            padding: 20px;\n            font-size: 16px;\n        }\n\n        .custom-form-container label {\n            font-weight: bold;\n            display: block;\n            margin-bottom: 5px;\n            font-size: 16px;\n        }\n\n        .form-row {\n            display: flex;\n            gap: 10px;\n            margin-bottom: 15px;\n        }\n\n        .form-row div {\n            flex: 1;\n        }\n\n        .custom-form-container input {\n            width: 100%;\n            padding: 8px;\n            border: 1px solid #ccc;\n            border-radius: 5px;\n            font-size: 16px;\n            box-sizing: border-box;\n        }\n\n        .custom-submit-button {\n            width: 100%;\n            padding: 12px;\n            background: #e2001a;\n            color: white;\n            font-size: 18px;\n            border: none;\n            border-radius: 5px;\n            cursor: pointer;\n            text-align: center;\n            margin-top: 10px;\n        }\n\n        .custom-submit-button:hover {\n            background: #b30014;\n        }\n\n        .custom-privacy-label {\n            font-size: 14px;\n            display: flex;\n            align-items: center;\n            gap: 10px;\n            margin-top: 10px;\n        }\n\n        .custom-privacy-label input {\n            width: 16px;\n            height: 16px;\n        }\n\n        .custom-privacy-label a {\n            color: #e2001a;\n            text-decoration: none;\n        }\n\n        .custom-privacy-label a:hover {\n            text-decoration: underline;\n        }\n    <\/style>\n<\/head>\n<body>\n    <div class=\"custom-form-container\">\n        <form action=\"https:\/\/formspree.io\/f\/xpwpzqrq\" method=\"POST\">\n            <!-- Pr\u00e9nom et Nom -->\n            <div class=\"form-row\">\n                <div>\n                    <label for=\"prenom\">Pr\u00e9nom :<\/label>\n                    <input type=\"text\" id=\"prenom\" name=\"prenom\" required \n                        title=\"Entrez votre pr\u00e9nom.\"\n                        oninvalid=\"this.setCustomValidity('Entrez votre pr\u00e9nom.')\" \n                        oninput=\"this.setCustomValidity('')\">\n                <\/div>\n                <div>\n                    <label for=\"nom\">Nom :<\/label>\n                    <input type=\"text\" id=\"nom\" name=\"nom\" required \n                        title=\"Entrez votre nom de famille.\"\n                        oninvalid=\"this.setCustomValidity('Entrez votre nom de famille.')\" \n                        oninput=\"this.setCustomValidity('')\">\n                <\/div>\n            <\/div>\n\n            <!-- Rue et Num\u00e9ro -->\n            <div class=\"form-row\">\n                <div>\n                    <label for=\"rue\">Rue :<\/label>\n                    <input type=\"text\" id=\"rue\" name=\"rue\" required \n                        title=\"Entrez le nom de votre rue.\"\n                        oninvalid=\"this.setCustomValidity('Entrez le nom de votre rue.')\" \n                        oninput=\"this.setCustomValidity('')\">\n                <\/div>\n                <div>\n                    <label for=\"numero\">Num\u00e9ro :<\/label>\n                    <input type=\"text\" id=\"numero\" name=\"numero\" required \n                        title=\"Entrez votre num\u00e9ro de maison.\"\n                        oninvalid=\"this.setCustomValidity('Entrez votre num\u00e9ro de maison.')\" \n                        oninput=\"this.setCustomValidity('')\">\n                <\/div>\n            <\/div>\n\n            <!-- Code postal et Localit\u00e9 -->\n            <div class=\"form-row\">\n                <div>\n                    <label for=\"codepostal\">Code postal :<\/label>\n                    <input type=\"text\" id=\"codepostal\" name=\"codepostal\" required \n                        title=\"Entrez votre code postal.\"\n                        oninvalid=\"this.setCustomValidity('Entrez votre code postal.')\" \n                        oninput=\"this.setCustomValidity('')\">\n                <\/div>\n                <div>\n                    <label for=\"Localit\u00e9\">Localit\u00e9:<\/label>\n                    <input type=\"text\" id=\"Localit\u00e9\" name=\"Localit\u00e9\" required \n                        title=\"Entrez votre Localit\u00e9.\"\n                        oninvalid=\"this.setCustomValidity('Entrez votre Localit\u00e9.')\" \n                        oninput=\"this.setCustomValidity('')\">\n                <\/div>\n            <\/div>\n\n            <!-- Adresse e-mail -->\n            <label for=\"email\">Adresse e-mail :<\/label>\n            <input type=\"email\" id=\"email\" name=\"email\" required \n                title=\"Entrez une adresse e-mail valide.\"\n                oninvalid=\"this.setCustomValidity('Entrez une adresse e-mail valide.')\" \n                oninput=\"this.setCustomValidity('')\">\n\n            <!-- Politique de confidentialit\u00e9 -->\n            <label class=\"custom-privacy-label\">\n                <input type=\"checkbox\" id=\"privacyPolicy\" name=\"privacyPolicy\" required\n                    title=\"Vous devez accepter la politique de confidentialit\u00e9 pour continuer.\"\n                    oninvalid=\"this.setCustomValidity('Vous devez accepter la politique de confidentialit\u00e9 pour continuer.')\" \n                    oninput=\"this.setCustomValidity('')\">\n                J&rsquo;accepte la <a href=\"https:\/\/special-olympics.be\/fr\/privacy-policy\/\" target=\"_blank\">politique de confidentialit\u00e9<\/a> et j&rsquo;autorise l&rsquo;utilisation de mes donn\u00e9es.\n            <\/label>\n\n            <!-- Bouton de soumission -->\n            <button type=\"submit\" class=\"custom-submit-button\">Envoyer<\/button>\n        <\/form>\n    <\/div>\n<\/body>\n<\/html>\n\n\n\n<p class=\"has-text-align-center\">Tu es Special. Nous sommes Special. <strong>Ensemble, nous faisons la diff\u00e9rence !<\/strong><\/p>\n\n\n\n<div style=\"height:35px\" aria-hidden=\"true\" class=\"wp-block-spacer\"><\/div>\n\n\n<div class=\"wp-block-image\">\n<figure class=\"aligncenter size-full is-resized\"><img loading=\"lazy\" decoding=\"async\" width=\"250\" height=\"250\" src=\"https:\/\/special-olympics.be\/wp-content\/uploads\/2025\/03\/SOB-icon-heart.jpg\" alt=\"\" class=\"wp-image-6461\" style=\"width:82px;height:auto\" srcset=\"https:\/\/special-olympics.be\/wp-content\/uploads\/2025\/03\/SOB-icon-heart.jpg 250w, https:\/\/special-olympics.be\/wp-content\/uploads\/2025\/03\/SOB-icon-heart-150x150.jpg 150w\" sizes=\"auto, (max-width: 250px) 100vw, 250px\" \/><\/figure>\n<\/div>","protected":false},"excerpt":{"rendered":"<p>Rejoignez la communaut\u00e9 \u00ab\u00a0I am Special\u00a0\u00bb ! Chez Special Olympics Belgium, tout tourne autour de la&#8230; <span class=\"moreLink\"><a href=\"https:\/\/special-olympics.be\/fr\/i-am-special\/\">+<\/a><\/span><\/p>\n","protected":false},"author":8,"featured_media":0,"parent":0,"menu_order":0,"comment_status":"closed","ping_status":"closed","template":"","meta":{"_acf_changed":false,"footnotes":""},"categories":[],"class_list":["post-6447","page","type-page","status-publish","hentry"],"acf":[],"yoast_head":"<!-- This site is optimized with the Yoast SEO plugin v27.3 - https:\/\/yoast.com\/product\/yoast-seo-wordpress\/ -->\n<title>I am Special - Special Olympics<\/title>\n<meta name=\"robots\" content=\"index, follow, max-snippet:-1, max-image-preview:large, max-video-preview:-1\" \/>\n<link rel=\"canonical\" href=\"https:\/\/special-olympics.be\/fr\/i-am-special\/\" \/>\n<meta property=\"og:locale\" content=\"fr_FR\" \/>\n<meta property=\"og:type\" content=\"article\" \/>\n<meta property=\"og:title\" content=\"I am Special - Special Olympics\" \/>\n<meta property=\"og:description\" content=\"Rejoignez la communaut\u00e9 \u00ab\u00a0I am Special\u00a0\u00bb ! Chez Special Olympics Belgium, tout tourne autour de la... +\" \/>\n<meta property=\"og:url\" content=\"https:\/\/special-olympics.be\/fr\/i-am-special\/\" \/>\n<meta property=\"og:site_name\" content=\"Special Olympics\" \/>\n<meta property=\"article:modified_time\" content=\"2025-03-10T15:19:24+00:00\" \/>\n<meta property=\"og:image\" content=\"https:\/\/special-olympics.be\/wp-content\/uploads\/2025\/03\/I-am-special-cover.jpg\" \/>\n\t<meta property=\"og:image:width\" content=\"1536\" \/>\n\t<meta property=\"og:image:height\" content=\"525\" \/>\n\t<meta property=\"og:image:type\" content=\"image\/jpeg\" \/>\n<meta name=\"twitter:card\" content=\"summary_large_image\" \/>\n<meta name=\"twitter:label1\" content=\"Dur\u00e9e de lecture estim\u00e9e\" \/>\n\t<meta name=\"twitter:data1\" content=\"2 minutes\" \/>\n<script type=\"application\/ld+json\" class=\"yoast-schema-graph\">{\"@context\":\"https:\\\/\\\/schema.org\",\"@graph\":[{\"@type\":\"WebPage\",\"@id\":\"https:\\\/\\\/special-olympics.be\\\/fr\\\/i-am-special\\\/\",\"url\":\"https:\\\/\\\/special-olympics.be\\\/fr\\\/i-am-special\\\/\",\"name\":\"I am Special - Special Olympics\",\"isPartOf\":{\"@id\":\"https:\\\/\\\/special-olympics.be\\\/fr\\\/#website\"},\"primaryImageOfPage\":{\"@id\":\"https:\\\/\\\/special-olympics.be\\\/fr\\\/i-am-special\\\/#primaryimage\"},\"image\":{\"@id\":\"https:\\\/\\\/special-olympics.be\\\/fr\\\/i-am-special\\\/#primaryimage\"},\"thumbnailUrl\":\"https:\\\/\\\/special-olympics.be\\\/wp-content\\\/uploads\\\/2025\\\/03\\\/I-am-special-cover-1024x350.jpg\",\"datePublished\":\"2025-03-10T12:49:04+00:00\",\"dateModified\":\"2025-03-10T15:19:24+00:00\",\"breadcrumb\":{\"@id\":\"https:\\\/\\\/special-olympics.be\\\/fr\\\/i-am-special\\\/#breadcrumb\"},\"inLanguage\":\"fr-FR\",\"potentialAction\":[{\"@type\":\"ReadAction\",\"target\":[\"https:\\\/\\\/special-olympics.be\\\/fr\\\/i-am-special\\\/\"]}]},{\"@type\":\"ImageObject\",\"inLanguage\":\"fr-FR\",\"@id\":\"https:\\\/\\\/special-olympics.be\\\/fr\\\/i-am-special\\\/#primaryimage\",\"url\":\"https:\\\/\\\/special-olympics.be\\\/wp-content\\\/uploads\\\/2025\\\/03\\\/I-am-special-cover-1024x350.jpg\",\"contentUrl\":\"https:\\\/\\\/special-olympics.be\\\/wp-content\\\/uploads\\\/2025\\\/03\\\/I-am-special-cover-1024x350.jpg\"},{\"@type\":\"BreadcrumbList\",\"@id\":\"https:\\\/\\\/special-olympics.be\\\/fr\\\/i-am-special\\\/#breadcrumb\",\"itemListElement\":[{\"@type\":\"ListItem\",\"position\":1,\"name\":\"Accueil\",\"item\":\"https:\\\/\\\/special-olympics.be\\\/fr\\\/\"},{\"@type\":\"ListItem\",\"position\":2,\"name\":\"I am Special\"}]},{\"@type\":\"WebSite\",\"@id\":\"https:\\\/\\\/special-olympics.be\\\/fr\\\/#website\",\"url\":\"https:\\\/\\\/special-olympics.be\\\/fr\\\/\",\"name\":\"Special Olympics\",\"description\":\"Special Olympics Belgium\",\"potentialAction\":[{\"@type\":\"SearchAction\",\"target\":{\"@type\":\"EntryPoint\",\"urlTemplate\":\"https:\\\/\\\/special-olympics.be\\\/fr\\\/?s={search_term_string}\"},\"query-input\":{\"@type\":\"PropertyValueSpecification\",\"valueRequired\":true,\"valueName\":\"search_term_string\"}}],\"inLanguage\":\"fr-FR\"}]}<\/script>\n<!-- \/ Yoast SEO plugin. -->","yoast_head_json":{"title":"I am Special - Special Olympics","robots":{"index":"index","follow":"follow","max-snippet":"max-snippet:-1","max-image-preview":"max-image-preview:large","max-video-preview":"max-video-preview:-1"},"canonical":"https:\/\/special-olympics.be\/fr\/i-am-special\/","og_locale":"fr_FR","og_type":"article","og_title":"I am Special - Special Olympics","og_description":"Rejoignez la communaut\u00e9 \u00ab\u00a0I am Special\u00a0\u00bb ! Chez Special Olympics Belgium, tout tourne autour de la... +","og_url":"https:\/\/special-olympics.be\/fr\/i-am-special\/","og_site_name":"Special Olympics","article_modified_time":"2025-03-10T15:19:24+00:00","og_image":[{"width":1536,"height":525,"url":"https:\/\/special-olympics.be\/wp-content\/uploads\/2025\/03\/I-am-special-cover.jpg","type":"image\/jpeg"}],"twitter_card":"summary_large_image","twitter_misc":{"Dur\u00e9e de lecture estim\u00e9e":"2 minutes"},"schema":{"@context":"https:\/\/schema.org","@graph":[{"@type":"WebPage","@id":"https:\/\/special-olympics.be\/fr\/i-am-special\/","url":"https:\/\/special-olympics.be\/fr\/i-am-special\/","name":"I am Special - Special Olympics","isPartOf":{"@id":"https:\/\/special-olympics.be\/fr\/#website"},"primaryImageOfPage":{"@id":"https:\/\/special-olympics.be\/fr\/i-am-special\/#primaryimage"},"image":{"@id":"https:\/\/special-olympics.be\/fr\/i-am-special\/#primaryimage"},"thumbnailUrl":"https:\/\/special-olympics.be\/wp-content\/uploads\/2025\/03\/I-am-special-cover-1024x350.jpg","datePublished":"2025-03-10T12:49:04+00:00","dateModified":"2025-03-10T15:19:24+00:00","breadcrumb":{"@id":"https:\/\/special-olympics.be\/fr\/i-am-special\/#breadcrumb"},"inLanguage":"fr-FR","potentialAction":[{"@type":"ReadAction","target":["https:\/\/special-olympics.be\/fr\/i-am-special\/"]}]},{"@type":"ImageObject","inLanguage":"fr-FR","@id":"https:\/\/special-olympics.be\/fr\/i-am-special\/#primaryimage","url":"https:\/\/special-olympics.be\/wp-content\/uploads\/2025\/03\/I-am-special-cover-1024x350.jpg","contentUrl":"https:\/\/special-olympics.be\/wp-content\/uploads\/2025\/03\/I-am-special-cover-1024x350.jpg"},{"@type":"BreadcrumbList","@id":"https:\/\/special-olympics.be\/fr\/i-am-special\/#breadcrumb","itemListElement":[{"@type":"ListItem","position":1,"name":"Accueil","item":"https:\/\/special-olympics.be\/fr\/"},{"@type":"ListItem","position":2,"name":"I am Special"}]},{"@type":"WebSite","@id":"https:\/\/special-olympics.be\/fr\/#website","url":"https:\/\/special-olympics.be\/fr\/","name":"Special Olympics","description":"Special Olympics Belgium","potentialAction":[{"@type":"SearchAction","target":{"@type":"EntryPoint","urlTemplate":"https:\/\/special-olympics.be\/fr\/?s={search_term_string}"},"query-input":{"@type":"PropertyValueSpecification","valueRequired":true,"valueName":"search_term_string"}}],"inLanguage":"fr-FR"}]}},"_links":{"self":[{"href":"https:\/\/special-olympics.be\/fr\/wp-json\/wp\/v2\/pages\/6447","targetHints":{"allow":["GET"]}}],"collection":[{"href":"https:\/\/special-olympics.be\/fr\/wp-json\/wp\/v2\/pages"}],"about":[{"href":"https:\/\/special-olympics.be\/fr\/wp-json\/wp\/v2\/types\/page"}],"author":[{"embeddable":true,"href":"https:\/\/special-olympics.be\/fr\/wp-json\/wp\/v2\/users\/8"}],"replies":[{"embeddable":true,"href":"https:\/\/special-olympics.be\/fr\/wp-json\/wp\/v2\/comments?post=6447"}],"version-history":[{"count":8,"href":"https:\/\/special-olympics.be\/fr\/wp-json\/wp\/v2\/pages\/6447\/revisions"}],"predecessor-version":[{"id":6498,"href":"https:\/\/special-olympics.be\/fr\/wp-json\/wp\/v2\/pages\/6447\/revisions\/6498"}],"wp:attachment":[{"href":"https:\/\/special-olympics.be\/fr\/wp-json\/wp\/v2\/media?parent=6447"}],"wp:term":[{"taxonomy":"category","embeddable":true,"href":"https:\/\/special-olympics.be\/fr\/wp-json\/wp\/v2\/categories?post=6447"}],"curies":[{"name":"wp","href":"https:\/\/api.w.org\/{rel}","templated":true}]}}