{"id":6230,"date":"2025-01-22T18:00:13","date_gmt":"2025-01-22T17:00:13","guid":{"rendered":"https:\/\/special-olympics.be\/?page_id=6230"},"modified":"2025-01-27T17:13:23","modified_gmt":"2025-01-27T16:13:23","slug":"un-pourcent","status":"publish","type":"page","link":"https:\/\/special-olympics.be\/fr\/un-pourcent\/","title":{"rendered":"1 % fait la diff\u00e9rence"},"content":{"rendered":"<div class=\"wp-block-image\">\n<figure class=\"aligncenter size-full\"><img loading=\"lazy\" decoding=\"async\" width=\"1024\" height=\"350\" src=\"https:\/\/special-olympics.be\/wp-content\/uploads\/2025\/01\/SOB-Banner-1-FR.jpg\" alt=\"\" class=\"wp-image-6270\" srcset=\"https:\/\/special-olympics.be\/wp-content\/uploads\/2025\/01\/SOB-Banner-1-FR.jpg 1024w, https:\/\/special-olympics.be\/wp-content\/uploads\/2025\/01\/SOB-Banner-1-FR-300x103.jpg 300w, https:\/\/special-olympics.be\/wp-content\/uploads\/2025\/01\/SOB-Banner-1-FR-768x263.jpg 768w\" sizes=\"auto, (max-width: 1024px) 100vw, 1024px\" \/><\/figure>\n<\/div>\n\n\n<div style=\"height:10px\" aria-hidden=\"true\" class=\"wp-block-spacer\"><\/div>\n\n\n\n<div class=\"share-buttons\">\n    <!-- LinkedIn Share -->\n    <a \n        href=\"https:\/\/www.linkedin.com\/sharing\/share-offsite\/?url=https:\/\/special-olympics.be\/fr\/un-pour-cent\" \n        target=\"_blank\" \n        class=\"share-button linkedin\" \n        rel=\"noopener noreferrer\"\n    >\n        Partager sur LinkedIn\n    <\/a>\n\n    <!-- Facebook Share -->\n    <a \n        href=\"https:\/\/www.facebook.com\/sharer\/sharer.php?u=https:\/\/special-olympics.be\/fr\/un-pour-cent&#038;quote=Dans%20le%20sport%20de%20haut%20niveau,%20chaque%20pourcentage%20compte.%201%20pour%20cent%20fait%20la%20diff\u00e9rence%20entre%20gagner%20et%20perdre.%20Entre%20un%20temps%20record%20et%20une%20d\u00e9ception.%20Entre%20un%20titre%20mondial%20et%20une%20deuxi\u00e8me%20place.%20Et%20ce%20pourcentage%20peut%20aussi%20faire%20la%20diff\u00e9rence%20pour%20Special%20Olympics%20Belgium.%20Pour%20soutenir%20plus%20de%2020.000%20athl\u00e8tes%20ayant%20un%20handicap%20mental,%20nous%20avons%20besoin%20de%20vous.\"\n        target=\"_blank\" \n        class=\"share-button facebook\" \n        rel=\"noopener noreferrer\"\n    >\n        Partager sur Facebook\n    <\/a>\n\n    <!-- E-mail Share -->\n    <a \n        href=\"mailto:?subject=Soutenez%20la%20campagne%201%%20de%20Special%20Olympics&#038;body=Je%20vous%20invite%20\u00e0%20soutenir%20la%20campagne%201%%20de%20Special%20Olympics%20Belgium!%20Plus%20d'informations%20sur%20: https:\/\/special-olympics.be\/fr\/un-pour-cent\" \n        class=\"share-button email\"\n    >\n        Partager par e-mail\n    <\/a>\n<\/div>\n\n<style>\n    .share-buttons {\n        text-align: center;\n        margin-top: 20px;\n    }\n\n    .share-button {\n        display: inline-block;\n        margin: 10px;\n        padding: 10px 20px;\n        font-size: 16px;\n        color: white;\n        text-decoration: none;\n        border-radius: 5px;\n        transition: background-color 0.3s ease, color 0.3s ease;\n    }\n\n    .share-button.linkedin {\n        background-color: #0077B5;\n    }\n\n    .share-button.facebook {\n        background-color: #4267B2;\n    }\n\n    .share-button.email {\n        background-color: #D44638;\n    }\n\n    .share-button:hover {\n        background-color: #333; \/* Couleur d'arri\u00e8re-plan sombre au survol *\/\n        color: white; \/* Le texte reste blanc *\/\n    }\n<\/style>\n\n\n\n<div style=\"height:35px\" aria-hidden=\"true\" class=\"wp-block-spacer\"><\/div>\n\n\n\n<p>Dans le sport de haut niveau, chaque pourcentage compte. 1 % fait la diff\u00e9rence entre gagner et perdre. Entre un record personnel et une d\u00e9ception. Entre un titre mondial et une deuxi\u00e8me place. Entre tout ou rien. Et ce 1 % peut aussi faire la diff\u00e9rence pour Special Olympics Belgium. Car pour permettre \u00e0 plus de 20 000 athl\u00e8tes ayant un handicap mental de continuer \u00e0 faire du sport, des moyens sont n\u00e9cessaires.<\/p>\n\n\n\n<p>C&rsquo;est pourquoi nous appelons &#8211; avec des sportifs de renomm\u00e9e internationale comme Emma Meesseman et Thierry Neuville &#8211; les entreprises \u00e0 attribuer 1 % de leur sponsoring sportif \u00e0 Special Olympics Belgium. En d&rsquo;autres termes : 1 % pour le 1 %, car en Belgique, environ 1 \u00e0 3 % de la population vit avec un handicap mental.<\/p>\n\n\n\n<p>Pour ce 1 %, Special Olympics Belgium souhaite continuer \u00e0 promouvoir l&rsquo;inclusion par le sport.<\/p>\n\n\n\n<p>Et avec votre soutien, nous pouvons y parvenir, aujourd&rsquo;hui et dans l&rsquo;avenir.<\/p>\n\n\n\n<div style=\"height:30px\" aria-hidden=\"true\" class=\"wp-block-spacer\"><\/div>\n\n\n\n<!DOCTYPE html>\n<html lang=\"fr\">\n<head>\n    <title>Soutenez le 1%<\/title>\n    <style>\n        .custom-form-container {\n            font-family: Arial, sans-serif;\n            max-width: 600px;\n            margin: 0 auto;\n            text-align: center;\n            padding: 20px;\n        }\n\n        .custom-checkbox-label {\n            display: flex;\n            align-items: center;\n            justify-content: center;\n            font-weight: bold;\n            font-size: 22px;\n            color: #e2001a;\n            margin-bottom: 20px;\n        }\n\n        .custom-checkbox-label input[type=\"checkbox\"] {\n            width: 35px;\n            height: 35px;\n            margin-right: 10px;\n            accent-color: green;\n            outline: none;\n            box-shadow: none;\n        }\n\n        .custom-checkbox-label input[type=\"checkbox\"]:hover {\n            background-color: transparent;\n        }\n\n        .custom-form-container input[type=\"email\"] {\n            width: 100%;\n            padding: 10px;\n            margin-bottom: 20px;\n            border: 1px solid #ccc;\n            border-radius: 5px;\n            font-size: 16px;\n            box-sizing: border-box;\n        }\n\n        .custom-submit-button {\n            width: 200px;\n            padding: 10px;\n            background: #e2001a;\n            color: white;\n            font-family: Arial, sans-serif;\n            font-size: 16px;\n            border: none;\n            border-radius: 5px;\n            cursor: pointer;\n            text-align: center;\n            margin: 0 auto;\n            display: block;\n        }\n\n        .custom-submit-button:hover {\n            background: #b30014;\n        }\n\n        .custom-info-text {\n            margin: 15px 0;\n            font-size: 16px;\n            color: #333;\n            text-align: left;\n        }\n\n        .custom-privacy-label {\n            margin: 15px 0;\n            font-size: 14px;\n            text-align: left;\n        }\n\n        .custom-privacy-label a {\n            color: #e2001a;\n            text-decoration: none;\n        }\n\n        .custom-privacy-label a:hover {\n            text-decoration: underline;\n        }\n    <\/style>\n<\/head>\n<body>\n    <div class=\"custom-form-container\">\n        <form action=\"https:\/\/formspree.io\/f\/mzzdezyz\" method=\"POST\">\n            <label class=\"custom-checkbox-label\">\n                <input \n                    type=\"checkbox\" \n                    name=\"support_1_percent\" \n                    required \n                    title=\"Cochez cette case pour continuer.\" \n                    oninvalid=\"this.setCustomValidity('Vous devez cocher cette case pour continuer.')\" \n                    oninput=\"this.setCustomValidity('')\">\n                Oui, je soutiens le 1 %.\n            <\/label>\n            <input \n                type=\"email\" \n                name=\"email\" \n                placeholder=\"Entrez votre adresse e-mail\" \n                title=\"Entrez une adresse e-mail valide.\" \n                required \n                oninvalid=\"this.setCustomValidity('Veuillez entrer une adresse e-mail valide.')\" \n                oninput=\"this.setCustomValidity('')\"\n            >\n            <p class=\"custom-info-text\">\n                Remplissez les coordonn\u00e9es de votre entreprise afin que nous puissions organiser un rendez-vous pour faire la diff\u00e9rence gr\u00e2ce au sponsoring sportif.\n            <\/p>\n            <label for=\"privacyPolicy\" class=\"custom-privacy-label\">\n                <input \n                    type=\"checkbox\" \n                    id=\"privacyPolicy\" \n                    name=\"privacyPolicy\" \n                    required \n                    title=\"Cochez cette case pour accepter la d\u00e9claration de confidentialit\u00e9.\" \n                    oninvalid=\"this.setCustomValidity('Vous devez accepter la d\u00e9claration de confidentialit\u00e9 pour continuer.')\" \n                    oninput=\"this.setCustomValidity('')\">\n                J&rsquo;accepte la <a href=\"https:\/\/special-olympics.be\/fr\/privacy-policy\/\" target=\"_blank\">d\u00e9claration de confidentialit\u00e9<\/a> et j&rsquo;autorise l&rsquo;utilisation de mon adresse e-mail pour \u00eatre contact\u00e9.\n            <\/label>\n            <button type=\"submit\" class=\"custom-submit-button\">Envoyer<\/button>\n        <\/form>\n    <\/div>\n<\/body>\n<\/html>\n\n\n\n<div style=\"height:30px\" aria-hidden=\"true\" class=\"wp-block-spacer\"><\/div>\n\n\n\n<p>Vous ne faites pas de sponsoring sportif, mais vous souhaitez tout de m\u00eame aider nos athl\u00e8tes \u00e0 continuer \u00e0 faire du sport ? Soutenez-nous avec un don sur le compte BE44 0012 7232 4445 ou d\u00e9couvrez ici : <a href=\"https:\/\/special-olympics.be\/fr\/don\">https:\/\/special-olympics.be\/fr\/don<\/a> comment vous pouvez contribuer facilement.<\/p>\n","protected":false},"excerpt":{"rendered":"<p>Partager sur LinkedIn Partager sur Facebook Partager par e-mail Dans le sport de haut niveau, chaque&#8230; <span class=\"moreLink\"><a href=\"https:\/\/special-olympics.be\/fr\/un-pourcent\/\">+<\/a><\/span><\/p>\n","protected":false},"author":8,"featured_media":6327,"parent":0,"menu_order":0,"comment_status":"closed","ping_status":"closed","template":"","meta":{"_acf_changed":false,"footnotes":""},"categories":[],"class_list":["post-6230","page","type-page","status-publish","has-post-thumbnail","hentry"],"acf":[],"yoast_head":"<!-- This site is optimized with the Yoast SEO plugin v27.3 - https:\/\/yoast.com\/product\/yoast-seo-wordpress\/ -->\n<title>1 % fait la diff\u00e9rence - Special Olympics<\/title>\n<meta name=\"robots\" content=\"index, follow, max-snippet:-1, max-image-preview:large, max-video-preview:-1\" \/>\n<link rel=\"canonical\" href=\"https:\/\/special-olympics.be\/fr\/un-pourcent\/\" \/>\n<meta property=\"og:locale\" content=\"fr_FR\" \/>\n<meta property=\"og:type\" content=\"article\" \/>\n<meta property=\"og:title\" content=\"1 % fait la diff\u00e9rence - Special Olympics\" \/>\n<meta property=\"og:description\" content=\"Partager sur LinkedIn Partager sur Facebook Partager par e-mail Dans le sport de haut niveau, chaque... +\" \/>\n<meta property=\"og:url\" content=\"https:\/\/special-olympics.be\/fr\/un-pourcent\/\" \/>\n<meta property=\"og:site_name\" content=\"Special Olympics\" \/>\n<meta property=\"article:modified_time\" content=\"2025-01-27T16:13:23+00:00\" \/>\n<meta property=\"og:image\" content=\"https:\/\/special-olympics.be\/wp-content\/uploads\/2025\/01\/Banner-Website-1200x630-FR.jpg\" \/>\n\t<meta property=\"og:image:width\" content=\"1200\" \/>\n\t<meta property=\"og:image:height\" content=\"630\" \/>\n\t<meta property=\"og:image:type\" content=\"image\/jpeg\" \/>\n<meta name=\"twitter:card\" content=\"summary_large_image\" \/>\n<meta name=\"twitter:label1\" content=\"Dur\u00e9e de lecture estim\u00e9e\" \/>\n\t<meta name=\"twitter:data1\" content=\"2 minutes\" \/>\n<script type=\"application\/ld+json\" class=\"yoast-schema-graph\">{\"@context\":\"https:\\\/\\\/schema.org\",\"@graph\":[{\"@type\":\"WebPage\",\"@id\":\"https:\\\/\\\/special-olympics.be\\\/fr\\\/un-pourcent\\\/\",\"url\":\"https:\\\/\\\/special-olympics.be\\\/fr\\\/un-pourcent\\\/\",\"name\":\"1 % fait la diff\u00e9rence - Special Olympics\",\"isPartOf\":{\"@id\":\"https:\\\/\\\/special-olympics.be\\\/fr\\\/#website\"},\"primaryImageOfPage\":{\"@id\":\"https:\\\/\\\/special-olympics.be\\\/fr\\\/un-pourcent\\\/#primaryimage\"},\"image\":{\"@id\":\"https:\\\/\\\/special-olympics.be\\\/fr\\\/un-pourcent\\\/#primaryimage\"},\"thumbnailUrl\":\"https:\\\/\\\/special-olympics.be\\\/wp-content\\\/uploads\\\/2025\\\/01\\\/Banner-Website-1200x630-FR.jpg\",\"datePublished\":\"2025-01-22T17:00:13+00:00\",\"dateModified\":\"2025-01-27T16:13:23+00:00\",\"breadcrumb\":{\"@id\":\"https:\\\/\\\/special-olympics.be\\\/fr\\\/un-pourcent\\\/#breadcrumb\"},\"inLanguage\":\"fr-FR\",\"potentialAction\":[{\"@type\":\"ReadAction\",\"target\":[\"https:\\\/\\\/special-olympics.be\\\/fr\\\/un-pourcent\\\/\"]}]},{\"@type\":\"ImageObject\",\"inLanguage\":\"fr-FR\",\"@id\":\"https:\\\/\\\/special-olympics.be\\\/fr\\\/un-pourcent\\\/#primaryimage\",\"url\":\"https:\\\/\\\/special-olympics.be\\\/wp-content\\\/uploads\\\/2025\\\/01\\\/Banner-Website-1200x630-FR.jpg\",\"contentUrl\":\"https:\\\/\\\/special-olympics.be\\\/wp-content\\\/uploads\\\/2025\\\/01\\\/Banner-Website-1200x630-FR.jpg\",\"width\":1200,\"height\":630},{\"@type\":\"BreadcrumbList\",\"@id\":\"https:\\\/\\\/special-olympics.be\\\/fr\\\/un-pourcent\\\/#breadcrumb\",\"itemListElement\":[{\"@type\":\"ListItem\",\"position\":1,\"name\":\"Accueil\",\"item\":\"https:\\\/\\\/special-olympics.be\\\/fr\\\/\"},{\"@type\":\"ListItem\",\"position\":2,\"name\":\"1 % fait la diff\u00e9rence\"}]},{\"@type\":\"WebSite\",\"@id\":\"https:\\\/\\\/special-olympics.be\\\/fr\\\/#website\",\"url\":\"https:\\\/\\\/special-olympics.be\\\/fr\\\/\",\"name\":\"Special Olympics\",\"description\":\"Special Olympics Belgium\",\"potentialAction\":[{\"@type\":\"SearchAction\",\"target\":{\"@type\":\"EntryPoint\",\"urlTemplate\":\"https:\\\/\\\/special-olympics.be\\\/fr\\\/?s={search_term_string}\"},\"query-input\":{\"@type\":\"PropertyValueSpecification\",\"valueRequired\":true,\"valueName\":\"search_term_string\"}}],\"inLanguage\":\"fr-FR\"}]}<\/script>\n<!-- \/ Yoast SEO plugin. -->","yoast_head_json":{"title":"1 % fait la diff\u00e9rence - Special Olympics","robots":{"index":"index","follow":"follow","max-snippet":"max-snippet:-1","max-image-preview":"max-image-preview:large","max-video-preview":"max-video-preview:-1"},"canonical":"https:\/\/special-olympics.be\/fr\/un-pourcent\/","og_locale":"fr_FR","og_type":"article","og_title":"1 % fait la diff\u00e9rence - Special Olympics","og_description":"Partager sur LinkedIn Partager sur Facebook Partager par e-mail Dans le sport de haut niveau, chaque... +","og_url":"https:\/\/special-olympics.be\/fr\/un-pourcent\/","og_site_name":"Special Olympics","article_modified_time":"2025-01-27T16:13:23+00:00","og_image":[{"width":1200,"height":630,"url":"https:\/\/special-olympics.be\/wp-content\/uploads\/2025\/01\/Banner-Website-1200x630-FR.jpg","type":"image\/jpeg"}],"twitter_card":"summary_large_image","twitter_misc":{"Dur\u00e9e de lecture estim\u00e9e":"2 minutes"},"schema":{"@context":"https:\/\/schema.org","@graph":[{"@type":"WebPage","@id":"https:\/\/special-olympics.be\/fr\/un-pourcent\/","url":"https:\/\/special-olympics.be\/fr\/un-pourcent\/","name":"1 % fait la diff\u00e9rence - Special Olympics","isPartOf":{"@id":"https:\/\/special-olympics.be\/fr\/#website"},"primaryImageOfPage":{"@id":"https:\/\/special-olympics.be\/fr\/un-pourcent\/#primaryimage"},"image":{"@id":"https:\/\/special-olympics.be\/fr\/un-pourcent\/#primaryimage"},"thumbnailUrl":"https:\/\/special-olympics.be\/wp-content\/uploads\/2025\/01\/Banner-Website-1200x630-FR.jpg","datePublished":"2025-01-22T17:00:13+00:00","dateModified":"2025-01-27T16:13:23+00:00","breadcrumb":{"@id":"https:\/\/special-olympics.be\/fr\/un-pourcent\/#breadcrumb"},"inLanguage":"fr-FR","potentialAction":[{"@type":"ReadAction","target":["https:\/\/special-olympics.be\/fr\/un-pourcent\/"]}]},{"@type":"ImageObject","inLanguage":"fr-FR","@id":"https:\/\/special-olympics.be\/fr\/un-pourcent\/#primaryimage","url":"https:\/\/special-olympics.be\/wp-content\/uploads\/2025\/01\/Banner-Website-1200x630-FR.jpg","contentUrl":"https:\/\/special-olympics.be\/wp-content\/uploads\/2025\/01\/Banner-Website-1200x630-FR.jpg","width":1200,"height":630},{"@type":"BreadcrumbList","@id":"https:\/\/special-olympics.be\/fr\/un-pourcent\/#breadcrumb","itemListElement":[{"@type":"ListItem","position":1,"name":"Accueil","item":"https:\/\/special-olympics.be\/fr\/"},{"@type":"ListItem","position":2,"name":"1 % fait la diff\u00e9rence"}]},{"@type":"WebSite","@id":"https:\/\/special-olympics.be\/fr\/#website","url":"https:\/\/special-olympics.be\/fr\/","name":"Special Olympics","description":"Special Olympics Belgium","potentialAction":[{"@type":"SearchAction","target":{"@type":"EntryPoint","urlTemplate":"https:\/\/special-olympics.be\/fr\/?s={search_term_string}"},"query-input":{"@type":"PropertyValueSpecification","valueRequired":true,"valueName":"search_term_string"}}],"inLanguage":"fr-FR"}]}},"_links":{"self":[{"href":"https:\/\/special-olympics.be\/fr\/wp-json\/wp\/v2\/pages\/6230","targetHints":{"allow":["GET"]}}],"collection":[{"href":"https:\/\/special-olympics.be\/fr\/wp-json\/wp\/v2\/pages"}],"about":[{"href":"https:\/\/special-olympics.be\/fr\/wp-json\/wp\/v2\/types\/page"}],"author":[{"embeddable":true,"href":"https:\/\/special-olympics.be\/fr\/wp-json\/wp\/v2\/users\/8"}],"replies":[{"embeddable":true,"href":"https:\/\/special-olympics.be\/fr\/wp-json\/wp\/v2\/comments?post=6230"}],"version-history":[{"count":7,"href":"https:\/\/special-olympics.be\/fr\/wp-json\/wp\/v2\/pages\/6230\/revisions"}],"predecessor-version":[{"id":6300,"href":"https:\/\/special-olympics.be\/fr\/wp-json\/wp\/v2\/pages\/6230\/revisions\/6300"}],"wp:featuredmedia":[{"embeddable":true,"href":"https:\/\/special-olympics.be\/fr\/wp-json\/wp\/v2\/media\/6327"}],"wp:attachment":[{"href":"https:\/\/special-olympics.be\/fr\/wp-json\/wp\/v2\/media?parent=6230"}],"wp:term":[{"taxonomy":"category","embeddable":true,"href":"https:\/\/special-olympics.be\/fr\/wp-json\/wp\/v2\/categories?post=6230"}],"curies":[{"name":"wp","href":"https:\/\/api.w.org\/{rel}","templated":true}]}}