{"id":5449,"date":"2024-06-11T14:31:55","date_gmt":"2024-06-11T12:31:55","guid":{"rendered":"https:\/\/special-olympics.be\/?page_id=5449"},"modified":"2024-06-11T15:08:04","modified_gmt":"2024-06-11T13:08:04","slug":"sponsor-summit-courtrai-2025","status":"publish","type":"page","link":"https:\/\/special-olympics.be\/fr\/sponsor-summit-courtrai-2025\/","title":{"rendered":"Sponsor Summit Courtrai 2025"},"content":{"rendered":"\n<figure class=\"wp-block-gallery has-nested-images columns-default is-cropped wp-block-gallery-1 is-layout-flex wp-block-gallery-is-layout-flex\">\n<figure class=\"wp-block-image size-large\"><img loading=\"lazy\" decoding=\"async\" width=\"1024\" height=\"576\" data-id=\"5455\" src=\"https:\/\/special-olympics.be\/wp-content\/uploads\/2024\/06\/Visual-SS-24-06-1024x576.jpg\" alt=\"\" class=\"wp-image-5455\" srcset=\"https:\/\/special-olympics.be\/wp-content\/uploads\/2024\/06\/Visual-SS-24-06-1024x576.jpg 1024w, https:\/\/special-olympics.be\/wp-content\/uploads\/2024\/06\/Visual-SS-24-06-300x169.jpg 300w, https:\/\/special-olympics.be\/wp-content\/uploads\/2024\/06\/Visual-SS-24-06-768x432.jpg 768w, https:\/\/special-olympics.be\/wp-content\/uploads\/2024\/06\/Visual-SS-24-06-1536x864.jpg 1536w, https:\/\/special-olympics.be\/wp-content\/uploads\/2024\/06\/Visual-SS-24-06.jpg 1600w\" sizes=\"auto, (max-width: 1024px) 100vw, 1024px\" \/><\/figure>\n<\/figure>\n\n\n\n<h2 class=\"wp-block-heading\">Sponsor Summit Courtrai le 24 juin<\/h2>\n\n\n\n<p>Le lundi 24 juin, notre Sponsor Summit aura lieu \u00e0 Courtrai. Cet \u00e9v\u00e9nement pour partenaires d\u00e9butera \u00e0 18h et se d\u00e9roulera chez Barco Kortrijk, Beneluxpark 21.<\/p>\n\n\n\n<p>Au cours de cet \u00e9v\u00e9nement, vous pourrez participer \u00e0 une partie de tennis de table contre les athl\u00e8tes de Special Olympics Belgium. La soir\u00e9e sera inaugur\u00e9e par Wouter Allijns, l&rsquo;\u00c9chevin des Sports de la ville de Kortrijk, suivi d&rsquo;une pr\u00e9sentation de Special Olympics Belgium par Dominique Dehaene.<\/p>\n\n\n\n<p>Ensuite, des interviews inspirantes d&rsquo;athl\u00e8tes et le fid\u00e8le partenaire de la r\u00e9gion, Vanheede Environement, viendront expliquer leur partenariat.<\/p>\n\n\n\n<p>La soir\u00e9e se terminera par une r\u00e9trospective des Jeux Nationaux 2024 et une r\u00e9ception.<\/p>\n\n\n\n<p>Vous souhaitez participer ? Inscrivez-vous avant le 21 juin<\/p>\n\n\n\n<a class=\"contentCTA\" href=\"http:\/\/www.kortrijk.be\/formulieren\/sponsorevenement-special-olympics\"><i style=\"display:none;\"><\/i> Inscriptions Sponsor Summit 2025<\/a>\n\n\n\n\n<p><\/p>\n","protected":false},"excerpt":{"rendered":"<p>Sponsor Summit Courtrai le 24 juin Le lundi 24 juin, notre Sponsor Summit aura lieu \u00e0&#8230; <span class=\"moreLink\"><a href=\"https:\/\/special-olympics.be\/fr\/sponsor-summit-courtrai-2025\/\">+<\/a><\/span><\/p>\n","protected":false},"author":2,"featured_media":4827,"parent":0,"menu_order":0,"comment_status":"closed","ping_status":"closed","template":"","meta":{"_acf_changed":false,"footnotes":""},"categories":[7],"class_list":["post-5449","page","type-page","status-publish","has-post-thumbnail","hentry","category-news"],"acf":[],"yoast_head":"<!-- This site is optimized with the Yoast SEO plugin v27.4 - https:\/\/yoast.com\/product\/yoast-seo-wordpress\/ -->\n<title>Sponsor Summit Courtrai 2025 - Special Olympics<\/title>\n<meta name=\"robots\" content=\"index, follow, max-snippet:-1, max-image-preview:large, max-video-preview:-1\" \/>\n<link rel=\"canonical\" href=\"https:\/\/special-olympics.be\/fr\/sponsor-summit-courtrai-2025\/\" \/>\n<meta property=\"og:locale\" content=\"fr_FR\" \/>\n<meta property=\"og:type\" content=\"article\" \/>\n<meta property=\"og:title\" content=\"Sponsor Summit Courtrai 2025 - Special Olympics\" \/>\n<meta property=\"og:description\" content=\"Sponsor Summit Courtrai le 24 juin Le lundi 24 juin, notre Sponsor Summit aura lieu \u00e0... +\" \/>\n<meta property=\"og:url\" content=\"https:\/\/special-olympics.be\/fr\/sponsor-summit-courtrai-2025\/\" \/>\n<meta property=\"og:site_name\" content=\"Special Olympics\" \/>\n<meta property=\"article:modified_time\" content=\"2024-06-11T13:08:04+00:00\" \/>\n<meta property=\"og:image\" content=\"https:\/\/special-olympics.be\/wp-content\/uploads\/2024\/01\/open_CarelsPhotography-2022034.jpg\" \/>\n\t<meta property=\"og:image:width\" content=\"1600\" \/>\n\t<meta property=\"og:image:height\" content=\"1065\" \/>\n\t<meta property=\"og:image:type\" content=\"image\/jpeg\" \/>\n<meta name=\"twitter:card\" content=\"summary_large_image\" \/>\n<meta name=\"twitter:label1\" content=\"Dur\u00e9e de lecture estim\u00e9e\" \/>\n\t<meta name=\"twitter:data1\" content=\"1 minute\" \/>\n<script type=\"application\/ld+json\" class=\"yoast-schema-graph\">{\"@context\":\"https:\\\/\\\/schema.org\",\"@graph\":[{\"@type\":\"WebPage\",\"@id\":\"https:\\\/\\\/special-olympics.be\\\/fr\\\/sponsor-summit-courtrai-2025\\\/\",\"url\":\"https:\\\/\\\/special-olympics.be\\\/fr\\\/sponsor-summit-courtrai-2025\\\/\",\"name\":\"Sponsor Summit Courtrai 2025 - Special Olympics\",\"isPartOf\":{\"@id\":\"https:\\\/\\\/special-olympics.be\\\/fr\\\/#website\"},\"primaryImageOfPage\":{\"@id\":\"https:\\\/\\\/special-olympics.be\\\/fr\\\/sponsor-summit-courtrai-2025\\\/#primaryimage\"},\"image\":{\"@id\":\"https:\\\/\\\/special-olympics.be\\\/fr\\\/sponsor-summit-courtrai-2025\\\/#primaryimage\"},\"thumbnailUrl\":\"https:\\\/\\\/special-olympics.be\\\/wp-content\\\/uploads\\\/2024\\\/01\\\/open_CarelsPhotography-2022034.jpg\",\"datePublished\":\"2024-06-11T12:31:55+00:00\",\"dateModified\":\"2024-06-11T13:08:04+00:00\",\"breadcrumb\":{\"@id\":\"https:\\\/\\\/special-olympics.be\\\/fr\\\/sponsor-summit-courtrai-2025\\\/#breadcrumb\"},\"inLanguage\":\"fr-FR\",\"potentialAction\":[{\"@type\":\"ReadAction\",\"target\":[\"https:\\\/\\\/special-olympics.be\\\/fr\\\/sponsor-summit-courtrai-2025\\\/\"]}]},{\"@type\":\"ImageObject\",\"inLanguage\":\"fr-FR\",\"@id\":\"https:\\\/\\\/special-olympics.be\\\/fr\\\/sponsor-summit-courtrai-2025\\\/#primaryimage\",\"url\":\"https:\\\/\\\/special-olympics.be\\\/wp-content\\\/uploads\\\/2024\\\/01\\\/open_CarelsPhotography-2022034.jpg\",\"contentUrl\":\"https:\\\/\\\/special-olympics.be\\\/wp-content\\\/uploads\\\/2024\\\/01\\\/open_CarelsPhotography-2022034.jpg\",\"width\":1600,\"height\":1065},{\"@type\":\"BreadcrumbList\",\"@id\":\"https:\\\/\\\/special-olympics.be\\\/fr\\\/sponsor-summit-courtrai-2025\\\/#breadcrumb\",\"itemListElement\":[{\"@type\":\"ListItem\",\"position\":1,\"name\":\"Accueil\",\"item\":\"https:\\\/\\\/special-olympics.be\\\/fr\\\/\"},{\"@type\":\"ListItem\",\"position\":2,\"name\":\"Sponsor Summit Courtrai 2025\"}]},{\"@type\":\"WebSite\",\"@id\":\"https:\\\/\\\/special-olympics.be\\\/fr\\\/#website\",\"url\":\"https:\\\/\\\/special-olympics.be\\\/fr\\\/\",\"name\":\"Special Olympics\",\"description\":\"Special Olympics Belgium\",\"potentialAction\":[{\"@type\":\"SearchAction\",\"target\":{\"@type\":\"EntryPoint\",\"urlTemplate\":\"https:\\\/\\\/special-olympics.be\\\/fr\\\/?s={search_term_string}\"},\"query-input\":{\"@type\":\"PropertyValueSpecification\",\"valueRequired\":true,\"valueName\":\"search_term_string\"}}],\"inLanguage\":\"fr-FR\"}]}<\/script>\n<!-- \/ Yoast SEO plugin. -->","yoast_head_json":{"title":"Sponsor Summit Courtrai 2025 - Special Olympics","robots":{"index":"index","follow":"follow","max-snippet":"max-snippet:-1","max-image-preview":"max-image-preview:large","max-video-preview":"max-video-preview:-1"},"canonical":"https:\/\/special-olympics.be\/fr\/sponsor-summit-courtrai-2025\/","og_locale":"fr_FR","og_type":"article","og_title":"Sponsor Summit Courtrai 2025 - Special Olympics","og_description":"Sponsor Summit Courtrai le 24 juin Le lundi 24 juin, notre Sponsor Summit aura lieu \u00e0... +","og_url":"https:\/\/special-olympics.be\/fr\/sponsor-summit-courtrai-2025\/","og_site_name":"Special Olympics","article_modified_time":"2024-06-11T13:08:04+00:00","og_image":[{"width":1600,"height":1065,"url":"https:\/\/special-olympics.be\/wp-content\/uploads\/2024\/01\/open_CarelsPhotography-2022034.jpg","type":"image\/jpeg"}],"twitter_card":"summary_large_image","twitter_misc":{"Dur\u00e9e de lecture estim\u00e9e":"1 minute"},"schema":{"@context":"https:\/\/schema.org","@graph":[{"@type":"WebPage","@id":"https:\/\/special-olympics.be\/fr\/sponsor-summit-courtrai-2025\/","url":"https:\/\/special-olympics.be\/fr\/sponsor-summit-courtrai-2025\/","name":"Sponsor Summit Courtrai 2025 - Special Olympics","isPartOf":{"@id":"https:\/\/special-olympics.be\/fr\/#website"},"primaryImageOfPage":{"@id":"https:\/\/special-olympics.be\/fr\/sponsor-summit-courtrai-2025\/#primaryimage"},"image":{"@id":"https:\/\/special-olympics.be\/fr\/sponsor-summit-courtrai-2025\/#primaryimage"},"thumbnailUrl":"https:\/\/special-olympics.be\/wp-content\/uploads\/2024\/01\/open_CarelsPhotography-2022034.jpg","datePublished":"2024-06-11T12:31:55+00:00","dateModified":"2024-06-11T13:08:04+00:00","breadcrumb":{"@id":"https:\/\/special-olympics.be\/fr\/sponsor-summit-courtrai-2025\/#breadcrumb"},"inLanguage":"fr-FR","potentialAction":[{"@type":"ReadAction","target":["https:\/\/special-olympics.be\/fr\/sponsor-summit-courtrai-2025\/"]}]},{"@type":"ImageObject","inLanguage":"fr-FR","@id":"https:\/\/special-olympics.be\/fr\/sponsor-summit-courtrai-2025\/#primaryimage","url":"https:\/\/special-olympics.be\/wp-content\/uploads\/2024\/01\/open_CarelsPhotography-2022034.jpg","contentUrl":"https:\/\/special-olympics.be\/wp-content\/uploads\/2024\/01\/open_CarelsPhotography-2022034.jpg","width":1600,"height":1065},{"@type":"BreadcrumbList","@id":"https:\/\/special-olympics.be\/fr\/sponsor-summit-courtrai-2025\/#breadcrumb","itemListElement":[{"@type":"ListItem","position":1,"name":"Accueil","item":"https:\/\/special-olympics.be\/fr\/"},{"@type":"ListItem","position":2,"name":"Sponsor Summit Courtrai 2025"}]},{"@type":"WebSite","@id":"https:\/\/special-olympics.be\/fr\/#website","url":"https:\/\/special-olympics.be\/fr\/","name":"Special Olympics","description":"Special Olympics Belgium","potentialAction":[{"@type":"SearchAction","target":{"@type":"EntryPoint","urlTemplate":"https:\/\/special-olympics.be\/fr\/?s={search_term_string}"},"query-input":{"@type":"PropertyValueSpecification","valueRequired":true,"valueName":"search_term_string"}}],"inLanguage":"fr-FR"}]}},"_links":{"self":[{"href":"https:\/\/special-olympics.be\/fr\/wp-json\/wp\/v2\/pages\/5449","targetHints":{"allow":["GET"]}}],"collection":[{"href":"https:\/\/special-olympics.be\/fr\/wp-json\/wp\/v2\/pages"}],"about":[{"href":"https:\/\/special-olympics.be\/fr\/wp-json\/wp\/v2\/types\/page"}],"author":[{"embeddable":true,"href":"https:\/\/special-olympics.be\/fr\/wp-json\/wp\/v2\/users\/2"}],"replies":[{"embeddable":true,"href":"https:\/\/special-olympics.be\/fr\/wp-json\/wp\/v2\/comments?post=5449"}],"version-history":[{"count":4,"href":"https:\/\/special-olympics.be\/fr\/wp-json\/wp\/v2\/pages\/5449\/revisions"}],"predecessor-version":[{"id":5457,"href":"https:\/\/special-olympics.be\/fr\/wp-json\/wp\/v2\/pages\/5449\/revisions\/5457"}],"wp:featuredmedia":[{"embeddable":true,"href":"https:\/\/special-olympics.be\/fr\/wp-json\/wp\/v2\/media\/4827"}],"wp:attachment":[{"href":"https:\/\/special-olympics.be\/fr\/wp-json\/wp\/v2\/media?parent=5449"}],"wp:term":[{"taxonomy":"category","embeddable":true,"href":"https:\/\/special-olympics.be\/fr\/wp-json\/wp\/v2\/categories?post=5449"}],"curies":[{"name":"wp","href":"https:\/\/api.w.org\/{rel}","templated":true}]}}