{"id":5097,"date":"2024-04-26T11:30:18","date_gmt":"2024-04-26T09:30:18","guid":{"rendered":"https:\/\/special-olympics.be\/?page_id=5097"},"modified":"2024-07-25T19:00:55","modified_gmt":"2024-07-25T17:00:55","slug":"safeguarding","status":"publish","type":"page","link":"https:\/\/special-olympics.be\/fr\/safeguarding\/","title":{"rendered":"Safeguarding"},"content":{"rendered":"\n<div style=\"height:10px\" aria-hidden=\"true\" class=\"wp-block-spacer\"><\/div>\n\n\n\n<p class=\"has-vivid-red-color has-text-color\" style=\"font-size:26px\"><strong>Safeguarding &#8211; Nouveau projet sur la protection des athl\u00e8tes<\/strong><\/p>\n\n\n\n<p>Special Olympics souhaite cr\u00e9er un environnement s\u00e9curis\u00e9 et favorable pour tous les athl\u00e8tes, entra\u00eeneurs, volontaires et membres du personnel.<\/p>\n\n\n\n<p>C&rsquo;est pourquoi nous lan\u00e7ons le projet \u00ab Safeguarding \u00bb, un \u00e9l\u00e9ment cl\u00e9 de la promotion du sport et de l&rsquo;int\u00e9gration des personnes ayant un handicap mental.<\/p>\n\n\n\n<p><strong><u>Qu&rsquo;est-ce que le \u00ab&nbsp;Safeguarding&nbsp;\u00bb ?<\/u><\/strong><strong><u><\/u><\/strong><\/p>\n\n\n\n<p>Le \u00ab&nbsp;Safeguarding&nbsp;\u00bb fait r\u00e9f\u00e9rence aux mesures que nous prenons pour assurer la s\u00e9curit\u00e9, le bien-\u00eatre et la protection de nos athl\u00e8tes.<\/p>\n\n\n\n<p>Il s&rsquo;agit notamment de pr\u00e9venir toutes les formes d&rsquo;abus (y compris les abus physiques, \u00e9motionnels et sexuels, ainsi que les intimidations et le harc\u00e8lement), et ce dans le but de cr\u00e9er un environnement respectueux dans lequel le soutien n\u00e9cessaire peut \u00e9galement \u00eatre assur\u00e9.<\/p>\n\n\n\n<p>Nous encourageons une communication ouverte et sommes toujours \u00e0 l&rsquo;\u00e9coute des pr\u00e9occupations ou des signalements d&rsquo;abus et prenons les mesures qui s&rsquo;imposent.<\/p>\n\n\n\n<p>Vous trouverez plus d&rsquo;informations sur le projet dans les documents ci-dessous.<\/p>\n\n\n\n<a class=\"contentCTA\" href=\"https:\/\/special-olympics.be\/wp-content\/uploads\/2024\/05\/Special-Olympics-Cards-FR.pdf\" target=\"_blank\"><i style=\"display:none;\"><\/i> Flash Cards<\/a>\n\n\n\n\n<a class=\"contentCTA\" href=\"https:\/\/special-olympics.be\/wp-content\/uploads\/2024\/05\/Politique-Safeguarding-Special-Olympics-Belgium_01052024.pdf\" target=\"_blank\"><i style=\"display:none;\"><\/i> Safeguarding Politique SOB<\/a>\n\n\n\n\n<a class=\"contentCTA\" href=\"https:\/\/special-olympics.be\/wp-content\/uploads\/2024\/04\/PPT-Safeguarding.pdf\" target=\"_blank\"><i style=\"display:none;\"><\/i> Pr\u00e9sentation<\/a>\n\n\n\n\n<div style=\"height:45px\" aria-hidden=\"true\" class=\"wp-block-spacer\"><\/div>\n\n\n\n<p>Financ\u00e9 par l\u2019Union europ\u00e9enne. Les points de vue et avis exprim\u00e9s n\u2019engagent toutefois que leur(s) auteur(s) et ne refl\u00e8tent pas n\u00e9cessairement ceux de l\u2019Union europ\u00e9enne ou de l\u2019Agence ex\u00e9cutive europ\u00e9enne pour l\u2019\u00e9ducation et la culture (EACEA). Ni l\u2019Union europ\u00e9enne ni l\u2019EACEA ne sauraient en \u00eatre tenues pour responsables.<\/p>\n\n\n\n<figure class=\"wp-block-image size-large is-resized\"><img loading=\"lazy\" decoding=\"async\" width=\"1024\" height=\"215\" src=\"https:\/\/special-olympics.be\/wp-content\/uploads\/2024\/07\/EN-Co-funded-by-the-EU_POS-1024x215.jpg\" alt=\"\" class=\"wp-image-5530\" style=\"width:300px\" srcset=\"https:\/\/special-olympics.be\/wp-content\/uploads\/2024\/07\/EN-Co-funded-by-the-EU_POS-1024x215.jpg 1024w, https:\/\/special-olympics.be\/wp-content\/uploads\/2024\/07\/EN-Co-funded-by-the-EU_POS-300x63.jpg 300w, https:\/\/special-olympics.be\/wp-content\/uploads\/2024\/07\/EN-Co-funded-by-the-EU_POS-768x161.jpg 768w, https:\/\/special-olympics.be\/wp-content\/uploads\/2024\/07\/EN-Co-funded-by-the-EU_POS-1536x323.jpg 1536w, https:\/\/special-olympics.be\/wp-content\/uploads\/2024\/07\/EN-Co-funded-by-the-EU_POS.jpg 1600w\" sizes=\"auto, (max-width: 1024px) 100vw, 1024px\" \/><\/figure>\n","protected":false},"excerpt":{"rendered":"<p>Safeguarding &#8211; Nouveau projet sur la protection des athl\u00e8tes Special Olympics souhaite cr\u00e9er un environnement s\u00e9curis\u00e9&#8230; <span class=\"moreLink\"><a href=\"https:\/\/special-olympics.be\/fr\/safeguarding\/\">+<\/a><\/span><\/p>\n","protected":false},"author":2,"featured_media":5105,"parent":0,"menu_order":0,"comment_status":"closed","ping_status":"closed","template":"","meta":{"_acf_changed":false,"footnotes":""},"categories":[4],"class_list":["post-5097","page","type-page","status-publish","has-post-thumbnail","hentry","category-notre-travail"],"acf":[],"yoast_head":"<!-- This site is optimized with the Yoast SEO plugin v27.4 - https:\/\/yoast.com\/product\/yoast-seo-wordpress\/ -->\n<title>Safeguarding - Special Olympics<\/title>\n<meta name=\"robots\" content=\"index, follow, max-snippet:-1, max-image-preview:large, max-video-preview:-1\" \/>\n<link rel=\"canonical\" href=\"https:\/\/special-olympics.be\/fr\/safeguarding\/\" \/>\n<meta property=\"og:locale\" content=\"fr_FR\" \/>\n<meta property=\"og:type\" content=\"article\" \/>\n<meta property=\"og:title\" content=\"Safeguarding - Special Olympics\" \/>\n<meta property=\"og:description\" content=\"Safeguarding &#8211; Nouveau projet sur la protection des athl\u00e8tes Special Olympics souhaite cr\u00e9er un environnement s\u00e9curis\u00e9... +\" \/>\n<meta property=\"og:url\" content=\"https:\/\/special-olympics.be\/fr\/safeguarding\/\" \/>\n<meta property=\"og:site_name\" content=\"Special Olympics\" \/>\n<meta property=\"article:modified_time\" content=\"2024-07-25T17:00:55+00:00\" \/>\n<meta property=\"og:image\" content=\"https:\/\/special-olympics.be\/wp-content\/uploads\/2024\/04\/MichaelMichiels_WG2023_230617_108.jpg\" \/>\n\t<meta property=\"og:image:width\" content=\"1600\" \/>\n\t<meta property=\"og:image:height\" content=\"1067\" \/>\n\t<meta property=\"og:image:type\" content=\"image\/jpeg\" \/>\n<meta name=\"twitter:card\" content=\"summary_large_image\" \/>\n<meta name=\"twitter:label1\" content=\"Dur\u00e9e de lecture estim\u00e9e\" \/>\n\t<meta name=\"twitter:data1\" content=\"2 minutes\" \/>\n<script type=\"application\/ld+json\" class=\"yoast-schema-graph\">{\"@context\":\"https:\\\/\\\/schema.org\",\"@graph\":[{\"@type\":\"WebPage\",\"@id\":\"https:\\\/\\\/special-olympics.be\\\/fr\\\/safeguarding\\\/\",\"url\":\"https:\\\/\\\/special-olympics.be\\\/fr\\\/safeguarding\\\/\",\"name\":\"Safeguarding - Special Olympics\",\"isPartOf\":{\"@id\":\"https:\\\/\\\/special-olympics.be\\\/fr\\\/#website\"},\"primaryImageOfPage\":{\"@id\":\"https:\\\/\\\/special-olympics.be\\\/fr\\\/safeguarding\\\/#primaryimage\"},\"image\":{\"@id\":\"https:\\\/\\\/special-olympics.be\\\/fr\\\/safeguarding\\\/#primaryimage\"},\"thumbnailUrl\":\"https:\\\/\\\/special-olympics.be\\\/wp-content\\\/uploads\\\/2024\\\/04\\\/MichaelMichiels_WG2023_230617_108.jpg\",\"datePublished\":\"2024-04-26T09:30:18+00:00\",\"dateModified\":\"2024-07-25T17:00:55+00:00\",\"breadcrumb\":{\"@id\":\"https:\\\/\\\/special-olympics.be\\\/fr\\\/safeguarding\\\/#breadcrumb\"},\"inLanguage\":\"fr-FR\",\"potentialAction\":[{\"@type\":\"ReadAction\",\"target\":[\"https:\\\/\\\/special-olympics.be\\\/fr\\\/safeguarding\\\/\"]}]},{\"@type\":\"ImageObject\",\"inLanguage\":\"fr-FR\",\"@id\":\"https:\\\/\\\/special-olympics.be\\\/fr\\\/safeguarding\\\/#primaryimage\",\"url\":\"https:\\\/\\\/special-olympics.be\\\/wp-content\\\/uploads\\\/2024\\\/04\\\/MichaelMichiels_WG2023_230617_108.jpg\",\"contentUrl\":\"https:\\\/\\\/special-olympics.be\\\/wp-content\\\/uploads\\\/2024\\\/04\\\/MichaelMichiels_WG2023_230617_108.jpg\",\"width\":1600,\"height\":1067},{\"@type\":\"BreadcrumbList\",\"@id\":\"https:\\\/\\\/special-olympics.be\\\/fr\\\/safeguarding\\\/#breadcrumb\",\"itemListElement\":[{\"@type\":\"ListItem\",\"position\":1,\"name\":\"Accueil\",\"item\":\"https:\\\/\\\/special-olympics.be\\\/fr\\\/\"},{\"@type\":\"ListItem\",\"position\":2,\"name\":\"Safeguarding\"}]},{\"@type\":\"WebSite\",\"@id\":\"https:\\\/\\\/special-olympics.be\\\/fr\\\/#website\",\"url\":\"https:\\\/\\\/special-olympics.be\\\/fr\\\/\",\"name\":\"Special Olympics\",\"description\":\"Special Olympics Belgium\",\"potentialAction\":[{\"@type\":\"SearchAction\",\"target\":{\"@type\":\"EntryPoint\",\"urlTemplate\":\"https:\\\/\\\/special-olympics.be\\\/fr\\\/?s={search_term_string}\"},\"query-input\":{\"@type\":\"PropertyValueSpecification\",\"valueRequired\":true,\"valueName\":\"search_term_string\"}}],\"inLanguage\":\"fr-FR\"}]}<\/script>\n<!-- \/ Yoast SEO plugin. -->","yoast_head_json":{"title":"Safeguarding - Special Olympics","robots":{"index":"index","follow":"follow","max-snippet":"max-snippet:-1","max-image-preview":"max-image-preview:large","max-video-preview":"max-video-preview:-1"},"canonical":"https:\/\/special-olympics.be\/fr\/safeguarding\/","og_locale":"fr_FR","og_type":"article","og_title":"Safeguarding - Special Olympics","og_description":"Safeguarding &#8211; Nouveau projet sur la protection des athl\u00e8tes Special Olympics souhaite cr\u00e9er un environnement s\u00e9curis\u00e9... +","og_url":"https:\/\/special-olympics.be\/fr\/safeguarding\/","og_site_name":"Special Olympics","article_modified_time":"2024-07-25T17:00:55+00:00","og_image":[{"width":1600,"height":1067,"url":"https:\/\/special-olympics.be\/wp-content\/uploads\/2024\/04\/MichaelMichiels_WG2023_230617_108.jpg","type":"image\/jpeg"}],"twitter_card":"summary_large_image","twitter_misc":{"Dur\u00e9e de lecture estim\u00e9e":"2 minutes"},"schema":{"@context":"https:\/\/schema.org","@graph":[{"@type":"WebPage","@id":"https:\/\/special-olympics.be\/fr\/safeguarding\/","url":"https:\/\/special-olympics.be\/fr\/safeguarding\/","name":"Safeguarding - Special Olympics","isPartOf":{"@id":"https:\/\/special-olympics.be\/fr\/#website"},"primaryImageOfPage":{"@id":"https:\/\/special-olympics.be\/fr\/safeguarding\/#primaryimage"},"image":{"@id":"https:\/\/special-olympics.be\/fr\/safeguarding\/#primaryimage"},"thumbnailUrl":"https:\/\/special-olympics.be\/wp-content\/uploads\/2024\/04\/MichaelMichiels_WG2023_230617_108.jpg","datePublished":"2024-04-26T09:30:18+00:00","dateModified":"2024-07-25T17:00:55+00:00","breadcrumb":{"@id":"https:\/\/special-olympics.be\/fr\/safeguarding\/#breadcrumb"},"inLanguage":"fr-FR","potentialAction":[{"@type":"ReadAction","target":["https:\/\/special-olympics.be\/fr\/safeguarding\/"]}]},{"@type":"ImageObject","inLanguage":"fr-FR","@id":"https:\/\/special-olympics.be\/fr\/safeguarding\/#primaryimage","url":"https:\/\/special-olympics.be\/wp-content\/uploads\/2024\/04\/MichaelMichiels_WG2023_230617_108.jpg","contentUrl":"https:\/\/special-olympics.be\/wp-content\/uploads\/2024\/04\/MichaelMichiels_WG2023_230617_108.jpg","width":1600,"height":1067},{"@type":"BreadcrumbList","@id":"https:\/\/special-olympics.be\/fr\/safeguarding\/#breadcrumb","itemListElement":[{"@type":"ListItem","position":1,"name":"Accueil","item":"https:\/\/special-olympics.be\/fr\/"},{"@type":"ListItem","position":2,"name":"Safeguarding"}]},{"@type":"WebSite","@id":"https:\/\/special-olympics.be\/fr\/#website","url":"https:\/\/special-olympics.be\/fr\/","name":"Special Olympics","description":"Special Olympics Belgium","potentialAction":[{"@type":"SearchAction","target":{"@type":"EntryPoint","urlTemplate":"https:\/\/special-olympics.be\/fr\/?s={search_term_string}"},"query-input":{"@type":"PropertyValueSpecification","valueRequired":true,"valueName":"search_term_string"}}],"inLanguage":"fr-FR"}]}},"_links":{"self":[{"href":"https:\/\/special-olympics.be\/fr\/wp-json\/wp\/v2\/pages\/5097","targetHints":{"allow":["GET"]}}],"collection":[{"href":"https:\/\/special-olympics.be\/fr\/wp-json\/wp\/v2\/pages"}],"about":[{"href":"https:\/\/special-olympics.be\/fr\/wp-json\/wp\/v2\/types\/page"}],"author":[{"embeddable":true,"href":"https:\/\/special-olympics.be\/fr\/wp-json\/wp\/v2\/users\/2"}],"replies":[{"embeddable":true,"href":"https:\/\/special-olympics.be\/fr\/wp-json\/wp\/v2\/comments?post=5097"}],"version-history":[{"count":9,"href":"https:\/\/special-olympics.be\/fr\/wp-json\/wp\/v2\/pages\/5097\/revisions"}],"predecessor-version":[{"id":5539,"href":"https:\/\/special-olympics.be\/fr\/wp-json\/wp\/v2\/pages\/5097\/revisions\/5539"}],"wp:featuredmedia":[{"embeddable":true,"href":"https:\/\/special-olympics.be\/fr\/wp-json\/wp\/v2\/media\/5105"}],"wp:attachment":[{"href":"https:\/\/special-olympics.be\/fr\/wp-json\/wp\/v2\/media?parent=5097"}],"wp:term":[{"taxonomy":"category","embeddable":true,"href":"https:\/\/special-olympics.be\/fr\/wp-json\/wp\/v2\/categories?post=5097"}],"curies":[{"name":"wp","href":"https:\/\/api.w.org\/{rel}","templated":true}]}}