{"id":4942,"date":"2024-03-05T16:43:23","date_gmt":"2024-03-05T15:43:23","guid":{"rendered":"https:\/\/special-olympics.be\/?page_id=4942"},"modified":"2024-03-05T17:04:40","modified_gmt":"2024-03-05T16:04:40","slug":"special-olympics-belgium-golf-cup","status":"publish","type":"page","link":"https:\/\/special-olympics.be\/fr\/special-olympics-belgium-golf-cup\/","title":{"rendered":"Special Olympics Belgium Golf Cup"},"content":{"rendered":"\n<figure class=\"wp-block-image size-large\"><img loading=\"lazy\" decoding=\"async\" width=\"819\" height=\"1024\" src=\"https:\/\/special-olympics.be\/wp-content\/uploads\/2024\/03\/Golf-Cup-819x1024.jpg\" alt=\"\" class=\"wp-image-4959\" srcset=\"https:\/\/special-olympics.be\/wp-content\/uploads\/2024\/03\/Golf-Cup-819x1024.jpg 819w, https:\/\/special-olympics.be\/wp-content\/uploads\/2024\/03\/Golf-Cup-240x300.jpg 240w, https:\/\/special-olympics.be\/wp-content\/uploads\/2024\/03\/Golf-Cup-768x960.jpg 768w, https:\/\/special-olympics.be\/wp-content\/uploads\/2024\/03\/Golf-Cup.jpg 1080w\" sizes=\"auto, (max-width: 819px) 100vw, 819px\" \/><\/figure>\n\n\n\n<p>Voor het eerst organiseren we ons eigen golftornooi, de Special Olympics Belgium Golf Cup.<\/p>\n\n\n\n<p>Op vrijdag 26 april 2024 zal onze eerste Golf Cup doorgaan in The National Golf Brussels in Sterrebeek.<\/p>\n\n\n\n<p>Wij bieden u de mogelijkheid om Special Olympics Belgium en onze atleten te steunen door met een eigen team aan ons toernooi deel te nemen.<\/p>\n\n\n\n<p>U kunt uit verschillende pakketten kiezen (meer info in de brochure hieronder).<\/p>\n\n\n\n<p>Inschrijven kan via het formulier hieronder tot 15 maart.<\/p>\n\n\n\n<a class=\"contentCTA\" href=\"https:\/\/special-olympics.be\/wp-content\/uploads\/2024\/03\/Special-Olympics-Belgium-Golf-Cup-NL.pdf\" target=\"_blank\"><i style=\"display:none;\"><\/i> Infobrochure NL<\/a>\n\n\n\n\n<a class=\"contentCTA\" href=\"https:\/\/special-olympics.be\/wp-content\/uploads\/2024\/03\/Special-Olympics-Belgium-Golf-Cup-Inschrijvingsformulier.pdf\" target=\"_blank\"><i style=\"display:none;\"><\/i> Inschrijvingsformulier NL<\/a>\n\n\n\n\n<hr class=\"wp-block-separator has-alpha-channel-opacity\"\/>\n\n\n\n<p>Pour la premi\u00e8re fois nous organisons notre propre tournoi de golf, le Special Olympics Belgium Golf Cup.<\/p>\n\n\n\n<p>Vendredi 26 avril 2024 nous vous invitons pour notre premier Golf Cup au The National Golf Brussels \u00e0 Sterrebeek.<\/p>\n\n\n\n<p>Nous vous offrons la possibilit\u00e9 de soutenir Special Olympics Belgium et nos athl\u00e8tes en participant \u00e0 ce tournoi avec votre \u00e9quipe.<\/p>\n\n\n\n<p>Vous pouvez choisir parmi plusieurs formules (plus d&rsquo;informations dans la brochure ci-dessous).<\/p>\n\n\n\n<p>Les inscriptions se font jusqu&rsquo;au 15 mars \u00e0 l&rsquo;aide du formulaire d&rsquo;inscription.<\/p>\n\n\n\n<a class=\"contentCTA\" href=\"https:\/\/special-olympics.be\/wp-content\/uploads\/2024\/03\/Special-Olympics-Belgium-Golf-Cup-FR.pdf\" target=\"_blank\"><i style=\"display:none;\"><\/i> Infobrochure FR<\/a>\n\n\n\n\n<a class=\"contentCTA\" href=\"https:\/\/special-olympics.be\/wp-content\/uploads\/2024\/03\/Special-Olympics-Belgium-Golf-Cup-Formulaire-dinscription.pdf\" target=\"_blank\"><i style=\"display:none;\"><\/i> Formulaire d&rsquo;inscription FR<\/a>\n\n","protected":false},"excerpt":{"rendered":"<p>Voor het eerst organiseren we ons eigen golftornooi, de Special Olympics Belgium Golf Cup. Op vrijdag&#8230; <span class=\"moreLink\"><a href=\"https:\/\/special-olympics.be\/fr\/special-olympics-belgium-golf-cup\/\">+<\/a><\/span><\/p>\n","protected":false},"author":2,"featured_media":0,"parent":0,"menu_order":0,"comment_status":"closed","ping_status":"closed","template":"","meta":{"_acf_changed":false,"footnotes":""},"categories":[],"class_list":["post-4942","page","type-page","status-publish","hentry"],"acf":[],"yoast_head":"<!-- This site is optimized with the Yoast SEO plugin v27.3 - https:\/\/yoast.com\/product\/yoast-seo-wordpress\/ -->\n<title>Special Olympics Belgium Golf Cup - Special Olympics<\/title>\n<meta name=\"robots\" content=\"index, follow, max-snippet:-1, max-image-preview:large, max-video-preview:-1\" \/>\n<link rel=\"canonical\" href=\"https:\/\/special-olympics.be\/fr\/special-olympics-belgium-golf-cup\/\" \/>\n<meta property=\"og:locale\" content=\"fr_FR\" \/>\n<meta property=\"og:type\" content=\"article\" \/>\n<meta property=\"og:title\" content=\"Special Olympics Belgium Golf Cup - Special Olympics\" \/>\n<meta property=\"og:description\" content=\"Voor het eerst organiseren we ons eigen golftornooi, de Special Olympics Belgium Golf Cup. Op vrijdag... +\" \/>\n<meta property=\"og:url\" content=\"https:\/\/special-olympics.be\/fr\/special-olympics-belgium-golf-cup\/\" \/>\n<meta property=\"og:site_name\" content=\"Special Olympics\" \/>\n<meta property=\"article:modified_time\" content=\"2024-03-05T16:04:40+00:00\" \/>\n<meta property=\"og:image\" content=\"https:\/\/special-olympics.be\/wp-content\/uploads\/2024\/03\/Golf-Cup-819x1024.jpg\" \/>\n<meta name=\"twitter:card\" content=\"summary_large_image\" \/>\n<meta name=\"twitter:label1\" content=\"Dur\u00e9e de lecture estim\u00e9e\" \/>\n\t<meta name=\"twitter:data1\" content=\"1 minute\" \/>\n<script type=\"application\/ld+json\" class=\"yoast-schema-graph\">{\"@context\":\"https:\\\/\\\/schema.org\",\"@graph\":[{\"@type\":\"WebPage\",\"@id\":\"https:\\\/\\\/special-olympics.be\\\/fr\\\/special-olympics-belgium-golf-cup\\\/\",\"url\":\"https:\\\/\\\/special-olympics.be\\\/fr\\\/special-olympics-belgium-golf-cup\\\/\",\"name\":\"Special Olympics Belgium Golf Cup - Special Olympics\",\"isPartOf\":{\"@id\":\"https:\\\/\\\/special-olympics.be\\\/fr\\\/#website\"},\"primaryImageOfPage\":{\"@id\":\"https:\\\/\\\/special-olympics.be\\\/fr\\\/special-olympics-belgium-golf-cup\\\/#primaryimage\"},\"image\":{\"@id\":\"https:\\\/\\\/special-olympics.be\\\/fr\\\/special-olympics-belgium-golf-cup\\\/#primaryimage\"},\"thumbnailUrl\":\"https:\\\/\\\/special-olympics.be\\\/wp-content\\\/uploads\\\/2024\\\/03\\\/Golf-Cup-819x1024.jpg\",\"datePublished\":\"2024-03-05T15:43:23+00:00\",\"dateModified\":\"2024-03-05T16:04:40+00:00\",\"breadcrumb\":{\"@id\":\"https:\\\/\\\/special-olympics.be\\\/fr\\\/special-olympics-belgium-golf-cup\\\/#breadcrumb\"},\"inLanguage\":\"fr-FR\",\"potentialAction\":[{\"@type\":\"ReadAction\",\"target\":[\"https:\\\/\\\/special-olympics.be\\\/fr\\\/special-olympics-belgium-golf-cup\\\/\"]}]},{\"@type\":\"ImageObject\",\"inLanguage\":\"fr-FR\",\"@id\":\"https:\\\/\\\/special-olympics.be\\\/fr\\\/special-olympics-belgium-golf-cup\\\/#primaryimage\",\"url\":\"https:\\\/\\\/special-olympics.be\\\/wp-content\\\/uploads\\\/2024\\\/03\\\/Golf-Cup-819x1024.jpg\",\"contentUrl\":\"https:\\\/\\\/special-olympics.be\\\/wp-content\\\/uploads\\\/2024\\\/03\\\/Golf-Cup-819x1024.jpg\"},{\"@type\":\"BreadcrumbList\",\"@id\":\"https:\\\/\\\/special-olympics.be\\\/fr\\\/special-olympics-belgium-golf-cup\\\/#breadcrumb\",\"itemListElement\":[{\"@type\":\"ListItem\",\"position\":1,\"name\":\"Accueil\",\"item\":\"https:\\\/\\\/special-olympics.be\\\/fr\\\/\"},{\"@type\":\"ListItem\",\"position\":2,\"name\":\"Special Olympics Belgium Golf Cup\"}]},{\"@type\":\"WebSite\",\"@id\":\"https:\\\/\\\/special-olympics.be\\\/fr\\\/#website\",\"url\":\"https:\\\/\\\/special-olympics.be\\\/fr\\\/\",\"name\":\"Special Olympics\",\"description\":\"Special Olympics Belgium\",\"potentialAction\":[{\"@type\":\"SearchAction\",\"target\":{\"@type\":\"EntryPoint\",\"urlTemplate\":\"https:\\\/\\\/special-olympics.be\\\/fr\\\/?s={search_term_string}\"},\"query-input\":{\"@type\":\"PropertyValueSpecification\",\"valueRequired\":true,\"valueName\":\"search_term_string\"}}],\"inLanguage\":\"fr-FR\"}]}<\/script>\n<!-- \/ Yoast SEO plugin. -->","yoast_head_json":{"title":"Special Olympics Belgium Golf Cup - Special Olympics","robots":{"index":"index","follow":"follow","max-snippet":"max-snippet:-1","max-image-preview":"max-image-preview:large","max-video-preview":"max-video-preview:-1"},"canonical":"https:\/\/special-olympics.be\/fr\/special-olympics-belgium-golf-cup\/","og_locale":"fr_FR","og_type":"article","og_title":"Special Olympics Belgium Golf Cup - Special Olympics","og_description":"Voor het eerst organiseren we ons eigen golftornooi, de Special Olympics Belgium Golf Cup. Op vrijdag... +","og_url":"https:\/\/special-olympics.be\/fr\/special-olympics-belgium-golf-cup\/","og_site_name":"Special Olympics","article_modified_time":"2024-03-05T16:04:40+00:00","og_image":[{"url":"https:\/\/special-olympics.be\/wp-content\/uploads\/2024\/03\/Golf-Cup-819x1024.jpg","type":"","width":"","height":""}],"twitter_card":"summary_large_image","twitter_misc":{"Dur\u00e9e de lecture estim\u00e9e":"1 minute"},"schema":{"@context":"https:\/\/schema.org","@graph":[{"@type":"WebPage","@id":"https:\/\/special-olympics.be\/fr\/special-olympics-belgium-golf-cup\/","url":"https:\/\/special-olympics.be\/fr\/special-olympics-belgium-golf-cup\/","name":"Special Olympics Belgium Golf Cup - Special Olympics","isPartOf":{"@id":"https:\/\/special-olympics.be\/fr\/#website"},"primaryImageOfPage":{"@id":"https:\/\/special-olympics.be\/fr\/special-olympics-belgium-golf-cup\/#primaryimage"},"image":{"@id":"https:\/\/special-olympics.be\/fr\/special-olympics-belgium-golf-cup\/#primaryimage"},"thumbnailUrl":"https:\/\/special-olympics.be\/wp-content\/uploads\/2024\/03\/Golf-Cup-819x1024.jpg","datePublished":"2024-03-05T15:43:23+00:00","dateModified":"2024-03-05T16:04:40+00:00","breadcrumb":{"@id":"https:\/\/special-olympics.be\/fr\/special-olympics-belgium-golf-cup\/#breadcrumb"},"inLanguage":"fr-FR","potentialAction":[{"@type":"ReadAction","target":["https:\/\/special-olympics.be\/fr\/special-olympics-belgium-golf-cup\/"]}]},{"@type":"ImageObject","inLanguage":"fr-FR","@id":"https:\/\/special-olympics.be\/fr\/special-olympics-belgium-golf-cup\/#primaryimage","url":"https:\/\/special-olympics.be\/wp-content\/uploads\/2024\/03\/Golf-Cup-819x1024.jpg","contentUrl":"https:\/\/special-olympics.be\/wp-content\/uploads\/2024\/03\/Golf-Cup-819x1024.jpg"},{"@type":"BreadcrumbList","@id":"https:\/\/special-olympics.be\/fr\/special-olympics-belgium-golf-cup\/#breadcrumb","itemListElement":[{"@type":"ListItem","position":1,"name":"Accueil","item":"https:\/\/special-olympics.be\/fr\/"},{"@type":"ListItem","position":2,"name":"Special Olympics Belgium Golf Cup"}]},{"@type":"WebSite","@id":"https:\/\/special-olympics.be\/fr\/#website","url":"https:\/\/special-olympics.be\/fr\/","name":"Special Olympics","description":"Special Olympics Belgium","potentialAction":[{"@type":"SearchAction","target":{"@type":"EntryPoint","urlTemplate":"https:\/\/special-olympics.be\/fr\/?s={search_term_string}"},"query-input":{"@type":"PropertyValueSpecification","valueRequired":true,"valueName":"search_term_string"}}],"inLanguage":"fr-FR"}]}},"_links":{"self":[{"href":"https:\/\/special-olympics.be\/fr\/wp-json\/wp\/v2\/pages\/4942","targetHints":{"allow":["GET"]}}],"collection":[{"href":"https:\/\/special-olympics.be\/fr\/wp-json\/wp\/v2\/pages"}],"about":[{"href":"https:\/\/special-olympics.be\/fr\/wp-json\/wp\/v2\/types\/page"}],"author":[{"embeddable":true,"href":"https:\/\/special-olympics.be\/fr\/wp-json\/wp\/v2\/users\/2"}],"replies":[{"embeddable":true,"href":"https:\/\/special-olympics.be\/fr\/wp-json\/wp\/v2\/comments?post=4942"}],"version-history":[{"count":9,"href":"https:\/\/special-olympics.be\/fr\/wp-json\/wp\/v2\/pages\/4942\/revisions"}],"predecessor-version":[{"id":4961,"href":"https:\/\/special-olympics.be\/fr\/wp-json\/wp\/v2\/pages\/4942\/revisions\/4961"}],"wp:attachment":[{"href":"https:\/\/special-olympics.be\/fr\/wp-json\/wp\/v2\/media?parent=4942"}],"wp:term":[{"taxonomy":"category","embeddable":true,"href":"https:\/\/special-olympics.be\/fr\/wp-json\/wp\/v2\/categories?post=4942"}],"curies":[{"name":"wp","href":"https:\/\/api.w.org\/{rel}","templated":true}]}}