{"id":4788,"date":"2024-01-10T10:50:42","date_gmt":"2024-01-10T09:50:42","guid":{"rendered":"https:\/\/special-olympics.be\/?page_id=4788"},"modified":"2026-02-26T02:08:11","modified_gmt":"2026-02-26T01:08:11","slug":"don","status":"publish","type":"page","link":"https:\/\/special-olympics.be\/fr\/don\/","title":{"rendered":"Votre soutien, financier fait la diff\u00e9rence !"},"content":{"rendered":"\n<h2 class=\"wp-block-heading\" id=\"vous-aussi-soutenez-nos-athletes-et-aidez-nous-a-realiser-leur-reve-olympique-en-rejoignant-notre-committee-of-the-heart\">Vous aussi soutenez nos athl\u00e8tes et aidez-nous \u00e0 r\u00e9aliser leur r\u00eave Olympique!<\/h2>\n\n\n<div class=\"wp-block-image\">\n<figure class=\"aligncenter size-full\"><img loading=\"lazy\" decoding=\"async\" width=\"1024\" height=\"350\" src=\"https:\/\/special-olympics.be\/wp-content\/uploads\/2025\/01\/cover-steunsoutien.jpg\" alt=\"\" class=\"wp-image-6311\" srcset=\"https:\/\/special-olympics.be\/wp-content\/uploads\/2025\/01\/cover-steunsoutien.jpg 1024w, https:\/\/special-olympics.be\/wp-content\/uploads\/2025\/01\/cover-steunsoutien-300x103.jpg 300w, https:\/\/special-olympics.be\/wp-content\/uploads\/2025\/01\/cover-steunsoutien-768x263.jpg 768w\" sizes=\"auto, (max-width: 1024px) 100vw, 1024px\" \/><\/figure>\n<\/div>\n\n\n<div style=\"height:10px\" aria-hidden=\"true\" class=\"wp-block-spacer\"><\/div>\n\n\n\n<p><strong>Gr\u00e2ce \u00e0 votre soutien financier<\/strong>, nous pouvons organiser depuis des ann\u00e9es des <strong>activit\u00e9s sportives<\/strong> pour les personnes ayant un handicap mental. Le point culminant est bien s\u00fbr nos <strong>Jeux Nationaux annuels<\/strong> : quelque <strong>3 400 athl\u00e8tes<\/strong>, accompagn\u00e9s de milliers <strong>d\u2019encadrants<\/strong>, <strong>d\u2019entra\u00eeneurs<\/strong>, <strong>de parents<\/strong>, <strong>de volontaires<\/strong>, <strong>de familles<\/strong> et <strong>d\u2019amis<\/strong>, vivent le plus grand \u00e9v\u00e9nement inclusif du pays. Nous sommes \u00e9galement actifs tout au long de l\u2019ann\u00e9e dans des <strong>activit\u00e9s sportives<\/strong> et de sensibilisation avec nos athl\u00e8tes, leurs r\u00e9seaux et les tr\u00e8s nombreux volontaires.<\/p>\n\n\n\n<p>Avec <strong>200 \u20ac par athl\u00e8te et par an<\/strong>, nous leur offrons du plaisir sportif, de la sant\u00e9 et de l\u2019inclusion. Chaque contribution, grande ou petite, aide nos athl\u00e8tes \u00e0 progresser !<\/p>\n\n\n\n<div style=\"height:10px\" aria-hidden=\"true\" class=\"wp-block-spacer\"><\/div>\n\n\n\n<a class=\"contentCTA\" href=\"https:\/\/www.uningoapp.com\/np_profile?org=SOB&#038;lang=fr\" target=\"_blank\"><i style=\"display:none;\"><\/i> Donnez maintenant et ayez un impact imm\u00e9diat \u2013 faites un don via Uningo !<\/a>\n\n\n\n\n<h3 class=\"wp-block-heading\"><strong>Contribuez facilement et faites la diff\u00e9rence par virement bancaire<\/strong><\/h3>\n\n\n\n<div class=\"wp-block-columns is-layout-flex wp-container-core-columns-is-layout-9d6595d7 wp-block-columns-is-layout-flex\">\n<div class=\"wp-block-column is-layout-flow wp-block-column-is-layout-flow\">\n<p><strong>IBAN:<\/strong> BE44 0012 7232 4445<br><strong>Mention:<\/strong> \u00ab\u00a0Special Gift\u00a0\u00bb<\/p>\n\n\n\n<p>Pour les dons \u00e0 partir de <strong>40 \u20ac<\/strong>, vous recevrez <strong>une attestation fiscale<\/strong>, vous donnant droit \u00e0 une <strong>r\u00e9duction d&rsquo;imp\u00f4ts de 30 %<\/strong>. Cela signifie qu&rsquo;un don de 100 \u20ac ne vous co\u00fbtera que 70 \u20ac, et un don de 40 \u20ac seulement 28 \u20ac.<\/p>\n\n\n\n<p>Apr\u00e8s votre don, envoyez-nous un e-mail avec votre nom, adresse et num\u00e9ro de registre national \u00e0 :<br><strong>Email :<\/strong> <a href=\"mailto:specialgift@specialolympics.be\">specialgift@specialolympics.be<\/a><br><strong>T\u00e9l\u00e9phone :<\/strong> 02\/774.24.40<\/p>\n\n\n\n<p>Avec un <strong>ordre permanent<\/strong>, vous pouvez nous soutenir r\u00e9guli\u00e8rement de mani\u00e8re simple. Votre contribution fixe nous aide \u00e0 planifier nos futurs projets et actions avec plus de certitude et \u00e0 les rendre plus impactants.<\/p>\n\n\n\n<div style=\"height:10px\" aria-hidden=\"true\" class=\"wp-block-spacer\"><\/div>\n\n\n\n<figure class=\"wp-block-table is-style-stripes\"><table class=\"has-fixed-layout\"><thead><tr><th>Un don de<\/th><th>Ne vous co\u00fbte que<\/th><\/tr><\/thead><tbody><tr><td>40 euros<\/td><td>28 euros<\/td><\/tr><tr><td>60 euros<\/td><td>42 euros<\/td><\/tr><tr><td>100 euros<\/td><td>70 euros<\/td><\/tr><tr><td>200 euros<\/td><td>140 euros<\/td><\/tr><\/tbody><\/table><\/figure>\n\n\n\n<p><strong>Devenez un partenaire engag\u00e9 dans notre mission<\/strong><\/p>\n\n\n\n<p>Vous souhaitez collaborer avec votre entreprise ? Ou peut-\u00eatre organiser une action de sponsoring ou une activit\u00e9 inspirante pour vos employ\u00e9s? Ensemble, nous pouvons faire la diff\u00e9rence !<\/p>\n\n\n\n<div class=\"wp-block-buttons is-content-justification-center is-layout-flex wp-container-core-buttons-is-layout-16018d1d wp-block-buttons-is-layout-flex\">\n<div class=\"wp-block-button\"><a class=\"wp-block-button__link wp-element-button\" href=\"mailto:communication@specialolympics.be\">Contactez-nous pour plus d&rsquo;informations<\/a><\/div>\n<\/div>\n\n\n\n<div style=\"height:30px\" aria-hidden=\"true\" class=\"wp-block-spacer\"><\/div>\n\n\n\n<p>Ensemble, nous r\u00e9alisons des r\u00eaves. Merci pour votre soutien ! \u2764\ufe0f<\/p>\n\n\n\n<div style=\"height:30px\" aria-hidden=\"true\" class=\"wp-block-spacer\"><\/div>\n\n\n\n<div class=\"wp-block-columns is-layout-flex wp-container-core-columns-is-layout-9d6595d7 wp-block-columns-is-layout-flex\">\n<div class=\"wp-block-column is-layout-flow wp-block-column-is-layout-flow\"><div class=\"wp-block-image\">\n<figure class=\"aligncenter size-full\"><img loading=\"lazy\" decoding=\"async\" width=\"231\" height=\"107\" src=\"https:\/\/special-olympics.be\/wp-content\/uploads\/2024\/09\/Logo-Donorinfo-fr-1.png\" alt=\"\" class=\"wp-image-5656\"\/><\/figure>\n<\/div><\/div>\n\n\n\n<div class=\"wp-block-column is-layout-flow wp-block-column-is-layout-flow\">\n<p>Nos comptes v\u00e9rifi\u00e9s et d\u00e9taill\u00e9s sont publi\u00e9s sur <a href=\"https:\/\/www.donorinfo.be\/fr\/faire-un-don\/special-olympics-belgium-asbl\" target=\"_blank\" rel=\"noreferrer noopener nofollow\">Donorinfo<\/a>.<\/p>\n<\/div>\n<\/div>\n<\/div>\n<\/div>\n","protected":false},"excerpt":{"rendered":"<p>Vous aussi soutenez nos athl\u00e8tes et aidez-nous \u00e0 r\u00e9aliser leur r\u00eave Olympique! Gr\u00e2ce \u00e0 votre soutien&#8230; <span class=\"moreLink\"><a href=\"https:\/\/special-olympics.be\/fr\/don\/\">+<\/a><\/span><\/p>\n","protected":false},"author":2,"featured_media":4792,"parent":0,"menu_order":0,"comment_status":"closed","ping_status":"closed","template":"","meta":{"_acf_changed":false,"footnotes":""},"categories":[5],"class_list":["post-4788","page","type-page","status-publish","has-post-thumbnail","hentry","category-faire-partie-de-special-olympics"],"acf":[],"yoast_head":"<!-- This site is optimized with the Yoast SEO plugin v27.3 - https:\/\/yoast.com\/product\/yoast-seo-wordpress\/ -->\n<title>Votre soutien, financier fait la diff\u00e9rence ! - Special Olympics<\/title>\n<meta name=\"robots\" content=\"index, follow, max-snippet:-1, max-image-preview:large, max-video-preview:-1\" \/>\n<link rel=\"canonical\" href=\"https:\/\/special-olympics.be\/fr\/don\/\" \/>\n<meta property=\"og:locale\" content=\"fr_FR\" \/>\n<meta property=\"og:type\" content=\"article\" \/>\n<meta property=\"og:title\" content=\"Votre soutien, financier fait la diff\u00e9rence ! - Special Olympics\" \/>\n<meta property=\"og:description\" content=\"Vous aussi soutenez nos athl\u00e8tes et aidez-nous \u00e0 r\u00e9aliser leur r\u00eave Olympique! Gr\u00e2ce \u00e0 votre soutien... +\" \/>\n<meta property=\"og:url\" content=\"https:\/\/special-olympics.be\/fr\/don\/\" \/>\n<meta property=\"og:site_name\" content=\"Special Olympics\" \/>\n<meta property=\"article:modified_time\" content=\"2026-02-26T01:08:11+00:00\" \/>\n<meta property=\"og:image\" content=\"https:\/\/special-olympics.be\/wp-content\/uploads\/2024\/01\/7G6A9378.jpg\" \/>\n\t<meta property=\"og:image:width\" content=\"1600\" \/>\n\t<meta property=\"og:image:height\" content=\"1067\" \/>\n\t<meta property=\"og:image:type\" content=\"image\/jpeg\" \/>\n<meta name=\"twitter:card\" content=\"summary_large_image\" \/>\n<meta name=\"twitter:label1\" content=\"Dur\u00e9e de lecture estim\u00e9e\" \/>\n\t<meta name=\"twitter:data1\" content=\"3 minutes\" \/>\n<script type=\"application\/ld+json\" class=\"yoast-schema-graph\">{\"@context\":\"https:\\\/\\\/schema.org\",\"@graph\":[{\"@type\":\"WebPage\",\"@id\":\"https:\\\/\\\/special-olympics.be\\\/fr\\\/don\\\/\",\"url\":\"https:\\\/\\\/special-olympics.be\\\/fr\\\/don\\\/\",\"name\":\"Votre soutien, financier fait la diff\u00e9rence ! - Special Olympics\",\"isPartOf\":{\"@id\":\"https:\\\/\\\/special-olympics.be\\\/fr\\\/#website\"},\"primaryImageOfPage\":{\"@id\":\"https:\\\/\\\/special-olympics.be\\\/fr\\\/don\\\/#primaryimage\"},\"image\":{\"@id\":\"https:\\\/\\\/special-olympics.be\\\/fr\\\/don\\\/#primaryimage\"},\"thumbnailUrl\":\"https:\\\/\\\/special-olympics.be\\\/wp-content\\\/uploads\\\/2024\\\/01\\\/7G6A9378.jpg\",\"datePublished\":\"2024-01-10T09:50:42+00:00\",\"dateModified\":\"2026-02-26T01:08:11+00:00\",\"breadcrumb\":{\"@id\":\"https:\\\/\\\/special-olympics.be\\\/fr\\\/don\\\/#breadcrumb\"},\"inLanguage\":\"fr-FR\",\"potentialAction\":[{\"@type\":\"ReadAction\",\"target\":[\"https:\\\/\\\/special-olympics.be\\\/fr\\\/don\\\/\"]}]},{\"@type\":\"ImageObject\",\"inLanguage\":\"fr-FR\",\"@id\":\"https:\\\/\\\/special-olympics.be\\\/fr\\\/don\\\/#primaryimage\",\"url\":\"https:\\\/\\\/special-olympics.be\\\/wp-content\\\/uploads\\\/2024\\\/01\\\/7G6A9378.jpg\",\"contentUrl\":\"https:\\\/\\\/special-olympics.be\\\/wp-content\\\/uploads\\\/2024\\\/01\\\/7G6A9378.jpg\",\"width\":1600,\"height\":1067},{\"@type\":\"BreadcrumbList\",\"@id\":\"https:\\\/\\\/special-olympics.be\\\/fr\\\/don\\\/#breadcrumb\",\"itemListElement\":[{\"@type\":\"ListItem\",\"position\":1,\"name\":\"Accueil\",\"item\":\"https:\\\/\\\/special-olympics.be\\\/fr\\\/\"},{\"@type\":\"ListItem\",\"position\":2,\"name\":\"Votre soutien, financier fait la diff\u00e9rence !\"}]},{\"@type\":\"WebSite\",\"@id\":\"https:\\\/\\\/special-olympics.be\\\/fr\\\/#website\",\"url\":\"https:\\\/\\\/special-olympics.be\\\/fr\\\/\",\"name\":\"Special Olympics\",\"description\":\"Special Olympics Belgium\",\"potentialAction\":[{\"@type\":\"SearchAction\",\"target\":{\"@type\":\"EntryPoint\",\"urlTemplate\":\"https:\\\/\\\/special-olympics.be\\\/fr\\\/?s={search_term_string}\"},\"query-input\":{\"@type\":\"PropertyValueSpecification\",\"valueRequired\":true,\"valueName\":\"search_term_string\"}}],\"inLanguage\":\"fr-FR\"}]}<\/script>\n<!-- \/ Yoast SEO plugin. -->","yoast_head_json":{"title":"Votre soutien, financier fait la diff\u00e9rence ! - Special Olympics","robots":{"index":"index","follow":"follow","max-snippet":"max-snippet:-1","max-image-preview":"max-image-preview:large","max-video-preview":"max-video-preview:-1"},"canonical":"https:\/\/special-olympics.be\/fr\/don\/","og_locale":"fr_FR","og_type":"article","og_title":"Votre soutien, financier fait la diff\u00e9rence ! - Special Olympics","og_description":"Vous aussi soutenez nos athl\u00e8tes et aidez-nous \u00e0 r\u00e9aliser leur r\u00eave Olympique! Gr\u00e2ce \u00e0 votre soutien... +","og_url":"https:\/\/special-olympics.be\/fr\/don\/","og_site_name":"Special Olympics","article_modified_time":"2026-02-26T01:08:11+00:00","og_image":[{"width":1600,"height":1067,"url":"https:\/\/special-olympics.be\/wp-content\/uploads\/2024\/01\/7G6A9378.jpg","type":"image\/jpeg"}],"twitter_card":"summary_large_image","twitter_misc":{"Dur\u00e9e de lecture estim\u00e9e":"3 minutes"},"schema":{"@context":"https:\/\/schema.org","@graph":[{"@type":"WebPage","@id":"https:\/\/special-olympics.be\/fr\/don\/","url":"https:\/\/special-olympics.be\/fr\/don\/","name":"Votre soutien, financier fait la diff\u00e9rence ! - Special Olympics","isPartOf":{"@id":"https:\/\/special-olympics.be\/fr\/#website"},"primaryImageOfPage":{"@id":"https:\/\/special-olympics.be\/fr\/don\/#primaryimage"},"image":{"@id":"https:\/\/special-olympics.be\/fr\/don\/#primaryimage"},"thumbnailUrl":"https:\/\/special-olympics.be\/wp-content\/uploads\/2024\/01\/7G6A9378.jpg","datePublished":"2024-01-10T09:50:42+00:00","dateModified":"2026-02-26T01:08:11+00:00","breadcrumb":{"@id":"https:\/\/special-olympics.be\/fr\/don\/#breadcrumb"},"inLanguage":"fr-FR","potentialAction":[{"@type":"ReadAction","target":["https:\/\/special-olympics.be\/fr\/don\/"]}]},{"@type":"ImageObject","inLanguage":"fr-FR","@id":"https:\/\/special-olympics.be\/fr\/don\/#primaryimage","url":"https:\/\/special-olympics.be\/wp-content\/uploads\/2024\/01\/7G6A9378.jpg","contentUrl":"https:\/\/special-olympics.be\/wp-content\/uploads\/2024\/01\/7G6A9378.jpg","width":1600,"height":1067},{"@type":"BreadcrumbList","@id":"https:\/\/special-olympics.be\/fr\/don\/#breadcrumb","itemListElement":[{"@type":"ListItem","position":1,"name":"Accueil","item":"https:\/\/special-olympics.be\/fr\/"},{"@type":"ListItem","position":2,"name":"Votre soutien, financier fait la diff\u00e9rence !"}]},{"@type":"WebSite","@id":"https:\/\/special-olympics.be\/fr\/#website","url":"https:\/\/special-olympics.be\/fr\/","name":"Special Olympics","description":"Special Olympics Belgium","potentialAction":[{"@type":"SearchAction","target":{"@type":"EntryPoint","urlTemplate":"https:\/\/special-olympics.be\/fr\/?s={search_term_string}"},"query-input":{"@type":"PropertyValueSpecification","valueRequired":true,"valueName":"search_term_string"}}],"inLanguage":"fr-FR"}]}},"_links":{"self":[{"href":"https:\/\/special-olympics.be\/fr\/wp-json\/wp\/v2\/pages\/4788","targetHints":{"allow":["GET"]}}],"collection":[{"href":"https:\/\/special-olympics.be\/fr\/wp-json\/wp\/v2\/pages"}],"about":[{"href":"https:\/\/special-olympics.be\/fr\/wp-json\/wp\/v2\/types\/page"}],"author":[{"embeddable":true,"href":"https:\/\/special-olympics.be\/fr\/wp-json\/wp\/v2\/users\/2"}],"replies":[{"embeddable":true,"href":"https:\/\/special-olympics.be\/fr\/wp-json\/wp\/v2\/comments?post=4788"}],"version-history":[{"count":15,"href":"https:\/\/special-olympics.be\/fr\/wp-json\/wp\/v2\/pages\/4788\/revisions"}],"predecessor-version":[{"id":8213,"href":"https:\/\/special-olympics.be\/fr\/wp-json\/wp\/v2\/pages\/4788\/revisions\/8213"}],"wp:featuredmedia":[{"embeddable":true,"href":"https:\/\/special-olympics.be\/fr\/wp-json\/wp\/v2\/media\/4792"}],"wp:attachment":[{"href":"https:\/\/special-olympics.be\/fr\/wp-json\/wp\/v2\/media?parent=4788"}],"wp:term":[{"taxonomy":"category","embeddable":true,"href":"https:\/\/special-olympics.be\/fr\/wp-json\/wp\/v2\/categories?post=4788"}],"curies":[{"name":"wp","href":"https:\/\/api.w.org\/{rel}","templated":true}]}}