{"id":4421,"date":"2023-08-29T11:22:50","date_gmt":"2023-08-29T09:22:50","guid":{"rendered":"https:\/\/special-olympics.be\/?page_id=4421"},"modified":"2023-08-29T11:25:54","modified_gmt":"2023-08-29T09:25:54","slug":"soutener-nos-athletes","status":"publish","type":"page","link":"https:\/\/special-olympics.be\/fr\/soutener-nos-athletes\/","title":{"rendered":"Soutener nos athl\u00e8tes"},"content":{"rendered":"\n<h2 class=\"wp-block-heading\" id=\"vous-aussi-soutenez-nos-athletes-et-aidez-nous-a-realiser-leur-reve-olympique-en-rejoignant-notre-committee-of-the-heart\">Soutenez nos nos athl\u00e8tes et aidez \u00e0 r\u00e9aliser leur r\u00eave olympique!<\/h2>\n\n\n\n<div class=\"wp-block-columns is-layout-flex wp-container-core-columns-is-layout-9d6595d7 wp-block-columns-is-layout-flex\">\n<div class=\"wp-block-column is-layout-flow wp-block-column-is-layout-flow\">\n<p>Jetez un coup d&rsquo;oeuil sur <a href=\"https:\/\/www.uningoapp.com\/np_profile?org=SOB&amp;lang=nl\">notre plateforme de dons<\/a> pour soutenir un de nos 20 000 athl\u00e8tes.<\/p>\n\n\n\n<p><strong>Votre aide financi\u00e8re, peut faire la diff\u00e9rence.&nbsp;&nbsp;<\/strong><\/p>\n\n\n\n<p>Pour chaque don de 40 \u20ac et plus, une r\u00e9duction d&rsquo;imp\u00f4t de 45% du montant du don s&rsquo;applique. \u00a0<br>Par exemple, un don de 100 \u20ac ne vous co\u00fbtera que 55 \u20ac, un don de 40 \u20ac seulement 22 \u20ac.\u00a0<\/p>\n\n\n\n<p>MERCI de tout c\u0153ur pour votre confiance et soutien.<\/p>\n\n\n\n<p>Pour plus d&rsquo;infos, veuillez nous contacter via: <a target=\"_blank\" rel=\"noreferrer noopener\">donation@specialolympics.be<\/a> &#8211; Tel : +32 2 774 24 40&nbsp;<\/p>\n<\/div>\n<\/div>\n","protected":false},"excerpt":{"rendered":"<p>Soutenez nos nos athl\u00e8tes et aidez \u00e0 r\u00e9aliser leur r\u00eave olympique! Jetez un coup d&rsquo;oeuil sur&#8230; <span class=\"moreLink\"><a href=\"https:\/\/special-olympics.be\/fr\/soutener-nos-athletes\/\">+<\/a><\/span><\/p>\n","protected":false},"author":2,"featured_media":4425,"parent":0,"menu_order":0,"comment_status":"closed","ping_status":"closed","template":"","meta":{"_acf_changed":false,"footnotes":""},"categories":[5],"class_list":["post-4421","page","type-page","status-publish","has-post-thumbnail","hentry","category-faire-partie-de-special-olympics"],"acf":[],"yoast_head":"<!-- This site is optimized with the Yoast SEO plugin v27.4 - https:\/\/yoast.com\/product\/yoast-seo-wordpress\/ -->\n<title>Soutener nos athl\u00e8tes - Special Olympics<\/title>\n<meta name=\"robots\" content=\"index, follow, max-snippet:-1, max-image-preview:large, max-video-preview:-1\" \/>\n<link rel=\"canonical\" href=\"https:\/\/special-olympics.be\/fr\/soutener-nos-athletes\/\" \/>\n<meta property=\"og:locale\" content=\"fr_FR\" \/>\n<meta property=\"og:type\" content=\"article\" \/>\n<meta property=\"og:title\" content=\"Soutener nos athl\u00e8tes - Special Olympics\" \/>\n<meta property=\"og:description\" content=\"Soutenez nos nos athl\u00e8tes et aidez \u00e0 r\u00e9aliser leur r\u00eave olympique! Jetez un coup d&rsquo;oeuil sur... +\" \/>\n<meta property=\"og:url\" content=\"https:\/\/special-olympics.be\/fr\/soutener-nos-athletes\/\" \/>\n<meta property=\"og:site_name\" content=\"Special Olympics\" \/>\n<meta property=\"article:modified_time\" content=\"2023-08-29T09:25:54+00:00\" \/>\n<meta property=\"og:image\" content=\"https:\/\/special-olympics.be\/wp-content\/uploads\/2023\/08\/MichaelMichiels_WG2023_230620_162-min.jpg\" \/>\n\t<meta property=\"og:image:width\" content=\"1600\" \/>\n\t<meta property=\"og:image:height\" content=\"1067\" \/>\n\t<meta property=\"og:image:type\" content=\"image\/jpeg\" \/>\n<meta name=\"twitter:card\" content=\"summary_large_image\" \/>\n<meta name=\"twitter:label1\" content=\"Dur\u00e9e de lecture estim\u00e9e\" \/>\n\t<meta name=\"twitter:data1\" content=\"1 minute\" \/>\n<script type=\"application\/ld+json\" class=\"yoast-schema-graph\">{\"@context\":\"https:\\\/\\\/schema.org\",\"@graph\":[{\"@type\":\"WebPage\",\"@id\":\"https:\\\/\\\/special-olympics.be\\\/fr\\\/soutener-nos-athletes\\\/\",\"url\":\"https:\\\/\\\/special-olympics.be\\\/fr\\\/soutener-nos-athletes\\\/\",\"name\":\"Soutener nos athl\u00e8tes - Special Olympics\",\"isPartOf\":{\"@id\":\"https:\\\/\\\/special-olympics.be\\\/fr\\\/#website\"},\"primaryImageOfPage\":{\"@id\":\"https:\\\/\\\/special-olympics.be\\\/fr\\\/soutener-nos-athletes\\\/#primaryimage\"},\"image\":{\"@id\":\"https:\\\/\\\/special-olympics.be\\\/fr\\\/soutener-nos-athletes\\\/#primaryimage\"},\"thumbnailUrl\":\"https:\\\/\\\/special-olympics.be\\\/wp-content\\\/uploads\\\/2023\\\/08\\\/MichaelMichiels_WG2023_230620_162-min.jpg\",\"datePublished\":\"2023-08-29T09:22:50+00:00\",\"dateModified\":\"2023-08-29T09:25:54+00:00\",\"breadcrumb\":{\"@id\":\"https:\\\/\\\/special-olympics.be\\\/fr\\\/soutener-nos-athletes\\\/#breadcrumb\"},\"inLanguage\":\"fr-FR\",\"potentialAction\":[{\"@type\":\"ReadAction\",\"target\":[\"https:\\\/\\\/special-olympics.be\\\/fr\\\/soutener-nos-athletes\\\/\"]}]},{\"@type\":\"ImageObject\",\"inLanguage\":\"fr-FR\",\"@id\":\"https:\\\/\\\/special-olympics.be\\\/fr\\\/soutener-nos-athletes\\\/#primaryimage\",\"url\":\"https:\\\/\\\/special-olympics.be\\\/wp-content\\\/uploads\\\/2023\\\/08\\\/MichaelMichiels_WG2023_230620_162-min.jpg\",\"contentUrl\":\"https:\\\/\\\/special-olympics.be\\\/wp-content\\\/uploads\\\/2023\\\/08\\\/MichaelMichiels_WG2023_230620_162-min.jpg\",\"width\":1600,\"height\":1067},{\"@type\":\"BreadcrumbList\",\"@id\":\"https:\\\/\\\/special-olympics.be\\\/fr\\\/soutener-nos-athletes\\\/#breadcrumb\",\"itemListElement\":[{\"@type\":\"ListItem\",\"position\":1,\"name\":\"Accueil\",\"item\":\"https:\\\/\\\/special-olympics.be\\\/fr\\\/\"},{\"@type\":\"ListItem\",\"position\":2,\"name\":\"Soutener nos athl\u00e8tes\"}]},{\"@type\":\"WebSite\",\"@id\":\"https:\\\/\\\/special-olympics.be\\\/fr\\\/#website\",\"url\":\"https:\\\/\\\/special-olympics.be\\\/fr\\\/\",\"name\":\"Special Olympics\",\"description\":\"Special Olympics Belgium\",\"potentialAction\":[{\"@type\":\"SearchAction\",\"target\":{\"@type\":\"EntryPoint\",\"urlTemplate\":\"https:\\\/\\\/special-olympics.be\\\/fr\\\/?s={search_term_string}\"},\"query-input\":{\"@type\":\"PropertyValueSpecification\",\"valueRequired\":true,\"valueName\":\"search_term_string\"}}],\"inLanguage\":\"fr-FR\"}]}<\/script>\n<!-- \/ Yoast SEO plugin. -->","yoast_head_json":{"title":"Soutener nos athl\u00e8tes - Special Olympics","robots":{"index":"index","follow":"follow","max-snippet":"max-snippet:-1","max-image-preview":"max-image-preview:large","max-video-preview":"max-video-preview:-1"},"canonical":"https:\/\/special-olympics.be\/fr\/soutener-nos-athletes\/","og_locale":"fr_FR","og_type":"article","og_title":"Soutener nos athl\u00e8tes - Special Olympics","og_description":"Soutenez nos nos athl\u00e8tes et aidez \u00e0 r\u00e9aliser leur r\u00eave olympique! Jetez un coup d&rsquo;oeuil sur... +","og_url":"https:\/\/special-olympics.be\/fr\/soutener-nos-athletes\/","og_site_name":"Special Olympics","article_modified_time":"2023-08-29T09:25:54+00:00","og_image":[{"width":1600,"height":1067,"url":"https:\/\/special-olympics.be\/wp-content\/uploads\/2023\/08\/MichaelMichiels_WG2023_230620_162-min.jpg","type":"image\/jpeg"}],"twitter_card":"summary_large_image","twitter_misc":{"Dur\u00e9e de lecture estim\u00e9e":"1 minute"},"schema":{"@context":"https:\/\/schema.org","@graph":[{"@type":"WebPage","@id":"https:\/\/special-olympics.be\/fr\/soutener-nos-athletes\/","url":"https:\/\/special-olympics.be\/fr\/soutener-nos-athletes\/","name":"Soutener nos athl\u00e8tes - Special Olympics","isPartOf":{"@id":"https:\/\/special-olympics.be\/fr\/#website"},"primaryImageOfPage":{"@id":"https:\/\/special-olympics.be\/fr\/soutener-nos-athletes\/#primaryimage"},"image":{"@id":"https:\/\/special-olympics.be\/fr\/soutener-nos-athletes\/#primaryimage"},"thumbnailUrl":"https:\/\/special-olympics.be\/wp-content\/uploads\/2023\/08\/MichaelMichiels_WG2023_230620_162-min.jpg","datePublished":"2023-08-29T09:22:50+00:00","dateModified":"2023-08-29T09:25:54+00:00","breadcrumb":{"@id":"https:\/\/special-olympics.be\/fr\/soutener-nos-athletes\/#breadcrumb"},"inLanguage":"fr-FR","potentialAction":[{"@type":"ReadAction","target":["https:\/\/special-olympics.be\/fr\/soutener-nos-athletes\/"]}]},{"@type":"ImageObject","inLanguage":"fr-FR","@id":"https:\/\/special-olympics.be\/fr\/soutener-nos-athletes\/#primaryimage","url":"https:\/\/special-olympics.be\/wp-content\/uploads\/2023\/08\/MichaelMichiels_WG2023_230620_162-min.jpg","contentUrl":"https:\/\/special-olympics.be\/wp-content\/uploads\/2023\/08\/MichaelMichiels_WG2023_230620_162-min.jpg","width":1600,"height":1067},{"@type":"BreadcrumbList","@id":"https:\/\/special-olympics.be\/fr\/soutener-nos-athletes\/#breadcrumb","itemListElement":[{"@type":"ListItem","position":1,"name":"Accueil","item":"https:\/\/special-olympics.be\/fr\/"},{"@type":"ListItem","position":2,"name":"Soutener nos athl\u00e8tes"}]},{"@type":"WebSite","@id":"https:\/\/special-olympics.be\/fr\/#website","url":"https:\/\/special-olympics.be\/fr\/","name":"Special Olympics","description":"Special Olympics Belgium","potentialAction":[{"@type":"SearchAction","target":{"@type":"EntryPoint","urlTemplate":"https:\/\/special-olympics.be\/fr\/?s={search_term_string}"},"query-input":{"@type":"PropertyValueSpecification","valueRequired":true,"valueName":"search_term_string"}}],"inLanguage":"fr-FR"}]}},"_links":{"self":[{"href":"https:\/\/special-olympics.be\/fr\/wp-json\/wp\/v2\/pages\/4421","targetHints":{"allow":["GET"]}}],"collection":[{"href":"https:\/\/special-olympics.be\/fr\/wp-json\/wp\/v2\/pages"}],"about":[{"href":"https:\/\/special-olympics.be\/fr\/wp-json\/wp\/v2\/types\/page"}],"author":[{"embeddable":true,"href":"https:\/\/special-olympics.be\/fr\/wp-json\/wp\/v2\/users\/2"}],"replies":[{"embeddable":true,"href":"https:\/\/special-olympics.be\/fr\/wp-json\/wp\/v2\/comments?post=4421"}],"version-history":[{"count":2,"href":"https:\/\/special-olympics.be\/fr\/wp-json\/wp\/v2\/pages\/4421\/revisions"}],"predecessor-version":[{"id":4431,"href":"https:\/\/special-olympics.be\/fr\/wp-json\/wp\/v2\/pages\/4421\/revisions\/4431"}],"wp:featuredmedia":[{"embeddable":true,"href":"https:\/\/special-olympics.be\/fr\/wp-json\/wp\/v2\/media\/4425"}],"wp:attachment":[{"href":"https:\/\/special-olympics.be\/fr\/wp-json\/wp\/v2\/media?parent=4421"}],"wp:term":[{"taxonomy":"category","embeddable":true,"href":"https:\/\/special-olympics.be\/fr\/wp-json\/wp\/v2\/categories?post=4421"}],"curies":[{"name":"wp","href":"https:\/\/api.w.org\/{rel}","templated":true}]}}