{"id":4393,"date":"2023-07-24T14:39:00","date_gmt":"2023-07-24T12:39:00","guid":{"rendered":"https:\/\/special-olympics.be\/?page_id=4393"},"modified":"2023-07-24T14:39:02","modified_gmt":"2023-07-24T12:39:02","slug":"nouveau-directeur","status":"publish","type":"page","link":"https:\/\/special-olympics.be\/fr\/nouveau-directeur\/","title":{"rendered":"Nouveau Directeur"},"content":{"rendered":"\n<div style=\"height:10px\" aria-hidden=\"true\" class=\"wp-block-spacer\"><\/div>\n\n\n\n<p class=\"has-vivid-red-color has-text-color\" style=\"font-size:26px\"><strong><strong>Dominique Dehaene nouveau Directeur Special Olympics Belgium<\/strong><\/strong><\/p>\n\n\n\n<p style=\"font-size:16px\">Dominique Dehaene a \u00e9t\u00e9 nomm\u00e9 Directeur de Special Olympics Belgium. Il poss\u00e8de une grande exp\u00e9rience dans le secteur public et priv\u00e9, o\u00f9 il a occup\u00e9 des postes dans les domaines de la communication, des affaires d&rsquo;entreprise et du d\u00e9veloppement d\u2019organisation. Il est actuellement Chief of Staff de Skeyes, l&rsquo;entreprise qui est responsable du contr\u00f4le du trafic a\u00e9rien.<\/p>\n\n\n\n<p style=\"font-size:16px\">Dominique est un sportif passionn\u00e9, fortement engag\u00e9 socialement ainsi qu\u2019impliqu\u00e9 dans les d\u00e9fis et les opportunit\u00e9s afin d\u2019am\u00e9liorer l&rsquo;inclusion des personnes ayant un handicap. Sa vision tourn\u00e9e vers l&rsquo;avenir, ses valeurs personnelles fortes et son orientation strat\u00e9gique contribueront sans aucun doute \u00e0 la poursuite du d\u00e9veloppement de Special Olympics en Belgique. Il entrera officiellement en fonction le 1er octobre.<\/p>\n\n\n\n<blockquote class=\"wp-block-quote has-small-font-size is-layout-flow wp-block-quote-is-layout-flow\">\n<p><em>\u00ab\u00a0J&rsquo;ai toujours cherch\u00e9 un sens, une valeur ajout\u00e9e sociale et une motivation dans mon travail et dans ma vie quotidienne. Special Olympics Belgium allie tout cela \u00e0 ma plus grande passion : le sport. Je me r\u00e9jouis \u00e9norm\u00e9ment de travailler avec l&rsquo;organisation, les athl\u00e8tes, leur environnement ainsi que les nombreux volontaires afin de continuer \u00e0 promouvoir et \u00e0 renforcer le sport pour les athl\u00e8tes ayant un handicap et ainsi, contribuer \u00e0 leur inclusion dans la soci\u00e9t\u00e9.\u00a0\u00bb<\/em> &#8211; Dominique Dehaene<\/p>\n<\/blockquote>\n\n\n\n<div style=\"height:10px\" aria-hidden=\"true\" class=\"wp-block-spacer\"><\/div>\n\n\n\n<figure class=\"wp-block-image size-full is-resized\"><img loading=\"lazy\" decoding=\"async\" src=\"https:\/\/special-olympics.be\/wp-content\/uploads\/2023\/07\/Dominique_Dehaene_SOB.jpeg\" alt=\"\" class=\"wp-image-4398\" width=\"359\" height=\"269\" srcset=\"https:\/\/special-olympics.be\/wp-content\/uploads\/2023\/07\/Dominique_Dehaene_SOB.jpeg 1024w, https:\/\/special-olympics.be\/wp-content\/uploads\/2023\/07\/Dominique_Dehaene_SOB-300x225.jpeg 300w, https:\/\/special-olympics.be\/wp-content\/uploads\/2023\/07\/Dominique_Dehaene_SOB-768x576.jpeg 768w\" sizes=\"auto, (max-width: 359px) 100vw, 359px\" \/><\/figure>\n","protected":false},"excerpt":{"rendered":"<p>Dominique Dehaene nouveau Directeur Special Olympics Belgium Dominique Dehaene a \u00e9t\u00e9 nomm\u00e9 Directeur de Special Olympics&#8230; <span class=\"moreLink\"><a href=\"https:\/\/special-olympics.be\/fr\/nouveau-directeur\/\">+<\/a><\/span><\/p>\n","protected":false},"author":2,"featured_media":0,"parent":0,"menu_order":0,"comment_status":"closed","ping_status":"closed","template":"","meta":{"_acf_changed":false,"footnotes":""},"categories":[],"class_list":["post-4393","page","type-page","status-publish","hentry"],"acf":[],"yoast_head":"<!-- This site is optimized with the Yoast SEO plugin v27.4 - https:\/\/yoast.com\/product\/yoast-seo-wordpress\/ -->\n<title>Nouveau Directeur - Special Olympics<\/title>\n<meta name=\"robots\" content=\"index, follow, max-snippet:-1, max-image-preview:large, max-video-preview:-1\" \/>\n<link rel=\"canonical\" href=\"https:\/\/special-olympics.be\/fr\/nouveau-directeur\/\" \/>\n<meta property=\"og:locale\" content=\"fr_FR\" \/>\n<meta property=\"og:type\" content=\"article\" \/>\n<meta property=\"og:title\" content=\"Nouveau Directeur - Special Olympics\" \/>\n<meta property=\"og:description\" content=\"Dominique Dehaene nouveau Directeur Special Olympics Belgium Dominique Dehaene a \u00e9t\u00e9 nomm\u00e9 Directeur de Special Olympics... +\" \/>\n<meta property=\"og:url\" content=\"https:\/\/special-olympics.be\/fr\/nouveau-directeur\/\" \/>\n<meta property=\"og:site_name\" content=\"Special Olympics\" \/>\n<meta property=\"article:modified_time\" content=\"2023-07-24T12:39:02+00:00\" \/>\n<meta property=\"og:image\" content=\"https:\/\/special-olympics.be\/wp-content\/uploads\/2023\/07\/Dominique_Dehaene_SOB.jpeg\" \/>\n<meta name=\"twitter:card\" content=\"summary_large_image\" \/>\n<meta name=\"twitter:label1\" content=\"Dur\u00e9e de lecture estim\u00e9e\" \/>\n\t<meta name=\"twitter:data1\" content=\"2 minutes\" \/>\n<script type=\"application\/ld+json\" class=\"yoast-schema-graph\">{\"@context\":\"https:\\\/\\\/schema.org\",\"@graph\":[{\"@type\":\"WebPage\",\"@id\":\"https:\\\/\\\/special-olympics.be\\\/fr\\\/nouveau-directeur\\\/\",\"url\":\"https:\\\/\\\/special-olympics.be\\\/fr\\\/nouveau-directeur\\\/\",\"name\":\"Nouveau Directeur - Special Olympics\",\"isPartOf\":{\"@id\":\"https:\\\/\\\/special-olympics.be\\\/fr\\\/#website\"},\"primaryImageOfPage\":{\"@id\":\"https:\\\/\\\/special-olympics.be\\\/fr\\\/nouveau-directeur\\\/#primaryimage\"},\"image\":{\"@id\":\"https:\\\/\\\/special-olympics.be\\\/fr\\\/nouveau-directeur\\\/#primaryimage\"},\"thumbnailUrl\":\"https:\\\/\\\/special-olympics.be\\\/wp-content\\\/uploads\\\/2023\\\/07\\\/Dominique_Dehaene_SOB.jpeg\",\"datePublished\":\"2023-07-24T12:39:00+00:00\",\"dateModified\":\"2023-07-24T12:39:02+00:00\",\"breadcrumb\":{\"@id\":\"https:\\\/\\\/special-olympics.be\\\/fr\\\/nouveau-directeur\\\/#breadcrumb\"},\"inLanguage\":\"fr-FR\",\"potentialAction\":[{\"@type\":\"ReadAction\",\"target\":[\"https:\\\/\\\/special-olympics.be\\\/fr\\\/nouveau-directeur\\\/\"]}]},{\"@type\":\"ImageObject\",\"inLanguage\":\"fr-FR\",\"@id\":\"https:\\\/\\\/special-olympics.be\\\/fr\\\/nouveau-directeur\\\/#primaryimage\",\"url\":\"https:\\\/\\\/special-olympics.be\\\/wp-content\\\/uploads\\\/2023\\\/07\\\/Dominique_Dehaene_SOB.jpeg\",\"contentUrl\":\"https:\\\/\\\/special-olympics.be\\\/wp-content\\\/uploads\\\/2023\\\/07\\\/Dominique_Dehaene_SOB.jpeg\"},{\"@type\":\"BreadcrumbList\",\"@id\":\"https:\\\/\\\/special-olympics.be\\\/fr\\\/nouveau-directeur\\\/#breadcrumb\",\"itemListElement\":[{\"@type\":\"ListItem\",\"position\":1,\"name\":\"Accueil\",\"item\":\"https:\\\/\\\/special-olympics.be\\\/fr\\\/\"},{\"@type\":\"ListItem\",\"position\":2,\"name\":\"Nouveau Directeur\"}]},{\"@type\":\"WebSite\",\"@id\":\"https:\\\/\\\/special-olympics.be\\\/fr\\\/#website\",\"url\":\"https:\\\/\\\/special-olympics.be\\\/fr\\\/\",\"name\":\"Special Olympics\",\"description\":\"Special Olympics Belgium\",\"potentialAction\":[{\"@type\":\"SearchAction\",\"target\":{\"@type\":\"EntryPoint\",\"urlTemplate\":\"https:\\\/\\\/special-olympics.be\\\/fr\\\/?s={search_term_string}\"},\"query-input\":{\"@type\":\"PropertyValueSpecification\",\"valueRequired\":true,\"valueName\":\"search_term_string\"}}],\"inLanguage\":\"fr-FR\"}]}<\/script>\n<!-- \/ Yoast SEO plugin. -->","yoast_head_json":{"title":"Nouveau Directeur - Special Olympics","robots":{"index":"index","follow":"follow","max-snippet":"max-snippet:-1","max-image-preview":"max-image-preview:large","max-video-preview":"max-video-preview:-1"},"canonical":"https:\/\/special-olympics.be\/fr\/nouveau-directeur\/","og_locale":"fr_FR","og_type":"article","og_title":"Nouveau Directeur - Special Olympics","og_description":"Dominique Dehaene nouveau Directeur Special Olympics Belgium Dominique Dehaene a \u00e9t\u00e9 nomm\u00e9 Directeur de Special Olympics... +","og_url":"https:\/\/special-olympics.be\/fr\/nouveau-directeur\/","og_site_name":"Special Olympics","article_modified_time":"2023-07-24T12:39:02+00:00","og_image":[{"url":"https:\/\/special-olympics.be\/wp-content\/uploads\/2023\/07\/Dominique_Dehaene_SOB.jpeg","type":"","width":"","height":""}],"twitter_card":"summary_large_image","twitter_misc":{"Dur\u00e9e de lecture estim\u00e9e":"2 minutes"},"schema":{"@context":"https:\/\/schema.org","@graph":[{"@type":"WebPage","@id":"https:\/\/special-olympics.be\/fr\/nouveau-directeur\/","url":"https:\/\/special-olympics.be\/fr\/nouveau-directeur\/","name":"Nouveau Directeur - Special Olympics","isPartOf":{"@id":"https:\/\/special-olympics.be\/fr\/#website"},"primaryImageOfPage":{"@id":"https:\/\/special-olympics.be\/fr\/nouveau-directeur\/#primaryimage"},"image":{"@id":"https:\/\/special-olympics.be\/fr\/nouveau-directeur\/#primaryimage"},"thumbnailUrl":"https:\/\/special-olympics.be\/wp-content\/uploads\/2023\/07\/Dominique_Dehaene_SOB.jpeg","datePublished":"2023-07-24T12:39:00+00:00","dateModified":"2023-07-24T12:39:02+00:00","breadcrumb":{"@id":"https:\/\/special-olympics.be\/fr\/nouveau-directeur\/#breadcrumb"},"inLanguage":"fr-FR","potentialAction":[{"@type":"ReadAction","target":["https:\/\/special-olympics.be\/fr\/nouveau-directeur\/"]}]},{"@type":"ImageObject","inLanguage":"fr-FR","@id":"https:\/\/special-olympics.be\/fr\/nouveau-directeur\/#primaryimage","url":"https:\/\/special-olympics.be\/wp-content\/uploads\/2023\/07\/Dominique_Dehaene_SOB.jpeg","contentUrl":"https:\/\/special-olympics.be\/wp-content\/uploads\/2023\/07\/Dominique_Dehaene_SOB.jpeg"},{"@type":"BreadcrumbList","@id":"https:\/\/special-olympics.be\/fr\/nouveau-directeur\/#breadcrumb","itemListElement":[{"@type":"ListItem","position":1,"name":"Accueil","item":"https:\/\/special-olympics.be\/fr\/"},{"@type":"ListItem","position":2,"name":"Nouveau Directeur"}]},{"@type":"WebSite","@id":"https:\/\/special-olympics.be\/fr\/#website","url":"https:\/\/special-olympics.be\/fr\/","name":"Special Olympics","description":"Special Olympics Belgium","potentialAction":[{"@type":"SearchAction","target":{"@type":"EntryPoint","urlTemplate":"https:\/\/special-olympics.be\/fr\/?s={search_term_string}"},"query-input":{"@type":"PropertyValueSpecification","valueRequired":true,"valueName":"search_term_string"}}],"inLanguage":"fr-FR"}]}},"_links":{"self":[{"href":"https:\/\/special-olympics.be\/fr\/wp-json\/wp\/v2\/pages\/4393","targetHints":{"allow":["GET"]}}],"collection":[{"href":"https:\/\/special-olympics.be\/fr\/wp-json\/wp\/v2\/pages"}],"about":[{"href":"https:\/\/special-olympics.be\/fr\/wp-json\/wp\/v2\/types\/page"}],"author":[{"embeddable":true,"href":"https:\/\/special-olympics.be\/fr\/wp-json\/wp\/v2\/users\/2"}],"replies":[{"embeddable":true,"href":"https:\/\/special-olympics.be\/fr\/wp-json\/wp\/v2\/comments?post=4393"}],"version-history":[{"count":2,"href":"https:\/\/special-olympics.be\/fr\/wp-json\/wp\/v2\/pages\/4393\/revisions"}],"predecessor-version":[{"id":4405,"href":"https:\/\/special-olympics.be\/fr\/wp-json\/wp\/v2\/pages\/4393\/revisions\/4405"}],"wp:attachment":[{"href":"https:\/\/special-olympics.be\/fr\/wp-json\/wp\/v2\/media?parent=4393"}],"wp:term":[{"taxonomy":"category","embeddable":true,"href":"https:\/\/special-olympics.be\/fr\/wp-json\/wp\/v2\/categories?post=4393"}],"curies":[{"name":"wp","href":"https:\/\/api.w.org\/{rel}","templated":true}]}}