{"id":251,"date":"2021-08-10T13:43:34","date_gmt":"2021-08-10T11:43:34","guid":{"rendered":"https:\/\/dev.special-olympics.be\/?page_id=251"},"modified":"2022-08-24T10:32:07","modified_gmt":"2022-08-24T08:32:07","slug":"candidature-spontanee","status":"publish","type":"page","link":"https:\/\/special-olympics.be\/fr\/candidature-spontanee\/","title":{"rendered":"Candidature spontan\u00e9e"},"content":{"rendered":"\n<div class=\"wpcf7 no-js\" id=\"wpcf7-f250-o1\" lang=\"fr-FR\" dir=\"ltr\" data-wpcf7-id=\"250\">\n<div class=\"screen-reader-response\"><p role=\"status\" aria-live=\"polite\" aria-atomic=\"true\"><\/p> <ul><\/ul><\/div>\n<form action=\"\/fr\/wp-json\/wp\/v2\/pages\/251#wpcf7-f250-o1\" method=\"post\" class=\"wpcf7-form init\" aria-label=\"Formulaire de contact\" enctype=\"multipart\/form-data\" novalidate=\"novalidate\" data-status=\"init\">\n<fieldset class=\"hidden-fields-container\"><input type=\"hidden\" name=\"_wpcf7\" value=\"250\" \/><input type=\"hidden\" name=\"_wpcf7_version\" value=\"6.1.5\" \/><input type=\"hidden\" name=\"_wpcf7_locale\" value=\"fr_FR\" \/><input type=\"hidden\" name=\"_wpcf7_unit_tag\" value=\"wpcf7-f250-o1\" \/><input type=\"hidden\" name=\"_wpcf7_container_post\" value=\"0\" \/><input type=\"hidden\" name=\"_wpcf7_posted_data_hash\" value=\"\" \/><input type=\"hidden\" name=\"_wpcf7_recaptcha_response\" value=\"\" \/>\n<\/fieldset>\n<p><label>Type de candidature<\/label><br \/>\n<span class=\"wpcf7-form-control-wrap\" data-name=\"votre-choix\"><span class=\"wpcf7-form-control wpcf7-checkbox\"><span class=\"wpcf7-list-item first\"><input type=\"checkbox\" name=\"votre-choix[]\" value=\"Candidature pour un stage\" \/><span class=\"wpcf7-list-item-label\">Candidature pour un stage<\/span><\/span><span class=\"wpcf7-list-item last\"><input type=\"checkbox\" name=\"votre-choix[]\" value=\"Candidature pour un emploi\" \/><span class=\"wpcf7-list-item-label\">Candidature pour un emploi<\/span><\/span><\/span><\/span>\n<\/p>\n<p><label>Votre pr\u00e9nom<\/label><br \/>\n<span class=\"wpcf7-form-control-wrap\" data-name=\"votre-prenom\"><input size=\"40\" maxlength=\"400\" class=\"wpcf7-form-control wpcf7-text wpcf7-validates-as-required\" aria-required=\"true\" aria-invalid=\"false\" value=\"\" type=\"text\" name=\"votre-prenom\" \/><\/span>\n<\/p>\n<p><label>Votre nom<\/label><br \/>\n<span class=\"wpcf7-form-control-wrap\" data-name=\"votre-nom\"><input size=\"40\" maxlength=\"400\" class=\"wpcf7-form-control wpcf7-text wpcf7-validates-as-required\" aria-required=\"true\" aria-invalid=\"false\" value=\"\" type=\"text\" name=\"votre-nom\" \/><\/span>\n<\/p>\n<p><label>Votre adresse e-mail<\/label><br \/>\n<span class=\"wpcf7-form-control-wrap\" data-name=\"votre-mail\"><input size=\"40\" maxlength=\"400\" class=\"wpcf7-form-control wpcf7-email wpcf7-validates-as-required wpcf7-text wpcf7-validates-as-email\" aria-required=\"true\" aria-invalid=\"false\" value=\"\" type=\"email\" name=\"votre-mail\" \/><\/span>\n<\/p>\n<p><label>Votre num\u00e9ro de t\u00e9l\u00e9phone<\/label><br \/>\n<span class=\"wpcf7-form-control-wrap\" data-name=\"votre-tel\"><input size=\"40\" maxlength=\"400\" class=\"wpcf7-form-control wpcf7-tel wpcf7-validates-as-required wpcf7-text wpcf7-validates-as-tel\" aria-required=\"true\" aria-invalid=\"false\" value=\"\" type=\"tel\" name=\"votre-tel\" \/><\/span>\n<\/p>\n<p><label>Votre message (facultatif)<\/label><br \/>\n<span class=\"wpcf7-form-control-wrap\" data-name=\"votre-message\"><textarea cols=\"40\" rows=\"10\" maxlength=\"2000\" class=\"wpcf7-form-control wpcf7-textarea\" aria-invalid=\"false\" name=\"votre-message\"><\/textarea><\/span>\n<\/p>\n<p><label>Votre CV au format PDF<\/label><br \/>\n<span class=\"wpcf7-form-control-wrap\" data-name=\"votre-cv\"><input size=\"40\" class=\"wpcf7-form-control wpcf7-file wpcf7-validates-as-required\" accept=\".pdf\" aria-required=\"true\" aria-invalid=\"false\" type=\"file\" name=\"votre-cv\" \/><\/span>\n<\/p>\n<p><label>Votre Lettre de motivation au format PDF<\/label><br \/>\n<span class=\"wpcf7-form-control-wrap\" data-name=\"votre-lettre\"><input size=\"40\" class=\"wpcf7-form-control wpcf7-file\" accept=\".pdf\" aria-invalid=\"false\" type=\"file\" name=\"votre-lettre\" \/><\/span>\n<\/p>\n<p><input class=\"wpcf7-form-control wpcf7-submit has-spinner buttForm\" type=\"submit\" value=\"Envoyer\" \/>\n<\/p><div class=\"wpcf7-response-output\" aria-hidden=\"true\"><\/div>\n<\/form>\n<\/div>\n\n","protected":false},"excerpt":{"rendered":"","protected":false},"author":2,"featured_media":0,"parent":0,"menu_order":0,"comment_status":"closed","ping_status":"closed","template":"","meta":{"_acf_changed":false,"footnotes":""},"categories":[],"class_list":["post-251","page","type-page","status-publish","hentry"],"acf":[],"yoast_head":"<!-- This site is optimized with the Yoast SEO plugin v27.3 - https:\/\/yoast.com\/product\/yoast-seo-wordpress\/ -->\n<title>Candidature spontan\u00e9e - Special Olympics<\/title>\n<meta name=\"robots\" content=\"index, follow, max-snippet:-1, max-image-preview:large, max-video-preview:-1\" \/>\n<link rel=\"canonical\" href=\"https:\/\/special-olympics.be\/fr\/candidature-spontanee\/\" \/>\n<meta property=\"og:locale\" content=\"fr_FR\" \/>\n<meta property=\"og:type\" content=\"article\" \/>\n<meta property=\"og:title\" content=\"Candidature spontan\u00e9e - Special Olympics\" \/>\n<meta property=\"og:url\" content=\"https:\/\/special-olympics.be\/fr\/candidature-spontanee\/\" \/>\n<meta property=\"og:site_name\" content=\"Special Olympics\" \/>\n<meta property=\"article:modified_time\" content=\"2022-08-24T08:32:07+00:00\" \/>\n<meta property=\"og:image\" content=\"https:\/\/special-olympics.be\/wp-content\/uploads\/2022\/06\/SOB_fb-image.jpg\" \/>\n\t<meta property=\"og:image:width\" content=\"1200\" \/>\n\t<meta property=\"og:image:height\" content=\"630\" \/>\n\t<meta property=\"og:image:type\" content=\"image\/jpeg\" \/>\n<meta name=\"twitter:card\" content=\"summary_large_image\" \/>\n<script type=\"application\/ld+json\" class=\"yoast-schema-graph\">{\"@context\":\"https:\\\/\\\/schema.org\",\"@graph\":[{\"@type\":\"WebPage\",\"@id\":\"https:\\\/\\\/special-olympics.be\\\/fr\\\/candidature-spontanee\\\/\",\"url\":\"https:\\\/\\\/special-olympics.be\\\/fr\\\/candidature-spontanee\\\/\",\"name\":\"Candidature spontan\u00e9e - Special Olympics\",\"isPartOf\":{\"@id\":\"https:\\\/\\\/special-olympics.be\\\/fr\\\/#website\"},\"datePublished\":\"2021-08-10T11:43:34+00:00\",\"dateModified\":\"2022-08-24T08:32:07+00:00\",\"breadcrumb\":{\"@id\":\"https:\\\/\\\/special-olympics.be\\\/fr\\\/candidature-spontanee\\\/#breadcrumb\"},\"inLanguage\":\"fr-FR\",\"potentialAction\":[{\"@type\":\"ReadAction\",\"target\":[\"https:\\\/\\\/special-olympics.be\\\/fr\\\/candidature-spontanee\\\/\"]}]},{\"@type\":\"BreadcrumbList\",\"@id\":\"https:\\\/\\\/special-olympics.be\\\/fr\\\/candidature-spontanee\\\/#breadcrumb\",\"itemListElement\":[{\"@type\":\"ListItem\",\"position\":1,\"name\":\"Accueil\",\"item\":\"https:\\\/\\\/special-olympics.be\\\/fr\\\/\"},{\"@type\":\"ListItem\",\"position\":2,\"name\":\"Candidature spontan\u00e9e\"}]},{\"@type\":\"WebSite\",\"@id\":\"https:\\\/\\\/special-olympics.be\\\/fr\\\/#website\",\"url\":\"https:\\\/\\\/special-olympics.be\\\/fr\\\/\",\"name\":\"Special Olympics\",\"description\":\"Special Olympics Belgium\",\"potentialAction\":[{\"@type\":\"SearchAction\",\"target\":{\"@type\":\"EntryPoint\",\"urlTemplate\":\"https:\\\/\\\/special-olympics.be\\\/fr\\\/?s={search_term_string}\"},\"query-input\":{\"@type\":\"PropertyValueSpecification\",\"valueRequired\":true,\"valueName\":\"search_term_string\"}}],\"inLanguage\":\"fr-FR\"}]}<\/script>\n<!-- \/ Yoast SEO plugin. -->","yoast_head_json":{"title":"Candidature spontan\u00e9e - Special Olympics","robots":{"index":"index","follow":"follow","max-snippet":"max-snippet:-1","max-image-preview":"max-image-preview:large","max-video-preview":"max-video-preview:-1"},"canonical":"https:\/\/special-olympics.be\/fr\/candidature-spontanee\/","og_locale":"fr_FR","og_type":"article","og_title":"Candidature spontan\u00e9e - Special Olympics","og_url":"https:\/\/special-olympics.be\/fr\/candidature-spontanee\/","og_site_name":"Special Olympics","article_modified_time":"2022-08-24T08:32:07+00:00","og_image":[{"width":1200,"height":630,"url":"https:\/\/special-olympics.be\/wp-content\/uploads\/2022\/06\/SOB_fb-image.jpg","type":"image\/jpeg"}],"twitter_card":"summary_large_image","schema":{"@context":"https:\/\/schema.org","@graph":[{"@type":"WebPage","@id":"https:\/\/special-olympics.be\/fr\/candidature-spontanee\/","url":"https:\/\/special-olympics.be\/fr\/candidature-spontanee\/","name":"Candidature spontan\u00e9e - Special Olympics","isPartOf":{"@id":"https:\/\/special-olympics.be\/fr\/#website"},"datePublished":"2021-08-10T11:43:34+00:00","dateModified":"2022-08-24T08:32:07+00:00","breadcrumb":{"@id":"https:\/\/special-olympics.be\/fr\/candidature-spontanee\/#breadcrumb"},"inLanguage":"fr-FR","potentialAction":[{"@type":"ReadAction","target":["https:\/\/special-olympics.be\/fr\/candidature-spontanee\/"]}]},{"@type":"BreadcrumbList","@id":"https:\/\/special-olympics.be\/fr\/candidature-spontanee\/#breadcrumb","itemListElement":[{"@type":"ListItem","position":1,"name":"Accueil","item":"https:\/\/special-olympics.be\/fr\/"},{"@type":"ListItem","position":2,"name":"Candidature spontan\u00e9e"}]},{"@type":"WebSite","@id":"https:\/\/special-olympics.be\/fr\/#website","url":"https:\/\/special-olympics.be\/fr\/","name":"Special Olympics","description":"Special Olympics Belgium","potentialAction":[{"@type":"SearchAction","target":{"@type":"EntryPoint","urlTemplate":"https:\/\/special-olympics.be\/fr\/?s={search_term_string}"},"query-input":{"@type":"PropertyValueSpecification","valueRequired":true,"valueName":"search_term_string"}}],"inLanguage":"fr-FR"}]}},"_links":{"self":[{"href":"https:\/\/special-olympics.be\/fr\/wp-json\/wp\/v2\/pages\/251","targetHints":{"allow":["GET"]}}],"collection":[{"href":"https:\/\/special-olympics.be\/fr\/wp-json\/wp\/v2\/pages"}],"about":[{"href":"https:\/\/special-olympics.be\/fr\/wp-json\/wp\/v2\/types\/page"}],"author":[{"embeddable":true,"href":"https:\/\/special-olympics.be\/fr\/wp-json\/wp\/v2\/users\/2"}],"replies":[{"embeddable":true,"href":"https:\/\/special-olympics.be\/fr\/wp-json\/wp\/v2\/comments?post=251"}],"version-history":[{"count":3,"href":"https:\/\/special-olympics.be\/fr\/wp-json\/wp\/v2\/pages\/251\/revisions"}],"predecessor-version":[{"id":2963,"href":"https:\/\/special-olympics.be\/fr\/wp-json\/wp\/v2\/pages\/251\/revisions\/2963"}],"wp:attachment":[{"href":"https:\/\/special-olympics.be\/fr\/wp-json\/wp\/v2\/media?parent=251"}],"wp:term":[{"taxonomy":"category","embeddable":true,"href":"https:\/\/special-olympics.be\/fr\/wp-json\/wp\/v2\/categories?post=251"}],"curies":[{"name":"wp","href":"https:\/\/api.w.org\/{rel}","templated":true}]}}