{"id":216,"date":"2021-06-18T11:11:09","date_gmt":"2021-06-18T09:11:09","guid":{"rendered":"https:\/\/dev.special-olympics.be\/?page_id=216"},"modified":"2022-09-07T15:30:21","modified_gmt":"2022-09-07T13:30:21","slug":"f-a-q-questions-frequentes","status":"publish","type":"page","link":"https:\/\/special-olympics.be\/fr\/a-propos\/f-a-q-questions-frequentes\/","title":{"rendered":"F.A.Q. (Questions Fr\u00e9quentes)"},"content":{"rendered":"\n<div class=\"wp-block-pb-accordion-item c-accordion__item js-accordion-item no-js\" data-initially-open=\"false\" data-click-to-close=\"true\" data-auto-close=\"true\" data-scroll=\"false\" data-scroll-offset=\"0\"><h3 id=\"at-2160\" class=\"c-accordion__title js-accordion-controller\" role=\"button\">Qu\u2019est-ce que Special Olympics ?&nbsp;&nbsp;<\/h3><div id=\"ac-2160\" class=\"c-accordion__content\">\n<p>Notre mouvement fut cr\u00e9\u00e9 en 1968 avec comme mission de favoriser l\u2019inclusion des personnes ayant un handicap mental dans la soci\u00e9t\u00e9 par le biais du sport. Special Olympics est reconnu par le Comit\u00e9 Olympique International, et rassemble plus de 5,5 millions d\u2019athl\u00e8tes dans plus de 200 pays, dont la Belgique. Tous les deux ans sont organis\u00e9s des Jeux Mondiaux (alternativement en hiver et en \u00e9t\u00e9).\u00a0Les pays membres proposent \u00e9galement des Jeux Nationaux organis\u00e9s par le comit\u00e9 Special Olympics local.\u00a0\u00a0<\/p>\n\n\n\n<p>&nbsp;<br><strong>Special Olympics Belgium<\/strong> est la branche belge du mouvement global Special Olympics. Notre pays compte une communaut\u00e9 de 20 000 athl\u00e8tes et 11 000 volontaires. Nous organisons des Jeux Nationaux chaque ann\u00e9e, une \u00e9dition en \u00e9t\u00e9 (16-20 disciplines), et une en hiver (4 disciplines).&nbsp;&nbsp;<\/p>\n<\/div><\/div>\n\n\n\n<div class=\"wp-block-pb-accordion-item c-accordion__item js-accordion-item no-js\" data-initially-open=\"false\" data-click-to-close=\"true\" data-auto-close=\"true\" data-scroll=\"false\" data-scroll-offset=\"0\"><h3 id=\"at-2161\" class=\"c-accordion__title js-accordion-controller\" role=\"button\">En quoi sommes-nous diff\u00e9rents des Paralympiques ?&nbsp;<\/h3><div id=\"ac-2161\" class=\"c-accordion__content\">\n<ul class=\"wp-block-list\"><li>Special Olympics est une <strong>structure priv\u00e9e <\/strong>cr\u00e9\u00e9e en 1968, reconnue par le CIO, qui organise tous les 2 ans des Jeux Mondiaux qui mettent en comp\u00e9tition ses diff\u00e9rents pays membres. Les athl\u00e8tes sont des sportifs ayant un <strong>handicap mental<\/strong> et participent <strong>sans aucun crit\u00e8re de niveau.<\/strong>\u00a0<br>\u00a0\u00a0<\/li><li>Le mouvement Paralympique existe depuis 1960, organise des Jeux Olympiques dont les crit\u00e8res sont fix\u00e9s par le Comit\u00e9 Paralympique international, et dont les \u00e9preuves sont ouvertes tant aux personnes ayant un <strong>handicap physique<\/strong> qu\u2019un handicap <strong>mental.<\/strong> Tout comme aux Jeux Olympiques, les athl\u00e8tes de haut niveau qui se qualifient pour les Jeux Paralympiques doivent r\u00e9pondre \u00e0 des <strong>crit\u00e8res de s\u00e9lection pr\u00e9cis.<\/strong>\u00a0<\/li><\/ul>\n<\/div><\/div>\n\n\n\n<div class=\"wp-block-pb-accordion-item c-accordion__item js-accordion-item no-js\" data-initially-open=\"false\" data-click-to-close=\"true\" data-auto-close=\"true\" data-scroll=\"false\" data-scroll-offset=\"0\"><h3 id=\"at-2162\" class=\"c-accordion__title js-accordion-controller\" role=\"button\">Quelles sont les conditions pour devenir athl\u00e8te Special Olympics ?<\/h3><div id=\"ac-2162\" class=\"c-accordion__content\">\n<p>Notre communaut\u00e9 s\u2019adresse aux athl\u00e8tes ayant un <strong>handicap mental <\/strong>qui veulent participer \u00e0 des comp\u00e9titions de leur propre niveau, et qui <strong>font partie d\u2019un club<\/strong> o\u00f9 ils <strong>s\u2019entrainent r\u00e9guli\u00e8rement<\/strong>. Il peut s\u2019agir d\u2019un club handisport, mais aussi du club sportif de votre centre de jour ou de votre \u00e9cole. <\/p>\n<\/div><\/div>\n\n\n\n<div class=\"wp-block-pb-accordion-item c-accordion__item js-accordion-item no-js\" data-initially-open=\"false\" data-click-to-close=\"true\" data-auto-close=\"true\" data-scroll=\"false\" data-scroll-offset=\"0\"><h3 id=\"at-2163\" class=\"c-accordion__title js-accordion-controller\" role=\"button\">Est-ce que mes dons sont d\u00e9ductibles fiscalement\u202f?<\/h3><div id=\"ac-2163\" class=\"c-accordion__content\">\n<p>En tant qu\u2019organisation du secteur associatif, vos dons sont d\u00e9ductibles \u00e0 hauteur de 45%. Un don de 40 euros ne vous en co\u00fbte donc que 22\u202fapr\u00e8s d\u00e9duction fiscale.\u00a0<\/p>\n\n\n\n<p>Gr\u00e2ce \u00e0 vous, l\u2019inattendu peut d\u00e9sormais devenir r\u00e9alit\u00e9\u202f!\u00a0<\/p>\n<\/div><\/div>\n\n\n\n<div class=\"wp-block-pb-accordion-item c-accordion__item js-accordion-item no-js\" data-initially-open=\"false\" data-click-to-close=\"true\" data-auto-close=\"true\" data-scroll=\"false\" data-scroll-offset=\"0\"><h3 id=\"at-2164\" class=\"c-accordion__title js-accordion-controller\" role=\"button\">Comment devenir volontaire\u202f?&nbsp;&nbsp;<\/h3><div id=\"ac-2164\" class=\"c-accordion__content\">\n<p>Vous aussi, vous pouvez rejoindre notre communaut\u00e9 de 11 000 volontaires et investir votre talent dans notre mouvement, que ce soit pour une journ\u00e9e ou une ann\u00e9e ! <a href=\"https:\/\/special-olympics.be\/fr\/faites-partie-de-special-olympics\/volontaire\/\">Contactez notre responsable ici <\/a>!<\/p>\n<\/div><\/div>\n\n\n\n<div class=\"wp-block-pb-accordion-item c-accordion__item js-accordion-item no-js\" data-initially-open=\"false\" data-click-to-close=\"true\" data-auto-close=\"true\" data-scroll=\"false\" data-scroll-offset=\"0\"><h3 id=\"at-2165\" class=\"c-accordion__title js-accordion-controller\" role=\"button\">Comment inscrire mon club\u202f?&nbsp;<\/h3><div id=\"ac-2165\" class=\"c-accordion__content\">\n<p>Inscrivez votre club \u00e0 notre mouvement ! Il suffit d&rsquo;avoir un an d&rsquo;anciennet\u00e9, d&rsquo;entra\u00eener r\u00e9guli\u00e8rement au moins 5 membres dans la cat\u00e9gorie \u00ab\u00a0handicap mental\u00a0\u00bb et d&rsquo;avoir suffisamment d&rsquo;accompagnateurs form\u00e9s. Gr\u00e2ce \u00e0 Special Olympics, vous aurez acc\u00e8s aux Jeux Nationaux, aux d\u00e9l\u00e9gations pour des \u00e9v\u00e9nements internationaux, \u00e0 un soutien local et \u00e0 une assistance pour le d\u00e9veloppement de divers programmes non sportifs.<br><\/p>\n\n\n\n<p>Un aper\u00e7u complet des conditions d&rsquo;entr\u00e9e et de ce que Special Olympics peut faire pour votre club est disponible <a href=\"https:\/\/special-olympics.be\/fr\/faites-partie-de-special-olympics\/club\/\">ici<\/a>.<\/p>\n<\/div><\/div>\n\n\n\n<div class=\"wp-block-pb-accordion-item c-accordion__item js-accordion-item no-js\" data-initially-open=\"false\" data-click-to-close=\"true\" data-auto-close=\"true\" data-scroll=\"false\" data-scroll-offset=\"0\"><h3 id=\"at-2166\" class=\"c-accordion__title js-accordion-controller\" role=\"button\">Comment savoir quels \u00e9v\u00e8nements sont organis\u00e9s\u202f?&nbsp;<\/h3><div id=\"ac-2166\" class=\"c-accordion__content\">\n<p>Nous tenons notre calendrier \u00e0 jour. Vous pouvez \u00e9galement nous suivre sur les m\u00e9dias sociaux, o\u00f9 nous vous tenons au courant de nos \u00e9v\u00e9nements et de nos actualit\u00e9s. Vous aussi, vous pouvez diffuser notre message pour un monde plus inclusif et solidaire !\u202f<\/p>\n<\/div><\/div>\n\n\n\n<div class=\"wp-block-pb-accordion-item c-accordion__item js-accordion-item no-js\" data-initially-open=\"false\" data-click-to-close=\"true\" data-auto-close=\"true\" data-scroll=\"false\" data-scroll-offset=\"0\"><h3 id=\"at-2167\" class=\"c-accordion__title js-accordion-controller\" role=\"button\">Comment suivre Special Olympics sur les r\u00e9seaux sociaux ?&nbsp;&nbsp;<\/h3><div id=\"ac-2167\" class=\"c-accordion__content\">\n<p><strong>Via nos comptes :&nbsp;<\/strong><\/p>\n\n\n\n<p><strong>Instagram<\/strong>:  <a rel=\"noreferrer noopener\" href=\"https:\/\/www.instagram.com\/sobelgium\/?hl=fr\" target=\"_blank\">https:\/\/www.instagram.com\/sobelgium<\/a>\/<\/p>\n\n\n\n<p><strong>Facebook<\/strong>: <a href=\"https:\/\/fr-fr.facebook.com\/SpecialOlympicsBelgium\/\" target=\"_blank\" rel=\"noreferrer noopener\">https:\/\/fr-fr.facebook.com\/SpecialOlympicsBelgium\/&nbsp;<\/a><\/p>\n\n\n\n<p><strong>LinkedIn<\/strong>: <a href=\"https:\/\/be.linkedin.com\/company\/special-olympics-belgium\" target=\"_blank\" rel=\"noreferrer noopener\">https:\/\/be.linkedin.com\/company\/special-olympics-belgium<\/a>&nbsp;<\/p>\n\n\n\n<p><strong>Twitter: <\/strong><a href=\"https:\/\/twitter.com\/SOBelgium\">https:\/\/twitter.com\/SOBelgium<\/a><\/p>\n\n\n\n<p><strong>YouTube:<\/strong> <a href=\"https:\/\/www.youtube.com\/channel\/UCNLoO7GvSrC7wKQ3lShsT_g\">https:\/\/www.youtube.com\/channel\/UCNLoO7GvSrC7wKQ3lShsT_g<\/a><\/p>\n<\/div><\/div>\n\n\n\n<h2 class=\"wp-block-heading\" id=\"voir-aussi\">Voir aussi<\/h2>\n\n\n  \n\n<div class=\"gridCatPosts\">\n\n<!-- the loop -->\n\n    \n<div class=\"gridCatItem\" id=\"post-214\" style=\"background-image: url(https:\/\/special-olympics.be\/wp-content\/uploads\/2022\/03\/vcbQkQhq-1024x768.jpg)\">\n<div class=\"gridCatInner\">\n<a href=\"https:\/\/special-olympics.be\/fr\/a-propos\/contact\/\">\n<span>Contact<\/span>\n<\/a>\n<\/div><!-- .gridCatInner -->\n<\/div><!-- .gridCatItem -->\n\n\n\n    \n<div class=\"gridCatItem\" id=\"post-210\" style=\"background-image: url(https:\/\/special-olympics.be\/wp-content\/uploads\/2022\/02\/\u00a9GerbrandVanUytvanck_WSGAbuDhabi2019_SpecialOlympicsBelgium_140319_104-1024x768.jpg)\">\n<div class=\"gridCatInner\">\n<a href=\"https:\/\/special-olympics.be\/fr\/a-propos\/presse\/\">\n<span>Presse<\/span>\n<\/a>\n<\/div><!-- .gridCatInner -->\n<\/div><!-- .gridCatItem -->\n\n\n\n    \n<div class=\"gridCatItem\" id=\"post-206\" style=\"background-image: url(https:\/\/special-olympics.be\/wp-content\/uploads\/2022\/02\/\u00a9GerbrandVanUytvanck_WSGAbuDhabi2019_SpecialOlympicsBelgium_140319_102-1024x768.jpg)\">\n<div class=\"gridCatInner\">\n<a href=\"https:\/\/special-olympics.be\/fr\/a-propos\/organisation\/\">\n<span>Organisation<\/span>\n<\/a>\n<\/div><!-- .gridCatInner -->\n<\/div><!-- .gridCatItem -->\n\n\n\n    \n<div class=\"gridCatItem\" id=\"post-208\" style=\"background-image: url(https:\/\/special-olympics.be\/wp-content\/uploads\/2022\/02\/GerbrandVanUytvanck_WSGAbuDhabi2019_SpecialOlympicsBelgium_190319_056-1024x768.jpg)\">\n<div class=\"gridCatInner\">\n<a href=\"https:\/\/special-olympics.be\/fr\/a-propos\/notre-equipe\/\">\n<span>Notre \u00e9quipe<\/span>\n<\/a>\n<\/div><!-- .gridCatInner -->\n<\/div><!-- .gridCatItem -->\n\n\n<!-- end of the loop -->\n\n\n<\/div><!-- .gridCatPosts -->\n","protected":false},"excerpt":{"rendered":"<p>Voir aussi<\/p>\n","protected":false},"author":2,"featured_media":1165,"parent":204,"menu_order":0,"comment_status":"closed","ping_status":"closed","template":"","meta":{"_acf_changed":false,"footnotes":""},"categories":[6],"class_list":["post-216","page","type-page","status-publish","has-post-thumbnail","hentry","category-a-propos"],"acf":[],"yoast_head":"<!-- This site is optimized with the Yoast SEO plugin v27.3 - https:\/\/yoast.com\/product\/yoast-seo-wordpress\/ -->\n<title>F.A.Q. (Questions Fr\u00e9quentes) - Special Olympics<\/title>\n<meta name=\"robots\" content=\"index, follow, max-snippet:-1, max-image-preview:large, max-video-preview:-1\" \/>\n<link rel=\"canonical\" href=\"https:\/\/special-olympics.be\/fr\/a-propos\/f-a-q-questions-frequentes\/\" \/>\n<meta property=\"og:locale\" content=\"fr_FR\" \/>\n<meta property=\"og:type\" content=\"article\" \/>\n<meta property=\"og:title\" content=\"F.A.Q. (Questions Fr\u00e9quentes) - Special Olympics\" \/>\n<meta property=\"og:description\" content=\"Voir aussi\" \/>\n<meta property=\"og:url\" content=\"https:\/\/special-olympics.be\/fr\/a-propos\/f-a-q-questions-frequentes\/\" \/>\n<meta property=\"og:site_name\" content=\"Special Olympics\" \/>\n<meta property=\"article:modified_time\" content=\"2022-09-07T13:30:21+00:00\" \/>\n<meta property=\"og:image\" content=\"https:\/\/special-olympics.be\/wp-content\/uploads\/2022\/02\/\u00a9GerbrandVanUytvanck_WSGAbuDhabi2019_SpecialOlympicsBelgium_140319_109.jpg\" \/>\n\t<meta property=\"og:image:width\" content=\"1600\" \/>\n\t<meta property=\"og:image:height\" content=\"1067\" \/>\n\t<meta property=\"og:image:type\" content=\"image\/jpeg\" \/>\n<meta name=\"twitter:card\" content=\"summary_large_image\" \/>\n<meta name=\"twitter:label1\" content=\"Dur\u00e9e de lecture estim\u00e9e\" \/>\n\t<meta name=\"twitter:data1\" content=\"3 minutes\" \/>\n<script type=\"application\/ld+json\" class=\"yoast-schema-graph\">{\"@context\":\"https:\\\/\\\/schema.org\",\"@graph\":[{\"@type\":\"WebPage\",\"@id\":\"https:\\\/\\\/special-olympics.be\\\/fr\\\/a-propos\\\/f-a-q-questions-frequentes\\\/\",\"url\":\"https:\\\/\\\/special-olympics.be\\\/fr\\\/a-propos\\\/f-a-q-questions-frequentes\\\/\",\"name\":\"F.A.Q. (Questions Fr\u00e9quentes) - Special Olympics\",\"isPartOf\":{\"@id\":\"https:\\\/\\\/special-olympics.be\\\/fr\\\/#website\"},\"primaryImageOfPage\":{\"@id\":\"https:\\\/\\\/special-olympics.be\\\/fr\\\/a-propos\\\/f-a-q-questions-frequentes\\\/#primaryimage\"},\"image\":{\"@id\":\"https:\\\/\\\/special-olympics.be\\\/fr\\\/a-propos\\\/f-a-q-questions-frequentes\\\/#primaryimage\"},\"thumbnailUrl\":\"https:\\\/\\\/special-olympics.be\\\/wp-content\\\/uploads\\\/2022\\\/02\\\/\u00a9GerbrandVanUytvanck_WSGAbuDhabi2019_SpecialOlympicsBelgium_140319_109.jpg\",\"datePublished\":\"2021-06-18T09:11:09+00:00\",\"dateModified\":\"2022-09-07T13:30:21+00:00\",\"breadcrumb\":{\"@id\":\"https:\\\/\\\/special-olympics.be\\\/fr\\\/a-propos\\\/f-a-q-questions-frequentes\\\/#breadcrumb\"},\"inLanguage\":\"fr-FR\",\"potentialAction\":[{\"@type\":\"ReadAction\",\"target\":[\"https:\\\/\\\/special-olympics.be\\\/fr\\\/a-propos\\\/f-a-q-questions-frequentes\\\/\"]}]},{\"@type\":\"ImageObject\",\"inLanguage\":\"fr-FR\",\"@id\":\"https:\\\/\\\/special-olympics.be\\\/fr\\\/a-propos\\\/f-a-q-questions-frequentes\\\/#primaryimage\",\"url\":\"https:\\\/\\\/special-olympics.be\\\/wp-content\\\/uploads\\\/2022\\\/02\\\/\u00a9GerbrandVanUytvanck_WSGAbuDhabi2019_SpecialOlympicsBelgium_140319_109.jpg\",\"contentUrl\":\"https:\\\/\\\/special-olympics.be\\\/wp-content\\\/uploads\\\/2022\\\/02\\\/\u00a9GerbrandVanUytvanck_WSGAbuDhabi2019_SpecialOlympicsBelgium_140319_109.jpg\",\"width\":1600,\"height\":1067},{\"@type\":\"BreadcrumbList\",\"@id\":\"https:\\\/\\\/special-olympics.be\\\/fr\\\/a-propos\\\/f-a-q-questions-frequentes\\\/#breadcrumb\",\"itemListElement\":[{\"@type\":\"ListItem\",\"position\":1,\"name\":\"Accueil\",\"item\":\"https:\\\/\\\/special-olympics.be\\\/fr\\\/\"},{\"@type\":\"ListItem\",\"position\":2,\"name\":\"A propos\",\"item\":\"https:\\\/\\\/special-olympics.be\\\/fr\\\/a-propos\\\/\"},{\"@type\":\"ListItem\",\"position\":3,\"name\":\"F.A.Q. (Questions Fr\u00e9quentes)\"}]},{\"@type\":\"WebSite\",\"@id\":\"https:\\\/\\\/special-olympics.be\\\/fr\\\/#website\",\"url\":\"https:\\\/\\\/special-olympics.be\\\/fr\\\/\",\"name\":\"Special Olympics\",\"description\":\"Special Olympics Belgium\",\"potentialAction\":[{\"@type\":\"SearchAction\",\"target\":{\"@type\":\"EntryPoint\",\"urlTemplate\":\"https:\\\/\\\/special-olympics.be\\\/fr\\\/?s={search_term_string}\"},\"query-input\":{\"@type\":\"PropertyValueSpecification\",\"valueRequired\":true,\"valueName\":\"search_term_string\"}}],\"inLanguage\":\"fr-FR\"}]}<\/script>\n<!-- \/ Yoast SEO plugin. -->","yoast_head_json":{"title":"F.A.Q. (Questions Fr\u00e9quentes) - Special Olympics","robots":{"index":"index","follow":"follow","max-snippet":"max-snippet:-1","max-image-preview":"max-image-preview:large","max-video-preview":"max-video-preview:-1"},"canonical":"https:\/\/special-olympics.be\/fr\/a-propos\/f-a-q-questions-frequentes\/","og_locale":"fr_FR","og_type":"article","og_title":"F.A.Q. (Questions Fr\u00e9quentes) - Special Olympics","og_description":"Voir aussi","og_url":"https:\/\/special-olympics.be\/fr\/a-propos\/f-a-q-questions-frequentes\/","og_site_name":"Special Olympics","article_modified_time":"2022-09-07T13:30:21+00:00","og_image":[{"width":1600,"height":1067,"url":"https:\/\/special-olympics.be\/wp-content\/uploads\/2022\/02\/\u00a9GerbrandVanUytvanck_WSGAbuDhabi2019_SpecialOlympicsBelgium_140319_109.jpg","type":"image\/jpeg"}],"twitter_card":"summary_large_image","twitter_misc":{"Dur\u00e9e de lecture estim\u00e9e":"3 minutes"},"schema":{"@context":"https:\/\/schema.org","@graph":[{"@type":"WebPage","@id":"https:\/\/special-olympics.be\/fr\/a-propos\/f-a-q-questions-frequentes\/","url":"https:\/\/special-olympics.be\/fr\/a-propos\/f-a-q-questions-frequentes\/","name":"F.A.Q. (Questions Fr\u00e9quentes) - Special Olympics","isPartOf":{"@id":"https:\/\/special-olympics.be\/fr\/#website"},"primaryImageOfPage":{"@id":"https:\/\/special-olympics.be\/fr\/a-propos\/f-a-q-questions-frequentes\/#primaryimage"},"image":{"@id":"https:\/\/special-olympics.be\/fr\/a-propos\/f-a-q-questions-frequentes\/#primaryimage"},"thumbnailUrl":"https:\/\/special-olympics.be\/wp-content\/uploads\/2022\/02\/\u00a9GerbrandVanUytvanck_WSGAbuDhabi2019_SpecialOlympicsBelgium_140319_109.jpg","datePublished":"2021-06-18T09:11:09+00:00","dateModified":"2022-09-07T13:30:21+00:00","breadcrumb":{"@id":"https:\/\/special-olympics.be\/fr\/a-propos\/f-a-q-questions-frequentes\/#breadcrumb"},"inLanguage":"fr-FR","potentialAction":[{"@type":"ReadAction","target":["https:\/\/special-olympics.be\/fr\/a-propos\/f-a-q-questions-frequentes\/"]}]},{"@type":"ImageObject","inLanguage":"fr-FR","@id":"https:\/\/special-olympics.be\/fr\/a-propos\/f-a-q-questions-frequentes\/#primaryimage","url":"https:\/\/special-olympics.be\/wp-content\/uploads\/2022\/02\/\u00a9GerbrandVanUytvanck_WSGAbuDhabi2019_SpecialOlympicsBelgium_140319_109.jpg","contentUrl":"https:\/\/special-olympics.be\/wp-content\/uploads\/2022\/02\/\u00a9GerbrandVanUytvanck_WSGAbuDhabi2019_SpecialOlympicsBelgium_140319_109.jpg","width":1600,"height":1067},{"@type":"BreadcrumbList","@id":"https:\/\/special-olympics.be\/fr\/a-propos\/f-a-q-questions-frequentes\/#breadcrumb","itemListElement":[{"@type":"ListItem","position":1,"name":"Accueil","item":"https:\/\/special-olympics.be\/fr\/"},{"@type":"ListItem","position":2,"name":"A propos","item":"https:\/\/special-olympics.be\/fr\/a-propos\/"},{"@type":"ListItem","position":3,"name":"F.A.Q. (Questions Fr\u00e9quentes)"}]},{"@type":"WebSite","@id":"https:\/\/special-olympics.be\/fr\/#website","url":"https:\/\/special-olympics.be\/fr\/","name":"Special Olympics","description":"Special Olympics Belgium","potentialAction":[{"@type":"SearchAction","target":{"@type":"EntryPoint","urlTemplate":"https:\/\/special-olympics.be\/fr\/?s={search_term_string}"},"query-input":{"@type":"PropertyValueSpecification","valueRequired":true,"valueName":"search_term_string"}}],"inLanguage":"fr-FR"}]}},"_links":{"self":[{"href":"https:\/\/special-olympics.be\/fr\/wp-json\/wp\/v2\/pages\/216","targetHints":{"allow":["GET"]}}],"collection":[{"href":"https:\/\/special-olympics.be\/fr\/wp-json\/wp\/v2\/pages"}],"about":[{"href":"https:\/\/special-olympics.be\/fr\/wp-json\/wp\/v2\/types\/page"}],"author":[{"embeddable":true,"href":"https:\/\/special-olympics.be\/fr\/wp-json\/wp\/v2\/users\/2"}],"replies":[{"embeddable":true,"href":"https:\/\/special-olympics.be\/fr\/wp-json\/wp\/v2\/comments?post=216"}],"version-history":[{"count":15,"href":"https:\/\/special-olympics.be\/fr\/wp-json\/wp\/v2\/pages\/216\/revisions"}],"predecessor-version":[{"id":3448,"href":"https:\/\/special-olympics.be\/fr\/wp-json\/wp\/v2\/pages\/216\/revisions\/3448"}],"up":[{"embeddable":true,"href":"https:\/\/special-olympics.be\/fr\/wp-json\/wp\/v2\/pages\/204"}],"wp:featuredmedia":[{"embeddable":true,"href":"https:\/\/special-olympics.be\/fr\/wp-json\/wp\/v2\/media\/1165"}],"wp:attachment":[{"href":"https:\/\/special-olympics.be\/fr\/wp-json\/wp\/v2\/media?parent=216"}],"wp:term":[{"taxonomy":"category","embeddable":true,"href":"https:\/\/special-olympics.be\/fr\/wp-json\/wp\/v2\/categories?post=216"}],"curies":[{"name":"wp","href":"https:\/\/api.w.org\/{rel}","templated":true}]}}