{"id":206,"date":"2021-06-18T11:09:01","date_gmt":"2021-06-18T09:09:01","guid":{"rendered":"https:\/\/dev.special-olympics.be\/?page_id=206"},"modified":"2022-06-17T14:43:01","modified_gmt":"2022-06-17T12:43:01","slug":"organisation","status":"publish","type":"page","link":"https:\/\/special-olympics.be\/fr\/a-propos\/organisation\/","title":{"rendered":"Organisation"},"content":{"rendered":"\n<p>Changer la vie des personnes ayant un handicap mental gr\u00e2ce au sport et favoriser leur inclusion sociale. Voil\u00e0 la mission de&nbsp;Special&nbsp;Olympics&nbsp;depuis sa cr\u00e9ation en 1968 par Eunice Kennedy Shriver, aux Etats-Unis.&nbsp;&nbsp;<\/p>\n\n\n\n<p>Et l\u2019on peut dire que \u00e7a marche ! Depuis lors,\u00a0Special\u00a0Olympics\u00a0est devenu un mouvement international actif dans 193 pays, comptant plus de 5,5 millions d\u2019athl\u00e8tes ayant un handicap mental\u00a0participant \u00e0 des entra\u00eenements sportifs adapt\u00e9s et \u00e0 des comp\u00e9titions de sports de type olympique, et participant au\u00a0Healthy\u00a0Athletes\u00a0Program et bien plus encore.\u00a0\u00a0<\/p>\n\n\n\n<p>Special&nbsp;Olympics&nbsp;Belgium&nbsp;compte&nbsp;aujourd&rsquo;hui&nbsp;plus de&nbsp;20.000&nbsp;athl\u00e8tes&nbsp;qui&nbsp;peuvent&nbsp;r\u00e9aliser&nbsp;leurs&nbsp;r\u00eaves&nbsp;olympiques&nbsp;gr\u00e2ce&nbsp;au soutien&nbsp;de&nbsp;nos&nbsp;nombreux&nbsp;partenaires, sponsors,&nbsp;m\u00e9c\u00e8nes, donateurs et volontaires.&nbsp;<\/p>\n\n\n\n<p>D\u2019ici&nbsp;2024, Special&nbsp;Olympics&nbsp;Belgium&nbsp;a pour&nbsp;ambition&nbsp;de&nbsp;devenir&nbsp;acteur de changement pour&nbsp;une&nbsp;soci\u00e9t\u00e9&nbsp;plus&nbsp;inclisuve&nbsp;dans&nbsp;laquelle&nbsp;les&nbsp;personnes&nbsp;ayant&nbsp;un&nbsp;handicap&nbsp;mental&nbsp;joue&nbsp;un&nbsp;r\u00f4le&nbsp;actif. Le sport, la sant\u00e9 et&nbsp;l\u2019enseignement&nbsp;resteront&nbsp;au coeur de&nbsp;nos&nbsp;d\u00e9marches&nbsp;que&nbsp;nous&nbsp;mettront&nbsp;en&nbsp;place&nbsp;au sein des&nbsp;villes&nbsp;et communes.&nbsp;Ainsi,&nbsp;nous&nbsp;pourrons&nbsp;am\u00e9liorer&nbsp;la&nbsp;vie&nbsp;des 165.000 citoyens&nbsp;belges&nbsp;ayant&nbsp;un&nbsp;handicap&nbsp;mental.&nbsp;<\/p>\n\n\n\n<h2 class=\"wp-block-heading\" id=\"voir-aussi\">Voir aussi<\/h2>\n\n\n  \n\n<div class=\"gridCatPosts\">\n\n<!-- the loop -->\n\n    \n<div class=\"gridCatItem\" id=\"post-208\" style=\"background-image: url(https:\/\/special-olympics.be\/wp-content\/uploads\/2022\/02\/GerbrandVanUytvanck_WSGAbuDhabi2019_SpecialOlympicsBelgium_190319_056-1024x768.jpg)\">\n<div class=\"gridCatInner\">\n<a href=\"https:\/\/special-olympics.be\/fr\/a-propos\/notre-equipe\/\">\n<span>Notre \u00e9quipe<\/span>\n<\/a>\n<\/div><!-- .gridCatInner -->\n<\/div><!-- .gridCatItem -->\n\n\n\n    \n<div class=\"gridCatItem\" id=\"post-214\" style=\"background-image: url(https:\/\/special-olympics.be\/wp-content\/uploads\/2022\/03\/vcbQkQhq-1024x768.jpg)\">\n<div class=\"gridCatInner\">\n<a href=\"https:\/\/special-olympics.be\/fr\/a-propos\/contact\/\">\n<span>Contact<\/span>\n<\/a>\n<\/div><!-- .gridCatInner -->\n<\/div><!-- .gridCatItem -->\n\n\n\n    \n<div class=\"gridCatItem\" id=\"post-216\" style=\"background-image: url(https:\/\/special-olympics.be\/wp-content\/uploads\/2022\/02\/\u00a9GerbrandVanUytvanck_WSGAbuDhabi2019_SpecialOlympicsBelgium_140319_109-1024x768.jpg)\">\n<div class=\"gridCatInner\">\n<a href=\"https:\/\/special-olympics.be\/fr\/a-propos\/f-a-q-questions-frequentes\/\">\n<span>F.A.Q. (Questions Fr\u00e9quentes)<\/span>\n<\/a>\n<\/div><!-- .gridCatInner -->\n<\/div><!-- .gridCatItem -->\n\n\n\n    \n<div class=\"gridCatItem\" id=\"post-210\" style=\"background-image: url(https:\/\/special-olympics.be\/wp-content\/uploads\/2022\/02\/\u00a9GerbrandVanUytvanck_WSGAbuDhabi2019_SpecialOlympicsBelgium_140319_104-1024x768.jpg)\">\n<div class=\"gridCatInner\">\n<a href=\"https:\/\/special-olympics.be\/fr\/a-propos\/presse\/\">\n<span>Presse<\/span>\n<\/a>\n<\/div><!-- .gridCatInner -->\n<\/div><!-- .gridCatItem -->\n\n\n<!-- end of the loop -->\n\n\n<\/div><!-- .gridCatPosts -->\n","protected":false},"excerpt":{"rendered":"<p>Changer la vie des personnes ayant un handicap mental gr\u00e2ce au sport et favoriser leur inclusion&#8230; <span class=\"moreLink\"><a href=\"https:\/\/special-olympics.be\/fr\/a-propos\/organisation\/\">+<\/a><\/span><\/p>\n","protected":false},"author":2,"featured_media":1155,"parent":204,"menu_order":0,"comment_status":"closed","ping_status":"closed","template":"","meta":{"_acf_changed":false,"footnotes":""},"categories":[6],"class_list":["post-206","page","type-page","status-publish","has-post-thumbnail","hentry","category-a-propos"],"acf":[],"yoast_head":"<!-- This site is optimized with the Yoast SEO plugin v27.4 - https:\/\/yoast.com\/product\/yoast-seo-wordpress\/ -->\n<title>Organisation - Special Olympics<\/title>\n<meta name=\"robots\" content=\"index, follow, max-snippet:-1, max-image-preview:large, max-video-preview:-1\" \/>\n<link rel=\"canonical\" href=\"https:\/\/special-olympics.be\/fr\/a-propos\/organisation\/\" \/>\n<meta property=\"og:locale\" content=\"fr_FR\" \/>\n<meta property=\"og:type\" content=\"article\" \/>\n<meta property=\"og:title\" content=\"Organisation - Special Olympics\" \/>\n<meta property=\"og:description\" content=\"Changer la vie des personnes ayant un handicap mental gr\u00e2ce au sport et favoriser leur inclusion... +\" \/>\n<meta property=\"og:url\" content=\"https:\/\/special-olympics.be\/fr\/a-propos\/organisation\/\" \/>\n<meta property=\"og:site_name\" content=\"Special Olympics\" \/>\n<meta property=\"article:modified_time\" content=\"2022-06-17T12:43:01+00:00\" \/>\n<meta property=\"og:image\" content=\"https:\/\/special-olympics.be\/wp-content\/uploads\/2022\/02\/\u00a9GerbrandVanUytvanck_WSGAbuDhabi2019_SpecialOlympicsBelgium_140319_102.jpg\" \/>\n\t<meta property=\"og:image:width\" content=\"1600\" \/>\n\t<meta property=\"og:image:height\" content=\"1067\" \/>\n\t<meta property=\"og:image:type\" content=\"image\/jpeg\" \/>\n<meta name=\"twitter:card\" content=\"summary_large_image\" \/>\n<meta name=\"twitter:label1\" content=\"Dur\u00e9e de lecture estim\u00e9e\" \/>\n\t<meta name=\"twitter:data1\" content=\"1 minute\" \/>\n<script type=\"application\/ld+json\" class=\"yoast-schema-graph\">{\"@context\":\"https:\\\/\\\/schema.org\",\"@graph\":[{\"@type\":\"WebPage\",\"@id\":\"https:\\\/\\\/special-olympics.be\\\/fr\\\/a-propos\\\/organisation\\\/\",\"url\":\"https:\\\/\\\/special-olympics.be\\\/fr\\\/a-propos\\\/organisation\\\/\",\"name\":\"Organisation - Special Olympics\",\"isPartOf\":{\"@id\":\"https:\\\/\\\/special-olympics.be\\\/fr\\\/#website\"},\"primaryImageOfPage\":{\"@id\":\"https:\\\/\\\/special-olympics.be\\\/fr\\\/a-propos\\\/organisation\\\/#primaryimage\"},\"image\":{\"@id\":\"https:\\\/\\\/special-olympics.be\\\/fr\\\/a-propos\\\/organisation\\\/#primaryimage\"},\"thumbnailUrl\":\"https:\\\/\\\/special-olympics.be\\\/wp-content\\\/uploads\\\/2022\\\/02\\\/\u00a9GerbrandVanUytvanck_WSGAbuDhabi2019_SpecialOlympicsBelgium_140319_102.jpg\",\"datePublished\":\"2021-06-18T09:09:01+00:00\",\"dateModified\":\"2022-06-17T12:43:01+00:00\",\"breadcrumb\":{\"@id\":\"https:\\\/\\\/special-olympics.be\\\/fr\\\/a-propos\\\/organisation\\\/#breadcrumb\"},\"inLanguage\":\"fr-FR\",\"potentialAction\":[{\"@type\":\"ReadAction\",\"target\":[\"https:\\\/\\\/special-olympics.be\\\/fr\\\/a-propos\\\/organisation\\\/\"]}]},{\"@type\":\"ImageObject\",\"inLanguage\":\"fr-FR\",\"@id\":\"https:\\\/\\\/special-olympics.be\\\/fr\\\/a-propos\\\/organisation\\\/#primaryimage\",\"url\":\"https:\\\/\\\/special-olympics.be\\\/wp-content\\\/uploads\\\/2022\\\/02\\\/\u00a9GerbrandVanUytvanck_WSGAbuDhabi2019_SpecialOlympicsBelgium_140319_102.jpg\",\"contentUrl\":\"https:\\\/\\\/special-olympics.be\\\/wp-content\\\/uploads\\\/2022\\\/02\\\/\u00a9GerbrandVanUytvanck_WSGAbuDhabi2019_SpecialOlympicsBelgium_140319_102.jpg\",\"width\":1600,\"height\":1067},{\"@type\":\"BreadcrumbList\",\"@id\":\"https:\\\/\\\/special-olympics.be\\\/fr\\\/a-propos\\\/organisation\\\/#breadcrumb\",\"itemListElement\":[{\"@type\":\"ListItem\",\"position\":1,\"name\":\"Accueil\",\"item\":\"https:\\\/\\\/special-olympics.be\\\/fr\\\/\"},{\"@type\":\"ListItem\",\"position\":2,\"name\":\"A propos\",\"item\":\"https:\\\/\\\/special-olympics.be\\\/fr\\\/a-propos\\\/\"},{\"@type\":\"ListItem\",\"position\":3,\"name\":\"Organisation\"}]},{\"@type\":\"WebSite\",\"@id\":\"https:\\\/\\\/special-olympics.be\\\/fr\\\/#website\",\"url\":\"https:\\\/\\\/special-olympics.be\\\/fr\\\/\",\"name\":\"Special Olympics\",\"description\":\"Special Olympics Belgium\",\"potentialAction\":[{\"@type\":\"SearchAction\",\"target\":{\"@type\":\"EntryPoint\",\"urlTemplate\":\"https:\\\/\\\/special-olympics.be\\\/fr\\\/?s={search_term_string}\"},\"query-input\":{\"@type\":\"PropertyValueSpecification\",\"valueRequired\":true,\"valueName\":\"search_term_string\"}}],\"inLanguage\":\"fr-FR\"}]}<\/script>\n<!-- \/ Yoast SEO plugin. -->","yoast_head_json":{"title":"Organisation - Special Olympics","robots":{"index":"index","follow":"follow","max-snippet":"max-snippet:-1","max-image-preview":"max-image-preview:large","max-video-preview":"max-video-preview:-1"},"canonical":"https:\/\/special-olympics.be\/fr\/a-propos\/organisation\/","og_locale":"fr_FR","og_type":"article","og_title":"Organisation - Special Olympics","og_description":"Changer la vie des personnes ayant un handicap mental gr\u00e2ce au sport et favoriser leur inclusion... +","og_url":"https:\/\/special-olympics.be\/fr\/a-propos\/organisation\/","og_site_name":"Special Olympics","article_modified_time":"2022-06-17T12:43:01+00:00","og_image":[{"width":1600,"height":1067,"url":"https:\/\/special-olympics.be\/wp-content\/uploads\/2022\/02\/\u00a9GerbrandVanUytvanck_WSGAbuDhabi2019_SpecialOlympicsBelgium_140319_102.jpg","type":"image\/jpeg"}],"twitter_card":"summary_large_image","twitter_misc":{"Dur\u00e9e de lecture estim\u00e9e":"1 minute"},"schema":{"@context":"https:\/\/schema.org","@graph":[{"@type":"WebPage","@id":"https:\/\/special-olympics.be\/fr\/a-propos\/organisation\/","url":"https:\/\/special-olympics.be\/fr\/a-propos\/organisation\/","name":"Organisation - Special Olympics","isPartOf":{"@id":"https:\/\/special-olympics.be\/fr\/#website"},"primaryImageOfPage":{"@id":"https:\/\/special-olympics.be\/fr\/a-propos\/organisation\/#primaryimage"},"image":{"@id":"https:\/\/special-olympics.be\/fr\/a-propos\/organisation\/#primaryimage"},"thumbnailUrl":"https:\/\/special-olympics.be\/wp-content\/uploads\/2022\/02\/\u00a9GerbrandVanUytvanck_WSGAbuDhabi2019_SpecialOlympicsBelgium_140319_102.jpg","datePublished":"2021-06-18T09:09:01+00:00","dateModified":"2022-06-17T12:43:01+00:00","breadcrumb":{"@id":"https:\/\/special-olympics.be\/fr\/a-propos\/organisation\/#breadcrumb"},"inLanguage":"fr-FR","potentialAction":[{"@type":"ReadAction","target":["https:\/\/special-olympics.be\/fr\/a-propos\/organisation\/"]}]},{"@type":"ImageObject","inLanguage":"fr-FR","@id":"https:\/\/special-olympics.be\/fr\/a-propos\/organisation\/#primaryimage","url":"https:\/\/special-olympics.be\/wp-content\/uploads\/2022\/02\/\u00a9GerbrandVanUytvanck_WSGAbuDhabi2019_SpecialOlympicsBelgium_140319_102.jpg","contentUrl":"https:\/\/special-olympics.be\/wp-content\/uploads\/2022\/02\/\u00a9GerbrandVanUytvanck_WSGAbuDhabi2019_SpecialOlympicsBelgium_140319_102.jpg","width":1600,"height":1067},{"@type":"BreadcrumbList","@id":"https:\/\/special-olympics.be\/fr\/a-propos\/organisation\/#breadcrumb","itemListElement":[{"@type":"ListItem","position":1,"name":"Accueil","item":"https:\/\/special-olympics.be\/fr\/"},{"@type":"ListItem","position":2,"name":"A propos","item":"https:\/\/special-olympics.be\/fr\/a-propos\/"},{"@type":"ListItem","position":3,"name":"Organisation"}]},{"@type":"WebSite","@id":"https:\/\/special-olympics.be\/fr\/#website","url":"https:\/\/special-olympics.be\/fr\/","name":"Special Olympics","description":"Special Olympics Belgium","potentialAction":[{"@type":"SearchAction","target":{"@type":"EntryPoint","urlTemplate":"https:\/\/special-olympics.be\/fr\/?s={search_term_string}"},"query-input":{"@type":"PropertyValueSpecification","valueRequired":true,"valueName":"search_term_string"}}],"inLanguage":"fr-FR"}]}},"_links":{"self":[{"href":"https:\/\/special-olympics.be\/fr\/wp-json\/wp\/v2\/pages\/206","targetHints":{"allow":["GET"]}}],"collection":[{"href":"https:\/\/special-olympics.be\/fr\/wp-json\/wp\/v2\/pages"}],"about":[{"href":"https:\/\/special-olympics.be\/fr\/wp-json\/wp\/v2\/types\/page"}],"author":[{"embeddable":true,"href":"https:\/\/special-olympics.be\/fr\/wp-json\/wp\/v2\/users\/2"}],"replies":[{"embeddable":true,"href":"https:\/\/special-olympics.be\/fr\/wp-json\/wp\/v2\/comments?post=206"}],"version-history":[{"count":9,"href":"https:\/\/special-olympics.be\/fr\/wp-json\/wp\/v2\/pages\/206\/revisions"}],"predecessor-version":[{"id":1904,"href":"https:\/\/special-olympics.be\/fr\/wp-json\/wp\/v2\/pages\/206\/revisions\/1904"}],"up":[{"embeddable":true,"href":"https:\/\/special-olympics.be\/fr\/wp-json\/wp\/v2\/pages\/204"}],"wp:featuredmedia":[{"embeddable":true,"href":"https:\/\/special-olympics.be\/fr\/wp-json\/wp\/v2\/media\/1155"}],"wp:attachment":[{"href":"https:\/\/special-olympics.be\/fr\/wp-json\/wp\/v2\/media?parent=206"}],"wp:term":[{"taxonomy":"category","embeddable":true,"href":"https:\/\/special-olympics.be\/fr\/wp-json\/wp\/v2\/categories?post=206"}],"curies":[{"name":"wp","href":"https:\/\/api.w.org\/{rel}","templated":true}]}}