{"id":179,"date":"2021-06-18T10:30:43","date_gmt":"2021-06-18T08:30:43","guid":{"rendered":"https:\/\/dev.special-olympics.be\/?page_id=179"},"modified":"2026-03-11T11:40:54","modified_gmt":"2026-03-11T10:40:54","slug":"jobs","status":"publish","type":"page","link":"https:\/\/special-olympics.be\/fr\/faites-partie-de-special-olympics\/jobs\/","title":{"rendered":"Jobs"},"content":{"rendered":"\n<h2 class=\"wp-block-heading\" id=\"travailler-chez-special-olympics-belgium-c-est-faire-partie-d-une-famille\">Travailler chez&nbsp;Special&nbsp;Olympics&nbsp;Belgium&nbsp;c\u2019est faire partie d\u2019une famille !&nbsp;&nbsp;<\/h2>\n\n\n\n<p>En rejoignant&nbsp;Special&nbsp;Olympics&nbsp;Belgium, vous devenez membre d\u2019une \u00e9quipe forte et soud\u00e9e. L\u2019esprit d\u2019\u00e9quipe qui y r\u00e8gne favorise l\u2019emploi \u00e0 long terme.&nbsp;&nbsp;<\/p>\n\n\n\n<p>Special&nbsp;Olympics&nbsp;Belgium&nbsp;prend soin des autres mais aussi de ses propres collaborateurs. Les collaborateurs peuvent chaque jour s\u2019\u00e9panouir pleinement au travail. Le&nbsp;bien-\u00eatre&nbsp;de ses membres est au centre de notre pr\u00e9occupation.&nbsp;&nbsp;&nbsp;<\/p>\n\n\n\n<h2 class=\"wp-block-heading\" id=\"nos-offres-d-emploi\">Nos offres d\u2019emploi<\/h2>\n\n\n\n<p>Aucune offre d\u2019emploi ne correspond \u00e0 votre recherche ? Pas de panique ! Vous pouvez nous transmettre votre candidature spontan\u00e9e ici:<\/p>\n\n\n\n<a class=\"contentCTA\" href=\"https:\/\/special-olympics.be\/candidature-spontanee\/\"><i style=\"display:none;\"><\/i> Candidature spontan\u00e9e<\/a>\n\n\n\n\n<h2 class=\"wp-block-heading\" id=\"nos-stages\">Nos stages<\/h2>\n\n\n\n<p>Tu es \u00e9tudiant ou tu viens de terminer tes \u00e9tudes et tu recherches un premier tremplin vers ta vie professionnelle ? N\u2019h\u00e9site pas \u00e0 nous envoyer ta candidature pour effectuer un stage chez&nbsp;Special&nbsp;Olympics&nbsp;Belgium&nbsp;!&nbsp;<\/p>\n\n\n\n<a class=\"contentCTA\" href=\"https:\/\/special-olympics.be\/candidature-spontanee\/\"><i style=\"display:none;\"><\/i> Postuler pour un stage<\/a>\n\n\n\n\n<h2 class=\"wp-block-heading\" id=\"voir-aussi\">Voir aussi &#8230;<\/h2>\n\n\n  \n\n<div class=\"gridCatPosts\">\n\n<!-- the loop -->\n\n    \n<div class=\"gridCatItem\" id=\"post-166\" style=\"background-image: url(https:\/\/special-olympics.be\/wp-content\/uploads\/2022\/03\/atle_SVE-203-1024x768.jpg)\">\n<div class=\"gridCatInner\">\n<a href=\"https:\/\/special-olympics.be\/fr\/faites-partie-de-special-olympics\/club\/\">\n<span>Club<\/span>\n<\/a>\n<\/div><!-- .gridCatInner -->\n<\/div><!-- .gridCatItem -->\n\n\n\n    \n<div class=\"gridCatItem\" id=\"post-160\" style=\"background-image: url(https:\/\/special-olympics.be\/wp-content\/uploads\/2022\/03\/torch_INT_-15-1024x768.jpg)\">\n<div class=\"gridCatInner\">\n<a href=\"https:\/\/special-olympics.be\/fr\/faites-partie-de-special-olympics\/athlete\/\">\n<span>Athl\u00e8te<\/span>\n<\/a>\n<\/div><!-- .gridCatInner -->\n<\/div><!-- .gridCatItem -->\n\n\n\n    \n<div class=\"gridCatItem\" id=\"post-162\" style=\"background-image: url(https:\/\/special-olympics.be\/wp-content\/uploads\/2022\/03\/D853355-bewerkt-1024x768.jpg)\">\n<div class=\"gridCatInner\">\n<a href=\"https:\/\/special-olympics.be\/fr\/faites-partie-de-special-olympics\/volontaire\/\">\n<span>Volontaire<\/span>\n<\/a>\n<\/div><!-- .gridCatInner -->\n<\/div><!-- .gridCatItem -->\n\n\n\n    \n<div class=\"gridCatItem\" id=\"post-169\" style=\"background-image: url(https:\/\/special-olympics.be\/wp-content\/uploads\/2022\/01\/\u00a9GerbrandVanUytvanck_WSGAbuDhabi2019_SpecialOlympicsBelgium_150319_042-1024x768.jpg)\">\n<div class=\"gridCatInner\">\n<a href=\"https:\/\/special-olympics.be\/fr\/faites-partie-de-special-olympics\/coach\/\">\n<span>Coach<\/span>\n<\/a>\n<\/div><!-- .gridCatInner -->\n<\/div><!-- .gridCatItem -->\n\n\n\n    \n<div class=\"gridCatItem\" id=\"post-5138\" style=\"background-image: url(https:\/\/special-olympics.be\/wp-content\/uploads\/2024\/01\/7G6A9378-1024x768.jpg)\">\n<div class=\"gridCatInner\">\n<a href=\"https:\/\/special-olympics.be\/fr\/faire-un-don-azerion\/\">\n<span>Faire un don &#8211; Azerion<\/span>\n<\/a>\n<\/div><!-- .gridCatInner -->\n<\/div><!-- .gridCatItem -->\n\n\n\n    \n<div class=\"gridCatItem\" id=\"post-173\" style=\"background-image: url(https:\/\/special-olympics.be\/wp-content\/uploads\/2022\/03\/Belgian-Red-Flames-\u00a9GerbrandVanUytvanck-3-1024x768.jpg)\">\n<div class=\"gridCatInner\">\n<a href=\"https:\/\/special-olympics.be\/fr\/faites-partie-de-special-olympics\/partenaire-sportif-unifie\/\">\n<span>Partenaire Sportif Unifi\u00e9<\/span>\n<\/a>\n<\/div><!-- .gridCatInner -->\n<\/div><!-- .gridCatItem -->\n\n\n\n    \n<div class=\"gridCatItem\" id=\"post-164\" style=\"background-image: url(https:\/\/special-olympics.be\/wp-content\/uploads\/2022\/03\/55575972_10157523264579026_1359593320845672448_n-1024x768.jpg)\">\n<div class=\"gridCatInner\">\n<a href=\"https:\/\/special-olympics.be\/fr\/faites-partie-de-special-olympics\/sponsors-partenaires\/\">\n<span>Partenaires &#038; Sponsors<\/span>\n<\/a>\n<\/div><!-- .gridCatInner -->\n<\/div><!-- .gridCatItem -->\n\n\n\n    \n<div class=\"gridCatItem\" id=\"post-4788\" style=\"background-image: url(https:\/\/special-olympics.be\/wp-content\/uploads\/2024\/01\/7G6A9378-1024x768.jpg)\">\n<div class=\"gridCatInner\">\n<a href=\"https:\/\/special-olympics.be\/fr\/don\/\">\n<span>Votre soutien, financier fait la diff\u00e9rence !<\/span>\n<\/a>\n<\/div><!-- .gridCatInner -->\n<\/div><!-- .gridCatItem -->\n\n\n\n    \n<div class=\"gridCatItem\" id=\"post-171\" style=\"background-image: url(https:\/\/special-olympics.be\/wp-content\/uploads\/2022\/03\/futsalChristmasGooik2016-38955-1024x768.jpg)\">\n<div class=\"gridCatInner\">\n<a href=\"https:\/\/special-olympics.be\/fr\/faites-partie-de-special-olympics\/arbitre\/\">\n<span>Arbitre<\/span>\n<\/a>\n<\/div><!-- .gridCatInner -->\n<\/div><!-- .gridCatItem -->\n\n\n\n    \n<div class=\"gridCatItem\" id=\"post-177\" style=\"background-image: url(https:\/\/special-olympics.be\/wp-content\/uploads\/2022\/03\/D751136-bewerkt-1024x768.jpg)\">\n<div class=\"gridCatInner\">\n<a href=\"https:\/\/special-olympics.be\/fr\/faites-partie-de-special-olympics\/villes-communes\/\">\n<span>Villes &#038; Communes<\/span>\n<\/a>\n<\/div><!-- .gridCatInner -->\n<\/div><!-- .gridCatItem -->\n\n\n\n    \n<div class=\"gridCatItem\" id=\"post-4421\" style=\"background-image: url(https:\/\/special-olympics.be\/wp-content\/uploads\/2023\/08\/MichaelMichiels_WG2023_230620_162-min-1024x768.jpg)\">\n<div class=\"gridCatInner\">\n<a href=\"https:\/\/special-olympics.be\/fr\/soutener-nos-athletes\/\">\n<span>Soutener nos athl\u00e8tes<\/span>\n<\/a>\n<\/div><!-- .gridCatInner -->\n<\/div><!-- .gridCatItem -->\n\n\n<!-- end of the loop -->\n\n\n<\/div><!-- .gridCatPosts -->\n","protected":false},"excerpt":{"rendered":"<p>Travailler chez&nbsp;Special&nbsp;Olympics&nbsp;Belgium&nbsp;c\u2019est faire partie d\u2019une famille !&nbsp;&nbsp; En rejoignant&nbsp;Special&nbsp;Olympics&nbsp;Belgium, vous devenez membre d\u2019une \u00e9quipe forte et&#8230; <span class=\"moreLink\"><a href=\"https:\/\/special-olympics.be\/fr\/faites-partie-de-special-olympics\/jobs\/\">+<\/a><\/span><\/p>\n","protected":false},"author":2,"featured_media":1170,"parent":158,"menu_order":0,"comment_status":"closed","ping_status":"closed","template":"","meta":{"_acf_changed":false,"footnotes":""},"categories":[29],"class_list":["post-179","page","type-page","status-publish","has-post-thumbnail","hentry","category-jobs-2"],"acf":[],"yoast_head":"<!-- This site is optimized with the Yoast SEO plugin v27.4 - https:\/\/yoast.com\/product\/yoast-seo-wordpress\/ -->\n<title>Jobs - Special Olympics<\/title>\n<meta name=\"robots\" content=\"index, follow, max-snippet:-1, max-image-preview:large, max-video-preview:-1\" \/>\n<link rel=\"canonical\" href=\"https:\/\/special-olympics.be\/fr\/faites-partie-de-special-olympics\/jobs\/\" \/>\n<meta property=\"og:locale\" content=\"fr_FR\" \/>\n<meta property=\"og:type\" content=\"article\" \/>\n<meta property=\"og:title\" content=\"Jobs - Special Olympics\" \/>\n<meta property=\"og:description\" content=\"Travailler chez&nbsp;Special&nbsp;Olympics&nbsp;Belgium&nbsp;c\u2019est faire partie d\u2019une famille !&nbsp;&nbsp; En rejoignant&nbsp;Special&nbsp;Olympics&nbsp;Belgium, vous devenez membre d\u2019une \u00e9quipe forte et... +\" \/>\n<meta property=\"og:url\" content=\"https:\/\/special-olympics.be\/fr\/faites-partie-de-special-olympics\/jobs\/\" \/>\n<meta property=\"og:site_name\" content=\"Special Olympics\" \/>\n<meta property=\"article:modified_time\" content=\"2026-03-11T10:40:54+00:00\" \/>\n<meta property=\"og:image\" content=\"https:\/\/special-olympics.be\/wp-content\/uploads\/2022\/02\/\u00a9GerbrandVanUytvanck_WSGAbuDhabi2019_SpecialOlympicsBelgium_150319_062.jpg\" \/>\n\t<meta property=\"og:image:width\" content=\"1600\" \/>\n\t<meta property=\"og:image:height\" content=\"1068\" \/>\n\t<meta property=\"og:image:type\" content=\"image\/jpeg\" \/>\n<meta name=\"twitter:card\" content=\"summary_large_image\" \/>\n<meta name=\"twitter:label1\" content=\"Dur\u00e9e de lecture estim\u00e9e\" \/>\n\t<meta name=\"twitter:data1\" content=\"2 minutes\" \/>\n<script type=\"application\/ld+json\" class=\"yoast-schema-graph\">{\"@context\":\"https:\\\/\\\/schema.org\",\"@graph\":[{\"@type\":\"WebPage\",\"@id\":\"https:\\\/\\\/special-olympics.be\\\/fr\\\/faites-partie-de-special-olympics\\\/jobs\\\/\",\"url\":\"https:\\\/\\\/special-olympics.be\\\/fr\\\/faites-partie-de-special-olympics\\\/jobs\\\/\",\"name\":\"Jobs - Special Olympics\",\"isPartOf\":{\"@id\":\"https:\\\/\\\/special-olympics.be\\\/fr\\\/#website\"},\"primaryImageOfPage\":{\"@id\":\"https:\\\/\\\/special-olympics.be\\\/fr\\\/faites-partie-de-special-olympics\\\/jobs\\\/#primaryimage\"},\"image\":{\"@id\":\"https:\\\/\\\/special-olympics.be\\\/fr\\\/faites-partie-de-special-olympics\\\/jobs\\\/#primaryimage\"},\"thumbnailUrl\":\"https:\\\/\\\/special-olympics.be\\\/wp-content\\\/uploads\\\/2022\\\/02\\\/\u00a9GerbrandVanUytvanck_WSGAbuDhabi2019_SpecialOlympicsBelgium_150319_062.jpg\",\"datePublished\":\"2021-06-18T08:30:43+00:00\",\"dateModified\":\"2026-03-11T10:40:54+00:00\",\"breadcrumb\":{\"@id\":\"https:\\\/\\\/special-olympics.be\\\/fr\\\/faites-partie-de-special-olympics\\\/jobs\\\/#breadcrumb\"},\"inLanguage\":\"fr-FR\",\"potentialAction\":[{\"@type\":\"ReadAction\",\"target\":[\"https:\\\/\\\/special-olympics.be\\\/fr\\\/faites-partie-de-special-olympics\\\/jobs\\\/\"]}]},{\"@type\":\"ImageObject\",\"inLanguage\":\"fr-FR\",\"@id\":\"https:\\\/\\\/special-olympics.be\\\/fr\\\/faites-partie-de-special-olympics\\\/jobs\\\/#primaryimage\",\"url\":\"https:\\\/\\\/special-olympics.be\\\/wp-content\\\/uploads\\\/2022\\\/02\\\/\u00a9GerbrandVanUytvanck_WSGAbuDhabi2019_SpecialOlympicsBelgium_150319_062.jpg\",\"contentUrl\":\"https:\\\/\\\/special-olympics.be\\\/wp-content\\\/uploads\\\/2022\\\/02\\\/\u00a9GerbrandVanUytvanck_WSGAbuDhabi2019_SpecialOlympicsBelgium_150319_062.jpg\",\"width\":1600,\"height\":1068},{\"@type\":\"BreadcrumbList\",\"@id\":\"https:\\\/\\\/special-olympics.be\\\/fr\\\/faites-partie-de-special-olympics\\\/jobs\\\/#breadcrumb\",\"itemListElement\":[{\"@type\":\"ListItem\",\"position\":1,\"name\":\"Accueil\",\"item\":\"https:\\\/\\\/special-olympics.be\\\/fr\\\/\"},{\"@type\":\"ListItem\",\"position\":2,\"name\":\"Faites partie de Special Olympics\",\"item\":\"https:\\\/\\\/special-olympics.be\\\/fr\\\/faites-partie-de-special-olympics\\\/\"},{\"@type\":\"ListItem\",\"position\":3,\"name\":\"Jobs\"}]},{\"@type\":\"WebSite\",\"@id\":\"https:\\\/\\\/special-olympics.be\\\/fr\\\/#website\",\"url\":\"https:\\\/\\\/special-olympics.be\\\/fr\\\/\",\"name\":\"Special Olympics\",\"description\":\"Special Olympics Belgium\",\"potentialAction\":[{\"@type\":\"SearchAction\",\"target\":{\"@type\":\"EntryPoint\",\"urlTemplate\":\"https:\\\/\\\/special-olympics.be\\\/fr\\\/?s={search_term_string}\"},\"query-input\":{\"@type\":\"PropertyValueSpecification\",\"valueRequired\":true,\"valueName\":\"search_term_string\"}}],\"inLanguage\":\"fr-FR\"}]}<\/script>\n<!-- \/ Yoast SEO plugin. -->","yoast_head_json":{"title":"Jobs - Special Olympics","robots":{"index":"index","follow":"follow","max-snippet":"max-snippet:-1","max-image-preview":"max-image-preview:large","max-video-preview":"max-video-preview:-1"},"canonical":"https:\/\/special-olympics.be\/fr\/faites-partie-de-special-olympics\/jobs\/","og_locale":"fr_FR","og_type":"article","og_title":"Jobs - Special Olympics","og_description":"Travailler chez&nbsp;Special&nbsp;Olympics&nbsp;Belgium&nbsp;c\u2019est faire partie d\u2019une famille !&nbsp;&nbsp; En rejoignant&nbsp;Special&nbsp;Olympics&nbsp;Belgium, vous devenez membre d\u2019une \u00e9quipe forte et... +","og_url":"https:\/\/special-olympics.be\/fr\/faites-partie-de-special-olympics\/jobs\/","og_site_name":"Special Olympics","article_modified_time":"2026-03-11T10:40:54+00:00","og_image":[{"width":1600,"height":1068,"url":"https:\/\/special-olympics.be\/wp-content\/uploads\/2022\/02\/\u00a9GerbrandVanUytvanck_WSGAbuDhabi2019_SpecialOlympicsBelgium_150319_062.jpg","type":"image\/jpeg"}],"twitter_card":"summary_large_image","twitter_misc":{"Dur\u00e9e de lecture estim\u00e9e":"2 minutes"},"schema":{"@context":"https:\/\/schema.org","@graph":[{"@type":"WebPage","@id":"https:\/\/special-olympics.be\/fr\/faites-partie-de-special-olympics\/jobs\/","url":"https:\/\/special-olympics.be\/fr\/faites-partie-de-special-olympics\/jobs\/","name":"Jobs - Special Olympics","isPartOf":{"@id":"https:\/\/special-olympics.be\/fr\/#website"},"primaryImageOfPage":{"@id":"https:\/\/special-olympics.be\/fr\/faites-partie-de-special-olympics\/jobs\/#primaryimage"},"image":{"@id":"https:\/\/special-olympics.be\/fr\/faites-partie-de-special-olympics\/jobs\/#primaryimage"},"thumbnailUrl":"https:\/\/special-olympics.be\/wp-content\/uploads\/2022\/02\/\u00a9GerbrandVanUytvanck_WSGAbuDhabi2019_SpecialOlympicsBelgium_150319_062.jpg","datePublished":"2021-06-18T08:30:43+00:00","dateModified":"2026-03-11T10:40:54+00:00","breadcrumb":{"@id":"https:\/\/special-olympics.be\/fr\/faites-partie-de-special-olympics\/jobs\/#breadcrumb"},"inLanguage":"fr-FR","potentialAction":[{"@type":"ReadAction","target":["https:\/\/special-olympics.be\/fr\/faites-partie-de-special-olympics\/jobs\/"]}]},{"@type":"ImageObject","inLanguage":"fr-FR","@id":"https:\/\/special-olympics.be\/fr\/faites-partie-de-special-olympics\/jobs\/#primaryimage","url":"https:\/\/special-olympics.be\/wp-content\/uploads\/2022\/02\/\u00a9GerbrandVanUytvanck_WSGAbuDhabi2019_SpecialOlympicsBelgium_150319_062.jpg","contentUrl":"https:\/\/special-olympics.be\/wp-content\/uploads\/2022\/02\/\u00a9GerbrandVanUytvanck_WSGAbuDhabi2019_SpecialOlympicsBelgium_150319_062.jpg","width":1600,"height":1068},{"@type":"BreadcrumbList","@id":"https:\/\/special-olympics.be\/fr\/faites-partie-de-special-olympics\/jobs\/#breadcrumb","itemListElement":[{"@type":"ListItem","position":1,"name":"Accueil","item":"https:\/\/special-olympics.be\/fr\/"},{"@type":"ListItem","position":2,"name":"Faites partie de Special Olympics","item":"https:\/\/special-olympics.be\/fr\/faites-partie-de-special-olympics\/"},{"@type":"ListItem","position":3,"name":"Jobs"}]},{"@type":"WebSite","@id":"https:\/\/special-olympics.be\/fr\/#website","url":"https:\/\/special-olympics.be\/fr\/","name":"Special Olympics","description":"Special Olympics Belgium","potentialAction":[{"@type":"SearchAction","target":{"@type":"EntryPoint","urlTemplate":"https:\/\/special-olympics.be\/fr\/?s={search_term_string}"},"query-input":{"@type":"PropertyValueSpecification","valueRequired":true,"valueName":"search_term_string"}}],"inLanguage":"fr-FR"}]}},"_links":{"self":[{"href":"https:\/\/special-olympics.be\/fr\/wp-json\/wp\/v2\/pages\/179","targetHints":{"allow":["GET"]}}],"collection":[{"href":"https:\/\/special-olympics.be\/fr\/wp-json\/wp\/v2\/pages"}],"about":[{"href":"https:\/\/special-olympics.be\/fr\/wp-json\/wp\/v2\/types\/page"}],"author":[{"embeddable":true,"href":"https:\/\/special-olympics.be\/fr\/wp-json\/wp\/v2\/users\/2"}],"replies":[{"embeddable":true,"href":"https:\/\/special-olympics.be\/fr\/wp-json\/wp\/v2\/comments?post=179"}],"version-history":[{"count":60,"href":"https:\/\/special-olympics.be\/fr\/wp-json\/wp\/v2\/pages\/179\/revisions"}],"predecessor-version":[{"id":8224,"href":"https:\/\/special-olympics.be\/fr\/wp-json\/wp\/v2\/pages\/179\/revisions\/8224"}],"up":[{"embeddable":true,"href":"https:\/\/special-olympics.be\/fr\/wp-json\/wp\/v2\/pages\/158"}],"wp:featuredmedia":[{"embeddable":true,"href":"https:\/\/special-olympics.be\/fr\/wp-json\/wp\/v2\/media\/1170"}],"wp:attachment":[{"href":"https:\/\/special-olympics.be\/fr\/wp-json\/wp\/v2\/media?parent=179"}],"wp:term":[{"taxonomy":"category","embeddable":true,"href":"https:\/\/special-olympics.be\/fr\/wp-json\/wp\/v2\/categories?post=179"}],"curies":[{"name":"wp","href":"https:\/\/api.w.org\/{rel}","templated":true}]}}