{"id":177,"date":"2021-06-18T10:30:05","date_gmt":"2021-06-18T08:30:05","guid":{"rendered":"https:\/\/dev.special-olympics.be\/?page_id=177"},"modified":"2025-07-02T14:37:41","modified_gmt":"2025-07-02T12:37:41","slug":"villes-communes","status":"publish","type":"page","link":"https:\/\/special-olympics.be\/fr\/faites-partie-de-special-olympics\/villes-communes\/","title":{"rendered":"Villes &#038; Communes"},"content":{"rendered":"\n<h2 class=\"wp-block-heading\">Main dans la main avec les villes et communes pour un&nbsp;ancrage&nbsp;local et une soci\u00e9t\u00e9 plus inclusive.&nbsp;<\/h2>\n\n\n\n<p>La&nbsp;ville\/commune est le Territoire Citoyen par excellence ; de tous les Citoyens en parfaite symbiose avec la Constitution qui fait de chacun d\u2019entre eux des personnes \u00e9gales devant la loi, veillant \u00e0 ce qu\u2019ils puissent jouir des droits et libert\u00e9s sans discrimination (art. 10 et 11 de la Constitution). Elle est aussi acteur essentiel du monde du sport au-travers de ses infrastructures, de ses clubs et du soutien qu\u2019elle leur apporte, de l\u2019aide \u00e0 l\u2019organisation des manifestations, de la promotion de disciplines.&nbsp;<\/p>\n\n\n\n<p>En tant que ville\/commune, vous pouvez vous impliquer dans les activit\u00e9s de Special Olympics&nbsp;Belgium&nbsp;de diff\u00e9rentes mani\u00e8res :&nbsp;<\/p>\n\n\n\n<h3 class=\"wp-block-heading\">Vous souhaitez&nbsp;accueillir les Jeux Nationaux&nbsp;dans votre ville\/commune&nbsp;?&nbsp;<\/h3>\n\n\n\n<p>Les candidatures des villes\/communes et provinces font d\u2019abord l\u2019objet d\u2019une visite&nbsp;sur place&nbsp;par un groupe de travail.&nbsp;Ensuite&nbsp;elles sont \u00e9valu\u00e9es par un comit\u00e9 et pr\u00e9sent\u00e9es&nbsp;au&nbsp;Conseil d\u2019Administration de&nbsp;Special&nbsp;Olympics&nbsp;Belgium&nbsp;qui d\u00e9finit son choix.&nbsp;<\/p>\n\n\n\n<p><strong>&nbsp;Les crit\u00e8res suivants sont pris en consid\u00e9ration :&nbsp;<\/strong><\/p>\n\n\n\n<ul class=\"wp-block-list\">\n<li>La qualit\u00e9 des infrastructures sportives\u00a0<\/li>\n\n\n\n<li>La qualit\u00e9 des autres infrastructures comme celles de la C\u00e9r\u00e9monie d\u2019Ouverture et de Cl\u00f4ture et autres \u00e9v\u00e9nements et des services qui doivent \u00eatre implant\u00e9s\u00a0<\/li>\n\n\n\n<li>Les possibilit\u00e9s existantes au niveau logistique (besoins et soutien)\u00a0<\/li>\n\n\n\n<li>Les possibilit\u00e9s d\u2019h\u00e9bergement et de catering\u00a0<\/li>\n\n\n\n<li>L\u2019accessibilit\u00e9 des sites et les possibilit\u00e9s de parkings\u00a0<\/li>\n\n\n\n<li>Le soutien de la ville\/commune\u00a0et de la province au niveau mat\u00e9riel et financier, et le soutien des services et du\u00a0person\u00a0<\/li>\n\n\n\n<li>L\u2019influence\u00a0que les Jeux peuvent avoir dans la r\u00e9gion et le soutien que\u00a0la\u00a0ville\/commune\u00a0et la province peuvent\u00a0y\u00a0apporter.\u00a0<\/li>\n\n\n\n<li>La priorit\u00e9 que les instances publiques (ville\/commune\u00a0et province) accordent \u00e0 l\u2019\u00e9v\u00e9nement de sorte qu\u2019il y ait un \u00e9cho dans la soci\u00e9t\u00e9 qui cr\u00e9e, de fa\u00e7on durable, un climat favorable pour les personnes ayant un handicap\u00a0mental.\u00a0<\/li>\n<\/ul>\n\n\n\n<a class=\"contentCTA\" href=\"mailto:dominique.dehaene@specialolympics.be\"><i style=\"display:none;\"><\/i> Int\u00e9ress\u00e9 d&rsquo;organiser les Jeux Nationaux dans votre ville ou commune?<\/a>\n\n\n\n\n<h3 class=\"wp-block-heading\">Promouvoir l&rsquo;inclusion sociale \u00e0 travers un m\u00e9morandum&nbsp;&nbsp;<\/h3>\n\n\n\n<p>Avec 26 villes et communes, Special Olympics Belgium a&nbsp;d\u00e9j\u00e0&nbsp;sign\u00e9 un m\u00e9morandum politique en 2021 sous la forme d&rsquo;une Charte des&nbsp;Solidarit\u00e9s. Ainsi, sur la p\u00e9riode 2021-2024, ces villes et communes s&rsquo;engagent \u00e0 mener des actions concr\u00e8tes au sein de 6 piliers pour favoriser l&rsquo;int\u00e9gration sociale des personnes&nbsp;ayant un handicap mental&nbsp;:&nbsp;jeunesse, sport, \u00e9ducation, \u00e9galit\u00e9 des chances, sant\u00e9 et communication.&nbsp;<\/p>\n\n\n\n<p><strong>Cette Charte des&nbsp;Solidarit\u00e9s&nbsp;fonde quelques engagements g\u00e9n\u00e9raux :&nbsp;<\/strong><\/p>\n\n\n\n<ul class=\"wp-block-list\">\n<li>Organiser des \u00e9v\u00e9nements Play\u00a0Unified\u00a0<\/li>\n\n\n\n<li>Connecter les \u00e9l\u00e8ves du primaire aux sports unifi\u00e9s\u00a0<\/li>\n\n\n\n<li>Contribuer \u00e0 la qu\u00eate de 2.000 nouveaux athl\u00e8tes\u00a0locaux\u00a0d&rsquo;ici 2022\u00a0<\/li>\n\n\n\n<li>Former des animateurs\/coachs\/superviseurs\u00a0\u00e0 travers les structures de formation existantes\u00a0<\/li>\n<\/ul>\n\n\n\n<p>De plus,&nbsp;les actions sp\u00e9cifiques qui peuvent \u00eatre li\u00e9es \u00e0 la charte seront examin\u00e9es en consultation avec chaque ville\/commune.&nbsp;<\/p>\n\n\n\n<h3 class=\"wp-block-heading\">Vous souhaitez&nbsp;organiser&nbsp;un \u00e9v\u00e9nement sportif ?&nbsp;<\/h3>\n\n\n\n<p>&nbsp;Vous organisez d\u00e9j\u00e0 un \u00e9v\u00e9nement&nbsp;sportif&nbsp;que vous souhaitez rendre plus inclusif ? Ou envisagez-vous d&rsquo;organiser un nouvel \u00e9v\u00e9nement&nbsp;handisport ou&nbsp;Unified&nbsp;?&nbsp;Nous sommes \u00e0 votre disposition pour&nbsp;partager notre expertise dans la pr\u00e9paration de ces \u00e9v\u00e9nements.&nbsp;<\/p>\n\n\n\n<p>N\u2019h\u00e9sitez pas \u00e0 prendre contact avec nous pour ceci&nbsp;via l&rsquo;adresse e-mail&nbsp;<a href=\"mailto:PlayUnified@specialolympics.be\">PlayUnified@specialolympics.be<\/a>&nbsp;&nbsp;<\/p>\n\n\n\n<h2 class=\"wp-block-heading\">Voir aussi &#8230;<\/h2>\n\n\n  \n\n<div class=\"gridCatPosts\">\n\n<!-- the loop -->\n\n    \n<div class=\"gridCatItem\" id=\"post-4421\" style=\"background-image: url(https:\/\/special-olympics.be\/wp-content\/uploads\/2023\/08\/MichaelMichiels_WG2023_230620_162-min-1024x768.jpg)\">\n<div class=\"gridCatInner\">\n<a href=\"https:\/\/special-olympics.be\/fr\/soutener-nos-athletes\/\">\n<span>Soutener nos athl\u00e8tes<\/span>\n<\/a>\n<\/div><!-- .gridCatInner -->\n<\/div><!-- .gridCatItem -->\n\n\n\n    \n<div class=\"gridCatItem\" id=\"post-5138\" style=\"background-image: url(https:\/\/special-olympics.be\/wp-content\/uploads\/2024\/01\/7G6A9378-1024x768.jpg)\">\n<div class=\"gridCatInner\">\n<a href=\"https:\/\/special-olympics.be\/fr\/faire-un-don-azerion\/\">\n<span>Faire un don &#8211; Azerion<\/span>\n<\/a>\n<\/div><!-- .gridCatInner -->\n<\/div><!-- .gridCatItem -->\n\n\n\n    \n<div class=\"gridCatItem\" id=\"post-160\" style=\"background-image: url(https:\/\/special-olympics.be\/wp-content\/uploads\/2022\/03\/torch_INT_-15-1024x768.jpg)\">\n<div class=\"gridCatInner\">\n<a href=\"https:\/\/special-olympics.be\/fr\/faites-partie-de-special-olympics\/athlete\/\">\n<span>Athl\u00e8te<\/span>\n<\/a>\n<\/div><!-- .gridCatInner -->\n<\/div><!-- .gridCatItem -->\n\n\n\n    \n<div class=\"gridCatItem\" id=\"post-162\" style=\"background-image: url(https:\/\/special-olympics.be\/wp-content\/uploads\/2022\/03\/D853355-bewerkt-1024x768.jpg)\">\n<div class=\"gridCatInner\">\n<a href=\"https:\/\/special-olympics.be\/fr\/faites-partie-de-special-olympics\/volontaire\/\">\n<span>Volontaire<\/span>\n<\/a>\n<\/div><!-- .gridCatInner -->\n<\/div><!-- .gridCatItem -->\n\n\n\n    \n<div class=\"gridCatItem\" id=\"post-4788\" style=\"background-image: url(https:\/\/special-olympics.be\/wp-content\/uploads\/2024\/01\/7G6A9378-1024x768.jpg)\">\n<div class=\"gridCatInner\">\n<a href=\"https:\/\/special-olympics.be\/fr\/don\/\">\n<span>Votre soutien, financier fait la diff\u00e9rence !<\/span>\n<\/a>\n<\/div><!-- .gridCatInner -->\n<\/div><!-- .gridCatItem -->\n\n\n\n    \n<div class=\"gridCatItem\" id=\"post-169\" style=\"background-image: url(https:\/\/special-olympics.be\/wp-content\/uploads\/2022\/01\/\u00a9GerbrandVanUytvanck_WSGAbuDhabi2019_SpecialOlympicsBelgium_150319_042-1024x768.jpg)\">\n<div class=\"gridCatInner\">\n<a href=\"https:\/\/special-olympics.be\/fr\/faites-partie-de-special-olympics\/coach\/\">\n<span>Coach<\/span>\n<\/a>\n<\/div><!-- .gridCatInner -->\n<\/div><!-- .gridCatItem -->\n\n\n\n    \n<div class=\"gridCatItem\" id=\"post-173\" style=\"background-image: url(https:\/\/special-olympics.be\/wp-content\/uploads\/2022\/03\/Belgian-Red-Flames-\u00a9GerbrandVanUytvanck-3-1024x768.jpg)\">\n<div class=\"gridCatInner\">\n<a href=\"https:\/\/special-olympics.be\/fr\/faites-partie-de-special-olympics\/partenaire-sportif-unifie\/\">\n<span>Partenaire Sportif Unifi\u00e9<\/span>\n<\/a>\n<\/div><!-- .gridCatInner -->\n<\/div><!-- .gridCatItem -->\n\n\n\n    \n<div class=\"gridCatItem\" id=\"post-164\" style=\"background-image: url(https:\/\/special-olympics.be\/wp-content\/uploads\/2022\/03\/55575972_10157523264579026_1359593320845672448_n-1024x768.jpg)\">\n<div class=\"gridCatInner\">\n<a href=\"https:\/\/special-olympics.be\/fr\/faites-partie-de-special-olympics\/sponsors-partenaires\/\">\n<span>Partenaires &#038; Sponsors<\/span>\n<\/a>\n<\/div><!-- .gridCatInner -->\n<\/div><!-- .gridCatItem -->\n\n\n\n    \n<div class=\"gridCatItem\" id=\"post-171\" style=\"background-image: url(https:\/\/special-olympics.be\/wp-content\/uploads\/2022\/03\/futsalChristmasGooik2016-38955-1024x768.jpg)\">\n<div class=\"gridCatInner\">\n<a href=\"https:\/\/special-olympics.be\/fr\/faites-partie-de-special-olympics\/arbitre\/\">\n<span>Arbitre<\/span>\n<\/a>\n<\/div><!-- .gridCatInner -->\n<\/div><!-- .gridCatItem -->\n\n\n\n    \n<div class=\"gridCatItem\" id=\"post-166\" style=\"background-image: url(https:\/\/special-olympics.be\/wp-content\/uploads\/2022\/03\/atle_SVE-203-1024x768.jpg)\">\n<div class=\"gridCatInner\">\n<a href=\"https:\/\/special-olympics.be\/fr\/faites-partie-de-special-olympics\/club\/\">\n<span>Club<\/span>\n<\/a>\n<\/div><!-- .gridCatInner -->\n<\/div><!-- .gridCatItem -->\n\n\n<!-- end of the loop -->\n\n\n<\/div><!-- .gridCatPosts -->\n","protected":false},"excerpt":{"rendered":"<p>Main dans la main avec les villes et communes pour un&nbsp;ancrage&nbsp;local et une soci\u00e9t\u00e9 plus inclusive.&nbsp;&#8230; <span class=\"moreLink\"><a href=\"https:\/\/special-olympics.be\/fr\/faites-partie-de-special-olympics\/villes-communes\/\">+<\/a><\/span><\/p>\n","protected":false},"author":2,"featured_media":1178,"parent":158,"menu_order":0,"comment_status":"closed","ping_status":"closed","template":"","meta":{"_acf_changed":false,"footnotes":""},"categories":[5],"class_list":["post-177","page","type-page","status-publish","has-post-thumbnail","hentry","category-faire-partie-de-special-olympics"],"acf":[],"yoast_head":"<!-- This site is optimized with the Yoast SEO plugin v27.4 - https:\/\/yoast.com\/product\/yoast-seo-wordpress\/ -->\n<title>Villes &amp; Communes - Special Olympics<\/title>\n<meta name=\"robots\" content=\"index, follow, max-snippet:-1, max-image-preview:large, max-video-preview:-1\" \/>\n<link rel=\"canonical\" href=\"https:\/\/special-olympics.be\/fr\/faites-partie-de-special-olympics\/villes-communes\/\" \/>\n<meta property=\"og:locale\" content=\"fr_FR\" \/>\n<meta property=\"og:type\" content=\"article\" \/>\n<meta property=\"og:title\" content=\"Villes &amp; Communes - Special Olympics\" \/>\n<meta property=\"og:description\" content=\"Main dans la main avec les villes et communes pour un&nbsp;ancrage&nbsp;local et une soci\u00e9t\u00e9 plus inclusive.&nbsp;... +\" \/>\n<meta property=\"og:url\" content=\"https:\/\/special-olympics.be\/fr\/faites-partie-de-special-olympics\/villes-communes\/\" \/>\n<meta property=\"og:site_name\" content=\"Special Olympics\" \/>\n<meta property=\"article:modified_time\" content=\"2025-07-02T12:37:41+00:00\" \/>\n<meta property=\"og:image\" content=\"https:\/\/special-olympics.be\/wp-content\/uploads\/2022\/03\/D751136-bewerkt.jpg\" \/>\n\t<meta property=\"og:image:width\" content=\"1600\" \/>\n\t<meta property=\"og:image:height\" content=\"929\" \/>\n\t<meta property=\"og:image:type\" content=\"image\/jpeg\" \/>\n<meta name=\"twitter:card\" content=\"summary_large_image\" \/>\n<meta name=\"twitter:label1\" content=\"Dur\u00e9e de lecture estim\u00e9e\" \/>\n\t<meta name=\"twitter:data1\" content=\"3 minutes\" \/>\n<script type=\"application\/ld+json\" class=\"yoast-schema-graph\">{\"@context\":\"https:\\\/\\\/schema.org\",\"@graph\":[{\"@type\":\"WebPage\",\"@id\":\"https:\\\/\\\/special-olympics.be\\\/fr\\\/faites-partie-de-special-olympics\\\/villes-communes\\\/\",\"url\":\"https:\\\/\\\/special-olympics.be\\\/fr\\\/faites-partie-de-special-olympics\\\/villes-communes\\\/\",\"name\":\"Villes & Communes - Special Olympics\",\"isPartOf\":{\"@id\":\"https:\\\/\\\/special-olympics.be\\\/fr\\\/#website\"},\"primaryImageOfPage\":{\"@id\":\"https:\\\/\\\/special-olympics.be\\\/fr\\\/faites-partie-de-special-olympics\\\/villes-communes\\\/#primaryimage\"},\"image\":{\"@id\":\"https:\\\/\\\/special-olympics.be\\\/fr\\\/faites-partie-de-special-olympics\\\/villes-communes\\\/#primaryimage\"},\"thumbnailUrl\":\"https:\\\/\\\/special-olympics.be\\\/wp-content\\\/uploads\\\/2022\\\/03\\\/D751136-bewerkt.jpg\",\"datePublished\":\"2021-06-18T08:30:05+00:00\",\"dateModified\":\"2025-07-02T12:37:41+00:00\",\"breadcrumb\":{\"@id\":\"https:\\\/\\\/special-olympics.be\\\/fr\\\/faites-partie-de-special-olympics\\\/villes-communes\\\/#breadcrumb\"},\"inLanguage\":\"fr-FR\",\"potentialAction\":[{\"@type\":\"ReadAction\",\"target\":[\"https:\\\/\\\/special-olympics.be\\\/fr\\\/faites-partie-de-special-olympics\\\/villes-communes\\\/\"]}]},{\"@type\":\"ImageObject\",\"inLanguage\":\"fr-FR\",\"@id\":\"https:\\\/\\\/special-olympics.be\\\/fr\\\/faites-partie-de-special-olympics\\\/villes-communes\\\/#primaryimage\",\"url\":\"https:\\\/\\\/special-olympics.be\\\/wp-content\\\/uploads\\\/2022\\\/03\\\/D751136-bewerkt.jpg\",\"contentUrl\":\"https:\\\/\\\/special-olympics.be\\\/wp-content\\\/uploads\\\/2022\\\/03\\\/D751136-bewerkt.jpg\",\"width\":1600,\"height\":929},{\"@type\":\"BreadcrumbList\",\"@id\":\"https:\\\/\\\/special-olympics.be\\\/fr\\\/faites-partie-de-special-olympics\\\/villes-communes\\\/#breadcrumb\",\"itemListElement\":[{\"@type\":\"ListItem\",\"position\":1,\"name\":\"Accueil\",\"item\":\"https:\\\/\\\/special-olympics.be\\\/fr\\\/\"},{\"@type\":\"ListItem\",\"position\":2,\"name\":\"Faites partie de Special Olympics\",\"item\":\"https:\\\/\\\/special-olympics.be\\\/fr\\\/faites-partie-de-special-olympics\\\/\"},{\"@type\":\"ListItem\",\"position\":3,\"name\":\"Villes &#038; Communes\"}]},{\"@type\":\"WebSite\",\"@id\":\"https:\\\/\\\/special-olympics.be\\\/fr\\\/#website\",\"url\":\"https:\\\/\\\/special-olympics.be\\\/fr\\\/\",\"name\":\"Special Olympics\",\"description\":\"Special Olympics Belgium\",\"potentialAction\":[{\"@type\":\"SearchAction\",\"target\":{\"@type\":\"EntryPoint\",\"urlTemplate\":\"https:\\\/\\\/special-olympics.be\\\/fr\\\/?s={search_term_string}\"},\"query-input\":{\"@type\":\"PropertyValueSpecification\",\"valueRequired\":true,\"valueName\":\"search_term_string\"}}],\"inLanguage\":\"fr-FR\"}]}<\/script>\n<!-- \/ Yoast SEO plugin. -->","yoast_head_json":{"title":"Villes & Communes - Special Olympics","robots":{"index":"index","follow":"follow","max-snippet":"max-snippet:-1","max-image-preview":"max-image-preview:large","max-video-preview":"max-video-preview:-1"},"canonical":"https:\/\/special-olympics.be\/fr\/faites-partie-de-special-olympics\/villes-communes\/","og_locale":"fr_FR","og_type":"article","og_title":"Villes & Communes - Special Olympics","og_description":"Main dans la main avec les villes et communes pour un&nbsp;ancrage&nbsp;local et une soci\u00e9t\u00e9 plus inclusive.&nbsp;... +","og_url":"https:\/\/special-olympics.be\/fr\/faites-partie-de-special-olympics\/villes-communes\/","og_site_name":"Special Olympics","article_modified_time":"2025-07-02T12:37:41+00:00","og_image":[{"width":1600,"height":929,"url":"https:\/\/special-olympics.be\/wp-content\/uploads\/2022\/03\/D751136-bewerkt.jpg","type":"image\/jpeg"}],"twitter_card":"summary_large_image","twitter_misc":{"Dur\u00e9e de lecture estim\u00e9e":"3 minutes"},"schema":{"@context":"https:\/\/schema.org","@graph":[{"@type":"WebPage","@id":"https:\/\/special-olympics.be\/fr\/faites-partie-de-special-olympics\/villes-communes\/","url":"https:\/\/special-olympics.be\/fr\/faites-partie-de-special-olympics\/villes-communes\/","name":"Villes & Communes - Special Olympics","isPartOf":{"@id":"https:\/\/special-olympics.be\/fr\/#website"},"primaryImageOfPage":{"@id":"https:\/\/special-olympics.be\/fr\/faites-partie-de-special-olympics\/villes-communes\/#primaryimage"},"image":{"@id":"https:\/\/special-olympics.be\/fr\/faites-partie-de-special-olympics\/villes-communes\/#primaryimage"},"thumbnailUrl":"https:\/\/special-olympics.be\/wp-content\/uploads\/2022\/03\/D751136-bewerkt.jpg","datePublished":"2021-06-18T08:30:05+00:00","dateModified":"2025-07-02T12:37:41+00:00","breadcrumb":{"@id":"https:\/\/special-olympics.be\/fr\/faites-partie-de-special-olympics\/villes-communes\/#breadcrumb"},"inLanguage":"fr-FR","potentialAction":[{"@type":"ReadAction","target":["https:\/\/special-olympics.be\/fr\/faites-partie-de-special-olympics\/villes-communes\/"]}]},{"@type":"ImageObject","inLanguage":"fr-FR","@id":"https:\/\/special-olympics.be\/fr\/faites-partie-de-special-olympics\/villes-communes\/#primaryimage","url":"https:\/\/special-olympics.be\/wp-content\/uploads\/2022\/03\/D751136-bewerkt.jpg","contentUrl":"https:\/\/special-olympics.be\/wp-content\/uploads\/2022\/03\/D751136-bewerkt.jpg","width":1600,"height":929},{"@type":"BreadcrumbList","@id":"https:\/\/special-olympics.be\/fr\/faites-partie-de-special-olympics\/villes-communes\/#breadcrumb","itemListElement":[{"@type":"ListItem","position":1,"name":"Accueil","item":"https:\/\/special-olympics.be\/fr\/"},{"@type":"ListItem","position":2,"name":"Faites partie de Special Olympics","item":"https:\/\/special-olympics.be\/fr\/faites-partie-de-special-olympics\/"},{"@type":"ListItem","position":3,"name":"Villes &#038; Communes"}]},{"@type":"WebSite","@id":"https:\/\/special-olympics.be\/fr\/#website","url":"https:\/\/special-olympics.be\/fr\/","name":"Special Olympics","description":"Special Olympics Belgium","potentialAction":[{"@type":"SearchAction","target":{"@type":"EntryPoint","urlTemplate":"https:\/\/special-olympics.be\/fr\/?s={search_term_string}"},"query-input":{"@type":"PropertyValueSpecification","valueRequired":true,"valueName":"search_term_string"}}],"inLanguage":"fr-FR"}]}},"_links":{"self":[{"href":"https:\/\/special-olympics.be\/fr\/wp-json\/wp\/v2\/pages\/177","targetHints":{"allow":["GET"]}}],"collection":[{"href":"https:\/\/special-olympics.be\/fr\/wp-json\/wp\/v2\/pages"}],"about":[{"href":"https:\/\/special-olympics.be\/fr\/wp-json\/wp\/v2\/types\/page"}],"author":[{"embeddable":true,"href":"https:\/\/special-olympics.be\/fr\/wp-json\/wp\/v2\/users\/2"}],"replies":[{"embeddable":true,"href":"https:\/\/special-olympics.be\/fr\/wp-json\/wp\/v2\/comments?post=177"}],"version-history":[{"count":10,"href":"https:\/\/special-olympics.be\/fr\/wp-json\/wp\/v2\/pages\/177\/revisions"}],"predecessor-version":[{"id":7828,"href":"https:\/\/special-olympics.be\/fr\/wp-json\/wp\/v2\/pages\/177\/revisions\/7828"}],"up":[{"embeddable":true,"href":"https:\/\/special-olympics.be\/fr\/wp-json\/wp\/v2\/pages\/158"}],"wp:featuredmedia":[{"embeddable":true,"href":"https:\/\/special-olympics.be\/fr\/wp-json\/wp\/v2\/media\/1178"}],"wp:attachment":[{"href":"https:\/\/special-olympics.be\/fr\/wp-json\/wp\/v2\/media?parent=177"}],"wp:term":[{"taxonomy":"category","embeddable":true,"href":"https:\/\/special-olympics.be\/fr\/wp-json\/wp\/v2\/categories?post=177"}],"curies":[{"name":"wp","href":"https:\/\/api.w.org\/{rel}","templated":true}]}}