{"id":173,"date":"2021-06-18T10:29:20","date_gmt":"2021-06-18T08:29:20","guid":{"rendered":"https:\/\/dev.special-olympics.be\/?page_id=173"},"modified":"2022-06-17T13:50:54","modified_gmt":"2022-06-17T11:50:54","slug":"partenaire-sportif-unifie","status":"publish","type":"page","link":"https:\/\/special-olympics.be\/fr\/faites-partie-de-special-olympics\/partenaire-sportif-unifie\/","title":{"rendered":"Partenaire Sportif Unifi\u00e9"},"content":{"rendered":"\n<p>Un partenaire&nbsp;unifi\u00e9 est une personne sans handicap mental qui pratique&nbsp;avec l\u2019athl\u00e8te ayant un handicap mental&nbsp;le&nbsp;m\u00eame sport&nbsp;dans la m\u00eame \u00e9quipe.&nbsp;<br>Le sport&nbsp;les rassemble&nbsp;dans une m\u00eame \u00e9quipe&nbsp;\u00e0&nbsp;niveau&nbsp;\u00e9gal.&nbsp;Cela s\u2019appelle&nbsp;le&nbsp;sport&nbsp;unifi\u00e9.&nbsp;<\/p>\n\n\n\n<p>Le&nbsp;sport&nbsp;unifi\u00e9&nbsp;cr\u00e9e des&nbsp;liens&nbsp;sociaux&nbsp;et&nbsp;brise les&nbsp;tabous&nbsp;gr\u00e2ce au partage d\u2019actions et d\u2019\u00e9motions.&nbsp;Ils&nbsp;apprennent&nbsp;\u00e0 se comprendre et \u00e0 se respecter mutuellement et cr\u00e9ent&nbsp;des nouvelles amiti\u00e9s. Le&nbsp;sport&nbsp;unifi\u00e9 permet \u00e0 tous les athl\u00e8tes et partenaires&nbsp;unifi\u00e9s&nbsp;de donner le meilleur d\u2019eux-m\u00eames et de s\u2019\u00e9panouir.&nbsp;L\u2019interaction&nbsp;entre les athl\u00e8tes et les partenaires unifi\u00e9s facilitera \u00e0&nbsp;d\u00e9velopper aussi bien les comp\u00e9tences techniques que tactiques et&nbsp;relationnelles.&nbsp;<\/p>\n\n\n\n<p><a href=\"https:\/\/special-olympics.be\/fr\/notre-travail\/play-unified-sports-unifies\/\" data-type=\"page\" data-id=\"145\">Trouver un club\u00a0Unifi\u00e9<\/a><\/p>\n\n\n\n<h2 class=\"wp-block-heading\">Voir aussi &#8230;<\/h2>\n\n\n  \n\n<div class=\"gridCatPosts\">\n\n<!-- the loop -->\n\n    \n<div class=\"gridCatItem\" id=\"post-4788\" style=\"background-image: url(https:\/\/special-olympics.be\/wp-content\/uploads\/2024\/01\/7G6A9378-1024x768.jpg)\">\n<div class=\"gridCatInner\">\n<a href=\"https:\/\/special-olympics.be\/fr\/don\/\">\n<span>Votre soutien, financier fait la diff\u00e9rence !<\/span>\n<\/a>\n<\/div><!-- .gridCatInner -->\n<\/div><!-- .gridCatItem -->\n\n\n\n    \n<div class=\"gridCatItem\" id=\"post-4421\" style=\"background-image: url(https:\/\/special-olympics.be\/wp-content\/uploads\/2023\/08\/MichaelMichiels_WG2023_230620_162-min-1024x768.jpg)\">\n<div class=\"gridCatInner\">\n<a href=\"https:\/\/special-olympics.be\/fr\/soutener-nos-athletes\/\">\n<span>Soutener nos athl\u00e8tes<\/span>\n<\/a>\n<\/div><!-- .gridCatInner -->\n<\/div><!-- .gridCatItem -->\n\n\n\n    \n<div class=\"gridCatItem\" id=\"post-171\" style=\"background-image: url(https:\/\/special-olympics.be\/wp-content\/uploads\/2022\/03\/futsalChristmasGooik2016-38955-1024x768.jpg)\">\n<div class=\"gridCatInner\">\n<a href=\"https:\/\/special-olympics.be\/fr\/faites-partie-de-special-olympics\/arbitre\/\">\n<span>Arbitre<\/span>\n<\/a>\n<\/div><!-- .gridCatInner -->\n<\/div><!-- .gridCatItem -->\n\n\n\n    \n<div class=\"gridCatItem\" id=\"post-169\" style=\"background-image: url(https:\/\/special-olympics.be\/wp-content\/uploads\/2022\/01\/\u00a9GerbrandVanUytvanck_WSGAbuDhabi2019_SpecialOlympicsBelgium_150319_042-1024x768.jpg)\">\n<div class=\"gridCatInner\">\n<a href=\"https:\/\/special-olympics.be\/fr\/faites-partie-de-special-olympics\/coach\/\">\n<span>Coach<\/span>\n<\/a>\n<\/div><!-- .gridCatInner -->\n<\/div><!-- .gridCatItem -->\n\n\n\n    \n<div class=\"gridCatItem\" id=\"post-160\" style=\"background-image: url(https:\/\/special-olympics.be\/wp-content\/uploads\/2022\/03\/torch_INT_-15-1024x768.jpg)\">\n<div class=\"gridCatInner\">\n<a href=\"https:\/\/special-olympics.be\/fr\/faites-partie-de-special-olympics\/athlete\/\">\n<span>Athl\u00e8te<\/span>\n<\/a>\n<\/div><!-- .gridCatInner -->\n<\/div><!-- .gridCatItem -->\n\n\n\n    \n<div class=\"gridCatItem\" id=\"post-164\" style=\"background-image: url(https:\/\/special-olympics.be\/wp-content\/uploads\/2022\/03\/55575972_10157523264579026_1359593320845672448_n-1024x768.jpg)\">\n<div class=\"gridCatInner\">\n<a href=\"https:\/\/special-olympics.be\/fr\/faites-partie-de-special-olympics\/sponsors-partenaires\/\">\n<span>Partenaires &#038; Sponsors<\/span>\n<\/a>\n<\/div><!-- .gridCatInner -->\n<\/div><!-- .gridCatItem -->\n\n\n\n    \n<div class=\"gridCatItem\" id=\"post-166\" style=\"background-image: url(https:\/\/special-olympics.be\/wp-content\/uploads\/2022\/03\/atle_SVE-203-1024x768.jpg)\">\n<div class=\"gridCatInner\">\n<a href=\"https:\/\/special-olympics.be\/fr\/faites-partie-de-special-olympics\/club\/\">\n<span>Club<\/span>\n<\/a>\n<\/div><!-- .gridCatInner -->\n<\/div><!-- .gridCatItem -->\n\n\n\n    \n<div class=\"gridCatItem\" id=\"post-162\" style=\"background-image: url(https:\/\/special-olympics.be\/wp-content\/uploads\/2022\/03\/D853355-bewerkt-1024x768.jpg)\">\n<div class=\"gridCatInner\">\n<a href=\"https:\/\/special-olympics.be\/fr\/faites-partie-de-special-olympics\/volontaire\/\">\n<span>Volontaire<\/span>\n<\/a>\n<\/div><!-- .gridCatInner -->\n<\/div><!-- .gridCatItem -->\n\n\n\n    \n<div class=\"gridCatItem\" id=\"post-5138\" style=\"background-image: url(https:\/\/special-olympics.be\/wp-content\/uploads\/2024\/01\/7G6A9378-1024x768.jpg)\">\n<div class=\"gridCatInner\">\n<a href=\"https:\/\/special-olympics.be\/fr\/faire-un-don-azerion\/\">\n<span>Faire un don &#8211; Azerion<\/span>\n<\/a>\n<\/div><!-- .gridCatInner -->\n<\/div><!-- .gridCatItem -->\n\n\n\n    \n<div class=\"gridCatItem\" id=\"post-177\" style=\"background-image: url(https:\/\/special-olympics.be\/wp-content\/uploads\/2022\/03\/D751136-bewerkt-1024x768.jpg)\">\n<div class=\"gridCatInner\">\n<a href=\"https:\/\/special-olympics.be\/fr\/faites-partie-de-special-olympics\/villes-communes\/\">\n<span>Villes &#038; Communes<\/span>\n<\/a>\n<\/div><!-- .gridCatInner -->\n<\/div><!-- .gridCatItem -->\n\n\n<!-- end of the loop -->\n\n\n<\/div><!-- .gridCatPosts -->\n","protected":false},"excerpt":{"rendered":"<p>Un partenaire&nbsp;unifi\u00e9 est une personne sans handicap mental qui pratique&nbsp;avec l\u2019athl\u00e8te ayant un handicap mental&nbsp;le&nbsp;m\u00eame sport&nbsp;dans&#8230; <span class=\"moreLink\"><a href=\"https:\/\/special-olympics.be\/fr\/faites-partie-de-special-olympics\/partenaire-sportif-unifie\/\">+<\/a><\/span><\/p>\n","protected":false},"author":2,"featured_media":1192,"parent":158,"menu_order":0,"comment_status":"closed","ping_status":"closed","template":"","meta":{"_acf_changed":false,"footnotes":""},"categories":[5],"class_list":["post-173","page","type-page","status-publish","has-post-thumbnail","hentry","category-faire-partie-de-special-olympics"],"acf":[],"yoast_head":"<!-- This site is optimized with the Yoast SEO plugin v27.3 - https:\/\/yoast.com\/product\/yoast-seo-wordpress\/ -->\n<title>Partenaire Sportif Unifi\u00e9 - Special Olympics<\/title>\n<meta name=\"robots\" content=\"index, follow, max-snippet:-1, max-image-preview:large, max-video-preview:-1\" \/>\n<link rel=\"canonical\" href=\"https:\/\/special-olympics.be\/fr\/faites-partie-de-special-olympics\/partenaire-sportif-unifie\/\" \/>\n<meta property=\"og:locale\" content=\"fr_FR\" \/>\n<meta property=\"og:type\" content=\"article\" \/>\n<meta property=\"og:title\" content=\"Partenaire Sportif Unifi\u00e9 - Special Olympics\" \/>\n<meta property=\"og:description\" content=\"Un partenaire&nbsp;unifi\u00e9 est une personne sans handicap mental qui pratique&nbsp;avec l\u2019athl\u00e8te ayant un handicap mental&nbsp;le&nbsp;m\u00eame sport&nbsp;dans... +\" \/>\n<meta property=\"og:url\" content=\"https:\/\/special-olympics.be\/fr\/faites-partie-de-special-olympics\/partenaire-sportif-unifie\/\" \/>\n<meta property=\"og:site_name\" content=\"Special Olympics\" \/>\n<meta property=\"article:modified_time\" content=\"2022-06-17T11:50:54+00:00\" \/>\n<meta property=\"og:image\" content=\"https:\/\/special-olympics.be\/wp-content\/uploads\/2022\/03\/Belgian-Red-Flames-\u00a9GerbrandVanUytvanck-3.jpg\" \/>\n\t<meta property=\"og:image:width\" content=\"1600\" \/>\n\t<meta property=\"og:image:height\" content=\"1067\" \/>\n\t<meta property=\"og:image:type\" content=\"image\/jpeg\" \/>\n<meta name=\"twitter:card\" content=\"summary_large_image\" \/>\n<meta name=\"twitter:label1\" content=\"Dur\u00e9e de lecture estim\u00e9e\" \/>\n\t<meta name=\"twitter:data1\" content=\"1 minute\" \/>\n<script type=\"application\/ld+json\" class=\"yoast-schema-graph\">{\"@context\":\"https:\\\/\\\/schema.org\",\"@graph\":[{\"@type\":\"WebPage\",\"@id\":\"https:\\\/\\\/special-olympics.be\\\/fr\\\/faites-partie-de-special-olympics\\\/partenaire-sportif-unifie\\\/\",\"url\":\"https:\\\/\\\/special-olympics.be\\\/fr\\\/faites-partie-de-special-olympics\\\/partenaire-sportif-unifie\\\/\",\"name\":\"Partenaire Sportif Unifi\u00e9 - Special Olympics\",\"isPartOf\":{\"@id\":\"https:\\\/\\\/special-olympics.be\\\/fr\\\/#website\"},\"primaryImageOfPage\":{\"@id\":\"https:\\\/\\\/special-olympics.be\\\/fr\\\/faites-partie-de-special-olympics\\\/partenaire-sportif-unifie\\\/#primaryimage\"},\"image\":{\"@id\":\"https:\\\/\\\/special-olympics.be\\\/fr\\\/faites-partie-de-special-olympics\\\/partenaire-sportif-unifie\\\/#primaryimage\"},\"thumbnailUrl\":\"https:\\\/\\\/special-olympics.be\\\/wp-content\\\/uploads\\\/2022\\\/03\\\/Belgian-Red-Flames-\u00a9GerbrandVanUytvanck-3.jpg\",\"datePublished\":\"2021-06-18T08:29:20+00:00\",\"dateModified\":\"2022-06-17T11:50:54+00:00\",\"breadcrumb\":{\"@id\":\"https:\\\/\\\/special-olympics.be\\\/fr\\\/faites-partie-de-special-olympics\\\/partenaire-sportif-unifie\\\/#breadcrumb\"},\"inLanguage\":\"fr-FR\",\"potentialAction\":[{\"@type\":\"ReadAction\",\"target\":[\"https:\\\/\\\/special-olympics.be\\\/fr\\\/faites-partie-de-special-olympics\\\/partenaire-sportif-unifie\\\/\"]}]},{\"@type\":\"ImageObject\",\"inLanguage\":\"fr-FR\",\"@id\":\"https:\\\/\\\/special-olympics.be\\\/fr\\\/faites-partie-de-special-olympics\\\/partenaire-sportif-unifie\\\/#primaryimage\",\"url\":\"https:\\\/\\\/special-olympics.be\\\/wp-content\\\/uploads\\\/2022\\\/03\\\/Belgian-Red-Flames-\u00a9GerbrandVanUytvanck-3.jpg\",\"contentUrl\":\"https:\\\/\\\/special-olympics.be\\\/wp-content\\\/uploads\\\/2022\\\/03\\\/Belgian-Red-Flames-\u00a9GerbrandVanUytvanck-3.jpg\",\"width\":1600,\"height\":1067},{\"@type\":\"BreadcrumbList\",\"@id\":\"https:\\\/\\\/special-olympics.be\\\/fr\\\/faites-partie-de-special-olympics\\\/partenaire-sportif-unifie\\\/#breadcrumb\",\"itemListElement\":[{\"@type\":\"ListItem\",\"position\":1,\"name\":\"Accueil\",\"item\":\"https:\\\/\\\/special-olympics.be\\\/fr\\\/\"},{\"@type\":\"ListItem\",\"position\":2,\"name\":\"Faites partie de Special Olympics\",\"item\":\"https:\\\/\\\/special-olympics.be\\\/fr\\\/faites-partie-de-special-olympics\\\/\"},{\"@type\":\"ListItem\",\"position\":3,\"name\":\"Partenaire Sportif Unifi\u00e9\"}]},{\"@type\":\"WebSite\",\"@id\":\"https:\\\/\\\/special-olympics.be\\\/fr\\\/#website\",\"url\":\"https:\\\/\\\/special-olympics.be\\\/fr\\\/\",\"name\":\"Special Olympics\",\"description\":\"Special Olympics Belgium\",\"potentialAction\":[{\"@type\":\"SearchAction\",\"target\":{\"@type\":\"EntryPoint\",\"urlTemplate\":\"https:\\\/\\\/special-olympics.be\\\/fr\\\/?s={search_term_string}\"},\"query-input\":{\"@type\":\"PropertyValueSpecification\",\"valueRequired\":true,\"valueName\":\"search_term_string\"}}],\"inLanguage\":\"fr-FR\"}]}<\/script>\n<!-- \/ Yoast SEO plugin. -->","yoast_head_json":{"title":"Partenaire Sportif Unifi\u00e9 - Special Olympics","robots":{"index":"index","follow":"follow","max-snippet":"max-snippet:-1","max-image-preview":"max-image-preview:large","max-video-preview":"max-video-preview:-1"},"canonical":"https:\/\/special-olympics.be\/fr\/faites-partie-de-special-olympics\/partenaire-sportif-unifie\/","og_locale":"fr_FR","og_type":"article","og_title":"Partenaire Sportif Unifi\u00e9 - Special Olympics","og_description":"Un partenaire&nbsp;unifi\u00e9 est une personne sans handicap mental qui pratique&nbsp;avec l\u2019athl\u00e8te ayant un handicap mental&nbsp;le&nbsp;m\u00eame sport&nbsp;dans... +","og_url":"https:\/\/special-olympics.be\/fr\/faites-partie-de-special-olympics\/partenaire-sportif-unifie\/","og_site_name":"Special Olympics","article_modified_time":"2022-06-17T11:50:54+00:00","og_image":[{"width":1600,"height":1067,"url":"https:\/\/special-olympics.be\/wp-content\/uploads\/2022\/03\/Belgian-Red-Flames-\u00a9GerbrandVanUytvanck-3.jpg","type":"image\/jpeg"}],"twitter_card":"summary_large_image","twitter_misc":{"Dur\u00e9e de lecture estim\u00e9e":"1 minute"},"schema":{"@context":"https:\/\/schema.org","@graph":[{"@type":"WebPage","@id":"https:\/\/special-olympics.be\/fr\/faites-partie-de-special-olympics\/partenaire-sportif-unifie\/","url":"https:\/\/special-olympics.be\/fr\/faites-partie-de-special-olympics\/partenaire-sportif-unifie\/","name":"Partenaire Sportif Unifi\u00e9 - Special Olympics","isPartOf":{"@id":"https:\/\/special-olympics.be\/fr\/#website"},"primaryImageOfPage":{"@id":"https:\/\/special-olympics.be\/fr\/faites-partie-de-special-olympics\/partenaire-sportif-unifie\/#primaryimage"},"image":{"@id":"https:\/\/special-olympics.be\/fr\/faites-partie-de-special-olympics\/partenaire-sportif-unifie\/#primaryimage"},"thumbnailUrl":"https:\/\/special-olympics.be\/wp-content\/uploads\/2022\/03\/Belgian-Red-Flames-\u00a9GerbrandVanUytvanck-3.jpg","datePublished":"2021-06-18T08:29:20+00:00","dateModified":"2022-06-17T11:50:54+00:00","breadcrumb":{"@id":"https:\/\/special-olympics.be\/fr\/faites-partie-de-special-olympics\/partenaire-sportif-unifie\/#breadcrumb"},"inLanguage":"fr-FR","potentialAction":[{"@type":"ReadAction","target":["https:\/\/special-olympics.be\/fr\/faites-partie-de-special-olympics\/partenaire-sportif-unifie\/"]}]},{"@type":"ImageObject","inLanguage":"fr-FR","@id":"https:\/\/special-olympics.be\/fr\/faites-partie-de-special-olympics\/partenaire-sportif-unifie\/#primaryimage","url":"https:\/\/special-olympics.be\/wp-content\/uploads\/2022\/03\/Belgian-Red-Flames-\u00a9GerbrandVanUytvanck-3.jpg","contentUrl":"https:\/\/special-olympics.be\/wp-content\/uploads\/2022\/03\/Belgian-Red-Flames-\u00a9GerbrandVanUytvanck-3.jpg","width":1600,"height":1067},{"@type":"BreadcrumbList","@id":"https:\/\/special-olympics.be\/fr\/faites-partie-de-special-olympics\/partenaire-sportif-unifie\/#breadcrumb","itemListElement":[{"@type":"ListItem","position":1,"name":"Accueil","item":"https:\/\/special-olympics.be\/fr\/"},{"@type":"ListItem","position":2,"name":"Faites partie de Special Olympics","item":"https:\/\/special-olympics.be\/fr\/faites-partie-de-special-olympics\/"},{"@type":"ListItem","position":3,"name":"Partenaire Sportif Unifi\u00e9"}]},{"@type":"WebSite","@id":"https:\/\/special-olympics.be\/fr\/#website","url":"https:\/\/special-olympics.be\/fr\/","name":"Special Olympics","description":"Special Olympics Belgium","potentialAction":[{"@type":"SearchAction","target":{"@type":"EntryPoint","urlTemplate":"https:\/\/special-olympics.be\/fr\/?s={search_term_string}"},"query-input":{"@type":"PropertyValueSpecification","valueRequired":true,"valueName":"search_term_string"}}],"inLanguage":"fr-FR"}]}},"_links":{"self":[{"href":"https:\/\/special-olympics.be\/fr\/wp-json\/wp\/v2\/pages\/173","targetHints":{"allow":["GET"]}}],"collection":[{"href":"https:\/\/special-olympics.be\/fr\/wp-json\/wp\/v2\/pages"}],"about":[{"href":"https:\/\/special-olympics.be\/fr\/wp-json\/wp\/v2\/types\/page"}],"author":[{"embeddable":true,"href":"https:\/\/special-olympics.be\/fr\/wp-json\/wp\/v2\/users\/2"}],"replies":[{"embeddable":true,"href":"https:\/\/special-olympics.be\/fr\/wp-json\/wp\/v2\/comments?post=173"}],"version-history":[{"count":9,"href":"https:\/\/special-olympics.be\/fr\/wp-json\/wp\/v2\/pages\/173\/revisions"}],"predecessor-version":[{"id":1900,"href":"https:\/\/special-olympics.be\/fr\/wp-json\/wp\/v2\/pages\/173\/revisions\/1900"}],"up":[{"embeddable":true,"href":"https:\/\/special-olympics.be\/fr\/wp-json\/wp\/v2\/pages\/158"}],"wp:featuredmedia":[{"embeddable":true,"href":"https:\/\/special-olympics.be\/fr\/wp-json\/wp\/v2\/media\/1192"}],"wp:attachment":[{"href":"https:\/\/special-olympics.be\/fr\/wp-json\/wp\/v2\/media?parent=173"}],"wp:term":[{"taxonomy":"category","embeddable":true,"href":"https:\/\/special-olympics.be\/fr\/wp-json\/wp\/v2\/categories?post=173"}],"curies":[{"name":"wp","href":"https:\/\/api.w.org\/{rel}","templated":true}]}}