{"id":171,"date":"2021-06-18T10:28:54","date_gmt":"2021-06-18T08:28:54","guid":{"rendered":"https:\/\/dev.special-olympics.be\/?page_id=171"},"modified":"2025-07-02T14:33:40","modified_gmt":"2025-07-02T12:33:40","slug":"arbitre","status":"publish","type":"page","link":"https:\/\/special-olympics.be\/fr\/faites-partie-de-special-olympics\/arbitre\/","title":{"rendered":"Arbitre"},"content":{"rendered":"\n<p>L\u2019arbitre veille \u00e0 ce que le sport se pratique dans les r\u00e8gles de l\u2019art. L\u2019arbitrage est n\u00e9cessaire afin que le r\u00e8glement soit suivi par chaque athl\u00e8te et\/ou \u00e9quipe.&nbsp;<\/p>\n\n\n\n<p><strong>Son r\u00f4le est primordial&nbsp;afin&nbsp;de :&nbsp;&nbsp;&nbsp;<\/strong><\/p>\n\n\n\n<ul class=\"wp-block-list\">\n<li><strong>veiller<\/strong>\u00a0\u00e0 ce qu\u2019aucun athl\u00e8te et\/ou \u00e9quipe ne tire d\u2019avantage du r\u00e8glement ;\u00a0<\/li>\n\n\n\n<li><strong>assurer<\/strong>\u00a0un certain niveau de s\u00e9curit\u00e9. Le jeu dangereux sera p\u00e9nalis\u00e9 ;\u00a0<\/li>\n\n\n\n<li><strong>conserver<\/strong>\u00a0autant que possible la fluidit\u00e9 du jeu.\u00a0<\/li>\n<\/ul>\n\n\n\n<p>L\u2019arbitre est un vrai <strong>expert<\/strong> du&nbsp;<a data-type=\"page\" data-id=\"139\" href=\"https:\/\/special-olympics.be\/notre-travail\/sport\/\">r\u00e8glement&nbsp;Special&nbsp;Olympics&nbsp;Belgium&nbsp;de son sport<\/a>.<\/p>\n\n\n\n<a class=\"contentCTA\" href=\"mailto:jean-louis.motte@specialolympics.be\"><i style=\"display:none;\"><\/i> Devenez arbitre<\/a>\n\n\n\n\n<h2 class=\"wp-block-heading\">Voir aussi &#8230;<\/h2>\n\n\n  \n\n<div class=\"gridCatPosts\">\n\n<!-- the loop -->\n\n    \n<div class=\"gridCatItem\" id=\"post-164\" style=\"background-image: url(https:\/\/special-olympics.be\/wp-content\/uploads\/2022\/03\/55575972_10157523264579026_1359593320845672448_n-1024x768.jpg)\">\n<div class=\"gridCatInner\">\n<a href=\"https:\/\/special-olympics.be\/fr\/faites-partie-de-special-olympics\/sponsors-partenaires\/\">\n<span>Partenaires &#038; Sponsors<\/span>\n<\/a>\n<\/div><!-- .gridCatInner -->\n<\/div><!-- .gridCatItem -->\n\n\n\n    \n<div class=\"gridCatItem\" id=\"post-177\" style=\"background-image: url(https:\/\/special-olympics.be\/wp-content\/uploads\/2022\/03\/D751136-bewerkt-1024x768.jpg)\">\n<div class=\"gridCatInner\">\n<a href=\"https:\/\/special-olympics.be\/fr\/faites-partie-de-special-olympics\/villes-communes\/\">\n<span>Villes &#038; Communes<\/span>\n<\/a>\n<\/div><!-- .gridCatInner -->\n<\/div><!-- .gridCatItem -->\n\n\n\n    \n<div class=\"gridCatItem\" id=\"post-162\" style=\"background-image: url(https:\/\/special-olympics.be\/wp-content\/uploads\/2022\/03\/D853355-bewerkt-1024x768.jpg)\">\n<div class=\"gridCatInner\">\n<a href=\"https:\/\/special-olympics.be\/fr\/faites-partie-de-special-olympics\/volontaire\/\">\n<span>Volontaire<\/span>\n<\/a>\n<\/div><!-- .gridCatInner -->\n<\/div><!-- .gridCatItem -->\n\n\n\n    \n<div class=\"gridCatItem\" id=\"post-5138\" style=\"background-image: url(https:\/\/special-olympics.be\/wp-content\/uploads\/2024\/01\/7G6A9378-1024x768.jpg)\">\n<div class=\"gridCatInner\">\n<a href=\"https:\/\/special-olympics.be\/fr\/faire-un-don-azerion\/\">\n<span>Faire un don &#8211; Azerion<\/span>\n<\/a>\n<\/div><!-- .gridCatInner -->\n<\/div><!-- .gridCatItem -->\n\n\n\n    \n<div class=\"gridCatItem\" id=\"post-169\" style=\"background-image: url(https:\/\/special-olympics.be\/wp-content\/uploads\/2022\/01\/\u00a9GerbrandVanUytvanck_WSGAbuDhabi2019_SpecialOlympicsBelgium_150319_042-1024x768.jpg)\">\n<div class=\"gridCatInner\">\n<a href=\"https:\/\/special-olympics.be\/fr\/faites-partie-de-special-olympics\/coach\/\">\n<span>Coach<\/span>\n<\/a>\n<\/div><!-- .gridCatInner -->\n<\/div><!-- .gridCatItem -->\n\n\n\n    \n<div class=\"gridCatItem\" id=\"post-4421\" style=\"background-image: url(https:\/\/special-olympics.be\/wp-content\/uploads\/2023\/08\/MichaelMichiels_WG2023_230620_162-min-1024x768.jpg)\">\n<div class=\"gridCatInner\">\n<a href=\"https:\/\/special-olympics.be\/fr\/soutener-nos-athletes\/\">\n<span>Soutener nos athl\u00e8tes<\/span>\n<\/a>\n<\/div><!-- .gridCatInner -->\n<\/div><!-- .gridCatItem -->\n\n\n\n    \n<div class=\"gridCatItem\" id=\"post-160\" style=\"background-image: url(https:\/\/special-olympics.be\/wp-content\/uploads\/2022\/03\/torch_INT_-15-1024x768.jpg)\">\n<div class=\"gridCatInner\">\n<a href=\"https:\/\/special-olympics.be\/fr\/faites-partie-de-special-olympics\/athlete\/\">\n<span>Athl\u00e8te<\/span>\n<\/a>\n<\/div><!-- .gridCatInner -->\n<\/div><!-- .gridCatItem -->\n\n\n\n    \n<div class=\"gridCatItem\" id=\"post-4788\" style=\"background-image: url(https:\/\/special-olympics.be\/wp-content\/uploads\/2024\/01\/7G6A9378-1024x768.jpg)\">\n<div class=\"gridCatInner\">\n<a href=\"https:\/\/special-olympics.be\/fr\/don\/\">\n<span>Votre soutien, financier fait la diff\u00e9rence !<\/span>\n<\/a>\n<\/div><!-- .gridCatInner -->\n<\/div><!-- .gridCatItem -->\n\n\n\n    \n<div class=\"gridCatItem\" id=\"post-166\" style=\"background-image: url(https:\/\/special-olympics.be\/wp-content\/uploads\/2022\/03\/atle_SVE-203-1024x768.jpg)\">\n<div class=\"gridCatInner\">\n<a href=\"https:\/\/special-olympics.be\/fr\/faites-partie-de-special-olympics\/club\/\">\n<span>Club<\/span>\n<\/a>\n<\/div><!-- .gridCatInner -->\n<\/div><!-- .gridCatItem -->\n\n\n\n    \n<div class=\"gridCatItem\" id=\"post-173\" style=\"background-image: url(https:\/\/special-olympics.be\/wp-content\/uploads\/2022\/03\/Belgian-Red-Flames-\u00a9GerbrandVanUytvanck-3-1024x768.jpg)\">\n<div class=\"gridCatInner\">\n<a href=\"https:\/\/special-olympics.be\/fr\/faites-partie-de-special-olympics\/partenaire-sportif-unifie\/\">\n<span>Partenaire Sportif Unifi\u00e9<\/span>\n<\/a>\n<\/div><!-- .gridCatInner -->\n<\/div><!-- .gridCatItem -->\n\n\n<!-- end of the loop -->\n\n\n<\/div><!-- .gridCatPosts -->\n","protected":false},"excerpt":{"rendered":"<p>L\u2019arbitre veille \u00e0 ce que le sport se pratique dans les r\u00e8gles de l\u2019art. L\u2019arbitrage est&#8230; <span class=\"moreLink\"><a href=\"https:\/\/special-olympics.be\/fr\/faites-partie-de-special-olympics\/arbitre\/\">+<\/a><\/span><\/p>\n","protected":false},"author":2,"featured_media":1182,"parent":158,"menu_order":0,"comment_status":"closed","ping_status":"closed","template":"","meta":{"_acf_changed":false,"footnotes":""},"categories":[5],"class_list":["post-171","page","type-page","status-publish","has-post-thumbnail","hentry","category-faire-partie-de-special-olympics"],"acf":[],"yoast_head":"<!-- This site is optimized with the Yoast SEO plugin v27.4 - https:\/\/yoast.com\/product\/yoast-seo-wordpress\/ -->\n<title>Arbitre - Special Olympics<\/title>\n<meta name=\"robots\" content=\"index, follow, max-snippet:-1, max-image-preview:large, max-video-preview:-1\" \/>\n<link rel=\"canonical\" href=\"https:\/\/special-olympics.be\/fr\/faites-partie-de-special-olympics\/arbitre\/\" \/>\n<meta property=\"og:locale\" content=\"fr_FR\" \/>\n<meta property=\"og:type\" content=\"article\" \/>\n<meta property=\"og:title\" content=\"Arbitre - Special Olympics\" \/>\n<meta property=\"og:description\" content=\"L\u2019arbitre veille \u00e0 ce que le sport se pratique dans les r\u00e8gles de l\u2019art. L\u2019arbitrage est... +\" \/>\n<meta property=\"og:url\" content=\"https:\/\/special-olympics.be\/fr\/faites-partie-de-special-olympics\/arbitre\/\" \/>\n<meta property=\"og:site_name\" content=\"Special Olympics\" \/>\n<meta property=\"article:modified_time\" content=\"2025-07-02T12:33:40+00:00\" \/>\n<meta property=\"og:image\" content=\"https:\/\/special-olympics.be\/wp-content\/uploads\/2022\/03\/futsalChristmasGooik2016-38955.jpg\" \/>\n\t<meta property=\"og:image:width\" content=\"1600\" \/>\n\t<meta property=\"og:image:height\" content=\"1067\" \/>\n\t<meta property=\"og:image:type\" content=\"image\/jpeg\" \/>\n<meta name=\"twitter:card\" content=\"summary_large_image\" \/>\n<meta name=\"twitter:label1\" content=\"Dur\u00e9e de lecture estim\u00e9e\" \/>\n\t<meta name=\"twitter:data1\" content=\"1 minute\" \/>\n<script type=\"application\/ld+json\" class=\"yoast-schema-graph\">{\"@context\":\"https:\\\/\\\/schema.org\",\"@graph\":[{\"@type\":\"WebPage\",\"@id\":\"https:\\\/\\\/special-olympics.be\\\/fr\\\/faites-partie-de-special-olympics\\\/arbitre\\\/\",\"url\":\"https:\\\/\\\/special-olympics.be\\\/fr\\\/faites-partie-de-special-olympics\\\/arbitre\\\/\",\"name\":\"Arbitre - Special Olympics\",\"isPartOf\":{\"@id\":\"https:\\\/\\\/special-olympics.be\\\/fr\\\/#website\"},\"primaryImageOfPage\":{\"@id\":\"https:\\\/\\\/special-olympics.be\\\/fr\\\/faites-partie-de-special-olympics\\\/arbitre\\\/#primaryimage\"},\"image\":{\"@id\":\"https:\\\/\\\/special-olympics.be\\\/fr\\\/faites-partie-de-special-olympics\\\/arbitre\\\/#primaryimage\"},\"thumbnailUrl\":\"https:\\\/\\\/special-olympics.be\\\/wp-content\\\/uploads\\\/2022\\\/03\\\/futsalChristmasGooik2016-38955.jpg\",\"datePublished\":\"2021-06-18T08:28:54+00:00\",\"dateModified\":\"2025-07-02T12:33:40+00:00\",\"breadcrumb\":{\"@id\":\"https:\\\/\\\/special-olympics.be\\\/fr\\\/faites-partie-de-special-olympics\\\/arbitre\\\/#breadcrumb\"},\"inLanguage\":\"fr-FR\",\"potentialAction\":[{\"@type\":\"ReadAction\",\"target\":[\"https:\\\/\\\/special-olympics.be\\\/fr\\\/faites-partie-de-special-olympics\\\/arbitre\\\/\"]}]},{\"@type\":\"ImageObject\",\"inLanguage\":\"fr-FR\",\"@id\":\"https:\\\/\\\/special-olympics.be\\\/fr\\\/faites-partie-de-special-olympics\\\/arbitre\\\/#primaryimage\",\"url\":\"https:\\\/\\\/special-olympics.be\\\/wp-content\\\/uploads\\\/2022\\\/03\\\/futsalChristmasGooik2016-38955.jpg\",\"contentUrl\":\"https:\\\/\\\/special-olympics.be\\\/wp-content\\\/uploads\\\/2022\\\/03\\\/futsalChristmasGooik2016-38955.jpg\",\"width\":1600,\"height\":1067},{\"@type\":\"BreadcrumbList\",\"@id\":\"https:\\\/\\\/special-olympics.be\\\/fr\\\/faites-partie-de-special-olympics\\\/arbitre\\\/#breadcrumb\",\"itemListElement\":[{\"@type\":\"ListItem\",\"position\":1,\"name\":\"Accueil\",\"item\":\"https:\\\/\\\/special-olympics.be\\\/fr\\\/\"},{\"@type\":\"ListItem\",\"position\":2,\"name\":\"Faites partie de Special Olympics\",\"item\":\"https:\\\/\\\/special-olympics.be\\\/fr\\\/faites-partie-de-special-olympics\\\/\"},{\"@type\":\"ListItem\",\"position\":3,\"name\":\"Arbitre\"}]},{\"@type\":\"WebSite\",\"@id\":\"https:\\\/\\\/special-olympics.be\\\/fr\\\/#website\",\"url\":\"https:\\\/\\\/special-olympics.be\\\/fr\\\/\",\"name\":\"Special Olympics\",\"description\":\"Special Olympics Belgium\",\"potentialAction\":[{\"@type\":\"SearchAction\",\"target\":{\"@type\":\"EntryPoint\",\"urlTemplate\":\"https:\\\/\\\/special-olympics.be\\\/fr\\\/?s={search_term_string}\"},\"query-input\":{\"@type\":\"PropertyValueSpecification\",\"valueRequired\":true,\"valueName\":\"search_term_string\"}}],\"inLanguage\":\"fr-FR\"}]}<\/script>\n<!-- \/ Yoast SEO plugin. -->","yoast_head_json":{"title":"Arbitre - Special Olympics","robots":{"index":"index","follow":"follow","max-snippet":"max-snippet:-1","max-image-preview":"max-image-preview:large","max-video-preview":"max-video-preview:-1"},"canonical":"https:\/\/special-olympics.be\/fr\/faites-partie-de-special-olympics\/arbitre\/","og_locale":"fr_FR","og_type":"article","og_title":"Arbitre - Special Olympics","og_description":"L\u2019arbitre veille \u00e0 ce que le sport se pratique dans les r\u00e8gles de l\u2019art. L\u2019arbitrage est... +","og_url":"https:\/\/special-olympics.be\/fr\/faites-partie-de-special-olympics\/arbitre\/","og_site_name":"Special Olympics","article_modified_time":"2025-07-02T12:33:40+00:00","og_image":[{"width":1600,"height":1067,"url":"https:\/\/special-olympics.be\/wp-content\/uploads\/2022\/03\/futsalChristmasGooik2016-38955.jpg","type":"image\/jpeg"}],"twitter_card":"summary_large_image","twitter_misc":{"Dur\u00e9e de lecture estim\u00e9e":"1 minute"},"schema":{"@context":"https:\/\/schema.org","@graph":[{"@type":"WebPage","@id":"https:\/\/special-olympics.be\/fr\/faites-partie-de-special-olympics\/arbitre\/","url":"https:\/\/special-olympics.be\/fr\/faites-partie-de-special-olympics\/arbitre\/","name":"Arbitre - Special Olympics","isPartOf":{"@id":"https:\/\/special-olympics.be\/fr\/#website"},"primaryImageOfPage":{"@id":"https:\/\/special-olympics.be\/fr\/faites-partie-de-special-olympics\/arbitre\/#primaryimage"},"image":{"@id":"https:\/\/special-olympics.be\/fr\/faites-partie-de-special-olympics\/arbitre\/#primaryimage"},"thumbnailUrl":"https:\/\/special-olympics.be\/wp-content\/uploads\/2022\/03\/futsalChristmasGooik2016-38955.jpg","datePublished":"2021-06-18T08:28:54+00:00","dateModified":"2025-07-02T12:33:40+00:00","breadcrumb":{"@id":"https:\/\/special-olympics.be\/fr\/faites-partie-de-special-olympics\/arbitre\/#breadcrumb"},"inLanguage":"fr-FR","potentialAction":[{"@type":"ReadAction","target":["https:\/\/special-olympics.be\/fr\/faites-partie-de-special-olympics\/arbitre\/"]}]},{"@type":"ImageObject","inLanguage":"fr-FR","@id":"https:\/\/special-olympics.be\/fr\/faites-partie-de-special-olympics\/arbitre\/#primaryimage","url":"https:\/\/special-olympics.be\/wp-content\/uploads\/2022\/03\/futsalChristmasGooik2016-38955.jpg","contentUrl":"https:\/\/special-olympics.be\/wp-content\/uploads\/2022\/03\/futsalChristmasGooik2016-38955.jpg","width":1600,"height":1067},{"@type":"BreadcrumbList","@id":"https:\/\/special-olympics.be\/fr\/faites-partie-de-special-olympics\/arbitre\/#breadcrumb","itemListElement":[{"@type":"ListItem","position":1,"name":"Accueil","item":"https:\/\/special-olympics.be\/fr\/"},{"@type":"ListItem","position":2,"name":"Faites partie de Special Olympics","item":"https:\/\/special-olympics.be\/fr\/faites-partie-de-special-olympics\/"},{"@type":"ListItem","position":3,"name":"Arbitre"}]},{"@type":"WebSite","@id":"https:\/\/special-olympics.be\/fr\/#website","url":"https:\/\/special-olympics.be\/fr\/","name":"Special Olympics","description":"Special Olympics Belgium","potentialAction":[{"@type":"SearchAction","target":{"@type":"EntryPoint","urlTemplate":"https:\/\/special-olympics.be\/fr\/?s={search_term_string}"},"query-input":{"@type":"PropertyValueSpecification","valueRequired":true,"valueName":"search_term_string"}}],"inLanguage":"fr-FR"}]}},"_links":{"self":[{"href":"https:\/\/special-olympics.be\/fr\/wp-json\/wp\/v2\/pages\/171","targetHints":{"allow":["GET"]}}],"collection":[{"href":"https:\/\/special-olympics.be\/fr\/wp-json\/wp\/v2\/pages"}],"about":[{"href":"https:\/\/special-olympics.be\/fr\/wp-json\/wp\/v2\/types\/page"}],"author":[{"embeddable":true,"href":"https:\/\/special-olympics.be\/fr\/wp-json\/wp\/v2\/users\/2"}],"replies":[{"embeddable":true,"href":"https:\/\/special-olympics.be\/fr\/wp-json\/wp\/v2\/comments?post=171"}],"version-history":[{"count":10,"href":"https:\/\/special-olympics.be\/fr\/wp-json\/wp\/v2\/pages\/171\/revisions"}],"predecessor-version":[{"id":7826,"href":"https:\/\/special-olympics.be\/fr\/wp-json\/wp\/v2\/pages\/171\/revisions\/7826"}],"up":[{"embeddable":true,"href":"https:\/\/special-olympics.be\/fr\/wp-json\/wp\/v2\/pages\/158"}],"wp:featuredmedia":[{"embeddable":true,"href":"https:\/\/special-olympics.be\/fr\/wp-json\/wp\/v2\/media\/1182"}],"wp:attachment":[{"href":"https:\/\/special-olympics.be\/fr\/wp-json\/wp\/v2\/media?parent=171"}],"wp:term":[{"taxonomy":"category","embeddable":true,"href":"https:\/\/special-olympics.be\/fr\/wp-json\/wp\/v2\/categories?post=171"}],"curies":[{"name":"wp","href":"https:\/\/api.w.org\/{rel}","templated":true}]}}