{"id":166,"date":"2021-06-18T10:27:57","date_gmt":"2021-06-18T08:27:57","guid":{"rendered":"https:\/\/dev.special-olympics.be\/?page_id=166"},"modified":"2022-06-28T16:19:18","modified_gmt":"2022-06-28T14:19:18","slug":"club","status":"publish","type":"page","link":"https:\/\/special-olympics.be\/fr\/faites-partie-de-special-olympics\/club\/","title":{"rendered":"Club"},"content":{"rendered":"\n<p>Les clubs&nbsp;Special&nbsp;Olympics&nbsp;Belgium&nbsp;repr\u00e9sentent non seulement des clubs sportifs mais \u00e9galement d&rsquo;autres structures d&rsquo;encadrement qui proposent diverses activit\u00e9s, dont le sport&nbsp;en&nbsp;fait partie. Ainsi, des institutions, centres de jour, r\u00e9sidences, \u00e9coles et autres font partie des clubs&nbsp;Special&nbsp;Olympics&nbsp;Belgium.&nbsp;<\/p>\n\n\n\n<p><strong>Si vous souhaitez rejoindre&nbsp;Special&nbsp;Olympics&nbsp;Belgium&nbsp;en tant que club, vous devez r\u00e9pondre \u00e0 quelques conditions :&nbsp;<\/strong><\/p>\n\n\n\n<ul class=\"wp-block-list\"><li>Avoir \u00e9t\u00e9 actif au minimum 1 saison au sein de la cat\u00e9gorie du handicap mental ;&nbsp;<\/li><li>Compter minimum 5 membres dans la <a href=\"https:\/\/special-olympics.be\/fr\/faites-partie-de-special-olympics\/athlete\/\" data-type=\"page\" data-id=\"160\">cat\u00e9gorie du&nbsp;handicap mental<\/a> dans le club ;&nbsp;<br>Offrir un entrainement r\u00e9gulier, c\u2019est-\u00e0-dire minimum 1 entrainement\/2 semaines pendant au minimum 25 semaines sur base annuelle ;&nbsp;&nbsp;<\/li><li>Sous la supervision d\u2019un accompagnateur dipl\u00f4m\u00e9 ou exp\u00e9riment\u00e9 pr\u00e9sentant soit :&nbsp;&nbsp;&nbsp;<ul><li>un&nbsp;dipl\u00f4me d\u2019entraineur sportif reconnu ou d\u2019\u00e9ducation physique ou de kin\u00e9sith\u00e9rapie ;&nbsp;<\/li><li>au&nbsp;minimum 3 ans d\u2019exp\u00e9rience au sein du groupe cible ou dans l\u2019enseignement sportif ;&nbsp;<\/li><\/ul><\/li><li>Proposer un programme sportif adapt\u00e9 aux besoins des personnes ayant un handicap mental (ex. niveau sportif adapt\u00e9, infrastructure adapt\u00e9e\u2026).&nbsp;&nbsp;&nbsp;<\/li><\/ul>\n\n\n\n<h2 class=\"wp-block-heading\">Que pouvez-vous attendre de&nbsp;Special&nbsp;Olympics&nbsp;Belgium&nbsp;en tant que club ?&nbsp;<\/h2>\n\n\n\n<p><strong>Les principales actions mises en \u0153uvre par&nbsp;Special&nbsp;Olympics&nbsp;sont :&nbsp;<\/strong><\/p>\n\n\n\n<ol class=\"wp-block-list\"><li>L\u2019organisation annuelle des Jeux Nationaux, comp\u00e9tition sportive de 3 jours qui attire&nbsp;plus ou moins 3000&nbsp;athl\u00e8tes dans&nbsp;une vingtaine de&nbsp;disciplines diff\u00e9rentes et ce, alternativement en Flandre, en Wallonie et \u00e0 Bruxelles par cycle de 5 ans ;&nbsp;<\/li><\/ol>\n\n\n\n<ol class=\"wp-block-list\" start=\"2\"><li>Constitution d\u2019une d\u00e9l\u00e9gation d\u2019athl\u00e8tes belges aux Jeux Mondiaux d\u2019Hiver et d\u2019Et\u00e9, qui se d\u00e9roulent alternativement tous les deux ans ;&nbsp;<\/li><\/ol>\n\n\n\n<ol class=\"wp-block-list\" start=\"3\"><li>Le soutien aux initiatives locales qui cadrent avec notre mission et ce, via les \u00e9coles, les clubs sportifs, les institutions, les villes et communes \u2026 ;&nbsp;<\/li><\/ol>\n\n\n\n<ol class=\"wp-block-list\" start=\"4\"><li>Le d\u00e9veloppement du programme Play&nbsp;Unified&nbsp;qui promeut la pratique du sport en commun entre personnes&nbsp;avec et sans handicap&nbsp;mental ;&nbsp;<\/li><\/ol>\n\n\n\n<ol class=\"wp-block-list\" start=\"5\"><li>Le d\u00e9veloppement de programmes non sportifs qui renforcent notre mission :&nbsp;Healthy&nbsp;Athletes&nbsp;Program (programme de sant\u00e9),&nbsp;&nbsp;Athletes&nbsp;Leadership Program (Programme pour les athl\u00e8tes-ambassadeur) et Family (famille) ;&nbsp;<\/li><\/ol>\n\n\n\n<p>Special&nbsp;Olympics&nbsp;travaille&nbsp;surtout&nbsp;de mani\u00e8re digitale : en tant que responsable club, toutes les informations relatives \u00e0 ces activit\u00e9s vous seront transmises par mail.&nbsp;<\/p>\n\n\n\n<a class=\"contentCTA\" href=\"https:\/\/special-olympics.be\/fr\/map\/\"><i style=\"display:none;\"><\/i> Trouver un club SOB<\/a>\n\n\n\n\n<h2 class=\"wp-block-heading\">Voir aussi &#8230;<\/h2>\n\n\n  \n\n<div class=\"gridCatPosts\">\n\n<!-- the loop -->\n\n    \n<div class=\"gridCatItem\" id=\"post-5138\" style=\"background-image: url(https:\/\/special-olympics.be\/wp-content\/uploads\/2024\/01\/7G6A9378-1024x768.jpg)\">\n<div class=\"gridCatInner\">\n<a href=\"https:\/\/special-olympics.be\/fr\/faire-un-don-azerion\/\">\n<span>Faire un don &#8211; Azerion<\/span>\n<\/a>\n<\/div><!-- .gridCatInner -->\n<\/div><!-- .gridCatItem -->\n\n\n\n    \n<div class=\"gridCatItem\" id=\"post-4421\" style=\"background-image: url(https:\/\/special-olympics.be\/wp-content\/uploads\/2023\/08\/MichaelMichiels_WG2023_230620_162-min-1024x768.jpg)\">\n<div class=\"gridCatInner\">\n<a href=\"https:\/\/special-olympics.be\/fr\/soutener-nos-athletes\/\">\n<span>Soutener nos athl\u00e8tes<\/span>\n<\/a>\n<\/div><!-- .gridCatInner -->\n<\/div><!-- .gridCatItem -->\n\n\n\n    \n<div class=\"gridCatItem\" id=\"post-173\" style=\"background-image: url(https:\/\/special-olympics.be\/wp-content\/uploads\/2022\/03\/Belgian-Red-Flames-\u00a9GerbrandVanUytvanck-3-1024x768.jpg)\">\n<div class=\"gridCatInner\">\n<a href=\"https:\/\/special-olympics.be\/fr\/faites-partie-de-special-olympics\/partenaire-sportif-unifie\/\">\n<span>Partenaire Sportif Unifi\u00e9<\/span>\n<\/a>\n<\/div><!-- .gridCatInner -->\n<\/div><!-- .gridCatItem -->\n\n\n\n    \n<div class=\"gridCatItem\" id=\"post-164\" style=\"background-image: url(https:\/\/special-olympics.be\/wp-content\/uploads\/2022\/03\/55575972_10157523264579026_1359593320845672448_n-1024x768.jpg)\">\n<div class=\"gridCatInner\">\n<a href=\"https:\/\/special-olympics.be\/fr\/faites-partie-de-special-olympics\/sponsors-partenaires\/\">\n<span>Partenaires &#038; Sponsors<\/span>\n<\/a>\n<\/div><!-- .gridCatInner -->\n<\/div><!-- .gridCatItem -->\n\n\n\n    \n<div class=\"gridCatItem\" id=\"post-160\" style=\"background-image: url(https:\/\/special-olympics.be\/wp-content\/uploads\/2022\/03\/torch_INT_-15-1024x768.jpg)\">\n<div class=\"gridCatInner\">\n<a href=\"https:\/\/special-olympics.be\/fr\/faites-partie-de-special-olympics\/athlete\/\">\n<span>Athl\u00e8te<\/span>\n<\/a>\n<\/div><!-- .gridCatInner -->\n<\/div><!-- .gridCatItem -->\n\n\n\n    \n<div class=\"gridCatItem\" id=\"post-171\" style=\"background-image: url(https:\/\/special-olympics.be\/wp-content\/uploads\/2022\/03\/futsalChristmasGooik2016-38955-1024x768.jpg)\">\n<div class=\"gridCatInner\">\n<a href=\"https:\/\/special-olympics.be\/fr\/faites-partie-de-special-olympics\/arbitre\/\">\n<span>Arbitre<\/span>\n<\/a>\n<\/div><!-- .gridCatInner -->\n<\/div><!-- .gridCatItem -->\n\n\n\n    \n<div class=\"gridCatItem\" id=\"post-169\" style=\"background-image: url(https:\/\/special-olympics.be\/wp-content\/uploads\/2022\/01\/\u00a9GerbrandVanUytvanck_WSGAbuDhabi2019_SpecialOlympicsBelgium_150319_042-1024x768.jpg)\">\n<div class=\"gridCatInner\">\n<a href=\"https:\/\/special-olympics.be\/fr\/faites-partie-de-special-olympics\/coach\/\">\n<span>Coach<\/span>\n<\/a>\n<\/div><!-- .gridCatInner -->\n<\/div><!-- .gridCatItem -->\n\n\n\n    \n<div class=\"gridCatItem\" id=\"post-162\" style=\"background-image: url(https:\/\/special-olympics.be\/wp-content\/uploads\/2022\/03\/D853355-bewerkt-1024x768.jpg)\">\n<div class=\"gridCatInner\">\n<a href=\"https:\/\/special-olympics.be\/fr\/faites-partie-de-special-olympics\/volontaire\/\">\n<span>Volontaire<\/span>\n<\/a>\n<\/div><!-- .gridCatInner -->\n<\/div><!-- .gridCatItem -->\n\n\n\n    \n<div class=\"gridCatItem\" id=\"post-4788\" style=\"background-image: url(https:\/\/special-olympics.be\/wp-content\/uploads\/2024\/01\/7G6A9378-1024x768.jpg)\">\n<div class=\"gridCatInner\">\n<a href=\"https:\/\/special-olympics.be\/fr\/don\/\">\n<span>Votre soutien, financier fait la diff\u00e9rence !<\/span>\n<\/a>\n<\/div><!-- .gridCatInner -->\n<\/div><!-- .gridCatItem -->\n\n\n\n    \n<div class=\"gridCatItem\" id=\"post-177\" style=\"background-image: url(https:\/\/special-olympics.be\/wp-content\/uploads\/2022\/03\/D751136-bewerkt-1024x768.jpg)\">\n<div class=\"gridCatInner\">\n<a href=\"https:\/\/special-olympics.be\/fr\/faites-partie-de-special-olympics\/villes-communes\/\">\n<span>Villes &#038; Communes<\/span>\n<\/a>\n<\/div><!-- .gridCatInner -->\n<\/div><!-- .gridCatItem -->\n\n\n<!-- end of the loop -->\n\n\n<\/div><!-- .gridCatPosts -->\n","protected":false},"excerpt":{"rendered":"<p>Les clubs&nbsp;Special&nbsp;Olympics&nbsp;Belgium&nbsp;repr\u00e9sentent non seulement des clubs sportifs mais \u00e9galement d&rsquo;autres structures d&rsquo;encadrement qui proposent diverses activit\u00e9s,&#8230; <span class=\"moreLink\"><a href=\"https:\/\/special-olympics.be\/fr\/faites-partie-de-special-olympics\/club\/\">+<\/a><\/span><\/p>\n","protected":false},"author":2,"featured_media":1202,"parent":158,"menu_order":0,"comment_status":"closed","ping_status":"closed","template":"","meta":{"_acf_changed":false,"footnotes":""},"categories":[5],"class_list":["post-166","page","type-page","status-publish","has-post-thumbnail","hentry","category-faire-partie-de-special-olympics"],"acf":[],"yoast_head":"<!-- This site is optimized with the Yoast SEO plugin v27.3 - https:\/\/yoast.com\/product\/yoast-seo-wordpress\/ -->\n<title>Club - Special Olympics<\/title>\n<meta name=\"robots\" content=\"index, follow, max-snippet:-1, max-image-preview:large, max-video-preview:-1\" \/>\n<link rel=\"canonical\" href=\"https:\/\/special-olympics.be\/fr\/faites-partie-de-special-olympics\/club\/\" \/>\n<meta property=\"og:locale\" content=\"fr_FR\" \/>\n<meta property=\"og:type\" content=\"article\" \/>\n<meta property=\"og:title\" content=\"Club - Special Olympics\" \/>\n<meta property=\"og:description\" content=\"Les clubs&nbsp;Special&nbsp;Olympics&nbsp;Belgium&nbsp;repr\u00e9sentent non seulement des clubs sportifs mais \u00e9galement d&rsquo;autres structures d&rsquo;encadrement qui proposent diverses activit\u00e9s,... +\" \/>\n<meta property=\"og:url\" content=\"https:\/\/special-olympics.be\/fr\/faites-partie-de-special-olympics\/club\/\" \/>\n<meta property=\"og:site_name\" content=\"Special Olympics\" \/>\n<meta property=\"article:modified_time\" content=\"2022-06-28T14:19:18+00:00\" \/>\n<meta property=\"og:image\" content=\"https:\/\/special-olympics.be\/wp-content\/uploads\/2022\/03\/atle_SVE-203.jpg\" \/>\n\t<meta property=\"og:image:width\" content=\"1600\" \/>\n\t<meta property=\"og:image:height\" content=\"1600\" \/>\n\t<meta property=\"og:image:type\" content=\"image\/jpeg\" \/>\n<meta name=\"twitter:card\" content=\"summary_large_image\" \/>\n<meta name=\"twitter:label1\" content=\"Dur\u00e9e de lecture estim\u00e9e\" \/>\n\t<meta name=\"twitter:data1\" content=\"2 minutes\" \/>\n<script type=\"application\/ld+json\" class=\"yoast-schema-graph\">{\"@context\":\"https:\\\/\\\/schema.org\",\"@graph\":[{\"@type\":\"WebPage\",\"@id\":\"https:\\\/\\\/special-olympics.be\\\/fr\\\/faites-partie-de-special-olympics\\\/club\\\/\",\"url\":\"https:\\\/\\\/special-olympics.be\\\/fr\\\/faites-partie-de-special-olympics\\\/club\\\/\",\"name\":\"Club - Special Olympics\",\"isPartOf\":{\"@id\":\"https:\\\/\\\/special-olympics.be\\\/fr\\\/#website\"},\"primaryImageOfPage\":{\"@id\":\"https:\\\/\\\/special-olympics.be\\\/fr\\\/faites-partie-de-special-olympics\\\/club\\\/#primaryimage\"},\"image\":{\"@id\":\"https:\\\/\\\/special-olympics.be\\\/fr\\\/faites-partie-de-special-olympics\\\/club\\\/#primaryimage\"},\"thumbnailUrl\":\"https:\\\/\\\/special-olympics.be\\\/wp-content\\\/uploads\\\/2022\\\/03\\\/atle_SVE-203.jpg\",\"datePublished\":\"2021-06-18T08:27:57+00:00\",\"dateModified\":\"2022-06-28T14:19:18+00:00\",\"breadcrumb\":{\"@id\":\"https:\\\/\\\/special-olympics.be\\\/fr\\\/faites-partie-de-special-olympics\\\/club\\\/#breadcrumb\"},\"inLanguage\":\"fr-FR\",\"potentialAction\":[{\"@type\":\"ReadAction\",\"target\":[\"https:\\\/\\\/special-olympics.be\\\/fr\\\/faites-partie-de-special-olympics\\\/club\\\/\"]}]},{\"@type\":\"ImageObject\",\"inLanguage\":\"fr-FR\",\"@id\":\"https:\\\/\\\/special-olympics.be\\\/fr\\\/faites-partie-de-special-olympics\\\/club\\\/#primaryimage\",\"url\":\"https:\\\/\\\/special-olympics.be\\\/wp-content\\\/uploads\\\/2022\\\/03\\\/atle_SVE-203.jpg\",\"contentUrl\":\"https:\\\/\\\/special-olympics.be\\\/wp-content\\\/uploads\\\/2022\\\/03\\\/atle_SVE-203.jpg\",\"width\":1600,\"height\":1600},{\"@type\":\"BreadcrumbList\",\"@id\":\"https:\\\/\\\/special-olympics.be\\\/fr\\\/faites-partie-de-special-olympics\\\/club\\\/#breadcrumb\",\"itemListElement\":[{\"@type\":\"ListItem\",\"position\":1,\"name\":\"Accueil\",\"item\":\"https:\\\/\\\/special-olympics.be\\\/fr\\\/\"},{\"@type\":\"ListItem\",\"position\":2,\"name\":\"Faites partie de Special Olympics\",\"item\":\"https:\\\/\\\/special-olympics.be\\\/fr\\\/faites-partie-de-special-olympics\\\/\"},{\"@type\":\"ListItem\",\"position\":3,\"name\":\"Club\"}]},{\"@type\":\"WebSite\",\"@id\":\"https:\\\/\\\/special-olympics.be\\\/fr\\\/#website\",\"url\":\"https:\\\/\\\/special-olympics.be\\\/fr\\\/\",\"name\":\"Special Olympics\",\"description\":\"Special Olympics Belgium\",\"potentialAction\":[{\"@type\":\"SearchAction\",\"target\":{\"@type\":\"EntryPoint\",\"urlTemplate\":\"https:\\\/\\\/special-olympics.be\\\/fr\\\/?s={search_term_string}\"},\"query-input\":{\"@type\":\"PropertyValueSpecification\",\"valueRequired\":true,\"valueName\":\"search_term_string\"}}],\"inLanguage\":\"fr-FR\"}]}<\/script>\n<!-- \/ Yoast SEO plugin. -->","yoast_head_json":{"title":"Club - Special Olympics","robots":{"index":"index","follow":"follow","max-snippet":"max-snippet:-1","max-image-preview":"max-image-preview:large","max-video-preview":"max-video-preview:-1"},"canonical":"https:\/\/special-olympics.be\/fr\/faites-partie-de-special-olympics\/club\/","og_locale":"fr_FR","og_type":"article","og_title":"Club - Special Olympics","og_description":"Les clubs&nbsp;Special&nbsp;Olympics&nbsp;Belgium&nbsp;repr\u00e9sentent non seulement des clubs sportifs mais \u00e9galement d&rsquo;autres structures d&rsquo;encadrement qui proposent diverses activit\u00e9s,... +","og_url":"https:\/\/special-olympics.be\/fr\/faites-partie-de-special-olympics\/club\/","og_site_name":"Special Olympics","article_modified_time":"2022-06-28T14:19:18+00:00","og_image":[{"width":1600,"height":1600,"url":"https:\/\/special-olympics.be\/wp-content\/uploads\/2022\/03\/atle_SVE-203.jpg","type":"image\/jpeg"}],"twitter_card":"summary_large_image","twitter_misc":{"Dur\u00e9e de lecture estim\u00e9e":"2 minutes"},"schema":{"@context":"https:\/\/schema.org","@graph":[{"@type":"WebPage","@id":"https:\/\/special-olympics.be\/fr\/faites-partie-de-special-olympics\/club\/","url":"https:\/\/special-olympics.be\/fr\/faites-partie-de-special-olympics\/club\/","name":"Club - Special Olympics","isPartOf":{"@id":"https:\/\/special-olympics.be\/fr\/#website"},"primaryImageOfPage":{"@id":"https:\/\/special-olympics.be\/fr\/faites-partie-de-special-olympics\/club\/#primaryimage"},"image":{"@id":"https:\/\/special-olympics.be\/fr\/faites-partie-de-special-olympics\/club\/#primaryimage"},"thumbnailUrl":"https:\/\/special-olympics.be\/wp-content\/uploads\/2022\/03\/atle_SVE-203.jpg","datePublished":"2021-06-18T08:27:57+00:00","dateModified":"2022-06-28T14:19:18+00:00","breadcrumb":{"@id":"https:\/\/special-olympics.be\/fr\/faites-partie-de-special-olympics\/club\/#breadcrumb"},"inLanguage":"fr-FR","potentialAction":[{"@type":"ReadAction","target":["https:\/\/special-olympics.be\/fr\/faites-partie-de-special-olympics\/club\/"]}]},{"@type":"ImageObject","inLanguage":"fr-FR","@id":"https:\/\/special-olympics.be\/fr\/faites-partie-de-special-olympics\/club\/#primaryimage","url":"https:\/\/special-olympics.be\/wp-content\/uploads\/2022\/03\/atle_SVE-203.jpg","contentUrl":"https:\/\/special-olympics.be\/wp-content\/uploads\/2022\/03\/atle_SVE-203.jpg","width":1600,"height":1600},{"@type":"BreadcrumbList","@id":"https:\/\/special-olympics.be\/fr\/faites-partie-de-special-olympics\/club\/#breadcrumb","itemListElement":[{"@type":"ListItem","position":1,"name":"Accueil","item":"https:\/\/special-olympics.be\/fr\/"},{"@type":"ListItem","position":2,"name":"Faites partie de Special Olympics","item":"https:\/\/special-olympics.be\/fr\/faites-partie-de-special-olympics\/"},{"@type":"ListItem","position":3,"name":"Club"}]},{"@type":"WebSite","@id":"https:\/\/special-olympics.be\/fr\/#website","url":"https:\/\/special-olympics.be\/fr\/","name":"Special Olympics","description":"Special Olympics Belgium","potentialAction":[{"@type":"SearchAction","target":{"@type":"EntryPoint","urlTemplate":"https:\/\/special-olympics.be\/fr\/?s={search_term_string}"},"query-input":{"@type":"PropertyValueSpecification","valueRequired":true,"valueName":"search_term_string"}}],"inLanguage":"fr-FR"}]}},"_links":{"self":[{"href":"https:\/\/special-olympics.be\/fr\/wp-json\/wp\/v2\/pages\/166","targetHints":{"allow":["GET"]}}],"collection":[{"href":"https:\/\/special-olympics.be\/fr\/wp-json\/wp\/v2\/pages"}],"about":[{"href":"https:\/\/special-olympics.be\/fr\/wp-json\/wp\/v2\/types\/page"}],"author":[{"embeddable":true,"href":"https:\/\/special-olympics.be\/fr\/wp-json\/wp\/v2\/users\/2"}],"replies":[{"embeddable":true,"href":"https:\/\/special-olympics.be\/fr\/wp-json\/wp\/v2\/comments?post=166"}],"version-history":[{"count":12,"href":"https:\/\/special-olympics.be\/fr\/wp-json\/wp\/v2\/pages\/166\/revisions"}],"predecessor-version":[{"id":2107,"href":"https:\/\/special-olympics.be\/fr\/wp-json\/wp\/v2\/pages\/166\/revisions\/2107"}],"up":[{"embeddable":true,"href":"https:\/\/special-olympics.be\/fr\/wp-json\/wp\/v2\/pages\/158"}],"wp:featuredmedia":[{"embeddable":true,"href":"https:\/\/special-olympics.be\/fr\/wp-json\/wp\/v2\/media\/1202"}],"wp:attachment":[{"href":"https:\/\/special-olympics.be\/fr\/wp-json\/wp\/v2\/media?parent=166"}],"wp:term":[{"taxonomy":"category","embeddable":true,"href":"https:\/\/special-olympics.be\/fr\/wp-json\/wp\/v2\/categories?post=166"}],"curies":[{"name":"wp","href":"https:\/\/api.w.org\/{rel}","templated":true}]}}