{"id":162,"date":"2021-06-18T10:26:52","date_gmt":"2021-06-18T08:26:52","guid":{"rendered":"https:\/\/dev.special-olympics.be\/?page_id=162"},"modified":"2025-09-29T16:17:12","modified_gmt":"2025-09-29T14:17:12","slug":"volontaire","status":"publish","type":"page","link":"https:\/\/special-olympics.be\/fr\/faites-partie-de-special-olympics\/volontaire\/","title":{"rendered":"Volontaire"},"content":{"rendered":"\n<h2 class=\"wp-block-heading\">Devenez un volontaire&nbsp;&nbsp;<\/h2>\n\n\n\n<p>Special&nbsp;Olympics&nbsp;ne peut se passer des&nbsp;volontaires,&nbsp;ils sont&nbsp;nos piliers.&nbsp;Nos&nbsp;volontaires&nbsp;sont&nbsp;:&nbsp;&nbsp;<\/p>\n\n\n\n<ul class=\"wp-block-list\">\n<li>Des\u00a0coachs,\u00a0des\u00a0formateurs,\u00a0des\u00a0officiels\u00a0ou arbitres,\u00a0des\u00a0organisateurs,\u00a0bailleurs\u00a0de\u00a0fonds et\u00a0des\u00a0coordinateurs,\u00a0\u2026\u00a0<\/li>\n\n\n\n<li>Ils peuvent \u00e9galement \u00eatre des partenaires unifi\u00e9s. Ce sont des personnes sans handicap mental qui font du\u00a0sport\u00a0ensemble avec un athl\u00e8te ayant un handicap mental au sein de\u00a0la m\u00eame \u00e9quipe.\u00a0\u00a0<\/li>\n\n\n\n<li>Des\u00a0supporters qui encouragent\u00a0nos athl\u00e8tes\u00a0dans les tribunes.\u00a0<\/li>\n\n\n\n<li>De\u00a0tous \u00e2ges et leur engagement peut aller d&rsquo;une journ\u00e9e \u00e0 une ann\u00e9e enti\u00e8re.\u00a0<\/li>\n<\/ul>\n\n\n\n<p>Les&nbsp;volontaires&nbsp;aident&nbsp;\u00e0 faire ressortir le champion qui se trouve dans chaque athl\u00e8te&nbsp;Special&nbsp;Olympics&nbsp;Belgium.&nbsp;Sans le temps, l&rsquo;\u00e9nergie, l&rsquo;engagement et l&rsquo;enthousiasme de nos volontaires,&nbsp;Special&nbsp;Olympics&nbsp;Belgium&nbsp;n&rsquo;existerait pas aujourd&rsquo;hui.&nbsp;&nbsp;&nbsp;<\/p>\n\n\n\n<p><strong>Nous avons un besoin permanent&nbsp;de collaborateurs volontaires dans diff\u00e9rents domaines&nbsp;pour&nbsp;:&nbsp;<\/strong><\/p>\n\n\n\n<ul class=\"wp-block-list\">\n<li>Faire parler de&nbsp;Special&nbsp;Olympics&nbsp;Belgium&nbsp;(like,&nbsp;share, talk)&nbsp;<\/li>\n\n\n\n<li>Aider&nbsp;au&nbsp;bureau central&nbsp;de&nbsp;Special&nbsp;Olympics&nbsp;Belgium&nbsp;<\/li>\n\n\n\n<li>Participer aux&nbsp;Jeux Nationaux&nbsp;Special&nbsp;Olympics&nbsp;Belgium&nbsp;<\/li>\n<\/ul>\n\n\n\n<p>Chaque jour pendant les Jeux Nationaux, quelque 1&nbsp;800 volontaires donnent le meilleur d&rsquo;eux-m\u00eames pour assurer le bon d\u00e9roulement des Jeux. Beaucoup d&rsquo;entre eux sont fid\u00e8les depuis des ann\u00e9es.&nbsp;&nbsp;&nbsp;<\/p>\n\n\n\n<p><strong>Si vous souhaitez&nbsp;\u00ab\u202fvivre\u202f\u00bb&nbsp;les Jeux&nbsp;et d&rsquo;autres \u00e9v\u00e9nements, ou si vous souhaitez soutenir le bureau,&nbsp;alors&nbsp;n&rsquo;h\u00e9sitez plus.&nbsp;Vous pouvez facilement devenir&nbsp;un fier&nbsp;volontaire&nbsp;chez nous.&nbsp;<\/strong><\/p>\n\n\n\n<ul class=\"wp-block-list\">\n<li>Devenir volontaire\u00a0au bureau central\u00a0?\u00a0Contactez\u00a0Alphonsine Kabedi Ntumba via :\u00a0<a href=\"mailto:HR@specialolympics.be\" target=\"_blank\" rel=\"noreferrer noopener\">HR@specialolympics.be<\/a><\/li>\n\n\n\n<li>Devenir volontaire \u00e0&nbsp;l&rsquo;un de nos \u00e9v\u00e9nements&nbsp;en team building ou \u00e0 titre&nbsp;personnelle?&nbsp;Gardez un \u0153il sur notre page principale et sur&nbsp;nos&nbsp;r\u00e9seaux&nbsp;sociaux, notre \u00e9v\u00e9nement appara\u00eetra sur&nbsp;<a href=\"http:\/\/www.eventication.com\/\" target=\"_blank\" rel=\"noreferrer noopener\">http:\/\/www.eventication.com<\/a>&nbsp;ou bien&nbsp;prenez&nbsp;contact&nbsp;avec&nbsp;<a href=\"mailto:volunteer@specialolympics.be\">Ana Hapca<\/a><\/li>\n<\/ul>\n\n\n\n<h2 class=\"wp-block-heading\">Voir aussi &#8230;<\/h2>\n\n\n  \n\n<div class=\"gridCatPosts\">\n\n<!-- the loop -->\n\n    \n<div class=\"gridCatItem\" id=\"post-177\" style=\"background-image: url(https:\/\/special-olympics.be\/wp-content\/uploads\/2022\/03\/D751136-bewerkt-1024x768.jpg)\">\n<div class=\"gridCatInner\">\n<a href=\"https:\/\/special-olympics.be\/fr\/faites-partie-de-special-olympics\/villes-communes\/\">\n<span>Villes &#038; Communes<\/span>\n<\/a>\n<\/div><!-- .gridCatInner -->\n<\/div><!-- .gridCatItem -->\n\n\n\n    \n<div class=\"gridCatItem\" id=\"post-4421\" style=\"background-image: url(https:\/\/special-olympics.be\/wp-content\/uploads\/2023\/08\/MichaelMichiels_WG2023_230620_162-min-1024x768.jpg)\">\n<div class=\"gridCatInner\">\n<a href=\"https:\/\/special-olympics.be\/fr\/soutener-nos-athletes\/\">\n<span>Soutener nos athl\u00e8tes<\/span>\n<\/a>\n<\/div><!-- .gridCatInner -->\n<\/div><!-- .gridCatItem -->\n\n\n\n    \n<div class=\"gridCatItem\" id=\"post-5138\" style=\"background-image: url(https:\/\/special-olympics.be\/wp-content\/uploads\/2024\/01\/7G6A9378-1024x768.jpg)\">\n<div class=\"gridCatInner\">\n<a href=\"https:\/\/special-olympics.be\/fr\/faire-un-don-azerion\/\">\n<span>Faire un don &#8211; Azerion<\/span>\n<\/a>\n<\/div><!-- .gridCatInner -->\n<\/div><!-- .gridCatItem -->\n\n\n\n    \n<div class=\"gridCatItem\" id=\"post-171\" style=\"background-image: url(https:\/\/special-olympics.be\/wp-content\/uploads\/2022\/03\/futsalChristmasGooik2016-38955-1024x768.jpg)\">\n<div class=\"gridCatInner\">\n<a href=\"https:\/\/special-olympics.be\/fr\/faites-partie-de-special-olympics\/arbitre\/\">\n<span>Arbitre<\/span>\n<\/a>\n<\/div><!-- .gridCatInner -->\n<\/div><!-- .gridCatItem -->\n\n\n\n    \n<div class=\"gridCatItem\" id=\"post-4788\" style=\"background-image: url(https:\/\/special-olympics.be\/wp-content\/uploads\/2024\/01\/7G6A9378-1024x768.jpg)\">\n<div class=\"gridCatInner\">\n<a href=\"https:\/\/special-olympics.be\/fr\/don\/\">\n<span>Votre soutien, financier fait la diff\u00e9rence !<\/span>\n<\/a>\n<\/div><!-- .gridCatInner -->\n<\/div><!-- .gridCatItem -->\n\n\n\n    \n<div class=\"gridCatItem\" id=\"post-166\" style=\"background-image: url(https:\/\/special-olympics.be\/wp-content\/uploads\/2022\/03\/atle_SVE-203-1024x768.jpg)\">\n<div class=\"gridCatInner\">\n<a href=\"https:\/\/special-olympics.be\/fr\/faites-partie-de-special-olympics\/club\/\">\n<span>Club<\/span>\n<\/a>\n<\/div><!-- .gridCatInner -->\n<\/div><!-- .gridCatItem -->\n\n\n\n    \n<div class=\"gridCatItem\" id=\"post-169\" style=\"background-image: url(https:\/\/special-olympics.be\/wp-content\/uploads\/2022\/01\/\u00a9GerbrandVanUytvanck_WSGAbuDhabi2019_SpecialOlympicsBelgium_150319_042-1024x768.jpg)\">\n<div class=\"gridCatInner\">\n<a href=\"https:\/\/special-olympics.be\/fr\/faites-partie-de-special-olympics\/coach\/\">\n<span>Coach<\/span>\n<\/a>\n<\/div><!-- .gridCatInner -->\n<\/div><!-- .gridCatItem -->\n\n\n\n    \n<div class=\"gridCatItem\" id=\"post-160\" style=\"background-image: url(https:\/\/special-olympics.be\/wp-content\/uploads\/2022\/03\/torch_INT_-15-1024x768.jpg)\">\n<div class=\"gridCatInner\">\n<a href=\"https:\/\/special-olympics.be\/fr\/faites-partie-de-special-olympics\/athlete\/\">\n<span>Athl\u00e8te<\/span>\n<\/a>\n<\/div><!-- .gridCatInner -->\n<\/div><!-- .gridCatItem -->\n\n\n\n    \n<div class=\"gridCatItem\" id=\"post-173\" style=\"background-image: url(https:\/\/special-olympics.be\/wp-content\/uploads\/2022\/03\/Belgian-Red-Flames-\u00a9GerbrandVanUytvanck-3-1024x768.jpg)\">\n<div class=\"gridCatInner\">\n<a href=\"https:\/\/special-olympics.be\/fr\/faites-partie-de-special-olympics\/partenaire-sportif-unifie\/\">\n<span>Partenaire Sportif Unifi\u00e9<\/span>\n<\/a>\n<\/div><!-- .gridCatInner -->\n<\/div><!-- .gridCatItem -->\n\n\n\n    \n<div class=\"gridCatItem\" id=\"post-164\" style=\"background-image: url(https:\/\/special-olympics.be\/wp-content\/uploads\/2022\/03\/55575972_10157523264579026_1359593320845672448_n-1024x768.jpg)\">\n<div class=\"gridCatInner\">\n<a href=\"https:\/\/special-olympics.be\/fr\/faites-partie-de-special-olympics\/sponsors-partenaires\/\">\n<span>Partenaires &#038; Sponsors<\/span>\n<\/a>\n<\/div><!-- .gridCatInner -->\n<\/div><!-- .gridCatItem -->\n\n\n<!-- end of the loop -->\n\n\n<\/div><!-- .gridCatPosts -->\n","protected":false},"excerpt":{"rendered":"<p>Devenez un volontaire&nbsp;&nbsp; Special&nbsp;Olympics&nbsp;ne peut se passer des&nbsp;volontaires,&nbsp;ils sont&nbsp;nos piliers.&nbsp;Nos&nbsp;volontaires&nbsp;sont&nbsp;:&nbsp;&nbsp; Les&nbsp;volontaires&nbsp;aident&nbsp;\u00e0 faire ressortir le champion qui&#8230; <span class=\"moreLink\"><a href=\"https:\/\/special-olympics.be\/fr\/faites-partie-de-special-olympics\/volontaire\/\">+<\/a><\/span><\/p>\n","protected":false},"author":2,"featured_media":1189,"parent":158,"menu_order":0,"comment_status":"closed","ping_status":"closed","template":"","meta":{"_acf_changed":false,"footnotes":""},"categories":[5],"class_list":["post-162","page","type-page","status-publish","has-post-thumbnail","hentry","category-faire-partie-de-special-olympics"],"acf":[],"yoast_head":"<!-- This site is optimized with the Yoast SEO plugin v27.3 - https:\/\/yoast.com\/product\/yoast-seo-wordpress\/ -->\n<title>Volontaire - Special Olympics<\/title>\n<meta name=\"robots\" content=\"index, follow, max-snippet:-1, max-image-preview:large, max-video-preview:-1\" \/>\n<link rel=\"canonical\" href=\"https:\/\/special-olympics.be\/fr\/faites-partie-de-special-olympics\/volontaire\/\" \/>\n<meta property=\"og:locale\" content=\"fr_FR\" \/>\n<meta property=\"og:type\" content=\"article\" \/>\n<meta property=\"og:title\" content=\"Volontaire - Special Olympics\" \/>\n<meta property=\"og:description\" content=\"Devenez un volontaire&nbsp;&nbsp; Special&nbsp;Olympics&nbsp;ne peut se passer des&nbsp;volontaires,&nbsp;ils sont&nbsp;nos piliers.&nbsp;Nos&nbsp;volontaires&nbsp;sont&nbsp;:&nbsp;&nbsp; Les&nbsp;volontaires&nbsp;aident&nbsp;\u00e0 faire ressortir le champion qui... +\" \/>\n<meta property=\"og:url\" content=\"https:\/\/special-olympics.be\/fr\/faites-partie-de-special-olympics\/volontaire\/\" \/>\n<meta property=\"og:site_name\" content=\"Special Olympics\" \/>\n<meta property=\"article:modified_time\" content=\"2025-09-29T14:17:12+00:00\" \/>\n<meta property=\"og:image\" content=\"https:\/\/special-olympics.be\/wp-content\/uploads\/2022\/03\/D853355-bewerkt-1024x1024.jpg\" \/>\n\t<meta property=\"og:image:width\" content=\"1024\" \/>\n\t<meta property=\"og:image:height\" content=\"1024\" \/>\n\t<meta property=\"og:image:type\" content=\"image\/jpeg\" \/>\n<meta name=\"twitter:card\" content=\"summary_large_image\" \/>\n<meta name=\"twitter:label1\" content=\"Dur\u00e9e de lecture estim\u00e9e\" \/>\n\t<meta name=\"twitter:data1\" content=\"2 minutes\" \/>\n<script type=\"application\/ld+json\" class=\"yoast-schema-graph\">{\"@context\":\"https:\\\/\\\/schema.org\",\"@graph\":[{\"@type\":\"WebPage\",\"@id\":\"https:\\\/\\\/special-olympics.be\\\/fr\\\/faites-partie-de-special-olympics\\\/volontaire\\\/\",\"url\":\"https:\\\/\\\/special-olympics.be\\\/fr\\\/faites-partie-de-special-olympics\\\/volontaire\\\/\",\"name\":\"Volontaire - Special Olympics\",\"isPartOf\":{\"@id\":\"https:\\\/\\\/special-olympics.be\\\/fr\\\/#website\"},\"primaryImageOfPage\":{\"@id\":\"https:\\\/\\\/special-olympics.be\\\/fr\\\/faites-partie-de-special-olympics\\\/volontaire\\\/#primaryimage\"},\"image\":{\"@id\":\"https:\\\/\\\/special-olympics.be\\\/fr\\\/faites-partie-de-special-olympics\\\/volontaire\\\/#primaryimage\"},\"thumbnailUrl\":\"https:\\\/\\\/special-olympics.be\\\/wp-content\\\/uploads\\\/2022\\\/03\\\/D853355-bewerkt.jpg\",\"datePublished\":\"2021-06-18T08:26:52+00:00\",\"dateModified\":\"2025-09-29T14:17:12+00:00\",\"breadcrumb\":{\"@id\":\"https:\\\/\\\/special-olympics.be\\\/fr\\\/faites-partie-de-special-olympics\\\/volontaire\\\/#breadcrumb\"},\"inLanguage\":\"fr-FR\",\"potentialAction\":[{\"@type\":\"ReadAction\",\"target\":[\"https:\\\/\\\/special-olympics.be\\\/fr\\\/faites-partie-de-special-olympics\\\/volontaire\\\/\"]}]},{\"@type\":\"ImageObject\",\"inLanguage\":\"fr-FR\",\"@id\":\"https:\\\/\\\/special-olympics.be\\\/fr\\\/faites-partie-de-special-olympics\\\/volontaire\\\/#primaryimage\",\"url\":\"https:\\\/\\\/special-olympics.be\\\/wp-content\\\/uploads\\\/2022\\\/03\\\/D853355-bewerkt.jpg\",\"contentUrl\":\"https:\\\/\\\/special-olympics.be\\\/wp-content\\\/uploads\\\/2022\\\/03\\\/D853355-bewerkt.jpg\",\"width\":1381,\"height\":1381},{\"@type\":\"BreadcrumbList\",\"@id\":\"https:\\\/\\\/special-olympics.be\\\/fr\\\/faites-partie-de-special-olympics\\\/volontaire\\\/#breadcrumb\",\"itemListElement\":[{\"@type\":\"ListItem\",\"position\":1,\"name\":\"Accueil\",\"item\":\"https:\\\/\\\/special-olympics.be\\\/fr\\\/\"},{\"@type\":\"ListItem\",\"position\":2,\"name\":\"Faites partie de Special Olympics\",\"item\":\"https:\\\/\\\/special-olympics.be\\\/fr\\\/faites-partie-de-special-olympics\\\/\"},{\"@type\":\"ListItem\",\"position\":3,\"name\":\"Volontaire\"}]},{\"@type\":\"WebSite\",\"@id\":\"https:\\\/\\\/special-olympics.be\\\/fr\\\/#website\",\"url\":\"https:\\\/\\\/special-olympics.be\\\/fr\\\/\",\"name\":\"Special Olympics\",\"description\":\"Special Olympics Belgium\",\"potentialAction\":[{\"@type\":\"SearchAction\",\"target\":{\"@type\":\"EntryPoint\",\"urlTemplate\":\"https:\\\/\\\/special-olympics.be\\\/fr\\\/?s={search_term_string}\"},\"query-input\":{\"@type\":\"PropertyValueSpecification\",\"valueRequired\":true,\"valueName\":\"search_term_string\"}}],\"inLanguage\":\"fr-FR\"}]}<\/script>\n<!-- \/ Yoast SEO plugin. -->","yoast_head_json":{"title":"Volontaire - Special Olympics","robots":{"index":"index","follow":"follow","max-snippet":"max-snippet:-1","max-image-preview":"max-image-preview:large","max-video-preview":"max-video-preview:-1"},"canonical":"https:\/\/special-olympics.be\/fr\/faites-partie-de-special-olympics\/volontaire\/","og_locale":"fr_FR","og_type":"article","og_title":"Volontaire - Special Olympics","og_description":"Devenez un volontaire&nbsp;&nbsp; Special&nbsp;Olympics&nbsp;ne peut se passer des&nbsp;volontaires,&nbsp;ils sont&nbsp;nos piliers.&nbsp;Nos&nbsp;volontaires&nbsp;sont&nbsp;:&nbsp;&nbsp; Les&nbsp;volontaires&nbsp;aident&nbsp;\u00e0 faire ressortir le champion qui... +","og_url":"https:\/\/special-olympics.be\/fr\/faites-partie-de-special-olympics\/volontaire\/","og_site_name":"Special Olympics","article_modified_time":"2025-09-29T14:17:12+00:00","og_image":[{"width":1024,"height":1024,"url":"https:\/\/special-olympics.be\/wp-content\/uploads\/2022\/03\/D853355-bewerkt-1024x1024.jpg","type":"image\/jpeg"}],"twitter_card":"summary_large_image","twitter_misc":{"Dur\u00e9e de lecture estim\u00e9e":"2 minutes"},"schema":{"@context":"https:\/\/schema.org","@graph":[{"@type":"WebPage","@id":"https:\/\/special-olympics.be\/fr\/faites-partie-de-special-olympics\/volontaire\/","url":"https:\/\/special-olympics.be\/fr\/faites-partie-de-special-olympics\/volontaire\/","name":"Volontaire - Special Olympics","isPartOf":{"@id":"https:\/\/special-olympics.be\/fr\/#website"},"primaryImageOfPage":{"@id":"https:\/\/special-olympics.be\/fr\/faites-partie-de-special-olympics\/volontaire\/#primaryimage"},"image":{"@id":"https:\/\/special-olympics.be\/fr\/faites-partie-de-special-olympics\/volontaire\/#primaryimage"},"thumbnailUrl":"https:\/\/special-olympics.be\/wp-content\/uploads\/2022\/03\/D853355-bewerkt.jpg","datePublished":"2021-06-18T08:26:52+00:00","dateModified":"2025-09-29T14:17:12+00:00","breadcrumb":{"@id":"https:\/\/special-olympics.be\/fr\/faites-partie-de-special-olympics\/volontaire\/#breadcrumb"},"inLanguage":"fr-FR","potentialAction":[{"@type":"ReadAction","target":["https:\/\/special-olympics.be\/fr\/faites-partie-de-special-olympics\/volontaire\/"]}]},{"@type":"ImageObject","inLanguage":"fr-FR","@id":"https:\/\/special-olympics.be\/fr\/faites-partie-de-special-olympics\/volontaire\/#primaryimage","url":"https:\/\/special-olympics.be\/wp-content\/uploads\/2022\/03\/D853355-bewerkt.jpg","contentUrl":"https:\/\/special-olympics.be\/wp-content\/uploads\/2022\/03\/D853355-bewerkt.jpg","width":1381,"height":1381},{"@type":"BreadcrumbList","@id":"https:\/\/special-olympics.be\/fr\/faites-partie-de-special-olympics\/volontaire\/#breadcrumb","itemListElement":[{"@type":"ListItem","position":1,"name":"Accueil","item":"https:\/\/special-olympics.be\/fr\/"},{"@type":"ListItem","position":2,"name":"Faites partie de Special Olympics","item":"https:\/\/special-olympics.be\/fr\/faites-partie-de-special-olympics\/"},{"@type":"ListItem","position":3,"name":"Volontaire"}]},{"@type":"WebSite","@id":"https:\/\/special-olympics.be\/fr\/#website","url":"https:\/\/special-olympics.be\/fr\/","name":"Special Olympics","description":"Special Olympics Belgium","potentialAction":[{"@type":"SearchAction","target":{"@type":"EntryPoint","urlTemplate":"https:\/\/special-olympics.be\/fr\/?s={search_term_string}"},"query-input":{"@type":"PropertyValueSpecification","valueRequired":true,"valueName":"search_term_string"}}],"inLanguage":"fr-FR"}]}},"_links":{"self":[{"href":"https:\/\/special-olympics.be\/fr\/wp-json\/wp\/v2\/pages\/162","targetHints":{"allow":["GET"]}}],"collection":[{"href":"https:\/\/special-olympics.be\/fr\/wp-json\/wp\/v2\/pages"}],"about":[{"href":"https:\/\/special-olympics.be\/fr\/wp-json\/wp\/v2\/types\/page"}],"author":[{"embeddable":true,"href":"https:\/\/special-olympics.be\/fr\/wp-json\/wp\/v2\/users\/2"}],"replies":[{"embeddable":true,"href":"https:\/\/special-olympics.be\/fr\/wp-json\/wp\/v2\/comments?post=162"}],"version-history":[{"count":15,"href":"https:\/\/special-olympics.be\/fr\/wp-json\/wp\/v2\/pages\/162\/revisions"}],"predecessor-version":[{"id":8001,"href":"https:\/\/special-olympics.be\/fr\/wp-json\/wp\/v2\/pages\/162\/revisions\/8001"}],"up":[{"embeddable":true,"href":"https:\/\/special-olympics.be\/fr\/wp-json\/wp\/v2\/pages\/158"}],"wp:featuredmedia":[{"embeddable":true,"href":"https:\/\/special-olympics.be\/fr\/wp-json\/wp\/v2\/media\/1189"}],"wp:attachment":[{"href":"https:\/\/special-olympics.be\/fr\/wp-json\/wp\/v2\/media?parent=162"}],"wp:term":[{"taxonomy":"category","embeddable":true,"href":"https:\/\/special-olympics.be\/fr\/wp-json\/wp\/v2\/categories?post=162"}],"curies":[{"name":"wp","href":"https:\/\/api.w.org\/{rel}","templated":true}]}}