{"id":160,"date":"2021-06-18T10:26:33","date_gmt":"2021-06-18T08:26:33","guid":{"rendered":"https:\/\/dev.special-olympics.be\/?page_id=160"},"modified":"2022-06-29T14:09:10","modified_gmt":"2022-06-29T12:09:10","slug":"athlete","status":"publish","type":"page","link":"https:\/\/special-olympics.be\/fr\/faites-partie-de-special-olympics\/athlete\/","title":{"rendered":"Athl\u00e8te"},"content":{"rendered":"\n<h2 class=\"wp-block-heading\">Je suis un athl\u00e8te&nbsp;Special&nbsp;Olympics&nbsp;<\/h2>\n\n\n\n<h3 class=\"wp-block-heading\">Bon \u00e0&nbsp;savoir&nbsp;<\/h3>\n\n\n\n<p>Special&nbsp;Olympics&nbsp;fait partie&nbsp;de la famille&nbsp;Olympique.&nbsp;&nbsp;<br>Les autres membres sont les Jeux&nbsp;Olymiques&nbsp;et les&nbsp;Paralympics.&nbsp;&nbsp;<\/p>\n\n\n\n<p>&nbsp;<br>Special&nbsp;Olympics&nbsp;s&rsquo;adresse uniquement aux athl\u00e8tes&nbsp;ayant&nbsp;un handicap mental.&nbsp;&nbsp;<br>Special&nbsp;Olympics&nbsp;permet aux athl\u00e8tes ayant un handicap mental&nbsp;de&nbsp;participer \u00e0 des comp\u00e9titions \u00e0&nbsp;leur&nbsp;propre niveau.&nbsp;&nbsp;<\/p>\n\n\n\n<p>Il n\u2019est&nbsp;pas n\u00e9cessaire&nbsp;d&rsquo;atteindre un certain niveau de performance&nbsp;ou&nbsp;une limite&nbsp;pour participer.&nbsp;&nbsp;<br>Chaque comp\u00e9tition&nbsp;\u00e0&nbsp;Special&nbsp;Olympics&nbsp;oppose des athl\u00e8tes du&nbsp;m\u00eame \u00e2ge&nbsp;et de force \u00e9gale.&nbsp;&nbsp;<br>Il&nbsp;existe&nbsp;des&nbsp;comp\u00e9titions&nbsp;pour les hommes et pour les femmes.&nbsp;<\/p>\n\n\n\n<p>Chaque ann\u00e9e,&nbsp;Special&nbsp;Olympics&nbsp;Belgium&nbsp;organise des&nbsp;Jeux&nbsp;Nationaux.&nbsp;&nbsp;<br>Les Jeux Nationaux&nbsp;rassemblent&nbsp;plus&nbsp;de 3000 athl\u00e8tes dans&nbsp;plus de 20&nbsp;sports.&nbsp;Tout au long de&nbsp;l&rsquo;ann\u00e9e, il y a&nbsp;d&rsquo;autres activit\u00e9s sportives.&nbsp;<\/p>\n\n\n\n<p>&nbsp;<br>Tous les&nbsp;2&nbsp;ans&nbsp;ont lieu les Jeux&nbsp;Mondiaux.&nbsp;Soit des Jeux d\u2019\u00e9t\u00e9, soit des Jeux d\u2019hiver.&nbsp;&nbsp;&nbsp;<br>Des athl\u00e8tes de pays du monde entier y participent.&nbsp;&nbsp;<br>Special&nbsp;Olympics&nbsp;Belgium&nbsp;participe toujours avec une d\u00e9l\u00e9gation d&rsquo;athl\u00e8tes et d&rsquo;entra\u00eeneurs.&nbsp;&nbsp;<br>Le nombre de participants que chaque pays peut envoyer est d\u00e9termin\u00e9 par le pays organisateur et&nbsp;Special&nbsp;Olympics&nbsp;International.&nbsp;<\/p>\n\n\n\n<h2 class=\"wp-block-heading\">Comment participer aux&nbsp;Special&nbsp;Olympics?&nbsp;<\/h2>\n\n\n\n<p>Special&nbsp;Olympics&nbsp;Belgium&nbsp;propose <a href=\"https:\/\/special-olympics.be\/notre-travail\/sport\/#ete\" data-type=\"URL\" data-id=\"https:\/\/special-olympics.be\/notre-travail\/sport\/#ete\">20 sports d&rsquo;\u00e9t\u00e9<\/a>&nbsp;et <a href=\"https:\/\/special-olympics.be\/notre-travail\/sport\/#hiver\" data-type=\"URL\" data-id=\"https:\/\/special-olympics.be\/notre-travail\/sport\/#hiver\">4 sports d&rsquo;hiver<\/a>&nbsp;.&nbsp;&nbsp;<\/p>\n\n\n\n<p><strong>Voici les conditions&nbsp;auxquelles il faut r\u00e9pondre&nbsp;pour pouvoir&nbsp;participer&nbsp;:&nbsp;<\/strong><\/p>\n\n\n\n<ul class=\"wp-block-list\"><li>Vous devez faire partie d&rsquo;un club o\u00f9 vous vous entra\u00eenez r\u00e9guli\u00e8rement.&nbsp;Il peut s&rsquo;agir d&rsquo;un club&nbsp;handisport, mais aussi du club sportif de votre centre de jour ou de&nbsp;votre \u00e9cole, ou encore de votre r\u00e9sidence&#8230;&nbsp;<\/li><\/ul>\n\n\n\n<ul class=\"wp-block-list\"><li>Si vous faites de la comp\u00e9tition, vous devez bien vous pr\u00e9parer aux \u00e9preuves sportives auxquelles vous voulez participer&nbsp;<\/li><li>Outre l&rsquo;entra\u00eenement dans votre club, vous pouvez bien s\u00fbr vous entra\u00eener \u00e0 la maison ou avec&nbsp;votre famille et des amis.&nbsp;<\/li><\/ul>\n\n\n\n<ul class=\"wp-block-list\"><li>Laissez&nbsp;votre entra\u00eeneur de club vous aider. Il peut&nbsp;vous aider&nbsp;dans le choix du sport&nbsp;et&nbsp;comment participer aux comp\u00e9titions.&nbsp;<\/li><\/ul>\n\n\n\n<h3 class=\"wp-block-heading\">&nbsp;<br>Pourquoi&nbsp;faire du&nbsp;sport?&nbsp;<\/h3>\n\n\n\n<p>Faire du sport&nbsp;am\u00e9liore la sant\u00e9 physique et mentale.&nbsp;&nbsp;<br>Vous&nbsp;vous sentirez mieux parce que vous avez des muscles et des os plus forts.&nbsp;Vous&nbsp;serez \u00e9galement plus mobile et vos articulations seront plus souples.&nbsp;&nbsp;<\/p>\n\n\n\n<p>Vous vous sentirez plus en forme et plus d\u00e9tendu.&nbsp;<\/p>\n\n\n\n<h3 class=\"wp-block-heading\">Sant\u00e9&nbsp;<\/h3>\n\n\n\n<p>Chez&nbsp;Special&nbsp;Olympics, il existe un programme de sant\u00e9 pour les athl\u00e8tes.&nbsp;<\/p>\n\n\n\n<p>Ce programme&nbsp;s\u2019appelle&nbsp;<a href=\"https:\/\/special-olympics.be\/notre-travail\/healthy-athletes-sante\/\" data-type=\"page\" data-id=\"143\" target=\"_blank\" rel=\"noreferrer noopener\">Healthy&nbsp;Athletes&nbsp;Program<\/a>. C\u2019est un nom&nbsp;Anglais qui veut dire&nbsp;: le programme pour les athl\u00e8tes en bonne sant\u00e9.&nbsp;&nbsp;<\/p>\n\n\n\n<p>Pendant les Jeux&nbsp;Nationaux,&nbsp;ce programme&nbsp;vous&nbsp;permet de&nbsp;vous&nbsp;faire tester gratuitement&nbsp;dans&nbsp;8&nbsp;&nbsp;domaines&nbsp;de la sant\u00e9.&nbsp;<\/p>\n\n\n\n<p>On y examine par exemple les yeux, les oreilles, les pieds, votre poids, votre alimentation,\u00a0votre souplesse et bien d\u2019autres choses encore.\u00a0\u00a0<\/p>\n\n\n\n<p>Si on constate un probl\u00e8me,&nbsp;vous recevrez des conseils.&nbsp;&nbsp;<br>Si un suivi est n\u00e9cessaire, on vous conseillera&nbsp;de consulter un m\u00e9decin.&nbsp;<\/p>\n\n\n\n<h2 class=\"wp-block-heading\">Voir aussi &#8230;<\/h2>\n\n\n  \n\n<div class=\"gridCatPosts\">\n\n<!-- the loop -->\n\n    \n<div class=\"gridCatItem\" id=\"post-171\" style=\"background-image: url(https:\/\/special-olympics.be\/wp-content\/uploads\/2022\/03\/futsalChristmasGooik2016-38955-1024x768.jpg)\">\n<div class=\"gridCatInner\">\n<a href=\"https:\/\/special-olympics.be\/fr\/faites-partie-de-special-olympics\/arbitre\/\">\n<span>Arbitre<\/span>\n<\/a>\n<\/div><!-- .gridCatInner -->\n<\/div><!-- .gridCatItem -->\n\n\n\n    \n<div class=\"gridCatItem\" id=\"post-164\" style=\"background-image: url(https:\/\/special-olympics.be\/wp-content\/uploads\/2022\/03\/55575972_10157523264579026_1359593320845672448_n-1024x768.jpg)\">\n<div class=\"gridCatInner\">\n<a href=\"https:\/\/special-olympics.be\/fr\/faites-partie-de-special-olympics\/sponsors-partenaires\/\">\n<span>Partenaires &#038; Sponsors<\/span>\n<\/a>\n<\/div><!-- .gridCatInner -->\n<\/div><!-- .gridCatItem -->\n\n\n\n    \n<div class=\"gridCatItem\" id=\"post-4788\" style=\"background-image: url(https:\/\/special-olympics.be\/wp-content\/uploads\/2024\/01\/7G6A9378-1024x768.jpg)\">\n<div class=\"gridCatInner\">\n<a href=\"https:\/\/special-olympics.be\/fr\/don\/\">\n<span>Votre soutien, financier fait la diff\u00e9rence !<\/span>\n<\/a>\n<\/div><!-- .gridCatInner -->\n<\/div><!-- .gridCatItem -->\n\n\n\n    \n<div class=\"gridCatItem\" id=\"post-169\" style=\"background-image: url(https:\/\/special-olympics.be\/wp-content\/uploads\/2022\/01\/\u00a9GerbrandVanUytvanck_WSGAbuDhabi2019_SpecialOlympicsBelgium_150319_042-1024x768.jpg)\">\n<div class=\"gridCatInner\">\n<a href=\"https:\/\/special-olympics.be\/fr\/faites-partie-de-special-olympics\/coach\/\">\n<span>Coach<\/span>\n<\/a>\n<\/div><!-- .gridCatInner -->\n<\/div><!-- .gridCatItem -->\n\n\n\n    \n<div class=\"gridCatItem\" id=\"post-166\" style=\"background-image: url(https:\/\/special-olympics.be\/wp-content\/uploads\/2022\/03\/atle_SVE-203-1024x768.jpg)\">\n<div class=\"gridCatInner\">\n<a href=\"https:\/\/special-olympics.be\/fr\/faites-partie-de-special-olympics\/club\/\">\n<span>Club<\/span>\n<\/a>\n<\/div><!-- .gridCatInner -->\n<\/div><!-- .gridCatItem -->\n\n\n\n    \n<div class=\"gridCatItem\" id=\"post-4421\" style=\"background-image: url(https:\/\/special-olympics.be\/wp-content\/uploads\/2023\/08\/MichaelMichiels_WG2023_230620_162-min-1024x768.jpg)\">\n<div class=\"gridCatInner\">\n<a href=\"https:\/\/special-olympics.be\/fr\/soutener-nos-athletes\/\">\n<span>Soutener nos athl\u00e8tes<\/span>\n<\/a>\n<\/div><!-- .gridCatInner -->\n<\/div><!-- .gridCatItem -->\n\n\n\n    \n<div class=\"gridCatItem\" id=\"post-173\" style=\"background-image: url(https:\/\/special-olympics.be\/wp-content\/uploads\/2022\/03\/Belgian-Red-Flames-\u00a9GerbrandVanUytvanck-3-1024x768.jpg)\">\n<div class=\"gridCatInner\">\n<a href=\"https:\/\/special-olympics.be\/fr\/faites-partie-de-special-olympics\/partenaire-sportif-unifie\/\">\n<span>Partenaire Sportif Unifi\u00e9<\/span>\n<\/a>\n<\/div><!-- .gridCatInner -->\n<\/div><!-- .gridCatItem -->\n\n\n\n    \n<div class=\"gridCatItem\" id=\"post-162\" style=\"background-image: url(https:\/\/special-olympics.be\/wp-content\/uploads\/2022\/03\/D853355-bewerkt-1024x768.jpg)\">\n<div class=\"gridCatInner\">\n<a href=\"https:\/\/special-olympics.be\/fr\/faites-partie-de-special-olympics\/volontaire\/\">\n<span>Volontaire<\/span>\n<\/a>\n<\/div><!-- .gridCatInner -->\n<\/div><!-- .gridCatItem -->\n\n\n\n    \n<div class=\"gridCatItem\" id=\"post-177\" style=\"background-image: url(https:\/\/special-olympics.be\/wp-content\/uploads\/2022\/03\/D751136-bewerkt-1024x768.jpg)\">\n<div class=\"gridCatInner\">\n<a href=\"https:\/\/special-olympics.be\/fr\/faites-partie-de-special-olympics\/villes-communes\/\">\n<span>Villes &#038; Communes<\/span>\n<\/a>\n<\/div><!-- .gridCatInner -->\n<\/div><!-- .gridCatItem -->\n\n\n\n    \n<div class=\"gridCatItem\" id=\"post-5138\" style=\"background-image: url(https:\/\/special-olympics.be\/wp-content\/uploads\/2024\/01\/7G6A9378-1024x768.jpg)\">\n<div class=\"gridCatInner\">\n<a href=\"https:\/\/special-olympics.be\/fr\/faire-un-don-azerion\/\">\n<span>Faire un don &#8211; Azerion<\/span>\n<\/a>\n<\/div><!-- .gridCatInner -->\n<\/div><!-- .gridCatItem -->\n\n\n<!-- end of the loop -->\n\n\n<\/div><!-- .gridCatPosts -->\n","protected":false},"excerpt":{"rendered":"<p>Je suis un athl\u00e8te&nbsp;Special&nbsp;Olympics&nbsp; Bon \u00e0&nbsp;savoir&nbsp; Special&nbsp;Olympics&nbsp;fait partie&nbsp;de la famille&nbsp;Olympique.&nbsp;&nbsp;Les autres membres sont les Jeux&nbsp;Olymiques&nbsp;et les&nbsp;Paralympics.&nbsp;&nbsp;&#8230; <span class=\"moreLink\"><a href=\"https:\/\/special-olympics.be\/fr\/faites-partie-de-special-olympics\/athlete\/\">+<\/a><\/span><\/p>\n","protected":false},"author":2,"featured_media":1195,"parent":158,"menu_order":0,"comment_status":"closed","ping_status":"closed","template":"","meta":{"_acf_changed":false,"footnotes":""},"categories":[5],"class_list":["post-160","page","type-page","status-publish","has-post-thumbnail","hentry","category-faire-partie-de-special-olympics"],"acf":[],"yoast_head":"<!-- This site is optimized with the Yoast SEO plugin v27.4 - https:\/\/yoast.com\/product\/yoast-seo-wordpress\/ -->\n<title>Athl\u00e8te - Special Olympics<\/title>\n<meta name=\"robots\" content=\"index, follow, max-snippet:-1, max-image-preview:large, max-video-preview:-1\" \/>\n<link rel=\"canonical\" href=\"https:\/\/special-olympics.be\/fr\/faites-partie-de-special-olympics\/athlete\/\" \/>\n<meta property=\"og:locale\" content=\"fr_FR\" \/>\n<meta property=\"og:type\" content=\"article\" \/>\n<meta property=\"og:title\" content=\"Athl\u00e8te - Special Olympics\" \/>\n<meta property=\"og:description\" content=\"Je suis un athl\u00e8te&nbsp;Special&nbsp;Olympics&nbsp; Bon \u00e0&nbsp;savoir&nbsp; Special&nbsp;Olympics&nbsp;fait partie&nbsp;de la famille&nbsp;Olympique.&nbsp;&nbsp;Les autres membres sont les Jeux&nbsp;Olymiques&nbsp;et les&nbsp;Paralympics.&nbsp;&nbsp;... +\" \/>\n<meta property=\"og:url\" content=\"https:\/\/special-olympics.be\/fr\/faites-partie-de-special-olympics\/athlete\/\" \/>\n<meta property=\"og:site_name\" content=\"Special Olympics\" \/>\n<meta property=\"article:modified_time\" content=\"2022-06-29T12:09:10+00:00\" \/>\n<meta property=\"og:image\" content=\"https:\/\/special-olympics.be\/wp-content\/uploads\/2022\/03\/torch_INT_-15.jpg\" \/>\n\t<meta property=\"og:image:width\" content=\"1600\" \/>\n\t<meta property=\"og:image:height\" content=\"1067\" \/>\n\t<meta property=\"og:image:type\" content=\"image\/jpeg\" \/>\n<meta name=\"twitter:card\" content=\"summary_large_image\" \/>\n<meta name=\"twitter:label1\" content=\"Dur\u00e9e de lecture estim\u00e9e\" \/>\n\t<meta name=\"twitter:data1\" content=\"3 minutes\" \/>\n<script type=\"application\/ld+json\" class=\"yoast-schema-graph\">{\"@context\":\"https:\\\/\\\/schema.org\",\"@graph\":[{\"@type\":\"WebPage\",\"@id\":\"https:\\\/\\\/special-olympics.be\\\/fr\\\/faites-partie-de-special-olympics\\\/athlete\\\/\",\"url\":\"https:\\\/\\\/special-olympics.be\\\/fr\\\/faites-partie-de-special-olympics\\\/athlete\\\/\",\"name\":\"Athl\u00e8te - Special Olympics\",\"isPartOf\":{\"@id\":\"https:\\\/\\\/special-olympics.be\\\/fr\\\/#website\"},\"primaryImageOfPage\":{\"@id\":\"https:\\\/\\\/special-olympics.be\\\/fr\\\/faites-partie-de-special-olympics\\\/athlete\\\/#primaryimage\"},\"image\":{\"@id\":\"https:\\\/\\\/special-olympics.be\\\/fr\\\/faites-partie-de-special-olympics\\\/athlete\\\/#primaryimage\"},\"thumbnailUrl\":\"https:\\\/\\\/special-olympics.be\\\/wp-content\\\/uploads\\\/2022\\\/03\\\/torch_INT_-15.jpg\",\"datePublished\":\"2021-06-18T08:26:33+00:00\",\"dateModified\":\"2022-06-29T12:09:10+00:00\",\"breadcrumb\":{\"@id\":\"https:\\\/\\\/special-olympics.be\\\/fr\\\/faites-partie-de-special-olympics\\\/athlete\\\/#breadcrumb\"},\"inLanguage\":\"fr-FR\",\"potentialAction\":[{\"@type\":\"ReadAction\",\"target\":[\"https:\\\/\\\/special-olympics.be\\\/fr\\\/faites-partie-de-special-olympics\\\/athlete\\\/\"]}]},{\"@type\":\"ImageObject\",\"inLanguage\":\"fr-FR\",\"@id\":\"https:\\\/\\\/special-olympics.be\\\/fr\\\/faites-partie-de-special-olympics\\\/athlete\\\/#primaryimage\",\"url\":\"https:\\\/\\\/special-olympics.be\\\/wp-content\\\/uploads\\\/2022\\\/03\\\/torch_INT_-15.jpg\",\"contentUrl\":\"https:\\\/\\\/special-olympics.be\\\/wp-content\\\/uploads\\\/2022\\\/03\\\/torch_INT_-15.jpg\",\"width\":1600,\"height\":1067},{\"@type\":\"BreadcrumbList\",\"@id\":\"https:\\\/\\\/special-olympics.be\\\/fr\\\/faites-partie-de-special-olympics\\\/athlete\\\/#breadcrumb\",\"itemListElement\":[{\"@type\":\"ListItem\",\"position\":1,\"name\":\"Accueil\",\"item\":\"https:\\\/\\\/special-olympics.be\\\/fr\\\/\"},{\"@type\":\"ListItem\",\"position\":2,\"name\":\"Faites partie de Special Olympics\",\"item\":\"https:\\\/\\\/special-olympics.be\\\/fr\\\/faites-partie-de-special-olympics\\\/\"},{\"@type\":\"ListItem\",\"position\":3,\"name\":\"Athl\u00e8te\"}]},{\"@type\":\"WebSite\",\"@id\":\"https:\\\/\\\/special-olympics.be\\\/fr\\\/#website\",\"url\":\"https:\\\/\\\/special-olympics.be\\\/fr\\\/\",\"name\":\"Special Olympics\",\"description\":\"Special Olympics Belgium\",\"potentialAction\":[{\"@type\":\"SearchAction\",\"target\":{\"@type\":\"EntryPoint\",\"urlTemplate\":\"https:\\\/\\\/special-olympics.be\\\/fr\\\/?s={search_term_string}\"},\"query-input\":{\"@type\":\"PropertyValueSpecification\",\"valueRequired\":true,\"valueName\":\"search_term_string\"}}],\"inLanguage\":\"fr-FR\"}]}<\/script>\n<!-- \/ Yoast SEO plugin. -->","yoast_head_json":{"title":"Athl\u00e8te - Special Olympics","robots":{"index":"index","follow":"follow","max-snippet":"max-snippet:-1","max-image-preview":"max-image-preview:large","max-video-preview":"max-video-preview:-1"},"canonical":"https:\/\/special-olympics.be\/fr\/faites-partie-de-special-olympics\/athlete\/","og_locale":"fr_FR","og_type":"article","og_title":"Athl\u00e8te - Special Olympics","og_description":"Je suis un athl\u00e8te&nbsp;Special&nbsp;Olympics&nbsp; Bon \u00e0&nbsp;savoir&nbsp; Special&nbsp;Olympics&nbsp;fait partie&nbsp;de la famille&nbsp;Olympique.&nbsp;&nbsp;Les autres membres sont les Jeux&nbsp;Olymiques&nbsp;et les&nbsp;Paralympics.&nbsp;&nbsp;... +","og_url":"https:\/\/special-olympics.be\/fr\/faites-partie-de-special-olympics\/athlete\/","og_site_name":"Special Olympics","article_modified_time":"2022-06-29T12:09:10+00:00","og_image":[{"width":1600,"height":1067,"url":"https:\/\/special-olympics.be\/wp-content\/uploads\/2022\/03\/torch_INT_-15.jpg","type":"image\/jpeg"}],"twitter_card":"summary_large_image","twitter_misc":{"Dur\u00e9e de lecture estim\u00e9e":"3 minutes"},"schema":{"@context":"https:\/\/schema.org","@graph":[{"@type":"WebPage","@id":"https:\/\/special-olympics.be\/fr\/faites-partie-de-special-olympics\/athlete\/","url":"https:\/\/special-olympics.be\/fr\/faites-partie-de-special-olympics\/athlete\/","name":"Athl\u00e8te - Special Olympics","isPartOf":{"@id":"https:\/\/special-olympics.be\/fr\/#website"},"primaryImageOfPage":{"@id":"https:\/\/special-olympics.be\/fr\/faites-partie-de-special-olympics\/athlete\/#primaryimage"},"image":{"@id":"https:\/\/special-olympics.be\/fr\/faites-partie-de-special-olympics\/athlete\/#primaryimage"},"thumbnailUrl":"https:\/\/special-olympics.be\/wp-content\/uploads\/2022\/03\/torch_INT_-15.jpg","datePublished":"2021-06-18T08:26:33+00:00","dateModified":"2022-06-29T12:09:10+00:00","breadcrumb":{"@id":"https:\/\/special-olympics.be\/fr\/faites-partie-de-special-olympics\/athlete\/#breadcrumb"},"inLanguage":"fr-FR","potentialAction":[{"@type":"ReadAction","target":["https:\/\/special-olympics.be\/fr\/faites-partie-de-special-olympics\/athlete\/"]}]},{"@type":"ImageObject","inLanguage":"fr-FR","@id":"https:\/\/special-olympics.be\/fr\/faites-partie-de-special-olympics\/athlete\/#primaryimage","url":"https:\/\/special-olympics.be\/wp-content\/uploads\/2022\/03\/torch_INT_-15.jpg","contentUrl":"https:\/\/special-olympics.be\/wp-content\/uploads\/2022\/03\/torch_INT_-15.jpg","width":1600,"height":1067},{"@type":"BreadcrumbList","@id":"https:\/\/special-olympics.be\/fr\/faites-partie-de-special-olympics\/athlete\/#breadcrumb","itemListElement":[{"@type":"ListItem","position":1,"name":"Accueil","item":"https:\/\/special-olympics.be\/fr\/"},{"@type":"ListItem","position":2,"name":"Faites partie de Special Olympics","item":"https:\/\/special-olympics.be\/fr\/faites-partie-de-special-olympics\/"},{"@type":"ListItem","position":3,"name":"Athl\u00e8te"}]},{"@type":"WebSite","@id":"https:\/\/special-olympics.be\/fr\/#website","url":"https:\/\/special-olympics.be\/fr\/","name":"Special Olympics","description":"Special Olympics Belgium","potentialAction":[{"@type":"SearchAction","target":{"@type":"EntryPoint","urlTemplate":"https:\/\/special-olympics.be\/fr\/?s={search_term_string}"},"query-input":{"@type":"PropertyValueSpecification","valueRequired":true,"valueName":"search_term_string"}}],"inLanguage":"fr-FR"}]}},"_links":{"self":[{"href":"https:\/\/special-olympics.be\/fr\/wp-json\/wp\/v2\/pages\/160","targetHints":{"allow":["GET"]}}],"collection":[{"href":"https:\/\/special-olympics.be\/fr\/wp-json\/wp\/v2\/pages"}],"about":[{"href":"https:\/\/special-olympics.be\/fr\/wp-json\/wp\/v2\/types\/page"}],"author":[{"embeddable":true,"href":"https:\/\/special-olympics.be\/fr\/wp-json\/wp\/v2\/users\/2"}],"replies":[{"embeddable":true,"href":"https:\/\/special-olympics.be\/fr\/wp-json\/wp\/v2\/comments?post=160"}],"version-history":[{"count":9,"href":"https:\/\/special-olympics.be\/fr\/wp-json\/wp\/v2\/pages\/160\/revisions"}],"predecessor-version":[{"id":2404,"href":"https:\/\/special-olympics.be\/fr\/wp-json\/wp\/v2\/pages\/160\/revisions\/2404"}],"up":[{"embeddable":true,"href":"https:\/\/special-olympics.be\/fr\/wp-json\/wp\/v2\/pages\/158"}],"wp:featuredmedia":[{"embeddable":true,"href":"https:\/\/special-olympics.be\/fr\/wp-json\/wp\/v2\/media\/1195"}],"wp:attachment":[{"href":"https:\/\/special-olympics.be\/fr\/wp-json\/wp\/v2\/media?parent=160"}],"wp:term":[{"taxonomy":"category","embeddable":true,"href":"https:\/\/special-olympics.be\/fr\/wp-json\/wp\/v2\/categories?post=160"}],"curies":[{"name":"wp","href":"https:\/\/api.w.org\/{rel}","templated":true}]}}