{"id":147,"date":"2021-06-18T09:51:19","date_gmt":"2021-06-18T07:51:19","guid":{"rendered":"https:\/\/dev.special-olympics.be\/?page_id=147"},"modified":"2022-06-29T13:36:30","modified_gmt":"2022-06-29T11:36:30","slug":"athletes-leadership-ambassadeurs","status":"publish","type":"page","link":"https:\/\/special-olympics.be\/fr\/notre-travail\/athletes-leadership-ambassadeurs\/","title":{"rendered":"Athletes Leadership &#8211; Athl\u00e8tes Ambassadeurs"},"content":{"rendered":"\n<h2 class=\"wp-block-heading\">Un&nbsp;monde plus tol\u00e9rant&nbsp;pour une soci\u00e9t\u00e9 moderne plus inclusive.&nbsp;<\/h2>\n\n\n\n<p>Special&nbsp;Olympics&nbsp;\u00e9volue v\u00e9ritablement vers un mouvement dirig\u00e9 par des athl\u00e8tes ayant un handicap mental.&nbsp;Une vingtaine d\u2019athl\u00e8tes ambassadeurs&nbsp;y&nbsp;contribuent&nbsp;ainsi,&nbsp;au-del\u00e0 du domaine sportif,&nbsp;en&nbsp;partageant leurs exp\u00e9riences et leurs connaissances avec des partenaires et acteurs du secteur public et priv\u00e9.&nbsp;<\/p>\n\n\n\n<p>L&rsquo;un des moyens les plus puissants pour\u00a0sensibiliser les personnes valides\u00a0est\u00a0de permettre aux athl\u00e8tes de prendre des r\u00f4les de leadership. Ainsi,\u00a0cr\u00e9er\u00a0des opportunit\u00e9s pour d\u00e9velopper et d\u00e9montrer leurs\u00a0comp\u00e9tences et\u00a0capacit\u00e9s dans divers r\u00f4les.\u00a0<\/p>\n\n\n\n<div class=\"wp-block-pb-accordion-item c-accordion__item js-accordion-item no-js\" data-initially-open=\"false\" data-click-to-close=\"true\" data-auto-close=\"true\" data-scroll=\"true\" data-scroll-offset=\"50\"><h3 id=\"at-1470\" class=\"c-accordion__title js-accordion-controller\" role=\"button\">Athlete Ambassadors<\/h3><div id=\"ac-1470\" class=\"c-accordion__content\">\n<figure class=\"wp-block-table is-style-stripes has-small-font-size\"><table><tbody><tr><td>Andr\u00e9<\/td><td>SCHEPERS<\/td><td><\/td><\/tr><tr><td>Berny<\/td><td>VANDERVEKEN<\/td><td><\/td><\/tr><tr><td>Cathy<\/td><td>HAEGEMAN<\/td><td><\/td><\/tr><tr><td>Celine<\/td><td>RAMAEKERS<\/td><td>Special Influencer<\/td><\/tr><tr><td>Christian&nbsp;<\/td><td>LECLERC<\/td><td><\/td><\/tr><tr><td>Christof<\/td><td>SWAENEPOEL<\/td><td><\/td><\/tr><tr><td>Christophe<\/td><td>THEYS<\/td><td><\/td><\/tr><tr><td>Dimitri<\/td><td>CLAESEN<\/td><td>Special Influencer<\/td><\/tr><tr><td>Elias<\/td><td>HENDRICKX<\/td><td>Special Influencer<\/td><\/tr><tr><td>Evy<\/td><td>PLOEGAERTS<\/td><td><\/td><\/tr><tr><td>Heidi<\/td><td>VANGEEL<\/td><td><\/td><\/tr><tr><td>Julie<\/td><td>BOURGEOIS<\/td><td><\/td><\/tr><tr><td>Lies&nbsp;<\/td><td>GIELIS<\/td><td><\/td><\/tr><tr><td>Lieven<\/td><td>MELS<\/td><td>Special Influencer<\/td><\/tr><tr><td>Mathieu<\/td><td>DELREZ<\/td><td><\/td><\/tr><tr><td>Micheline<\/td><td>VAN HEES<\/td><td><\/td><\/tr><tr><td>Mieke<\/td><td>DE MOT<\/td><td><\/td><\/tr><tr><td>Pascal&nbsp;<\/td><td>DUQUENNE<\/td><td><\/td><\/tr><tr><td>Pauline&nbsp;<\/td><td>DESCHAEPMEESTER<\/td><td><\/td><\/tr><tr><td>Pieter<\/td><td>SCHRAM<\/td><td><\/td><\/tr><tr><td>Quinten<\/td><td>BRUYNINCKX<\/td><td><\/td><\/tr><tr><td>Thibeau&nbsp;<\/td><td>BASTIEN<\/td><td><\/td><\/tr><tr><td>Thomas&nbsp;<\/td><td>STEEL<\/td><td><\/td><\/tr><tr><td>Thomas&nbsp;<\/td><td>HISNANS<\/td><td><\/td><\/tr><tr><td>Wesly<\/td><td>LEGRAND<\/td><td><\/td><\/tr><\/tbody><\/table><\/figure>\n\n\n\n<a class=\"contentCTA\" href=\"mailto:Michele.VanderElst@specialolympics.be\"><i style=\"display:none;\"><\/i> contactez-nous<\/a>\n\n<\/div><\/div>\n\n\n\n<h2 class=\"wp-block-heading\">Voir aussi &#8230;<\/h2>\n\n\n  \n\n<div class=\"gridCatPosts\">\n\n<!-- the loop -->\n\n    \n<div class=\"gridCatItem\" id=\"post-145\" style=\"background-image: url(https:\/\/special-olympics.be\/wp-content\/uploads\/2022\/01\/XWqjv4Ac-1024x768.jpeg)\">\n<div class=\"gridCatInner\">\n<a href=\"https:\/\/special-olympics.be\/fr\/notre-travail\/play-unified-sports-unifies\/\">\n<span>Play Unified &#8211; Sports Unifi\u00e9s<\/span>\n<\/a>\n<\/div><!-- .gridCatInner -->\n<\/div><!-- .gridCatItem -->\n\n\n\n    \n<div class=\"gridCatItem\" id=\"post-143\" style=\"background-image: url(https:\/\/special-olympics.be\/wp-content\/uploads\/2022\/01\/HAP_JV-4358-1024x768.jpg)\">\n<div class=\"gridCatInner\">\n<a href=\"https:\/\/special-olympics.be\/fr\/notre-travail\/healthy-athletes-sante\/\">\n<span>Healthy Athletes &#8211; Sant\u00e9<\/span>\n<\/a>\n<\/div><!-- .gridCatInner -->\n<\/div><!-- .gridCatItem -->\n\n\n\n    \n<div class=\"gridCatItem\" id=\"post-139\" style=\"background-image: url(https:\/\/special-olympics.be\/wp-content\/uploads\/2022\/01\/\u00a9GerbrandVanUytvanck_WSGAbuDhabi2019_SpecialOlympicsBelgium_170319_133-1024x768.jpg)\">\n<div class=\"gridCatInner\">\n<a href=\"https:\/\/special-olympics.be\/fr\/notre-travail\/sport\/\">\n<span>Sport<\/span>\n<\/a>\n<\/div><!-- .gridCatInner -->\n<\/div><!-- .gridCatItem -->\n\n\n\n    \n<div class=\"gridCatItem\" id=\"post-141\" style=\"background-image: url(https:\/\/special-olympics.be\/wp-content\/uploads\/2022\/08\/OPEN_Maxime_002.jpg-1024x768.jpg)\">\n<div class=\"gridCatInner\">\n<a href=\"https:\/\/special-olympics.be\/fr\/notre-travail\/jeux-nationaux\/\">\n<span>Jeux Nationaux<\/span>\n<\/a>\n<\/div><!-- .gridCatInner -->\n<\/div><!-- .gridCatItem -->\n\n\n\n    \n<div class=\"gridCatItem\" id=\"post-5097\" style=\"background-image: url(https:\/\/special-olympics.be\/wp-content\/uploads\/2024\/04\/MichaelMichiels_WG2023_230617_108-1024x768.jpg)\">\n<div class=\"gridCatInner\">\n<a href=\"https:\/\/special-olympics.be\/fr\/safeguarding\/\">\n<span>Safeguarding<\/span>\n<\/a>\n<\/div><!-- .gridCatInner -->\n<\/div><!-- .gridCatItem -->\n\n\n<!-- end of the loop -->\n\n\n<\/div><!-- .gridCatPosts -->\n","protected":false},"excerpt":{"rendered":"<p>Un&nbsp;monde plus tol\u00e9rant&nbsp;pour une soci\u00e9t\u00e9 moderne plus inclusive.&nbsp; Special&nbsp;Olympics&nbsp;\u00e9volue v\u00e9ritablement vers un mouvement dirig\u00e9 par des&#8230; <span class=\"moreLink\"><a href=\"https:\/\/special-olympics.be\/fr\/notre-travail\/athletes-leadership-ambassadeurs\/\">+<\/a><\/span><\/p>\n","protected":false},"author":2,"featured_media":1089,"parent":137,"menu_order":0,"comment_status":"closed","ping_status":"closed","template":"","meta":{"_acf_changed":false,"footnotes":""},"categories":[4],"class_list":["post-147","page","type-page","status-publish","has-post-thumbnail","hentry","category-notre-travail"],"acf":[],"yoast_head":"<!-- This site is optimized with the Yoast SEO plugin v27.4 - https:\/\/yoast.com\/product\/yoast-seo-wordpress\/ -->\n<title>Athletes Leadership - Athl\u00e8tes Ambassadeurs - Special Olympics<\/title>\n<meta name=\"robots\" content=\"index, follow, max-snippet:-1, max-image-preview:large, max-video-preview:-1\" \/>\n<link rel=\"canonical\" href=\"https:\/\/special-olympics.be\/fr\/notre-travail\/athletes-leadership-ambassadeurs\/\" \/>\n<meta property=\"og:locale\" content=\"fr_FR\" \/>\n<meta property=\"og:type\" content=\"article\" \/>\n<meta property=\"og:title\" content=\"Athletes Leadership - Athl\u00e8tes Ambassadeurs - Special Olympics\" \/>\n<meta property=\"og:description\" content=\"Un&nbsp;monde plus tol\u00e9rant&nbsp;pour une soci\u00e9t\u00e9 moderne plus inclusive.&nbsp; Special&nbsp;Olympics&nbsp;\u00e9volue v\u00e9ritablement vers un mouvement dirig\u00e9 par des... +\" \/>\n<meta property=\"og:url\" content=\"https:\/\/special-olympics.be\/fr\/notre-travail\/athletes-leadership-ambassadeurs\/\" \/>\n<meta property=\"og:site_name\" content=\"Special Olympics\" \/>\n<meta property=\"article:modified_time\" content=\"2022-06-29T11:36:30+00:00\" \/>\n<meta property=\"og:image\" content=\"https:\/\/special-olympics.be\/wp-content\/uploads\/2022\/01\/5owjqPYQ.jpeg\" \/>\n\t<meta property=\"og:image:width\" content=\"1600\" \/>\n\t<meta property=\"og:image:height\" content=\"1067\" \/>\n\t<meta property=\"og:image:type\" content=\"image\/jpeg\" \/>\n<meta name=\"twitter:card\" content=\"summary_large_image\" \/>\n<meta name=\"twitter:label1\" content=\"Dur\u00e9e de lecture estim\u00e9e\" \/>\n\t<meta name=\"twitter:data1\" content=\"1 minute\" \/>\n<script type=\"application\/ld+json\" class=\"yoast-schema-graph\">{\"@context\":\"https:\\\/\\\/schema.org\",\"@graph\":[{\"@type\":\"WebPage\",\"@id\":\"https:\\\/\\\/special-olympics.be\\\/fr\\\/notre-travail\\\/athletes-leadership-ambassadeurs\\\/\",\"url\":\"https:\\\/\\\/special-olympics.be\\\/fr\\\/notre-travail\\\/athletes-leadership-ambassadeurs\\\/\",\"name\":\"Athletes Leadership - Athl\u00e8tes Ambassadeurs - Special Olympics\",\"isPartOf\":{\"@id\":\"https:\\\/\\\/special-olympics.be\\\/fr\\\/#website\"},\"primaryImageOfPage\":{\"@id\":\"https:\\\/\\\/special-olympics.be\\\/fr\\\/notre-travail\\\/athletes-leadership-ambassadeurs\\\/#primaryimage\"},\"image\":{\"@id\":\"https:\\\/\\\/special-olympics.be\\\/fr\\\/notre-travail\\\/athletes-leadership-ambassadeurs\\\/#primaryimage\"},\"thumbnailUrl\":\"https:\\\/\\\/special-olympics.be\\\/wp-content\\\/uploads\\\/2022\\\/01\\\/5owjqPYQ.jpeg\",\"datePublished\":\"2021-06-18T07:51:19+00:00\",\"dateModified\":\"2022-06-29T11:36:30+00:00\",\"breadcrumb\":{\"@id\":\"https:\\\/\\\/special-olympics.be\\\/fr\\\/notre-travail\\\/athletes-leadership-ambassadeurs\\\/#breadcrumb\"},\"inLanguage\":\"fr-FR\",\"potentialAction\":[{\"@type\":\"ReadAction\",\"target\":[\"https:\\\/\\\/special-olympics.be\\\/fr\\\/notre-travail\\\/athletes-leadership-ambassadeurs\\\/\"]}]},{\"@type\":\"ImageObject\",\"inLanguage\":\"fr-FR\",\"@id\":\"https:\\\/\\\/special-olympics.be\\\/fr\\\/notre-travail\\\/athletes-leadership-ambassadeurs\\\/#primaryimage\",\"url\":\"https:\\\/\\\/special-olympics.be\\\/wp-content\\\/uploads\\\/2022\\\/01\\\/5owjqPYQ.jpeg\",\"contentUrl\":\"https:\\\/\\\/special-olympics.be\\\/wp-content\\\/uploads\\\/2022\\\/01\\\/5owjqPYQ.jpeg\",\"width\":1600,\"height\":1067},{\"@type\":\"BreadcrumbList\",\"@id\":\"https:\\\/\\\/special-olympics.be\\\/fr\\\/notre-travail\\\/athletes-leadership-ambassadeurs\\\/#breadcrumb\",\"itemListElement\":[{\"@type\":\"ListItem\",\"position\":1,\"name\":\"Accueil\",\"item\":\"https:\\\/\\\/special-olympics.be\\\/fr\\\/\"},{\"@type\":\"ListItem\",\"position\":2,\"name\":\"Notre Travail\",\"item\":\"https:\\\/\\\/special-olympics.be\\\/fr\\\/notre-travail\\\/\"},{\"@type\":\"ListItem\",\"position\":3,\"name\":\"Athletes Leadership &#8211; Athl\u00e8tes Ambassadeurs\"}]},{\"@type\":\"WebSite\",\"@id\":\"https:\\\/\\\/special-olympics.be\\\/fr\\\/#website\",\"url\":\"https:\\\/\\\/special-olympics.be\\\/fr\\\/\",\"name\":\"Special Olympics\",\"description\":\"Special Olympics Belgium\",\"potentialAction\":[{\"@type\":\"SearchAction\",\"target\":{\"@type\":\"EntryPoint\",\"urlTemplate\":\"https:\\\/\\\/special-olympics.be\\\/fr\\\/?s={search_term_string}\"},\"query-input\":{\"@type\":\"PropertyValueSpecification\",\"valueRequired\":true,\"valueName\":\"search_term_string\"}}],\"inLanguage\":\"fr-FR\"}]}<\/script>\n<!-- \/ Yoast SEO plugin. -->","yoast_head_json":{"title":"Athletes Leadership - Athl\u00e8tes Ambassadeurs - Special Olympics","robots":{"index":"index","follow":"follow","max-snippet":"max-snippet:-1","max-image-preview":"max-image-preview:large","max-video-preview":"max-video-preview:-1"},"canonical":"https:\/\/special-olympics.be\/fr\/notre-travail\/athletes-leadership-ambassadeurs\/","og_locale":"fr_FR","og_type":"article","og_title":"Athletes Leadership - Athl\u00e8tes Ambassadeurs - Special Olympics","og_description":"Un&nbsp;monde plus tol\u00e9rant&nbsp;pour une soci\u00e9t\u00e9 moderne plus inclusive.&nbsp; Special&nbsp;Olympics&nbsp;\u00e9volue v\u00e9ritablement vers un mouvement dirig\u00e9 par des... +","og_url":"https:\/\/special-olympics.be\/fr\/notre-travail\/athletes-leadership-ambassadeurs\/","og_site_name":"Special Olympics","article_modified_time":"2022-06-29T11:36:30+00:00","og_image":[{"width":1600,"height":1067,"url":"https:\/\/special-olympics.be\/wp-content\/uploads\/2022\/01\/5owjqPYQ.jpeg","type":"image\/jpeg"}],"twitter_card":"summary_large_image","twitter_misc":{"Dur\u00e9e de lecture estim\u00e9e":"1 minute"},"schema":{"@context":"https:\/\/schema.org","@graph":[{"@type":"WebPage","@id":"https:\/\/special-olympics.be\/fr\/notre-travail\/athletes-leadership-ambassadeurs\/","url":"https:\/\/special-olympics.be\/fr\/notre-travail\/athletes-leadership-ambassadeurs\/","name":"Athletes Leadership - Athl\u00e8tes Ambassadeurs - Special Olympics","isPartOf":{"@id":"https:\/\/special-olympics.be\/fr\/#website"},"primaryImageOfPage":{"@id":"https:\/\/special-olympics.be\/fr\/notre-travail\/athletes-leadership-ambassadeurs\/#primaryimage"},"image":{"@id":"https:\/\/special-olympics.be\/fr\/notre-travail\/athletes-leadership-ambassadeurs\/#primaryimage"},"thumbnailUrl":"https:\/\/special-olympics.be\/wp-content\/uploads\/2022\/01\/5owjqPYQ.jpeg","datePublished":"2021-06-18T07:51:19+00:00","dateModified":"2022-06-29T11:36:30+00:00","breadcrumb":{"@id":"https:\/\/special-olympics.be\/fr\/notre-travail\/athletes-leadership-ambassadeurs\/#breadcrumb"},"inLanguage":"fr-FR","potentialAction":[{"@type":"ReadAction","target":["https:\/\/special-olympics.be\/fr\/notre-travail\/athletes-leadership-ambassadeurs\/"]}]},{"@type":"ImageObject","inLanguage":"fr-FR","@id":"https:\/\/special-olympics.be\/fr\/notre-travail\/athletes-leadership-ambassadeurs\/#primaryimage","url":"https:\/\/special-olympics.be\/wp-content\/uploads\/2022\/01\/5owjqPYQ.jpeg","contentUrl":"https:\/\/special-olympics.be\/wp-content\/uploads\/2022\/01\/5owjqPYQ.jpeg","width":1600,"height":1067},{"@type":"BreadcrumbList","@id":"https:\/\/special-olympics.be\/fr\/notre-travail\/athletes-leadership-ambassadeurs\/#breadcrumb","itemListElement":[{"@type":"ListItem","position":1,"name":"Accueil","item":"https:\/\/special-olympics.be\/fr\/"},{"@type":"ListItem","position":2,"name":"Notre Travail","item":"https:\/\/special-olympics.be\/fr\/notre-travail\/"},{"@type":"ListItem","position":3,"name":"Athletes Leadership &#8211; Athl\u00e8tes Ambassadeurs"}]},{"@type":"WebSite","@id":"https:\/\/special-olympics.be\/fr\/#website","url":"https:\/\/special-olympics.be\/fr\/","name":"Special Olympics","description":"Special Olympics Belgium","potentialAction":[{"@type":"SearchAction","target":{"@type":"EntryPoint","urlTemplate":"https:\/\/special-olympics.be\/fr\/?s={search_term_string}"},"query-input":{"@type":"PropertyValueSpecification","valueRequired":true,"valueName":"search_term_string"}}],"inLanguage":"fr-FR"}]}},"_links":{"self":[{"href":"https:\/\/special-olympics.be\/fr\/wp-json\/wp\/v2\/pages\/147","targetHints":{"allow":["GET"]}}],"collection":[{"href":"https:\/\/special-olympics.be\/fr\/wp-json\/wp\/v2\/pages"}],"about":[{"href":"https:\/\/special-olympics.be\/fr\/wp-json\/wp\/v2\/types\/page"}],"author":[{"embeddable":true,"href":"https:\/\/special-olympics.be\/fr\/wp-json\/wp\/v2\/users\/2"}],"replies":[{"embeddable":true,"href":"https:\/\/special-olympics.be\/fr\/wp-json\/wp\/v2\/comments?post=147"}],"version-history":[{"count":11,"href":"https:\/\/special-olympics.be\/fr\/wp-json\/wp\/v2\/pages\/147\/revisions"}],"predecessor-version":[{"id":2376,"href":"https:\/\/special-olympics.be\/fr\/wp-json\/wp\/v2\/pages\/147\/revisions\/2376"}],"up":[{"embeddable":true,"href":"https:\/\/special-olympics.be\/fr\/wp-json\/wp\/v2\/pages\/137"}],"wp:featuredmedia":[{"embeddable":true,"href":"https:\/\/special-olympics.be\/fr\/wp-json\/wp\/v2\/media\/1089"}],"wp:attachment":[{"href":"https:\/\/special-olympics.be\/fr\/wp-json\/wp\/v2\/media?parent=147"}],"wp:term":[{"taxonomy":"category","embeddable":true,"href":"https:\/\/special-olympics.be\/fr\/wp-json\/wp\/v2\/categories?post=147"}],"curies":[{"name":"wp","href":"https:\/\/api.w.org\/{rel}","templated":true}]}}