{"id":145,"date":"2021-06-18T09:34:25","date_gmt":"2021-06-18T07:34:25","guid":{"rendered":"https:\/\/dev.special-olympics.be\/?page_id=145"},"modified":"2023-10-12T10:32:06","modified_gmt":"2023-10-12T08:32:06","slug":"play-unified-sports-unifies","status":"publish","type":"page","link":"https:\/\/special-olympics.be\/fr\/notre-travail\/play-unified-sports-unifies\/","title":{"rendered":"Play Unified &#8211; Sports Unifi\u00e9s"},"content":{"rendered":"\n<h2 class=\"wp-block-heading\">Qu&rsquo;est-ce que Play&nbsp;Unified&nbsp;?&nbsp;&nbsp;<\/h2>\n\n\n\n<p>Special&nbsp;Olympics&nbsp;Belgium&nbsp;promeut l&rsquo;inclusion sociale&nbsp;depuis&nbsp;2016&nbsp;avec le programme \u2018Play&nbsp;Unified\u2019 dans lequel les&nbsp;athl\u00e8tes avec et sans handicap mental font du sport ensemble dans la m\u00eame \u00e9quipe. Le principe est simple : s\u2019entra\u00eener ensemble, apprendre gr\u00e2ce au sport \u00e0 se comprendre et \u00e0 se respecter mutuellement et cr\u00e9er de la sorte des nouvelles amiti\u00e9s. Le sport unifi\u00e9 permet \u00e0 tous les athl\u00e8tes et partenaires de donner le meilleur d\u2019eux-m\u00eames et de s\u2019\u00e9panouir. L\u2019un en apprend plus sur la technique, l\u2019autre re\u00e7oit une belle exp\u00e9rience de vie.&nbsp;Environ 1,4 million de personnes dans le monde participent \u00e0 des sports unifi\u00e9s et brisent les tabous autour des personnes handicap\u00e9es mentales de mani\u00e8re ludique.&nbsp;<\/p>\n\n\n\n<p>Le&nbsp;\u2018Sport&nbsp;Unifi\u00e9\u2019&nbsp;est pratiqu\u00e9 \u00e0 la fois au niveau r\u00e9cr\u00e9atif et comp\u00e9titif. Le niveau r\u00e9cr\u00e9atif est ouvert \u00e0 tous, sans conditions particuli\u00e8res, tandis que le niveau comp\u00e9titif requiert les comp\u00e9tences sportives n\u00e9cessaires et \u00e0 condition que l&rsquo;athl\u00e8te puisse participer \u00e0 des comp\u00e9titions. Les&nbsp;sports&nbsp;unifi\u00e9s&nbsp;sont&nbsp;\u00e9galement en partie int\u00e9gr\u00e9s&nbsp;dans le&nbsp;programme&nbsp;des Jeux Nationaux et des Jeux Mondiaux.&nbsp;<\/p>\n\n\n\n<h2 class=\"wp-block-heading\">Les objectifs des sports unifi\u00e9s :&nbsp;<\/h2>\n\n\n\n<ol class=\"wp-block-list\">\n<li>Reconnaissance et int\u00e9gration des athl\u00e8tes ayant un&nbsp;handicap&nbsp;mental&nbsp;par le sport ;&nbsp;<\/li>\n<\/ol>\n\n\n\n<ol class=\"wp-block-list\" start=\"2\">\n<li>Participation et implication des personnes valides en tant que partenaire&nbsp;unifi\u00e9&nbsp;;&nbsp;<\/li>\n<\/ol>\n\n\n\n<ol class=\"wp-block-list\" start=\"3\">\n<li>D\u00e9veloppement personnel de l&rsquo;athl\u00e8te et du partenaire&nbsp;unifi\u00e9.&nbsp;&nbsp;<\/li>\n<\/ol>\n\n\n\n<h2 class=\"wp-block-heading\">Proposer Play&nbsp;Unified&nbsp;en tant que club, f\u00e9d\u00e9ration, ville, commune ou \u00e9cole ?&nbsp;<\/h2>\n\n\n\n<p>Special&nbsp;Olympics&nbsp;Belgium&nbsp;d\u00e9cerne le label de qualit\u00e9 Play&nbsp;Unified&nbsp;aux clubs, f\u00e9d\u00e9rations, villes et communes, ainsi qu&rsquo;\u00e0 d&rsquo;autres partenaires comme les \u00e9coles&#8230; qui s&rsquo;engagent pour une offre sportive de qualit\u00e9 et qui contribuent \u00e0 l&rsquo;int\u00e9gration des athl\u00e8tes d\u00e9ficients intellectuels par le sport.&nbsp;&nbsp;<\/p>\n\n\n\n<p>\u00cates-vous int\u00e9ress\u00e9 \u00e0 int\u00e9grer vous-m\u00eame&nbsp;des&nbsp;sports unifi\u00e9s&nbsp;dans votre&nbsp;organisation&nbsp;?&nbsp;Vous trouverez plus d&rsquo;informations&nbsp;dans la brochure Play&nbsp;Unified&nbsp;ainsi que&nbsp;les conditions pour obtenir le label.&nbsp;<\/p>\n\n\n\n<h2 class=\"wp-block-heading\">Faire&nbsp;du sport&nbsp;unifi\u00e9&nbsp;vous-m\u00eame ?&nbsp;<\/h2>\n\n\n\n<p>Souhaitez-vous \u00e9galement faire du sport&nbsp;dans un club&nbsp;unifi\u00e9&nbsp;? Vous trouverez ci-dessous un aper\u00e7u de tous les clubs sportifs ayant obtenu un label Play&nbsp;Unified&nbsp;:&nbsp;<\/p>\n\n\n\n<p><em>A.C. LYRA<\/em>&nbsp;<br><em>AC DEINZE<\/em>&nbsp;<br><em>AC HERENTALS<\/em>&nbsp;<br><em>ARTEMIS SCHOTEN<\/em>&nbsp;<br><em>BASKETBALCLUB COBRAS<\/em>&nbsp;<br><em>BBC FALCO GENT<\/em>&nbsp;<br><em>BBC GEEL<\/em>&nbsp;<br><em>BBC GEMBO<\/em>&nbsp;<br><em>BBC LIONS NIJLEN<\/em>&nbsp;<br><em>BC ASSE TERNAT<\/em>&nbsp;<br><em>BC WIT-WIT RONSE<\/em>&nbsp;<br><em>CERCLE \u00c9QUESTRE D&rsquo;ONDENVAL<\/em>&nbsp;<br><em>DARING CLUB LEUVEN ATLETIEK<\/em>&nbsp;<br><em>EQUISTAL<\/em>&nbsp;<br><em>G-BASKET LOMMEL&nbsp;<\/em>&nbsp;<br><em>GEELSE KORFBALCLUB&nbsp;<\/em>&nbsp;<br><em>GEELSE TTC<\/em>&nbsp;<br><em>GEMEENTELIJKE TENNIS TESSENDERLO<\/em>&nbsp;<br><em>G-TEAM OKIDO BASKET<\/em>&nbsp;<br><em>GT TESSENDERLO<\/em>&nbsp;<br><em>G-VOETBAL EENDRACHT MECHELEN AAN DE MAAS<\/em>&nbsp;<br><em>G-VOETBAL SPORTING WIJCHMAAL<\/em>&nbsp;<br><em>GYMFLEX VZW<\/em>&nbsp;<br><em>Gymmol<\/em>&nbsp;<br><em>HEISTSE TENNISCLUB VZW<\/em>&nbsp;<br><em>HOCKEY TOGETHER PINGOUIN NIVELLES<\/em>&nbsp;<br><em>HOUTLAND ATLETIEKCLUB VZW G-TEAM ACHILLES<\/em>&nbsp;<br><em>JC-GRUITRODE<\/em>&nbsp;<br><em>JUDO CLUB CLERLANDE<\/em>&nbsp;<br><em>JUDOCLUB MEEUWEN-GRUITRODE<\/em>&nbsp;<br><em>JUDOTEAM AGGLOREX LOMMEL<\/em>&nbsp;<br><em>K. BERCHEM SPORT<\/em>&nbsp;<br><em>KAC LEBBEKE<\/em>&nbsp;<br><em>KBBC ZOLDER<\/em>&nbsp;<br><em>KFC DE JEUGD BORGLOON<\/em>&nbsp;<br><em>KOG-STASEGEM G-VOETBAL&nbsp;<\/em>&nbsp;<br><em>KORTESSEM<\/em>&nbsp;<br><em>KORTRIJK SPORT CB VZW<\/em>&nbsp;<br><em>KSAV SINT-DIMPNA<\/em>&nbsp;<br><em>KVC WESTERLO<\/em>&nbsp;<br><em>LOOISE A.V.<\/em>&nbsp;<br><em>OSTEND TENNIS CLUB&nbsp;<\/em>&nbsp;<br><em>PLAY TOGETHER UNIFIED GIRLS<\/em>&nbsp;<br><em>REAL FC BERG<\/em>&nbsp;<br><em>RECREAS DAMESVOETBALCLUB<\/em>&nbsp;<br><em>ROBA<\/em>&nbsp;<br><em>ROYAL GHENT SWIMMING CLUB<\/em>&nbsp;<br><em>SMASH BC<\/em>&nbsp;<br><em>SPINSHUTTLE<\/em>&nbsp;<br><em>T HAVERENHOF VZW<\/em>&nbsp;<br><em>T.C. DE DAGERAAD<\/em>&nbsp;<br><em>TAFELTENNISCLUB ZELE VZW<\/em>&nbsp;<br><em>TATAMIVRIENDEN KJC BAZEL<\/em>&nbsp;<br><em>TTC KLIMOP<\/em>&nbsp;<br><em>TTC TECEMO<\/em>&nbsp;<br><em>TTK DESSEL<\/em>&nbsp;<br><em>UNIFIED SAILING BELGIUM VZW<\/em>&nbsp;<br><em>VRIJE ZWEMMERS RONSE&nbsp;<\/em>&nbsp;<br><em>VZW TENNISCLUB LUMMEN<\/em>&nbsp;<br><em>YR KV MECHELEN G-TEAM<\/em>&nbsp;<br><em>ZGEEL<\/em>&nbsp;<\/p>\n\n\n\n<p><strong>Pour toute information compl\u00e9mentaire :<\/strong>&nbsp;<\/p>\n\n\n\n<p><a href=\"mailto:Info@specialolympics.be\">Info@specialolympics.be<\/a><\/p>\n\n\n\n<h2 class=\"wp-block-heading\">Voir aussi &#8230;<\/h2>\n\n\n  \n\n<div class=\"gridCatPosts\">\n\n<!-- the loop -->\n\n    \n<div class=\"gridCatItem\" id=\"post-147\" style=\"background-image: url(https:\/\/special-olympics.be\/wp-content\/uploads\/2022\/01\/5owjqPYQ-1024x768.jpeg)\">\n<div class=\"gridCatInner\">\n<a href=\"https:\/\/special-olympics.be\/fr\/notre-travail\/athletes-leadership-ambassadeurs\/\">\n<span>Athletes Leadership &#8211; Athl\u00e8tes Ambassadeurs<\/span>\n<\/a>\n<\/div><!-- .gridCatInner -->\n<\/div><!-- .gridCatItem -->\n\n\n\n    \n<div class=\"gridCatItem\" id=\"post-139\" style=\"background-image: url(https:\/\/special-olympics.be\/wp-content\/uploads\/2022\/01\/\u00a9GerbrandVanUytvanck_WSGAbuDhabi2019_SpecialOlympicsBelgium_170319_133-1024x768.jpg)\">\n<div class=\"gridCatInner\">\n<a href=\"https:\/\/special-olympics.be\/fr\/notre-travail\/sport\/\">\n<span>Sport<\/span>\n<\/a>\n<\/div><!-- .gridCatInner -->\n<\/div><!-- .gridCatItem -->\n\n\n\n    \n<div class=\"gridCatItem\" id=\"post-5097\" style=\"background-image: url(https:\/\/special-olympics.be\/wp-content\/uploads\/2024\/04\/MichaelMichiels_WG2023_230617_108-1024x768.jpg)\">\n<div class=\"gridCatInner\">\n<a href=\"https:\/\/special-olympics.be\/fr\/safeguarding\/\">\n<span>Safeguarding<\/span>\n<\/a>\n<\/div><!-- .gridCatInner -->\n<\/div><!-- .gridCatItem -->\n\n\n\n    \n<div class=\"gridCatItem\" id=\"post-143\" style=\"background-image: url(https:\/\/special-olympics.be\/wp-content\/uploads\/2022\/01\/HAP_JV-4358-1024x768.jpg)\">\n<div class=\"gridCatInner\">\n<a href=\"https:\/\/special-olympics.be\/fr\/notre-travail\/healthy-athletes-sante\/\">\n<span>Healthy Athletes &#8211; Sant\u00e9<\/span>\n<\/a>\n<\/div><!-- .gridCatInner -->\n<\/div><!-- .gridCatItem -->\n\n\n\n    \n<div class=\"gridCatItem\" id=\"post-141\" style=\"background-image: url(https:\/\/special-olympics.be\/wp-content\/uploads\/2022\/08\/OPEN_Maxime_002.jpg-1024x768.jpg)\">\n<div class=\"gridCatInner\">\n<a href=\"https:\/\/special-olympics.be\/fr\/notre-travail\/jeux-nationaux\/\">\n<span>Jeux Nationaux<\/span>\n<\/a>\n<\/div><!-- .gridCatInner -->\n<\/div><!-- .gridCatItem -->\n\n\n<!-- end of the loop -->\n\n\n<\/div><!-- .gridCatPosts -->\n","protected":false},"excerpt":{"rendered":"<p>Qu&rsquo;est-ce que Play&nbsp;Unified&nbsp;?&nbsp;&nbsp; Special&nbsp;Olympics&nbsp;Belgium&nbsp;promeut l&rsquo;inclusion sociale&nbsp;depuis&nbsp;2016&nbsp;avec le programme \u2018Play&nbsp;Unified\u2019 dans lequel les&nbsp;athl\u00e8tes avec et sans handicap&#8230; <span class=\"moreLink\"><a href=\"https:\/\/special-olympics.be\/fr\/notre-travail\/play-unified-sports-unifies\/\">+<\/a><\/span><\/p>\n","protected":false},"author":2,"featured_media":1051,"parent":137,"menu_order":0,"comment_status":"closed","ping_status":"closed","template":"","meta":{"_acf_changed":false,"footnotes":""},"categories":[4],"class_list":["post-145","page","type-page","status-publish","has-post-thumbnail","hentry","category-notre-travail"],"acf":[],"yoast_head":"<!-- This site is optimized with the Yoast SEO plugin v27.3 - https:\/\/yoast.com\/product\/yoast-seo-wordpress\/ -->\n<title>Play Unified - Sports Unifi\u00e9s - Special Olympics<\/title>\n<meta name=\"robots\" content=\"index, follow, max-snippet:-1, max-image-preview:large, max-video-preview:-1\" \/>\n<link rel=\"canonical\" href=\"https:\/\/special-olympics.be\/fr\/notre-travail\/play-unified-sports-unifies\/\" \/>\n<meta property=\"og:locale\" content=\"fr_FR\" \/>\n<meta property=\"og:type\" content=\"article\" \/>\n<meta property=\"og:title\" content=\"Play Unified - Sports Unifi\u00e9s - Special Olympics\" \/>\n<meta property=\"og:description\" content=\"Qu&rsquo;est-ce que Play&nbsp;Unified&nbsp;?&nbsp;&nbsp; Special&nbsp;Olympics&nbsp;Belgium&nbsp;promeut l&rsquo;inclusion sociale&nbsp;depuis&nbsp;2016&nbsp;avec le programme \u2018Play&nbsp;Unified\u2019 dans lequel les&nbsp;athl\u00e8tes avec et sans handicap... +\" \/>\n<meta property=\"og:url\" content=\"https:\/\/special-olympics.be\/fr\/notre-travail\/play-unified-sports-unifies\/\" \/>\n<meta property=\"og:site_name\" content=\"Special Olympics\" \/>\n<meta property=\"article:modified_time\" content=\"2023-10-12T08:32:06+00:00\" \/>\n<meta property=\"og:image\" content=\"https:\/\/special-olympics.be\/wp-content\/uploads\/2022\/01\/XWqjv4Ac.jpeg\" \/>\n\t<meta property=\"og:image:width\" content=\"1536\" \/>\n\t<meta property=\"og:image:height\" content=\"1536\" \/>\n\t<meta property=\"og:image:type\" content=\"image\/jpeg\" \/>\n<meta name=\"twitter:card\" content=\"summary_large_image\" \/>\n<meta name=\"twitter:label1\" content=\"Dur\u00e9e de lecture estim\u00e9e\" \/>\n\t<meta name=\"twitter:data1\" content=\"3 minutes\" \/>\n<script type=\"application\/ld+json\" class=\"yoast-schema-graph\">{\"@context\":\"https:\\\/\\\/schema.org\",\"@graph\":[{\"@type\":\"WebPage\",\"@id\":\"https:\\\/\\\/special-olympics.be\\\/fr\\\/notre-travail\\\/play-unified-sports-unifies\\\/\",\"url\":\"https:\\\/\\\/special-olympics.be\\\/fr\\\/notre-travail\\\/play-unified-sports-unifies\\\/\",\"name\":\"Play Unified - Sports Unifi\u00e9s - Special Olympics\",\"isPartOf\":{\"@id\":\"https:\\\/\\\/special-olympics.be\\\/fr\\\/#website\"},\"primaryImageOfPage\":{\"@id\":\"https:\\\/\\\/special-olympics.be\\\/fr\\\/notre-travail\\\/play-unified-sports-unifies\\\/#primaryimage\"},\"image\":{\"@id\":\"https:\\\/\\\/special-olympics.be\\\/fr\\\/notre-travail\\\/play-unified-sports-unifies\\\/#primaryimage\"},\"thumbnailUrl\":\"https:\\\/\\\/special-olympics.be\\\/wp-content\\\/uploads\\\/2022\\\/01\\\/XWqjv4Ac.jpeg\",\"datePublished\":\"2021-06-18T07:34:25+00:00\",\"dateModified\":\"2023-10-12T08:32:06+00:00\",\"breadcrumb\":{\"@id\":\"https:\\\/\\\/special-olympics.be\\\/fr\\\/notre-travail\\\/play-unified-sports-unifies\\\/#breadcrumb\"},\"inLanguage\":\"fr-FR\",\"potentialAction\":[{\"@type\":\"ReadAction\",\"target\":[\"https:\\\/\\\/special-olympics.be\\\/fr\\\/notre-travail\\\/play-unified-sports-unifies\\\/\"]}]},{\"@type\":\"ImageObject\",\"inLanguage\":\"fr-FR\",\"@id\":\"https:\\\/\\\/special-olympics.be\\\/fr\\\/notre-travail\\\/play-unified-sports-unifies\\\/#primaryimage\",\"url\":\"https:\\\/\\\/special-olympics.be\\\/wp-content\\\/uploads\\\/2022\\\/01\\\/XWqjv4Ac.jpeg\",\"contentUrl\":\"https:\\\/\\\/special-olympics.be\\\/wp-content\\\/uploads\\\/2022\\\/01\\\/XWqjv4Ac.jpeg\",\"width\":1536,\"height\":1536},{\"@type\":\"BreadcrumbList\",\"@id\":\"https:\\\/\\\/special-olympics.be\\\/fr\\\/notre-travail\\\/play-unified-sports-unifies\\\/#breadcrumb\",\"itemListElement\":[{\"@type\":\"ListItem\",\"position\":1,\"name\":\"Accueil\",\"item\":\"https:\\\/\\\/special-olympics.be\\\/fr\\\/\"},{\"@type\":\"ListItem\",\"position\":2,\"name\":\"Notre Travail\",\"item\":\"https:\\\/\\\/special-olympics.be\\\/fr\\\/notre-travail\\\/\"},{\"@type\":\"ListItem\",\"position\":3,\"name\":\"Play Unified &#8211; Sports Unifi\u00e9s\"}]},{\"@type\":\"WebSite\",\"@id\":\"https:\\\/\\\/special-olympics.be\\\/fr\\\/#website\",\"url\":\"https:\\\/\\\/special-olympics.be\\\/fr\\\/\",\"name\":\"Special Olympics\",\"description\":\"Special Olympics Belgium\",\"potentialAction\":[{\"@type\":\"SearchAction\",\"target\":{\"@type\":\"EntryPoint\",\"urlTemplate\":\"https:\\\/\\\/special-olympics.be\\\/fr\\\/?s={search_term_string}\"},\"query-input\":{\"@type\":\"PropertyValueSpecification\",\"valueRequired\":true,\"valueName\":\"search_term_string\"}}],\"inLanguage\":\"fr-FR\"}]}<\/script>\n<!-- \/ Yoast SEO plugin. -->","yoast_head_json":{"title":"Play Unified - Sports Unifi\u00e9s - Special Olympics","robots":{"index":"index","follow":"follow","max-snippet":"max-snippet:-1","max-image-preview":"max-image-preview:large","max-video-preview":"max-video-preview:-1"},"canonical":"https:\/\/special-olympics.be\/fr\/notre-travail\/play-unified-sports-unifies\/","og_locale":"fr_FR","og_type":"article","og_title":"Play Unified - Sports Unifi\u00e9s - Special Olympics","og_description":"Qu&rsquo;est-ce que Play&nbsp;Unified&nbsp;?&nbsp;&nbsp; Special&nbsp;Olympics&nbsp;Belgium&nbsp;promeut l&rsquo;inclusion sociale&nbsp;depuis&nbsp;2016&nbsp;avec le programme \u2018Play&nbsp;Unified\u2019 dans lequel les&nbsp;athl\u00e8tes avec et sans handicap... +","og_url":"https:\/\/special-olympics.be\/fr\/notre-travail\/play-unified-sports-unifies\/","og_site_name":"Special Olympics","article_modified_time":"2023-10-12T08:32:06+00:00","og_image":[{"width":1536,"height":1536,"url":"https:\/\/special-olympics.be\/wp-content\/uploads\/2022\/01\/XWqjv4Ac.jpeg","type":"image\/jpeg"}],"twitter_card":"summary_large_image","twitter_misc":{"Dur\u00e9e de lecture estim\u00e9e":"3 minutes"},"schema":{"@context":"https:\/\/schema.org","@graph":[{"@type":"WebPage","@id":"https:\/\/special-olympics.be\/fr\/notre-travail\/play-unified-sports-unifies\/","url":"https:\/\/special-olympics.be\/fr\/notre-travail\/play-unified-sports-unifies\/","name":"Play Unified - Sports Unifi\u00e9s - Special Olympics","isPartOf":{"@id":"https:\/\/special-olympics.be\/fr\/#website"},"primaryImageOfPage":{"@id":"https:\/\/special-olympics.be\/fr\/notre-travail\/play-unified-sports-unifies\/#primaryimage"},"image":{"@id":"https:\/\/special-olympics.be\/fr\/notre-travail\/play-unified-sports-unifies\/#primaryimage"},"thumbnailUrl":"https:\/\/special-olympics.be\/wp-content\/uploads\/2022\/01\/XWqjv4Ac.jpeg","datePublished":"2021-06-18T07:34:25+00:00","dateModified":"2023-10-12T08:32:06+00:00","breadcrumb":{"@id":"https:\/\/special-olympics.be\/fr\/notre-travail\/play-unified-sports-unifies\/#breadcrumb"},"inLanguage":"fr-FR","potentialAction":[{"@type":"ReadAction","target":["https:\/\/special-olympics.be\/fr\/notre-travail\/play-unified-sports-unifies\/"]}]},{"@type":"ImageObject","inLanguage":"fr-FR","@id":"https:\/\/special-olympics.be\/fr\/notre-travail\/play-unified-sports-unifies\/#primaryimage","url":"https:\/\/special-olympics.be\/wp-content\/uploads\/2022\/01\/XWqjv4Ac.jpeg","contentUrl":"https:\/\/special-olympics.be\/wp-content\/uploads\/2022\/01\/XWqjv4Ac.jpeg","width":1536,"height":1536},{"@type":"BreadcrumbList","@id":"https:\/\/special-olympics.be\/fr\/notre-travail\/play-unified-sports-unifies\/#breadcrumb","itemListElement":[{"@type":"ListItem","position":1,"name":"Accueil","item":"https:\/\/special-olympics.be\/fr\/"},{"@type":"ListItem","position":2,"name":"Notre Travail","item":"https:\/\/special-olympics.be\/fr\/notre-travail\/"},{"@type":"ListItem","position":3,"name":"Play Unified &#8211; Sports Unifi\u00e9s"}]},{"@type":"WebSite","@id":"https:\/\/special-olympics.be\/fr\/#website","url":"https:\/\/special-olympics.be\/fr\/","name":"Special Olympics","description":"Special Olympics Belgium","potentialAction":[{"@type":"SearchAction","target":{"@type":"EntryPoint","urlTemplate":"https:\/\/special-olympics.be\/fr\/?s={search_term_string}"},"query-input":{"@type":"PropertyValueSpecification","valueRequired":true,"valueName":"search_term_string"}}],"inLanguage":"fr-FR"}]}},"_links":{"self":[{"href":"https:\/\/special-olympics.be\/fr\/wp-json\/wp\/v2\/pages\/145","targetHints":{"allow":["GET"]}}],"collection":[{"href":"https:\/\/special-olympics.be\/fr\/wp-json\/wp\/v2\/pages"}],"about":[{"href":"https:\/\/special-olympics.be\/fr\/wp-json\/wp\/v2\/types\/page"}],"author":[{"embeddable":true,"href":"https:\/\/special-olympics.be\/fr\/wp-json\/wp\/v2\/users\/2"}],"replies":[{"embeddable":true,"href":"https:\/\/special-olympics.be\/fr\/wp-json\/wp\/v2\/comments?post=145"}],"version-history":[{"count":16,"href":"https:\/\/special-olympics.be\/fr\/wp-json\/wp\/v2\/pages\/145\/revisions"}],"predecessor-version":[{"id":4685,"href":"https:\/\/special-olympics.be\/fr\/wp-json\/wp\/v2\/pages\/145\/revisions\/4685"}],"up":[{"embeddable":true,"href":"https:\/\/special-olympics.be\/fr\/wp-json\/wp\/v2\/pages\/137"}],"wp:featuredmedia":[{"embeddable":true,"href":"https:\/\/special-olympics.be\/fr\/wp-json\/wp\/v2\/media\/1051"}],"wp:attachment":[{"href":"https:\/\/special-olympics.be\/fr\/wp-json\/wp\/v2\/media?parent=145"}],"wp:term":[{"taxonomy":"category","embeddable":true,"href":"https:\/\/special-olympics.be\/fr\/wp-json\/wp\/v2\/categories?post=145"}],"curies":[{"name":"wp","href":"https:\/\/api.w.org\/{rel}","templated":true}]}}