{"id":141,"date":"2021-06-18T09:29:26","date_gmt":"2021-06-18T07:29:26","guid":{"rendered":"https:\/\/dev.special-olympics.be\/?page_id=141"},"modified":"2026-03-03T12:22:18","modified_gmt":"2026-03-03T11:22:18","slug":"jeux-nationaux","status":"publish","type":"page","link":"https:\/\/special-olympics.be\/fr\/notre-travail\/jeux-nationaux\/","title":{"rendered":"Jeux Nationaux"},"content":{"rendered":"\n<h2 class=\"wp-block-heading\">Jeux Nationaux&nbsp;d\u2019\u00c9t\u00e9&nbsp;<\/h2>\n\n\n\n<p>Chaque ann\u00e9e, Special Olympics Belgium organise les Jeux Nationaux pendant le week-end de l\u2019Ascension. Plus de 3.500 athl\u00e8tes participent aux Jeux, accompagn\u00e9s de 1.200 entra\u00eeneurs, dans une vingtaine de sports.<\/p>\n\n\n\n<p>Environ 2.000 volontaires par jour entourent nos athl\u00e8tes pour faire de ces Jeux un moment inoubliable.<\/p>\n\n\n\n<p>Les prochains Jeux Nationaux d\u2019\u00c9t\u00e9 auront lieu dans les <strong>Hautes Fagnes, du 13 au 16 mai 2026<\/strong>.<\/p>\n\n\n\n<h3 class=\"wp-block-heading\">Deviens Volontaire<\/h3>\n\n\n\n<p>Pour faire de ces trois journ\u00e9es fantastiques un succ\u00e8s, nous avons besoin de toi ! En tant que volontaire, tu offres aux athl\u00e8tes ayant un handicap mental une exp\u00e9rience inoubliable\u2026 et tu vis toi-m\u00eame quelque chose de sp\u00e9cial.<\/p>\n\n\n\n<a class=\"contentCTA\" href=\"https:\/\/eventication.com\/events\/special-olympics-national-games-hautes-fagnes-2026\" target=\"_blank\"><i style=\"display:none;\"><\/i> Inscris-toi maintenant !<\/a>\n\n\n\n\n<div style=\"height:25px\" aria-hidden=\"true\" class=\"wp-block-spacer\"><\/div>\n\n\n<div class=\"wp-block-image\">\n<figure class=\"aligncenter size-large is-resized\"><img loading=\"lazy\" decoding=\"async\" width=\"819\" height=\"1024\" src=\"https:\/\/special-olympics.be\/wp-content\/uploads\/2025\/11\/SOB-NG2026-AG-819x1024.jpg\" alt=\"\" class=\"wp-image-8065\" style=\"width:auto;height:400px\" srcset=\"https:\/\/special-olympics.be\/wp-content\/uploads\/2025\/11\/SOB-NG2026-AG-819x1024.jpg 819w, https:\/\/special-olympics.be\/wp-content\/uploads\/2025\/11\/SOB-NG2026-AG-240x300.jpg 240w, https:\/\/special-olympics.be\/wp-content\/uploads\/2025\/11\/SOB-NG2026-AG-768x960.jpg 768w, https:\/\/special-olympics.be\/wp-content\/uploads\/2025\/11\/SOB-NG2026-AG.jpg 1080w\" sizes=\"auto, (max-width: 819px) 100vw, 819px\" \/><\/figure>\n<\/div>\n\n\n<h2 class=\"wp-block-heading\">Jeux Nationaux d&rsquo;\u00c9t\u00e9 2026<\/h2>\n\n\n\n<div class=\"wp-block-pb-accordion-item c-accordion__item js-accordion-item no-js\" data-initially-open=\"false\" data-click-to-close=\"true\" data-auto-close=\"true\" data-scroll=\"false\" data-scroll-offset=\"0\"><h3 id=\"at-1410\" class=\"c-accordion__title js-accordion-controller\" role=\"button\">Formulaires de r\u00e9servation<\/h3><div id=\"ac-1410\" class=\"c-accordion__content\">\n<ul class=\"wp-block-list\">\n<li><a href=\"https:\/\/forms.office.com\/e\/u3rv21g2s0\" target=\"_blank\" rel=\"noreferrer noopener\">H\u00e9bergement Jeux nationaux 2026<\/a><\/li>\n\n\n\n<li><a href=\"https:\/\/forms.office.com\/e\/kDXvxZurDM\" target=\"_blank\" rel=\"noreferrer noopener\">Lunchbox, Buffet Restaurant<\/a><\/li>\n<\/ul>\n<\/div><\/div>\n\n\n\n<div class=\"wp-block-pb-accordion-item c-accordion__item js-accordion-item no-js\" data-initially-open=\"false\" data-click-to-close=\"true\" data-auto-close=\"true\" data-scroll=\"false\" data-scroll-offset=\"0\"><h3 id=\"at-1411\" class=\"c-accordion__title js-accordion-controller\" role=\"button\">Ev\u00e9nements<\/h3><div id=\"ac-1411\" class=\"c-accordion__content\">\n<ul class=\"wp-block-list\">\n<li><a href=\"https:\/\/special-olympics.be\/wp-content\/uploads\/2025\/12\/Forms-Ceremonies-2026.pdf\">Formulaire d&rsquo;inscription Ceremonies\/Serment\/Drapeau\/Torche\/Torch Run<\/a><\/li>\n<\/ul>\n<\/div><\/div>\n\n\n\n<div class=\"wp-block-pb-accordion-item c-accordion__item js-accordion-item no-js\" data-initially-open=\"false\" data-click-to-close=\"true\" data-auto-close=\"true\" data-scroll=\"false\" data-scroll-offset=\"0\"><h3 id=\"at-1412\" class=\"c-accordion__title js-accordion-controller\" role=\"button\">Attestations et formulaires de consentement<\/h3><div id=\"ac-1412\" class=\"c-accordion__content\">\n<ul class=\"wp-block-list\">\n<li><a href=\"https:\/\/special-olympics.be\/wp-content\/uploads\/2025\/12\/SOB_Attestation-de-handicap-mental.pdf\">Attestation de handicap mental<\/a><\/li>\n\n\n\n<li><a href=\"https:\/\/special-olympics.be\/wp-content\/uploads\/2025\/12\/SOB_Formulaire-de-consentement-athlete18.pdf\">Formulaire de consentement athl\u00e8te majeur<\/a><\/li>\n\n\n\n<li><a href=\"https:\/\/special-olympics.be\/wp-content\/uploads\/2025\/12\/SOB_Formulaire-de-consentement-athlete-18.pdf\">Formulaire de consentement athl\u00e8te mineur<\/a><\/li>\n\n\n\n<li><a href=\"https:\/\/special-olympics.be\/wp-content\/uploads\/2025\/12\/SOB_Formulaire-de-consentement-_HAP.pdf\">Formulaire de consentement Healthy Athletes Program (HAP)<\/a><\/li>\n\n\n\n<li><a href=\"https:\/\/special-olympics.be\/wp-content\/uploads\/2025\/12\/SOB_Formulaire-de-consentement-partenaire_unifie-18.pdf\">Formulaire de consentement partenaire unifi\u00e9 majeur<\/a><\/li>\n\n\n\n<li><a href=\"https:\/\/special-olympics.be\/wp-content\/uploads\/2025\/12\/SOB_Formulaire-de-consentement-partenaire_unifie-18-1.pdf\">Formulaire de consentement partenaire unifi\u00e9 mineur<\/a><\/li>\n<\/ul>\n<\/div><\/div>\n\n\n\n<div class=\"wp-block-pb-accordion-item c-accordion__item js-accordion-item no-js\" data-initially-open=\"false\" data-click-to-close=\"true\" data-auto-close=\"true\" data-scroll=\"false\" data-scroll-offset=\"0\"><h3 id=\"at-1413\" class=\"c-accordion__title js-accordion-controller\" role=\"button\">Skills<\/h3><div id=\"ac-1413\" class=\"c-accordion__content\">\n<ul class=\"wp-block-list\">\n<li><a href=\"https:\/\/special-olympics.be\/wp-content\/uploads\/2025\/12\/Scores_BW_2026.pdf\">Tableau des scores bowling<\/a><\/li>\n\n\n\n<li><a href=\"https:\/\/special-olympics.be\/wp-content\/uploads\/2025\/12\/Form_EQ_2026.pdf\">Skills d&rsquo;\u00e9quitation<\/a><\/li>\n\n\n\n<li><a href=\"https:\/\/special-olympics.be\/wp-content\/uploads\/2025\/12\/Skills_BD_2026.pdf\">Skills de badminton<\/a><\/li>\n\n\n\n<li><a href=\"https:\/\/special-olympics.be\/wp-content\/uploads\/2025\/12\/Skills_TE_2026.pdf\">Skills de tennis<\/a><\/li>\n\n\n\n<li><a href=\"https:\/\/special-olympics.be\/wp-content\/uploads\/2025\/12\/Skills_TT_2026.pdf\">Skills de tennis de table<\/a><\/li>\n<\/ul>\n<\/div><\/div>\n\n\n\n<div class=\"wp-block-pb-accordion-item c-accordion__item js-accordion-item no-js\" data-initially-open=\"false\" data-click-to-close=\"true\" data-auto-close=\"true\" data-scroll=\"false\" data-scroll-offset=\"0\"><h3 id=\"at-1414\" class=\"c-accordion__title js-accordion-controller\" role=\"button\">Pour Clubs<\/h3><div id=\"ac-1414\" class=\"c-accordion__content\">\n<ul class=\"wp-block-list\">\n<li><a href=\"https:\/\/special-olympics.be\/wp-content\/uploads\/2025\/12\/PPT-Reunionclub-08-Dec-2025-FR.pdf\">Pr\u00e9sentation R\u00e9union du club | 8\/12\/2025<\/a><\/li>\n\n\n\n<li><a href=\"https:\/\/special-olympics.be\/wp-content\/uploads\/2025\/12\/Tableau-nouveaux-participants-JN-2026.pdf\">Tableau nouveaux participants<\/a><\/li>\n\n\n\n<li><a href=\"https:\/\/special-olympics.be\/wp-content\/uploads\/2025\/12\/Projet-2026-FR.pdf\">Projet 2026 &#8211; 42\u00e8me Jeux Nationaux<\/a><\/li>\n\n\n\n<li><a href=\"https:\/\/special-olympics.be\/wp-content\/uploads\/2025\/12\/NG_2026_Sites-des-sport-Sportsites-1.pdf\">Sites des sports JN 2026<\/a><\/li>\n\n\n\n<li><a href=\"https:\/\/special-olympics.be\/wp-content\/uploads\/2025\/12\/Annulation-ou-changement-2026.pdf\">Annulation ou changement<\/a><\/li>\n<\/ul>\n<\/div><\/div>\n\n\n\n<h2 class=\"wp-block-heading\">Malm\u00f6 2026<\/h2>\n\n\n\n<div class=\"wp-block-pb-accordion-item c-accordion__item js-accordion-item no-js\"><h3 id=\"at-1415\" class=\"c-accordion__title js-accordion-controller\" role=\"button\">Invitation officielle<\/h3><div id=\"ac-1415\" class=\"c-accordion__content\">\n\n<ul class=\"wp-block-list\">\n\n<li><a href=\"https:\/\/special-olympics.be\/wp-content\/uploads\/2025\/12\/Official-Invite-\u2013-SOSIG2026.pdf\">Plus d&rsquo;informations<\/a><\/li>\n\n<\/ul>\n\n<\/div><\/div>\n\n\n\n<h2 class=\"wp-block-heading\">R\u00e8glements des sports<\/h2>\n\n\n\n<a class=\"contentCTA\" href=\"https:\/\/special-olympics.be\/fr\/notre-travail\/sport\/\"><i style=\"display:none;\"><\/i> R\u00e8glements des sports<\/a>\n\n\n\n\n<div style=\"height:20px\" aria-hidden=\"true\" class=\"wp-block-spacer\"><\/div>\n\n\n\n<div style=\"background-color: #f2f2f2; padding: 40px; text-align: center; border-radius: 8px;\">\n  <h2 style=\"font-family: 'ff-good-web-pro', Arial, sans-serif; color: #000; font-size: 24px; font-weight: bold; margin-bottom: 20px;\">\n    Revivez les Jeux Nationaux 2025\n  <\/h2>\n  <div style=\"position: relative; padding-bottom: 56.25%; height: 0; overflow: hidden; max-width: 100%; margin: 0 auto; border-radius: 12px;\">\n    <iframe \n      src=\"https:\/\/www.youtube.com\/embed\/elU32kWFHBE?si=NvCk8JzFWiXmxx2P\" \n      title=\"Lecteur vid\u00e9o YouTube\"\n      frameborder=\"0\"\n      allow=\"accelerometer; autoplay; clipboard-write; encrypted-media; gyroscope; picture-in-picture; web-share\"\n      allowfullscreen\n      style=\"position: absolute; top: 0; left: 0; width: 100%; height: 100%;\">\n    <\/iframe>\n  <\/div>\n<\/div>\n\n\n\n<div style=\"height:20px\" aria-hidden=\"true\" class=\"wp-block-spacer\"><\/div>\n\n\n\n<h2 class=\"wp-block-heading\">Voir aussi&#8230;<\/h2>\n\n\n  \n\n<div class=\"gridCatPosts\">\n\n<!-- the loop -->\n\n    \n<div class=\"gridCatItem\" id=\"post-147\" style=\"background-image: url(https:\/\/special-olympics.be\/wp-content\/uploads\/2022\/01\/5owjqPYQ-1024x768.jpeg)\">\n<div class=\"gridCatInner\">\n<a href=\"https:\/\/special-olympics.be\/fr\/notre-travail\/athletes-leadership-ambassadeurs\/\">\n<span>Athletes Leadership &#8211; Athl\u00e8tes Ambassadeurs<\/span>\n<\/a>\n<\/div><!-- .gridCatInner -->\n<\/div><!-- .gridCatItem -->\n\n\n\n    \n<div class=\"gridCatItem\" id=\"post-5097\" style=\"background-image: url(https:\/\/special-olympics.be\/wp-content\/uploads\/2024\/04\/MichaelMichiels_WG2023_230617_108-1024x768.jpg)\">\n<div class=\"gridCatInner\">\n<a href=\"https:\/\/special-olympics.be\/fr\/safeguarding\/\">\n<span>Safeguarding<\/span>\n<\/a>\n<\/div><!-- .gridCatInner -->\n<\/div><!-- .gridCatItem -->\n\n\n\n    \n<div class=\"gridCatItem\" id=\"post-143\" style=\"background-image: url(https:\/\/special-olympics.be\/wp-content\/uploads\/2022\/01\/HAP_JV-4358-1024x768.jpg)\">\n<div class=\"gridCatInner\">\n<a href=\"https:\/\/special-olympics.be\/fr\/notre-travail\/healthy-athletes-sante\/\">\n<span>Healthy Athletes &#8211; Sant\u00e9<\/span>\n<\/a>\n<\/div><!-- .gridCatInner -->\n<\/div><!-- .gridCatItem -->\n\n\n\n    \n<div class=\"gridCatItem\" id=\"post-145\" style=\"background-image: url(https:\/\/special-olympics.be\/wp-content\/uploads\/2022\/01\/XWqjv4Ac-1024x768.jpeg)\">\n<div class=\"gridCatInner\">\n<a href=\"https:\/\/special-olympics.be\/fr\/notre-travail\/play-unified-sports-unifies\/\">\n<span>Play Unified &#8211; Sports Unifi\u00e9s<\/span>\n<\/a>\n<\/div><!-- .gridCatInner -->\n<\/div><!-- .gridCatItem -->\n\n\n\n    \n<div class=\"gridCatItem\" id=\"post-139\" style=\"background-image: url(https:\/\/special-olympics.be\/wp-content\/uploads\/2022\/01\/\u00a9GerbrandVanUytvanck_WSGAbuDhabi2019_SpecialOlympicsBelgium_170319_133-1024x768.jpg)\">\n<div class=\"gridCatInner\">\n<a href=\"https:\/\/special-olympics.be\/fr\/notre-travail\/sport\/\">\n<span>Sport<\/span>\n<\/a>\n<\/div><!-- .gridCatInner -->\n<\/div><!-- .gridCatItem -->\n\n\n<!-- end of the loop -->\n\n\n<\/div><!-- .gridCatPosts -->\n","protected":false},"excerpt":{"rendered":"<p>Jeux Nationaux&nbsp;d\u2019\u00c9t\u00e9&nbsp; Chaque ann\u00e9e, Special Olympics Belgium organise les Jeux Nationaux pendant le week-end de l\u2019Ascension&#8230;. <span class=\"moreLink\"><a href=\"https:\/\/special-olympics.be\/fr\/notre-travail\/jeux-nationaux\/\">+<\/a><\/span><\/p>\n","protected":false},"author":2,"featured_media":3064,"parent":137,"menu_order":0,"comment_status":"closed","ping_status":"closed","template":"","meta":{"_acf_changed":false,"footnotes":""},"categories":[4],"class_list":["post-141","page","type-page","status-publish","has-post-thumbnail","hentry","category-notre-travail"],"acf":[],"yoast_head":"<!-- This site is optimized with the Yoast SEO plugin v27.3 - https:\/\/yoast.com\/product\/yoast-seo-wordpress\/ -->\n<title>Jeux Nationaux - Special Olympics<\/title>\n<meta name=\"robots\" content=\"index, follow, max-snippet:-1, max-image-preview:large, max-video-preview:-1\" \/>\n<link rel=\"canonical\" href=\"https:\/\/special-olympics.be\/fr\/notre-travail\/jeux-nationaux\/\" \/>\n<meta property=\"og:locale\" content=\"fr_FR\" \/>\n<meta property=\"og:type\" content=\"article\" \/>\n<meta property=\"og:title\" content=\"Jeux Nationaux - Special Olympics\" \/>\n<meta property=\"og:description\" content=\"Jeux Nationaux&nbsp;d\u2019\u00c9t\u00e9&nbsp; Chaque ann\u00e9e, Special Olympics Belgium organise les Jeux Nationaux pendant le week-end de l\u2019Ascension.... +\" \/>\n<meta property=\"og:url\" content=\"https:\/\/special-olympics.be\/fr\/notre-travail\/jeux-nationaux\/\" \/>\n<meta property=\"og:site_name\" content=\"Special Olympics\" \/>\n<meta property=\"article:modified_time\" content=\"2026-03-03T11:22:18+00:00\" \/>\n<meta property=\"og:image\" content=\"https:\/\/special-olympics.be\/wp-content\/uploads\/2022\/08\/OPEN_Maxime_002.jpg.jpg\" \/>\n\t<meta property=\"og:image:width\" content=\"1067\" \/>\n\t<meta property=\"og:image:height\" content=\"1600\" \/>\n\t<meta property=\"og:image:type\" content=\"image\/jpeg\" \/>\n<meta name=\"twitter:card\" content=\"summary_large_image\" \/>\n<meta name=\"twitter:label1\" content=\"Dur\u00e9e de lecture estim\u00e9e\" \/>\n\t<meta name=\"twitter:data1\" content=\"2 minutes\" \/>\n<script type=\"application\/ld+json\" class=\"yoast-schema-graph\">{\"@context\":\"https:\\\/\\\/schema.org\",\"@graph\":[{\"@type\":\"WebPage\",\"@id\":\"https:\\\/\\\/special-olympics.be\\\/fr\\\/notre-travail\\\/jeux-nationaux\\\/\",\"url\":\"https:\\\/\\\/special-olympics.be\\\/fr\\\/notre-travail\\\/jeux-nationaux\\\/\",\"name\":\"Jeux Nationaux - Special Olympics\",\"isPartOf\":{\"@id\":\"https:\\\/\\\/special-olympics.be\\\/fr\\\/#website\"},\"primaryImageOfPage\":{\"@id\":\"https:\\\/\\\/special-olympics.be\\\/fr\\\/notre-travail\\\/jeux-nationaux\\\/#primaryimage\"},\"image\":{\"@id\":\"https:\\\/\\\/special-olympics.be\\\/fr\\\/notre-travail\\\/jeux-nationaux\\\/#primaryimage\"},\"thumbnailUrl\":\"https:\\\/\\\/special-olympics.be\\\/wp-content\\\/uploads\\\/2022\\\/08\\\/OPEN_Maxime_002.jpg.jpg\",\"datePublished\":\"2021-06-18T07:29:26+00:00\",\"dateModified\":\"2026-03-03T11:22:18+00:00\",\"breadcrumb\":{\"@id\":\"https:\\\/\\\/special-olympics.be\\\/fr\\\/notre-travail\\\/jeux-nationaux\\\/#breadcrumb\"},\"inLanguage\":\"fr-FR\",\"potentialAction\":[{\"@type\":\"ReadAction\",\"target\":[\"https:\\\/\\\/special-olympics.be\\\/fr\\\/notre-travail\\\/jeux-nationaux\\\/\"]}]},{\"@type\":\"ImageObject\",\"inLanguage\":\"fr-FR\",\"@id\":\"https:\\\/\\\/special-olympics.be\\\/fr\\\/notre-travail\\\/jeux-nationaux\\\/#primaryimage\",\"url\":\"https:\\\/\\\/special-olympics.be\\\/wp-content\\\/uploads\\\/2022\\\/08\\\/OPEN_Maxime_002.jpg.jpg\",\"contentUrl\":\"https:\\\/\\\/special-olympics.be\\\/wp-content\\\/uploads\\\/2022\\\/08\\\/OPEN_Maxime_002.jpg.jpg\",\"width\":1067,\"height\":1600},{\"@type\":\"BreadcrumbList\",\"@id\":\"https:\\\/\\\/special-olympics.be\\\/fr\\\/notre-travail\\\/jeux-nationaux\\\/#breadcrumb\",\"itemListElement\":[{\"@type\":\"ListItem\",\"position\":1,\"name\":\"Accueil\",\"item\":\"https:\\\/\\\/special-olympics.be\\\/fr\\\/\"},{\"@type\":\"ListItem\",\"position\":2,\"name\":\"Notre Travail\",\"item\":\"https:\\\/\\\/special-olympics.be\\\/fr\\\/notre-travail\\\/\"},{\"@type\":\"ListItem\",\"position\":3,\"name\":\"Jeux Nationaux\"}]},{\"@type\":\"WebSite\",\"@id\":\"https:\\\/\\\/special-olympics.be\\\/fr\\\/#website\",\"url\":\"https:\\\/\\\/special-olympics.be\\\/fr\\\/\",\"name\":\"Special Olympics\",\"description\":\"Special Olympics Belgium\",\"potentialAction\":[{\"@type\":\"SearchAction\",\"target\":{\"@type\":\"EntryPoint\",\"urlTemplate\":\"https:\\\/\\\/special-olympics.be\\\/fr\\\/?s={search_term_string}\"},\"query-input\":{\"@type\":\"PropertyValueSpecification\",\"valueRequired\":true,\"valueName\":\"search_term_string\"}}],\"inLanguage\":\"fr-FR\"}]}<\/script>\n<!-- \/ Yoast SEO plugin. -->","yoast_head_json":{"title":"Jeux Nationaux - Special Olympics","robots":{"index":"index","follow":"follow","max-snippet":"max-snippet:-1","max-image-preview":"max-image-preview:large","max-video-preview":"max-video-preview:-1"},"canonical":"https:\/\/special-olympics.be\/fr\/notre-travail\/jeux-nationaux\/","og_locale":"fr_FR","og_type":"article","og_title":"Jeux Nationaux - Special Olympics","og_description":"Jeux Nationaux&nbsp;d\u2019\u00c9t\u00e9&nbsp; Chaque ann\u00e9e, Special Olympics Belgium organise les Jeux Nationaux pendant le week-end de l\u2019Ascension.... +","og_url":"https:\/\/special-olympics.be\/fr\/notre-travail\/jeux-nationaux\/","og_site_name":"Special Olympics","article_modified_time":"2026-03-03T11:22:18+00:00","og_image":[{"width":1067,"height":1600,"url":"https:\/\/special-olympics.be\/wp-content\/uploads\/2022\/08\/OPEN_Maxime_002.jpg.jpg","type":"image\/jpeg"}],"twitter_card":"summary_large_image","twitter_misc":{"Dur\u00e9e de lecture estim\u00e9e":"2 minutes"},"schema":{"@context":"https:\/\/schema.org","@graph":[{"@type":"WebPage","@id":"https:\/\/special-olympics.be\/fr\/notre-travail\/jeux-nationaux\/","url":"https:\/\/special-olympics.be\/fr\/notre-travail\/jeux-nationaux\/","name":"Jeux Nationaux - Special Olympics","isPartOf":{"@id":"https:\/\/special-olympics.be\/fr\/#website"},"primaryImageOfPage":{"@id":"https:\/\/special-olympics.be\/fr\/notre-travail\/jeux-nationaux\/#primaryimage"},"image":{"@id":"https:\/\/special-olympics.be\/fr\/notre-travail\/jeux-nationaux\/#primaryimage"},"thumbnailUrl":"https:\/\/special-olympics.be\/wp-content\/uploads\/2022\/08\/OPEN_Maxime_002.jpg.jpg","datePublished":"2021-06-18T07:29:26+00:00","dateModified":"2026-03-03T11:22:18+00:00","breadcrumb":{"@id":"https:\/\/special-olympics.be\/fr\/notre-travail\/jeux-nationaux\/#breadcrumb"},"inLanguage":"fr-FR","potentialAction":[{"@type":"ReadAction","target":["https:\/\/special-olympics.be\/fr\/notre-travail\/jeux-nationaux\/"]}]},{"@type":"ImageObject","inLanguage":"fr-FR","@id":"https:\/\/special-olympics.be\/fr\/notre-travail\/jeux-nationaux\/#primaryimage","url":"https:\/\/special-olympics.be\/wp-content\/uploads\/2022\/08\/OPEN_Maxime_002.jpg.jpg","contentUrl":"https:\/\/special-olympics.be\/wp-content\/uploads\/2022\/08\/OPEN_Maxime_002.jpg.jpg","width":1067,"height":1600},{"@type":"BreadcrumbList","@id":"https:\/\/special-olympics.be\/fr\/notre-travail\/jeux-nationaux\/#breadcrumb","itemListElement":[{"@type":"ListItem","position":1,"name":"Accueil","item":"https:\/\/special-olympics.be\/fr\/"},{"@type":"ListItem","position":2,"name":"Notre Travail","item":"https:\/\/special-olympics.be\/fr\/notre-travail\/"},{"@type":"ListItem","position":3,"name":"Jeux Nationaux"}]},{"@type":"WebSite","@id":"https:\/\/special-olympics.be\/fr\/#website","url":"https:\/\/special-olympics.be\/fr\/","name":"Special Olympics","description":"Special Olympics Belgium","potentialAction":[{"@type":"SearchAction","target":{"@type":"EntryPoint","urlTemplate":"https:\/\/special-olympics.be\/fr\/?s={search_term_string}"},"query-input":{"@type":"PropertyValueSpecification","valueRequired":true,"valueName":"search_term_string"}}],"inLanguage":"fr-FR"}]}},"_links":{"self":[{"href":"https:\/\/special-olympics.be\/fr\/wp-json\/wp\/v2\/pages\/141","targetHints":{"allow":["GET"]}}],"collection":[{"href":"https:\/\/special-olympics.be\/fr\/wp-json\/wp\/v2\/pages"}],"about":[{"href":"https:\/\/special-olympics.be\/fr\/wp-json\/wp\/v2\/types\/page"}],"author":[{"embeddable":true,"href":"https:\/\/special-olympics.be\/fr\/wp-json\/wp\/v2\/users\/2"}],"replies":[{"embeddable":true,"href":"https:\/\/special-olympics.be\/fr\/wp-json\/wp\/v2\/comments?post=141"}],"version-history":[{"count":175,"href":"https:\/\/special-olympics.be\/fr\/wp-json\/wp\/v2\/pages\/141\/revisions"}],"predecessor-version":[{"id":8218,"href":"https:\/\/special-olympics.be\/fr\/wp-json\/wp\/v2\/pages\/141\/revisions\/8218"}],"up":[{"embeddable":true,"href":"https:\/\/special-olympics.be\/fr\/wp-json\/wp\/v2\/pages\/137"}],"wp:featuredmedia":[{"embeddable":true,"href":"https:\/\/special-olympics.be\/fr\/wp-json\/wp\/v2\/media\/3064"}],"wp:attachment":[{"href":"https:\/\/special-olympics.be\/fr\/wp-json\/wp\/v2\/media?parent=141"}],"wp:term":[{"taxonomy":"category","embeddable":true,"href":"https:\/\/special-olympics.be\/fr\/wp-json\/wp\/v2\/categories?post=141"}],"curies":[{"name":"wp","href":"https:\/\/api.w.org\/{rel}","templated":true}]}}